{"id":548,"date":"2022-02-28T11:06:43","date_gmt":"2022-02-28T10:06:43","guid":{"rendered":"https:\/\/www.miel-store.com\/?post_type=product&#038;p=548"},"modified":"2026-04-05T09:10:11","modified_gmt":"2026-04-05T07:10:11","slug":"deodorante-solido-musk-tahara","status":"publish","type":"product","link":"https:\/\/www.miel-store.com\/it\/p\/deodorant-solide-musc-tahara","title":{"rendered":"Deodorante solido Tahara Musk"},"content":{"rendered":"<p>Le\u00a0<strong>deodorante solido musk tahara<\/strong>\u00a0fa il suo morbido debutto nel vostro Miel Store. Un piccolo cosmetico a lunghissima conservazione, dal profumo irresistibile e dall'efficacia incredibile. In poche parole, potreste non poterne fare a meno!<\/p>\n<h2><strong>Deodorante solido Musk tahara: un cosmetico indispensabile!\u00a0<\/strong><\/h2>\n<p>Dite addio a\u00a0<strong>spray deodoranti,<\/strong>\u00a0e il loro impatto nocivo sul pianeta. Non tardate quindi ad adottare questo\u00a0<strong>cosmetici solidi\u00a0<\/strong>dei pi\u00f9 carini. Economico, ecologico e delicato anche per le pelli pi\u00f9 sensibili, diventer\u00e0 sicuramente un must-have! Che modo di adottare un\u00a0<strong>routine di bellezza a rifiuti zero<\/strong>, e 100% naturale.<\/p>\n<p>Inoltre, questo deodorante \u00e8 <a href=\"https:\/\/www.musc-femme.com\/\" target=\"_blank\" rel=\"noopener\"><strong>profumato al muschio del tahara<\/strong><\/a>, la fragranza pulita per eccellenza!<\/p>\n<ul>\n<li>Propriet\u00e0 del deodorante solido 1001 Vertus<\/li>\n<li>Durata: da 2 a 3 mesi, a seconda della frequenza d'uso.<\/li>\n<li>Profumo: muschio tahara<\/li>\n<li>Quantit\u00e0 : 25g<\/li>\n<li>Adatto alle donne in gravidanza e in allattamento<\/li>\n<li>Senza oli essenziali, senza alcool, senza sali di alluminio e senza olio di palma<\/li>\n<\/ul>\n<h2><strong>Come utilizzare il deodorante solido al muschio di tahara\u00a0<\/strong><\/h2>\n<p>Molto facile da usare, questo deodorante solido pu\u00f2 essere utilizzato sia da uomini che da donne, grazie alla sua fragranza mista.<\/p>\n<ol>\n<li>Bagnare il cosmetico o le ascelle<\/li>\n<li>Quindi applicare il prodotto, muovendosi avanti e indietro alcune volte.<\/li>\n<li>Non c'\u00e8 altro da fare!<\/li>\n<\/ol>\n<p>Questo\u00a0<strong>cosmetici profumati<\/strong>\u00a0non macchia i vestiti e non contiene allergeni. Si consiglia di tenerlo lontano dalla polvere e dal calore quando non viene utilizzato. Posizionarlo su un portasapone per farlo asciugare, quindi riporlo in una scatola adatta.<\/p>\n<h3><strong>Scoprite la nostra sezione benessere!\u00a0<\/strong><\/h3>\n<p>Da Miel Store troverete un'ampia gamma di prodotti naturali. Bellezza per i capelli, il corpo e il viso, ma anche integratori alimentari. Per avere un aspetto esteriore bello come quello interiore! Scoprite, ad esempio, i nostri\u00a0<strong><a href=\"https:\/\/www.miel-store.com\/it\/p\/120-capsule-di-spirulina-in-polvere\/\">capsule di spirulina<\/a>,<\/strong>\u00a0o il nostro\u00a0<strong><a href=\"https:\/\/www.miel-store.com\/it\/p\/burro-karite-del-mali\/\">Burro di karit\u00e9 del Mali<\/a>.\u00a0<\/strong><\/p>","protected":false},"excerpt":{"rendered":"<p>Deodorante solido Tahara Musk.<\/p>\n<p>25g.<\/p>","protected":false},"featured_media":630,"template":"","meta":[],"product_brand":[],"product_cat":[89],"product_tag":[],"class_list":{"0":"post-548","1":"product","2":"type-product","3":"status-publish","4":"has-post-thumbnail","6":"product_cat-cosmetiques","8":"first","9":"instock","10":"shipping-taxable","11":"purchasable","12":"product-type-simple"},"_links":{"self":[{"href":"https:\/\/www.miel-store.com\/it\/wp-json\/wp\/v2\/product\/548","targetHints":{"allow":["GET"]}}],"collection":[{"href":"https:\/\/www.miel-store.com\/it\/wp-json\/wp\/v2\/product"}],"about":[{"href":"https:\/\/www.miel-store.com\/it\/wp-json\/wp\/v2\/types\/product"}],"wp:featuredmedia":[{"embeddable":true,"href":"https:\/\/www.miel-store.com\/it\/wp-json\/wp\/v2\/media\/630"}],"wp:attachment":[{"href":"https:\/\/www.miel-store.com\/it\/wp-json\/wp\/v2\/media?parent=548"}],"wp:term":[{"taxonomy":"product_brand","embeddable":true,"href":"https:\/\/www.miel-store.com\/it\/wp-json\/wp\/v2\/product_brand?post=548"},{"taxonomy":"product_cat","embeddable":true,"href":"https:\/\/www.miel-store.com\/it\/wp-json\/wp\/v2\/product_cat?post=548"},{"taxonomy":"product_tag","embeddable":true,"href":"https:\/\/www.miel-store.com\/it\/wp-json\/wp\/v2\/product_tag?post=548"}],"curies":[{"name":"wp","href":"https:\/\/api.w.org\/{rel}","templated":true}]}}