{"id":545,"date":"2022-02-28T10:44:27","date_gmt":"2022-02-28T09:44:27","guid":{"rendered":"https:\/\/www.miel-store.com\/?post_type=product&#038;p=545"},"modified":"2026-04-13T01:28:07","modified_gmt":"2026-04-12T23:28:07","slug":"120-capsule-di-spirulina-in-polvere","status":"publish","type":"product","link":"https:\/\/www.miel-store.com\/it\/p\/120-gelules-de-poudre-de-spiruline","title":{"rendered":"120 capsule di spirulina in polvere"},"content":{"rendered":"<p>Stanchezza, indebolimento del sistema immunitario, mancanza di calcio... tutta una serie di piccoli problemi che possono condizionare la nostra vita quotidiana. Visitare\u00a0<strong>capsule di spirulina<\/strong>\u00a0sono un\u00a0<strong>integratore alimentare\u00a0<\/strong>uno dei pi\u00f9 efficaci sul mercato! Infatti, questa microalga \u00e8 considerata dall'OMS il miglior alimento del XXI secolo. Tutto ci\u00f2 che serve per darvi una vera carica quando vi sentite un po' stanchi!<\/p>\n<h2><strong>Capsule di spirulina, un superalimento nel piatto!\u00a0<\/strong><\/h2>\n<p>La spirulina \u00e8 un\u00a0<strong>microalghe<\/strong>\u00a0alghe verdi della famiglia dei cianobatteri. Questa alga di origine vegetale \u00e8 presente sulla Terra da centinaia di migliaia di anni. Dalla scoperta delle sue numerose virt\u00f9, la spirulina biologica \u00e8 diventata uno degli integratori alimentari pi\u00f9 popolari.\u00a0<strong>integratore alimentare\u00a0<\/strong>un must-have. Venduto in\u00a0<strong>polvere<\/strong>, capsule, di\u00a0<strong>paillettes<\/strong>\u00a0o anche fresco, \u00e8 eccellente per la salute in molti modi.<\/p>\n<p>Su Miel Store vi offriamo questo barattolo da 120 capsule per un ciclo di trattamento di un mese. \u00c8 un ottimo modo per aumentare l'energia e le difese immunitarie e fortificare l'organismo.<\/p>\n<p>Va notato che quest'alga ha un sapore piuttosto particolare, addirittura sgradevole per alcune persone. Il suo consumo \u00e8, infatti, ampiamente facilitato sotto forma di<strong>\u00a0capsule di spirulina biologica<\/strong>.<\/p>\n<p>Infine, questo prodotto ricorda\u00a0<strong>moringa<\/strong>\u00a0su alcune delle sue virt\u00f9. Lo troverete anche nel nostro negozio di capsule!<\/p>\n<h2><strong>I benefici delle capsule di spirulina\u00a0<\/strong><\/h2>\n<p>I benefici della spirulina non sono noti solo per la salute dell'organismo. I risultati possono essere apprezzati anche a livello cosmetico, per la pelle e i capelli.<\/p>\n<ul>\n<li>Enorme fonte di ferro, ideale per chi soffre di anemia<\/li>\n<li>Propriet\u00e0 benefiche per la salute del fegato<\/li>\n<li>Antiossidanti<\/li>\n<li>Agisce come soppressore dell'appetito. Ideale con\u00a0<a href=\"https:\/\/www.miel-store.com\/it\/p\/feuilles-de-sene\/\"><strong>foglie di senna<\/strong><\/a>\u00a0per la perdita di peso; ;<\/li>\n<li>Contribuisce all'equilibrio emotivo<\/li>\n<li>Consigliato agli sportivi di alto livello per migliorare le prestazioni e la resistenza.<\/li>\n<li>Pu\u00f2 essere consumato dai vegetariani per compensare un'eventuale carenza di vitamina B12.<\/li>\n<li>Durante la gravidanza, le capsule di spirulina possono essere una fonte di vitamine e ferro per le donne incinte *.<\/li>\n<\/ul>\n<p>* Chiedere preventivamente il parere del medico<\/p>\n<h3><strong>Come si usa questo integratore alimentare a base di spirulina?\u00a0<\/strong><\/h3>\n<p>Per cominciare, consultare la confezione del prodotto e leggere attentamente le istruzioni.<\/p>\n<p>Nel caso delle capsule di spirulina Miel Store, questo integratore alimentare va assunto come ciclo di trattamento. Contiene 120 capsule da assumere 2 volte al giorno, preferibilmente ai pasti e con un bicchiere d'acqua.<\/p>\n<p>Infatti, un cucchiaio di<strong>\u00a0<a href=\"https:\/\/www.miel-store.com\/it\/p\/miele-di-cumino-nero-habba-sawda-degypte\/\">miele di cumino nero<\/a><\/strong>\u00a0a stomaco vuoto al mattino, in combinazione con questo integratore alimentare, vi offre una cura davvero completa!<\/p>\n<p>Buono a sapersi: per facilitare l'assorbimento del ferro, \u00e8 consigliabile consumare la spirulina biologica con gli agrumi.<\/p>\n<h3><strong>Precauzioni e conservazione\u00a0<\/strong><\/h3>\n<ul>\n<li>Questo integratore alimentare non deve essere utilizzato come sostituto di un trattamento medico. Deve essere consumato nell'ambito di una dieta varia e di uno stile di vita sano.<\/li>\n<li>Non \u00e8 raccomandato per le donne in gravidanza e per i fumatori.<\/li>\n<li>Prima di iniziare un trattamento, \u00e8 sempre opportuno chiedere il parere del proprio medico.<\/li>\n<li>Infine, conservate la vostra scatola di\u00a0<strong>spirulina a buon mercato\u00a0<\/strong>al riparo dall'umidit\u00e0 e dalla luce solare.<\/li>\n<\/ul>","protected":false},"excerpt":{"rendered":"<p>120 capsule di Spirulina in polvere.<\/p>\n<p>Vasetto da 50 g.<\/p>","protected":false},"featured_media":684,"template":"","meta":[],"product_brand":[],"product_cat":[88],"product_tag":[],"class_list":{"0":"post-545","1":"product","2":"type-product","3":"status-publish","4":"has-post-thumbnail","6":"product_cat-bien-etre","8":"first","9":"instock","10":"shipping-taxable","11":"purchasable","12":"product-type-simple"},"_links":{"self":[{"href":"https:\/\/www.miel-store.com\/it\/wp-json\/wp\/v2\/product\/545","targetHints":{"allow":["GET"]}}],"collection":[{"href":"https:\/\/www.miel-store.com\/it\/wp-json\/wp\/v2\/product"}],"about":[{"href":"https:\/\/www.miel-store.com\/it\/wp-json\/wp\/v2\/types\/product"}],"wp:featuredmedia":[{"embeddable":true,"href":"https:\/\/www.miel-store.com\/it\/wp-json\/wp\/v2\/media\/684"}],"wp:attachment":[{"href":"https:\/\/www.miel-store.com\/it\/wp-json\/wp\/v2\/media?parent=545"}],"wp:term":[{"taxonomy":"product_brand","embeddable":true,"href":"https:\/\/www.miel-store.com\/it\/wp-json\/wp\/v2\/product_brand?post=545"},{"taxonomy":"product_cat","embeddable":true,"href":"https:\/\/www.miel-store.com\/it\/wp-json\/wp\/v2\/product_cat?post=545"},{"taxonomy":"product_tag","embeddable":true,"href":"https:\/\/www.miel-store.com\/it\/wp-json\/wp\/v2\/product_tag?post=545"}],"curies":[{"name":"wp","href":"https:\/\/api.w.org\/{rel}","templated":true}]}}