{"id":544,"date":"2022-02-28T10:42:27","date_gmt":"2022-02-28T09:42:27","guid":{"rendered":"https:\/\/www.miel-store.com\/?post_type=product&#038;p=544"},"modified":"2026-04-27T13:15:08","modified_gmt":"2026-04-27T11:15:08","slug":"melassa-di-datteri-darabia-saudita","status":"publish","type":"product","link":"https:\/\/www.miel-store.com\/it\/p\/melasse-de-dattes-darabie-saoudite","title":{"rendered":"Melassa di datteri dell'Arabia Saudita"},"content":{"rendered":"<p>Il suo nome deriva dalla parola latina mel, che significa miele. La melassa di datteri, nota anche come miele di datteri, \u00e8 un delizioso sciroppo marrone dal sapore forte, perfetto per alcune diete.<\/p>\n<p>Originari del Medio Oriente, i datteri sono un alimento sano e naturale e una buona alternativa allo zucchero bianco raffinato. Per ottenere uno sciroppo naturale, i datteri vengono cotti per un tempo variabile. I noccioli vengono poi rimossi e si estrae il succo. Il succo viene nuovamente cotto a fuoco lento finch\u00e9 non diventa scuro e cremoso, con l'aspetto del miele.<\/p>\n<p>Quindi, come vedete, ora \u00e8 possibile combinare i benefici per la salute con il piacere!<\/p>\n<h2><strong>Scoprite la melassa di datteri al Miel Store<\/strong><\/h2>\n<p>Ottenuto dall'estratto di dattero, questo processo naturale 100 % \u00e8 prodotto concentrando il mosto ottenuto dal frutto del dattero per conservare tutti i benefici del frutto e le sue virt\u00f9. Il suo gusto unico ricorda la liquirizia. La melassa di datteri aggiunge un'originale nota caramellata alla maggior parte dei dolci e delle preparazioni, che sicuramente vi conquister\u00e0.<br \/>\nD'altra parte, questo prodotto molto dolce dovrebbe essere consumato con parsimonia e moderazione.<\/p>\n<p>Per saperne di pi\u00f9 su questo alimento ad alta energia contenente molti minerali, visitate miel-store.<\/p>\n<h2><strong>Benefici e virt\u00f9 dello sciroppo di datteri<\/strong><\/h2>\n<p>\u00c8 un importante alleato nella lotta contro l'anemia e l'accumulo di grassi nell'organismo. Ad alto contenuto energetico, \u00e8 ricco di ferro, magnesio, rame, sodio, zinco, fosforo, calcio e vitamine A, B1, B2 e C. Particolarmente indicato per le donne in gravidanza e in allattamento, ma molto apprezzato anche dagli sportivi, fornisce una buona ricarica energetica e tonica. La sua digestione \u00e8 comunque rapida e viene assorbita molto facilmente dalla parete intestinale. E non \u00e8 tutto!<br \/>\nI suoi benefici sono ancora numerosi:<\/p>\n<ul>\n<li>Combatte la stanchezza<\/li>\n<li>Riduce i livelli di colesterolo<\/li>\n<li>Efficace contro i disturbi digestivi (stitichezza)<\/li>\n<li>Rafforza la struttura ossea<\/li>\n<li>Donne che allattano o che hanno appena partorito<\/li>\n<\/ul>\n<h2><strong>Lo sapevate?<\/strong><\/h2>\n<p>Non solo conosciuto per il suo <a href=\"https:\/\/www.miel-store.com\/it\/p\/pot-des-7-guerisons\/\"><strong>benefici per la salute<\/strong><\/a>, Si scopre che i datteri sono anche una risorsa di bellezza.<br \/>\nHa molti benefici per il corpo e la pelle come stimolante:<\/p>\n<ul>\n<li>Anti-acne<\/li>\n<li>Guarigione delle ferite<\/li>\n<li>Riduce le irritazioni e le infiammazioni causate dall'acne. .<\/li>\n<li>Ricco di antiossidanti e sostanze<\/li>\n<li>Potenti agenti antinfiammatori come il carotene e il <a href=\"https:\/\/www.futura-sciences.com\/sante\/definitions\/nutrition-flavonoide-15856\/\" target=\"_blank\" rel=\"noopener\"><strong>flavonoidi<\/strong><\/a>.<\/li>\n<li>Anti-et\u00e0, riduce l'aspetto delle rughe sul viso e mantiene l'elasticit\u00e0 della pelle.<\/li>\n<\/ul>\n<p>\u00c8 anche una risorsa di bellezza che pu\u00f2 salvare i capelli danneggiati, secchi o fragili e restituire loro forza e vitalit\u00e0.<\/p>\n<h2><strong>Come si usa il nostro sciroppo di datteri?<\/strong><\/h2>\n<p>Disponibile in vasetti da 250 g, la melassa di datteri pu\u00f2 essere utilizzata come integratore alimentare. Inoltre, come eccellente alternativa naturale allo zucchero bianco raffinato, pu\u00f2 essere usata per dolcificare yogurt, fromage frais, latte caldo, ecc.<\/p>\n<h3><strong>Come si conserva il barattolo di melassa di datteri?<\/strong><\/h3>\n<ul>\n<li>Si conserva molto bene a temperatura ambiente.<\/li>\n<li>Conservare in un luogo fresco e asciutto, lontano da fonti di calore e umidit\u00e0.<\/li>\n<li>Pu\u00f2 essere conservato in frigorifero dopo l'apertura.<\/li>\n<\/ul>","protected":false},"excerpt":{"rendered":"<p>Melassa di datteri dell'Arabia Saudita.<\/p>\n<p>Barattolo da 250 g.<\/p>","protected":false},"featured_media":613,"template":"","meta":[],"product_brand":[],"product_cat":[82],"product_tag":[],"class_list":{"0":"post-544","1":"product","2":"type-product","3":"status-publish","4":"has-post-thumbnail","6":"product_cat-dattes","8":"first","9":"instock","10":"shipping-taxable","11":"purchasable","12":"product-type-simple"},"_links":{"self":[{"href":"https:\/\/www.miel-store.com\/it\/wp-json\/wp\/v2\/product\/544","targetHints":{"allow":["GET"]}}],"collection":[{"href":"https:\/\/www.miel-store.com\/it\/wp-json\/wp\/v2\/product"}],"about":[{"href":"https:\/\/www.miel-store.com\/it\/wp-json\/wp\/v2\/types\/product"}],"wp:featuredmedia":[{"embeddable":true,"href":"https:\/\/www.miel-store.com\/it\/wp-json\/wp\/v2\/media\/613"}],"wp:attachment":[{"href":"https:\/\/www.miel-store.com\/it\/wp-json\/wp\/v2\/media?parent=544"}],"wp:term":[{"taxonomy":"product_brand","embeddable":true,"href":"https:\/\/www.miel-store.com\/it\/wp-json\/wp\/v2\/product_brand?post=544"},{"taxonomy":"product_cat","embeddable":true,"href":"https:\/\/www.miel-store.com\/it\/wp-json\/wp\/v2\/product_cat?post=544"},{"taxonomy":"product_tag","embeddable":true,"href":"https:\/\/www.miel-store.com\/it\/wp-json\/wp\/v2\/product_tag?post=544"}],"curies":[{"name":"wp","href":"https:\/\/api.w.org\/{rel}","templated":true}]}}