{"id":541,"date":"2022-02-28T10:31:07","date_gmt":"2022-02-28T09:31:07","guid":{"rendered":"https:\/\/www.miel-store.com\/?post_type=product&#038;p=541"},"modified":"2026-04-18T11:56:37","modified_gmt":"2026-04-18T09:56:37","slug":"shampoo-solido-al-cumino-nero","status":"publish","type":"product","link":"https:\/\/www.miel-store.com\/it\/p\/shampoing-nigelle-solide","title":{"rendered":"Shampoo solido con olio e polvere di cumino nero habashiya dell'Etiopia"},"content":{"rendered":"<p>Senza solfati, senza interferenti endocrini, con cheratina... Perch\u00e9 \u00e8 diventato cos\u00ec complicato\u00a0<strong>lavare i capelli<\/strong>\u00a0? Con\u00a0<strong>shampoo al cumino nero<\/strong>, La trasparenza \u00e8 all'ordine del giorno! E questo fa bene sia alla testa che al portafoglio.<\/p>\n<p>In effetti, questo\u00a0<strong>cura della pulizia<\/strong>\u00a0\u00e8 un vero concentrato di benefici e vi aiuter\u00e0 ad adottare una routine di bellezza pi\u00f9 sana. Non solo per voi, ma anche per l'ambiente. Vi raccontiamo di pi\u00f9...<\/p>\n<h2><strong>Shampoo al cumino nero: il piccolo seme nero prende posto nel vostro bagno\u00a0<\/strong><\/h2>\n<p>La<strong>\u00a0semi di cumino nero<\/strong>, \u00c8 essenzialmente noto come\u00a0<strong>capsule<\/strong>, in\u00a0<strong>Semi<\/strong>, ma anche in\u00a0<strong>olio<\/strong>. Inoltre, ha cos\u00ec tante virt\u00f9 che oggi si trova in un'ampia gamma di prodotti. Come ad esempio\u00a0<strong>balsamo muscolare<\/strong>, ad esempio.<\/p>\n<p>Ma oggi ci interessa lo shampoo al cumino nero. Questo\u00a0<strong>sapone solido biologico<\/strong>\u00a0\u00e8 il risultato di un\u00a0<strong>saponificazione a freddo<\/strong>, per preservare tutte le sue propriet\u00e0.<\/p>\n<h2><strong>I benefici dello shampoo solido al cumino nero\u00a0<\/strong><\/h2>\n<p>Optare per questo formato significa innanzitutto dire di s\u00ec a una\u00a0<a href=\"https:\/\/www.henne-cheveux.com\/\" target=\"_blank\" rel=\"noopener\"><strong>cosmetici per capelli molto pi\u00f9 sani<\/strong><\/a> ! Sono finiti i lunghi elenchi di ingredienti! La semplicit\u00e0 \u00e8 un bene, e passare al naturale significa poter godere appieno dei propri capelli, senza troppi fronzoli!<\/p>\n<p>Inoltre, \u00e8 ovvio che l'impronta ecologica sar\u00e0 ridotta. Infatti, questo cosmetico\u00a0<strong>rifiuti zero<\/strong>\u00a0non lascia tracce.<\/p>\n<p>Infine, un\u00a0<strong>shampoo solido<\/strong>\u00a0\u00e8 molto pi\u00f9 economico di un formato liquido. Cos\u00ec potrete prendervi cura di voi stessi a un prezzo contenuto!<\/p>\n<h2><strong>Quali sono i vantaggi di questo cosmetico?\u00a0<\/strong><\/h2>\n<p>Scoprite molte virt\u00f9 in questo<strong>\u00a0cosmetici biologici :\u00a0<\/strong><\/p>\n<ul>\n<li>Efficace contro psoriasi, eczemi e prurito del cuoio capelluto; ;<\/li>\n<li><strong>Olio di cumino nero<\/strong>\u00a0aggiunge lucentezza ai capelli; ;<\/li>\n<li>Combatte la rottura dei capelli secchi; ;<\/li>\n<li>In combinazione con l'olio di ricino, si possono ottenere risultati convincenti in termini di crescita dei capelli; ;<\/li>\n<li>Agisce sull'eccesso di sebo nei capelli grassi; ;<\/li>\n<li>Previene i capelli bianchi; ;<\/li>\n<li>\u00c8 anche un prodotto rinforzante per i capelli; ;<\/li>\n<li>Rimuove la forfora in modo naturale.<\/li>\n<\/ul>\n<h2><strong>Come si usa lo shampoo habachia al cumino nero?\u00a0<\/strong><\/h2>\n<p>\u00c8 vero che per coloro che non sono ancora abituati al formato solido, il primo utilizzo pu\u00f2 creare confusione. Ma non \u00e8 cos\u00ec complicato, statene certi:<\/p>\n<ol>\n<li>Per prima cosa, bagnare completamente i capelli; ;<\/li>\n<li>Insaponare il<strong>\u00a0pane solido<\/strong>\u00a0tra le mani, bagnandolo allo stesso tempo; ;<\/li>\n<li>Raccogliere la mousse e iniziare a frizionare le radici con la punta delle dita. Ripetere l'operazione a seconda della lunghezza e del tipo di capelli; ;<\/li>\n<li>Lavare le lunghezze e poi le estremit\u00e0; ;<\/li>\n<li>Risciacquare con acqua pulita.<\/li>\n<\/ol>\n<p>Si consiglia di utilizzare questo detergente una volta alla settimana per i capelli secchi e due volte alla settimana per i capelli da normali a grassi.<\/p>\n<p>Suggerimento: per avere capelli dal profumo irresistibile, non esitate ad applicare qualche tocco di\u00a0<a href=\"https:\/\/www.mon-botox-capillaire.com\/categorie-produit\/brume-cheveux\/\" target=\"_blank\" rel=\"noopener\"><strong>nebbia per capelli<\/strong><\/a> dopo i trattamenti!<\/p>\n<h3><strong>Precauzioni\u00a0<\/strong><\/h3>\n<p>In caso di contatto con gli occhi, sciacquare con acqua pulita.<\/p>\n<p>Adatto solo per l'uso sui capelli. Per godere della\u00a0<strong>virt\u00f9 dell'habba saouda<\/strong>\u00a0per il corpo, preferire\u00a0<a href=\"https:\/\/www.miel-store.com\/it\/p\/savon-a-lhuile-de-nigelle-dethiopie\/\"><strong>Sapone all'olio di cumino nero etiope<\/strong><\/a>.<\/p>\n<p>Infine, questo formato \u00e8 ideale per le donne in gravidanza e in allattamento, nonch\u00e9 per i bambini.<\/p>","protected":false},"excerpt":{"rendered":"<p>Shampoo solido con olio e polvere di nigella Habashiya dall'Etiopia.<\/p>\n<p><span style=\"text-decoration: underline;\">Ingredienti:<\/span> Acqua demineralizzata, olio e polvere di semi di nigella Habashiya, agente schiumogeno naturale.<\/p>\n<p>60g.<\/p>","protected":false},"featured_media":623,"template":"","meta":[],"product_brand":[],"product_cat":[87,88],"product_tag":[],"class_list":{"0":"post-541","1":"product","2":"type-product","3":"status-publish","4":"has-post-thumbnail","6":"product_cat-nigelle","7":"product_cat-bien-etre","9":"first","10":"instock","11":"shipping-taxable","12":"purchasable","13":"product-type-simple"},"_links":{"self":[{"href":"https:\/\/www.miel-store.com\/it\/wp-json\/wp\/v2\/product\/541","targetHints":{"allow":["GET"]}}],"collection":[{"href":"https:\/\/www.miel-store.com\/it\/wp-json\/wp\/v2\/product"}],"about":[{"href":"https:\/\/www.miel-store.com\/it\/wp-json\/wp\/v2\/types\/product"}],"wp:featuredmedia":[{"embeddable":true,"href":"https:\/\/www.miel-store.com\/it\/wp-json\/wp\/v2\/media\/623"}],"wp:attachment":[{"href":"https:\/\/www.miel-store.com\/it\/wp-json\/wp\/v2\/media?parent=541"}],"wp:term":[{"taxonomy":"product_brand","embeddable":true,"href":"https:\/\/www.miel-store.com\/it\/wp-json\/wp\/v2\/product_brand?post=541"},{"taxonomy":"product_cat","embeddable":true,"href":"https:\/\/www.miel-store.com\/it\/wp-json\/wp\/v2\/product_cat?post=541"},{"taxonomy":"product_tag","embeddable":true,"href":"https:\/\/www.miel-store.com\/it\/wp-json\/wp\/v2\/product_tag?post=541"}],"curies":[{"name":"wp","href":"https:\/\/api.w.org\/{rel}","templated":true}]}}