{"id":540,"date":"2022-02-28T10:25:21","date_gmt":"2022-02-28T09:25:21","guid":{"rendered":"https:\/\/www.miel-store.com\/?post_type=product&#038;p=540"},"modified":"2025-12-29T15:00:40","modified_gmt":"2025-12-29T14:00:40","slug":"pacchetto-fertilita","status":"publish","type":"product","link":"https:\/\/www.miel-store.com\/it\/p\/pack-fertilite","title":{"rendered":"Pacchetto fertilit\u00e0"},"content":{"rendered":"<p class=\"p1\">Infertilit\u00e0, <b>perdita della libido<\/b>... Una serie di problemi sessuali che possono influenzare l'umore! Ecco perch\u00e9 il vostro<b> negozio di miele<\/b> Vorrei che conosceste il <b>pacchetto fertilit\u00e0<\/b> !<span class=\"Apple-converted-space\">\u00a0<\/span><\/p>\n<h2 class=\"p3\"><b>Miel Store presenta il suo pacchetto fertilit\u00e0<span class=\"Apple-converted-space\">\u00a0<\/span><\/b><\/h2>\n<p class=\"p1\">\u00c8 arrivato il momento di incontrarlo... Il vostro <b>negozio di prodotti dell'alveare<\/b> vi presentiamo una sorpresa che potrebbe farvi piacere! Quando le domande sulla fertilit\u00e0 cominciano ad essere al centro della vostra vita, la vostra boutique interviene per cercare di dare una risposta!<span class=\"Apple-converted-space\">\u00a0<\/span><\/p>\n<p class=\"p1\">Conoscere il nostro <b>pacchetto fertilit\u00e0<\/b>, vi aspetta una vera e propria sorpresa. Prima di tutto, presenta il famoso <b>miele di euforbia dello Yemen <\/b>e il suo contenitore da 250 g. Viene inoltre fornito con il famoso<b> Polline di palma dell'Arabia Saudita <\/b>!<span class=\"Apple-converted-space\">\u00a0<\/span><\/p>\n<p class=\"p1\">Come potete vedere, questo pacchetto \u00e8 stato accuratamente messo insieme per coloro che vogliono godere dei benefici di questi elisir...<span class=\"Apple-converted-space\">\u00a0<\/span><\/p>\n<h2 class=\"p3\"><b>Incontrare il pacchetto fertilit\u00e0<span class=\"Apple-converted-space\">\u00a0<\/span><\/b><\/h2>\n<p class=\"p1\">\u00c8 arrivato il momento di approfondire e parlare di questo famoso miele! Stiamo parlando, ovviamente, di questo <b>nettare dello Yemen<\/b> denominato <b>miele di euforbia. <\/b>\u00c8 conosciuta in tutto il mondo per le sue qualit\u00e0 antiossidanti e per il suo effetto positivo sulla tosse e sull'ipertensione.<span class=\"Apple-converted-space\">\u00a0<\/span><\/p>\n<p class=\"p1\">Tuttavia, \u00e8 apprezzata anche per i suoi benefici sulla fertilit\u00e0! Infatti, a volte viene utilizzato per combattere\u2019<b>impotenza sessuale<\/b>. \u00c8 anche una risorsa per <b>migliorare la fertilit\u00e0 <\/b>sia negli uomini che nelle donne.<\/p>\n<p class=\"p1\">Inoltre, questa confezione vi offre la possibilit\u00e0 di fare un meraviglioso incontro con il polline di palma! In un contenitore da 50 g, il polline di palma potrebbe essere l'alleato perfetto per cercare di alleviare alcuni sintomi legati alla pelle.<b> problemi di fertilit\u00e0<\/b> !<span class=\"Apple-converted-space\">\u00a0<\/span><\/p>\n<p class=\"p1\">Viene utilizzato anche per<b> regolare gli ormoni<\/b> per uomini e donne! Questo prodotto naturale pu\u00f2 essere una risorsa quotidiana. Considerato un tonico e un fattore positivo per migliorare la fertilit\u00e0, il polline di palma \u00e8 il compagno ideale per chi vuole approfittare di questo pacchetto di fertilit\u00e0.<span class=\"Apple-converted-space\">\u00a0<\/span><\/p>\n<h2 class=\"p3\"><b>Passiamo all'uso di questo famoso impacco per la fertilit\u00e0<span class=\"Apple-converted-space\">\u00a0<\/span><\/b><\/h2>\n<p class=\"p1\">Se si desidera <b>aumentare la fertilit\u00e0<\/b> e cercare di aumentare le possibilit\u00e0 di formare una famiglia, siete nel posto giusto!<span class=\"Apple-converted-space\">\u00a0<\/span><\/p>\n<p class=\"p1\">Questo pacchetto fertilit\u00e0 accuratamente composto potrebbe essere la soluzione che stavate cercando. Lasciatevi andare e godetevi l'acquisizione di questi <b>tonici naturali <\/b>che potrebbe fare la differenza nella vostra vita quotidiana!<span class=\"Apple-converted-space\">\u00a0<\/span><\/p>\n<p class=\"p1\">Quindi, al mattino a stomaco vuoto, prendetene un cucchiaio e deliziate il vostro palato con il miele di <b>Daghmous dallo Yemen <\/b>! Poi fate lo stesso con il famoso polline di palma!<span class=\"Apple-converted-space\">\u00a0<\/span><\/p>\n<h3 class=\"p3\"><b>Altre sorprese vi attendono nel negozio...<\/b><\/h3>\n<p class=\"p1\">Se la fertilit\u00e0 \u00e8 un argomento che vi interessa, avete la possibilit\u00e0 di conoscere alcuni prodotti favolosi! Per esempio, incontrate il <a href=\"https:\/\/www.miel-store.com\/it\/p\/rosa-di-jericho-chajarat-mariam-dal-marocco\/\"><b>Rosa di Gerico<\/b><\/a>, conosciuto anche come <b>Chajarat Mariam<\/b>. Questo prodotto naturale \u00e8 noto per essere una risorsa per i problemi di fertilit\u00e0.<span class=\"Apple-converted-space\">\u00a0<\/span><\/p>\n<p class=\"p1\">Inoltre, avrete anche la possibilit\u00e0 di incontrare<a href=\"https:\/\/www.miel-store.com\/it\/p\/olio-di-zenzero-biologico-dalla-nigeria\/\"><b> Olio di zenzero biologico <\/b><\/a>! Conosciuto per la sua capacit\u00e0 di stimolare la sessualit\u00e0, \u00e8 un<b> afrodisiaco<\/b> che potrebbe esservi utile.<span class=\"Apple-converted-space\">\u00a0<\/span><\/p>","protected":false},"excerpt":{"rendered":"<p>Pacchetto fertilit\u00e0.<\/p>\n<p>Contiene un vasetto da 250 g di miele di euforbia dello Yemen e un vasetto da 50 g di polline di palma dell'Arabia Saudita.<\/p>","protected":false},"featured_media":687,"template":"","meta":[],"product_brand":[],"product_cat":[88,77],"product_tag":[],"class_list":{"0":"post-540","1":"product","2":"type-product","3":"status-publish","4":"has-post-thumbnail","6":"product_cat-bien-etre","7":"product_cat-miel-du-monde","9":"first","10":"instock","11":"shipping-taxable","12":"purchasable","13":"product-type-simple"},"_links":{"self":[{"href":"https:\/\/www.miel-store.com\/it\/wp-json\/wp\/v2\/product\/540","targetHints":{"allow":["GET"]}}],"collection":[{"href":"https:\/\/www.miel-store.com\/it\/wp-json\/wp\/v2\/product"}],"about":[{"href":"https:\/\/www.miel-store.com\/it\/wp-json\/wp\/v2\/types\/product"}],"wp:featuredmedia":[{"embeddable":true,"href":"https:\/\/www.miel-store.com\/it\/wp-json\/wp\/v2\/media\/687"}],"wp:attachment":[{"href":"https:\/\/www.miel-store.com\/it\/wp-json\/wp\/v2\/media?parent=540"}],"wp:term":[{"taxonomy":"product_brand","embeddable":true,"href":"https:\/\/www.miel-store.com\/it\/wp-json\/wp\/v2\/product_brand?post=540"},{"taxonomy":"product_cat","embeddable":true,"href":"https:\/\/www.miel-store.com\/it\/wp-json\/wp\/v2\/product_cat?post=540"},{"taxonomy":"product_tag","embeddable":true,"href":"https:\/\/www.miel-store.com\/it\/wp-json\/wp\/v2\/product_tag?post=540"}],"curies":[{"name":"wp","href":"https:\/\/api.w.org\/{rel}","templated":true}]}}