{"id":538,"date":"2022-02-28T10:22:38","date_gmt":"2022-02-28T09:22:38","guid":{"rendered":"https:\/\/www.miel-store.com\/?post_type=product&#038;p=538"},"modified":"2026-04-27T23:25:33","modified_gmt":"2026-04-27T21:25:33","slug":"mascara-allolio-di-ricino-biologico","status":"publish","type":"product","link":"https:\/\/www.miel-store.com\/it\/p\/mascara-a-lhuile-de-ricin-bio","title":{"rendered":"Mascara con olio di ricino biologico"},"content":{"rendered":"<p>Sempre pi\u00f9 popolare, il\u00a0<strong>mascara all'olio di ricino<\/strong>\u00a0\u00e8 diventato un must per\u00a0<strong>cosmetici naturali<\/strong>. Con il pratico flacone e il pennello, l'applicazione \u00e8 un gioco da ragazzi!<\/p>\n<p>\u00c8 un vero piacere prendersi cura di s\u00e9 in modo naturale. Soprattutto quando i nostri occhi vengono sublimati, senza alcun artificio! Semplicemente con l'applicazione di ci\u00f2 che diventer\u00e0 molto rapidamente\u00a0<strong>uno dei must-have della vostra trousse di make-up<\/strong>\u00a0!<\/p>\n<h2><strong>Mascara all'olio di ricino per occhi vellutati!<\/strong><\/h2>\n<p>Oltre ai suoi benefici per la pelle e i capelli,\u00a0<strong>olio di ricino<\/strong><strong>\u00a0\u00e8 molto efficace nel promuovere la crescita delle ciglia<\/strong>. Ricco di omega 6 e 9, fornisce volume, forza e lucentezza accelerando la crescita.<\/p>\n<p>Grazie al<strong>\u00a0mascara all'olio di ricino<\/strong>, il vostro look acquister\u00e0 rapidamente una maggiore profondit\u00e0! Proprio cos\u00ec,\u00a0<strong>le ciglia saranno pi\u00f9 folte, dense e scure<\/strong>. Bandite i mascara chimici e utilizzate solo i migliori.\u00a0<strong>cura naturale<\/strong>\u00a0che vi dar\u00e0 un aspetto naturalmente luminoso.<\/p>\n<h2><strong>Focus sulla composizione del mascara all'olio di ricino<\/strong><\/h2>\n<p>Questo\u00a0<strong>cosmetici naturali<\/strong>\u00a0\u00e8 prodotto esclusivamente con olio di ricino, noto anche come\u2019<a href=\"https:\/\/www.huiles-de-ricin.com\/\" target=\"_blank\" rel=\"noopener\"><strong>olio di ricino<\/strong><\/a>. Si ottiene dai semi di ricino (da un arbusto tropicale della famiglia delle Euforbiacee). \u00c8 trasparente, di colore giallo molto pallido, viscoso e ha un sapore pi\u00f9 o meno pronunciato.<\/p>\n<h3><strong>Da dove deriva il nome \u201colio di castoro\u201d?<\/strong><\/h3>\n<p>Questo nome deriva dall'inglese \u201c<strong>olio di ricino<\/strong>\u201dQuesto perch\u00e9, un tempo, sostituiva occasionalmente il \u201ccastoreum\u201d nei suoi usi. Una sostanza secreta dalle ghiandole dei castori. Ancora oggi viene erroneamente chiamato in questo modo, ma l'olio di ricino \u00e8 un prodotto vero e proprio.\u00a0<strong>Impianto 100%<\/strong>.<\/p>\n<h3><strong>La sua origine<\/strong><\/h3>\n<p>Si ricava dai semi di un arbusto della famiglia delle euforbiacee. In botanica \u00e8 chiamato \u201cricinus communis\u00bb.<\/p>\n<p>In alcune regioni tropicali e subtropicali, il ricino pu\u00f2 raggiungere un'altezza di circa dieci metri. Il frutto \u00e8 una capsula ricoperta di spine verdi o rosse, a seconda della maturit\u00e0.<\/p>\n<p>Una volta maturo, il guscio si asciuga e si apre per rivelare tre semi ricchi di olio. Solo i semi pi\u00f9 grandi vengono utilizzati per produrre olio.<\/p>\n<h3><strong>La sua composizione<\/strong><\/h3>\n<p>Questo seme \u00e8 composto principalmente da acido ricinoleico (omega 9), che \u00e8 un derivato dell'acido oleico (acidi grassi monoinsaturi). Questo componente attivo dell'olio di ricino ha propriet\u00e0 lassative e purganti.<\/p>\n<p>In dosi sbagliate, \u00e8 dannoso perch\u00e9 irrita la mucosa intestinale e provoca una notevole perdita di acqua. In dosi elevate, pu\u00f2 essere altamente tossico o addirittura mortale!<\/p>\n<p>Impedisce inoltre la crescita di germi come batteri e muffe. Pu\u00f2 anche aiutare a combattere alcuni problemi della pelle come acne, dermatiti, infezioni fungine, infiammazioni, ecc.<\/p>\n<h3><strong>I suoi benefici<\/strong><\/h3>\n<ul>\n<li><strong>Per la cura della pelle:<\/strong>\u00a0Ideale per idratare e nutrire la pelle, poich\u00e9 penetra in profondit\u00e0 nell'epidermide. Stimola inoltre la produzione di collagene ed elastina, lasciando la pelle turgida e morbida. In breve, migliora la texture della pelle e ritarda la comparsa di linee sottili e rughe.<\/li>\n<\/ul>\n<p>Inoltre, lenisce le scottature, elimina le macchie brune e calma le irritazioni e le screpolature.<\/p>\n<ul>\n<li><strong>Per la cura dei capelli:<\/strong>\u00a0Non solo \u00e8 un <a href=\"https:\/\/www.miel-store.com\/it\/p\/siero-di-ricrescita-lincrociabile\/\"><strong>acceleratore della crescita dei capelli<\/strong><\/a> ma li ripara e li rende pi\u00f9 forti.<\/li>\n<\/ul>\n<p>Le sue propriet\u00e0 antibatteriche e antifungine aiutano a combattere i problemi e le malattie del cuoio capelluto. Tra questi, la pelle secca, la forfora, la psoriasi e la tigna.<\/p>\n<ul>\n<li><strong>Rimedio naturale :<\/strong>\u00a0Come drenante linfatico e decongestionante, \u00e8 consigliato per i problemi circolatori come gambe pesanti e cellulite, e per aiutare a migliorare la circolazione sanguigna.<\/li>\n<\/ul>\n<p>Antimicotico, pu\u00f2 essere utile per problemi della pelle come eczema, foruncoli, piede d'atleta, verruche, ecc.<\/p>\n<p>Ma \u00e8 anche efficace nel trattamento dell'acne grazie alla sua azione antibatterica.<\/p>\n<ul>\n<li><strong>Per produrre cosmetici:<\/strong>\u00a0Viene utilizzato come base per numerosi prodotti per la cura della pelle e cosmetici. In particolare, come gel per i capelli degli uomini. Ma \u00e8 anche utilizzato nella produzione di sapone, in quanto permette al sapone di fare abbondante schiuma.<\/li>\n<\/ul>\n<p>Si usa anche come lucidalabbra e per riparare le unghie fragili.<\/p>\n<h2><strong>Precauzioni per l'uso dell'olio di ricino<\/strong><\/h2>\n<p>Si sconsiglia vivamente di consumare quest'olio per via interna. Pu\u00f2 essere molto irritante e persino tossico. Se ne sconsiglia il consumo anche ai bambini, alle donne in gravidanza (perch\u00e9 \u00e8 abortivo) e alle donne che allattano.<\/p>\n<p>\u00c8 sempre consigliabile testare un prodotto prima dell'uso, poich\u00e9 potrebbe esserci un rischio di allergia.<\/p>\n<h3><strong>Come posso sapere se l'olio di ricino \u00e8 di qualit\u00e0?<\/strong><\/h3>\n<p>Per essere certi di ottenere un olio di ricino di buona qualit\u00e0, deve essere :<\/p>\n<ul>\n<li><strong>ottenuto per prima spremitura a freddo:<\/strong>\u00a0Questo per preservare i minerali e gli acidi grassi.<\/li>\n<li><strong>naturale :<\/strong>\u00a0Non deve contenere silicone o molecole sintetiche.<\/li>\n<li><strong>da agricoltura biologica :<\/strong>\u00a0Per evitare qualsiasi rischio per gli occhi, \u00e8 necessario un prodotto di buona qualit\u00e0.<\/li>\n<\/ul>\n<h3><strong>Come usare il mascara all'olio di ricino<\/strong><\/h3>\n<p>Il mascara all'olio di ricino \u00e8 ideale per idratare, rinforzare e allungare le ciglia! Ma fate attenzione a non metterlo negli occhi!<\/p>\n<p>L'applicatore per il mascara \u00e8 proprio quello che facilita il vostro lavoro. Inoltre, \u00e8 trasparente, in modo da poter tenere sotto controllo il livello dell'olio nel flacone.<\/p>\n<h2><strong>Procedura per l'applicazione del mascara all'olio di ricino:<\/strong><\/h2>\n<ul>\n<li>Per cominciare, ricordatevi di rimuovere il trucco dagli occhi. (Si dice che Cleopatra usasse l'olio di ricino come struccante. Inoltre, \u00e8 consigliato per ridurre le occhiaie e ringiovanire la pelle grazie al suo effetto repellente).<\/li>\n<li>Aprire quindi il flacone, eliminando l'eccesso per lasciare la giusta quantit\u00e0 di prodotto per la pelle.<\/li>\n<li>Infine, applicare sulla lunghezza delle ciglia come un normale mascara.<\/li>\n<li>Si consiglia di applicarlo la sera prima di andare a dormire.<\/li>\n<\/ul>\n<p>Conservare il flacone in un luogo asciutto e lontano dalla luce diretta del sole.<\/p>","protected":false},"excerpt":{"rendered":"<p>Mascara con olio di ricino biologico.<\/p>\n<p>10ml.<\/p>","protected":false},"featured_media":631,"template":"","meta":[],"product_brand":[],"product_cat":[89],"product_tag":[],"class_list":{"0":"post-538","1":"product","2":"type-product","3":"status-publish","4":"has-post-thumbnail","6":"product_cat-cosmetiques","8":"first","9":"instock","10":"shipping-taxable","11":"purchasable","12":"product-type-simple"},"_links":{"self":[{"href":"https:\/\/www.miel-store.com\/it\/wp-json\/wp\/v2\/product\/538","targetHints":{"allow":["GET"]}}],"collection":[{"href":"https:\/\/www.miel-store.com\/it\/wp-json\/wp\/v2\/product"}],"about":[{"href":"https:\/\/www.miel-store.com\/it\/wp-json\/wp\/v2\/types\/product"}],"wp:featuredmedia":[{"embeddable":true,"href":"https:\/\/www.miel-store.com\/it\/wp-json\/wp\/v2\/media\/631"}],"wp:attachment":[{"href":"https:\/\/www.miel-store.com\/it\/wp-json\/wp\/v2\/media?parent=538"}],"wp:term":[{"taxonomy":"product_brand","embeddable":true,"href":"https:\/\/www.miel-store.com\/it\/wp-json\/wp\/v2\/product_brand?post=538"},{"taxonomy":"product_cat","embeddable":true,"href":"https:\/\/www.miel-store.com\/it\/wp-json\/wp\/v2\/product_cat?post=538"},{"taxonomy":"product_tag","embeddable":true,"href":"https:\/\/www.miel-store.com\/it\/wp-json\/wp\/v2\/product_tag?post=538"}],"curies":[{"name":"wp","href":"https:\/\/api.w.org\/{rel}","templated":true}]}}