{"id":534,"date":"2022-02-28T07:35:06","date_gmt":"2022-02-28T06:35:06","guid":{"rendered":"https:\/\/www.miel-store.com\/?post_type=product&#038;p=534"},"modified":"2026-04-26T10:54:20","modified_gmt":"2026-04-26T08:54:20","slug":"khol-artigianale-senza-piombo","status":"publish","type":"product","link":"https:\/\/www.miel-store.com\/it\/p\/khol-artisanal-sans-plomb","title":{"rendered":"Kh\u00f4l in polvere artigianale senza piombo e applicatore"},"content":{"rendered":"<p>Scritto a volte <strong>kohl<\/strong>, <strong>khol <\/strong>o anche <strong>kohl<\/strong>, Questa parola deriva dall'arabo \u201c<strong>kuhl<\/strong>\u201dche significa <strong>antimonio<\/strong>. Utilizzato oggi come trucco degli occhi, si presenta in diverse forme: matita, stick conico, polvere, ecc.<\/p>\n<p>Pi\u00f9 che una risorsa importante per la bellezza degli occhi, \u00e8 anche una <strong>un antico rimedio naturale<\/strong>. Scopriamolo subito!<\/p>\n<h2><strong>La storia del khol<\/strong><\/h2>\n<p>Secondo le fonti pi\u00f9 antiche, fu utilizzato per la prima volta da Egizi, Semiti, Kushiti e Numidi. Il suo uso si \u00e8 poi diffuso nella penisola arabica, nell'intero bacino del Mediterraneo e in alcune parti dell'Asia.<\/p>\n<p>Era composto da minerali e da una sostanza grassa per facilitarne l'applicazione.<\/p>\n<p>Antichi reperti dimostrano che i faraoni si dipingevano gli occhi con questo colore. <strong>unguento<\/strong> per le sue propriet\u00e0 terapeutiche. Infatti, \u00e8 stata esportata in altri Paesi, dove \u00e8 stata ampiamente utilizzata per le sue propriet\u00e0 medicinali. <strong>effetti antibatterici e protettivi<\/strong>.<\/p>\n<p>In seguito, \u00e8 stata utilizzata dagli arabi (uomini e donne) per tutti i suoi benefici. Tuttavia, era anche uno dei cosmetici utilizzati per abbellire le donne, allo stesso modo dell'henn\u00e9.<\/p>\n<p>Un gran numero di bottiglie e contenitori di questo <strong>ombra nera<\/strong> sono stati ritrovati intatti nelle tombe egizie. Questi contenitori erano realizzati con materiali pi\u00f9 o meno nobili, a seconda dello status sociale del defunto.<\/p>\n<p>Sono stati analizzati i residui di vasi di kohl conservati al Museo del Louvre. I risultati di questo studio sono stati utilizzati per determinare la loro composizione chimica. Ha rivelato la presenza di derivati del piombo (tra cui galena, laurionite, fosgenite e cerussite).<\/p>\n<p>Reale <strong>abbellitore<\/strong> per gli occhi, in passato \u00e8 stato utilizzato soprattutto a scopo terapeutico. Il piombo contenuto in questo <strong>rimedio naturale ancestrale<\/strong>, per affrontare le varie <strong>infezioni oculari<\/strong>.<\/p>\n<p>Inoltre, l'applicazione di questa miscela ai bordi degli occhi aiutava a ridurre il riverbero causato dalla luce del sole. Possiamo ipotizzare che sia stato forse il <strong>primo antibiotico sintetico<\/strong>.<\/p>\n<h2><strong>La composizione del khol nell'antichit\u00e0\u00a0<\/strong><\/h2>\n<p>La composizione chimica del kohl \u00e8 stata a lungo oggetto di controversie. Ma alla fine \u00e8 stato confermato che la galena \u00e8 il costituente principale. In effetti, 30 campioni di kohl provenienti dall'antico <a href=\"https:\/\/www.miel-store.com\/it\/p\/polline-di-palma-degietto\/\"><strong>Egitto<\/strong><\/a> sono stati analizzati. Questo ha dimostrato che non era fatto di antimonio, come si era ipotizzato.<\/p>\n<p>Anche la letteratura antica fornisce informazioni sulla preparazione del kohl. Anche gli autori greco-romani ne confermano la composizione e presentano ricette di farmaci destinati all'uso in oftalmologia. Come gi\u00e0 menzionato, il kohl era ottenuto da minerali come la laurionite e la fosgenite.<\/p>\n<p>Questi due elementi sono rari in natura, quindi possiamo dedurre che sono stati sintetizzati. Gli Egizi sono stati indubbiamente i precursori, in quanto avevano gi\u00e0 imparato questo tipo di composizione chimica. Resta da vedere se fossero consapevoli delle conoscenze che possedevano.<\/p>\n<p>Alcuni ricercatori hanno anche dimostrato che la composizione della laurionite \u00e8 diversa da quella di altri composti del piombo. Inoltre, i loro esperimenti hanno dimostrato che il piombo \u00e8 effettivamente un formidabile agente antibatterico.<\/p>\n<h2><strong>Kh\u00f4l oggi<\/strong><\/h2>\n<p>Oggi questo tesoro nero \u00e8 disponibile in diversi formati: matita, stick, polvere, ecc.<\/p>\n<p><strong>La matita nera:\u00a0<\/strong>Sono diventate un must have in ogni borsetta da trucco! Le matite e i liner neri sono venduti ovunque e in una variet\u00e0 di colori.<\/p>\n<p><strong>Polvere di khol tradizionale:\u00a0<\/strong>Esistono diversi modi per preparare questa polvere nera. Il modo in cui viene preparata varia da paese a paese e da regione a regione. E molto spesso sono privi di piombo a causa delle controversie sulla sua tossicit\u00e0.<\/p>\n<p><strong>Al ithmid (antimonio) :\u00a0<\/strong>Chiamato \u201c<strong>al ithmid<\/strong>\u201dNella tradizione musulmana, \u00e8 altamente raccomandato come rimedio naturale per tutte le sue virt\u00f9 terapeutiche. Veniva anche utilizzato come trucco per ingrandire e illuminare gli occhi.<\/p>\n<h2><strong>I benefici di questa polvere nera per occhi<\/strong><\/h2>\n<p>Quasi tutte le civilt\u00e0 hanno utilizzato il <strong>kohl<\/strong>. Sia per il trucco che per mantenere la salute degli occhi. Infatti, era noto per <strong>prevenzione e trattamento dell'occhio<\/strong> contro malattie come :<\/p>\n<ul>\n<li>blefarite (infiammazione della palpebra)<\/li>\n<li>tracoma (congiuntivite)<\/li>\n<li>chalazion (ghiandola oculare ostruita)<\/li>\n<li>pterigio (lesione oculare)<\/li>\n<li>cataratta<\/li>\n<li>congiuntivite<\/li>\n<\/ul>\n<p>Kohl \u00e8 stato menzionato anche per <strong>migliorare la vista<\/strong> . Ma una delle pi\u00f9 grandi propriet\u00e0 del khol fu osservata in Arabia. Si scopr\u00ec che le particelle nere e lucide di galena (solfuro di piombo) proteggevano gli occhi dal bagliore e dai riflessi del sole.<\/p>\n<p>Assicura <strong>protezione degli occhi dagli effetti nocivi dei raggi UV<\/strong>. Come l'ossido di zinco, che probabilmente viene utilizzato nel khol per la sua propriet\u00e0 naturale di<strong> una potente protezione contro i raggi solari<\/strong>.<\/p>\n<h2><strong>Il piombo nel khol<\/strong><\/h2>\n<p>Ci sono molte controversie riguardo al piombo utilizzato nel khol. Anche gli studi condotti dagli scienziati sono diversi. Alcuni sostengono che non tutto il piombo \u00e8 uguale e che alcuni sono molto benefici se usati con parsimonia. Altri, al contrario, mettono in guardia dalla loro tossicit\u00e0. Una cosa \u00e8 certa: il piombo \u00e8 un potente antibatterico.<\/p>\n<h2><strong>Come si applica il khol?<\/strong><\/h2>\n<h3><strong>Applicazione della versione a matita :<\/strong><\/h3>\n<p>Avete diverse scelte. Si pu\u00f2 applicare sul bordo interno dell'occhio o sulla parte superiore e inferiore delle ciglia. Si pu\u00f2 anche applicare sopra, come un liner, o sfumare per un effetto intenso.<\/p>\n<h3><strong>Applicazione del modello tradizionale :<\/strong><\/h3>\n<p>Spesso viene presentato in un tradizionale contenitore di legno o di vetro. Un bastoncino, chiamato\u00ab\u00a0<strong>mirwed<\/strong>\u00a0\u00bbDi solito \u00e8 attaccato al tappo e facilita l'applicazione della polvere.<\/p>\n<p>Procedura per l'applicazione della polvere khol:<\/p>\n<ul>\n<li>Infilare il mirwed nel flacone, girando per far aderire la polvere.<\/li>\n<li>Estrarlo e picchiettarlo per rimuovere il fard in eccesso.<\/li>\n<li>Posizionare il bastoncino tra i bordi superiore e inferiore dell'occhio.<\/li>\n<li>Chiudere l'occhio facendo scorrere il bastoncino dall'interno all'esterno dell'occhio.<\/li>\n<\/ul>","protected":false},"excerpt":{"rendered":"<p>Kohl in polvere artigianale senza piombo e applicatore.<\/p>\n<p>100% Naturale.<\/p>\n<p>10g.<\/p>","protected":false},"featured_media":633,"template":"","meta":[],"product_brand":[],"product_cat":[89],"product_tag":[],"class_list":{"0":"post-534","1":"product","2":"type-product","3":"status-publish","4":"has-post-thumbnail","6":"product_cat-cosmetiques","8":"first","9":"instock","10":"shipping-taxable","11":"purchasable","12":"product-type-simple"},"_links":{"self":[{"href":"https:\/\/www.miel-store.com\/it\/wp-json\/wp\/v2\/product\/534","targetHints":{"allow":["GET"]}}],"collection":[{"href":"https:\/\/www.miel-store.com\/it\/wp-json\/wp\/v2\/product"}],"about":[{"href":"https:\/\/www.miel-store.com\/it\/wp-json\/wp\/v2\/types\/product"}],"wp:featuredmedia":[{"embeddable":true,"href":"https:\/\/www.miel-store.com\/it\/wp-json\/wp\/v2\/media\/633"}],"wp:attachment":[{"href":"https:\/\/www.miel-store.com\/it\/wp-json\/wp\/v2\/media?parent=534"}],"wp:term":[{"taxonomy":"product_brand","embeddable":true,"href":"https:\/\/www.miel-store.com\/it\/wp-json\/wp\/v2\/product_brand?post=534"},{"taxonomy":"product_cat","embeddable":true,"href":"https:\/\/www.miel-store.com\/it\/wp-json\/wp\/v2\/product_cat?post=534"},{"taxonomy":"product_tag","embeddable":true,"href":"https:\/\/www.miel-store.com\/it\/wp-json\/wp\/v2\/product_tag?post=534"}],"curies":[{"name":"wp","href":"https:\/\/api.w.org\/{rel}","templated":true}]}}