{"id":526,"date":"2022-02-28T07:19:48","date_gmt":"2022-02-28T06:19:48","guid":{"rendered":"https:\/\/www.miel-store.com\/?post_type=product&#038;p=526"},"modified":"2026-03-25T20:57:58","modified_gmt":"2026-03-25T19:57:58","slug":"60-capsule-di-moringa-in-polvere","status":"publish","type":"product","link":"https:\/\/www.miel-store.com\/it\/p\/60-gelules-de-poudre-de-moringa","title":{"rendered":"60 capsule di Moringa in polvere"},"content":{"rendered":"<p>Il ritmo della vita pu\u00f2 essere duro! Per\u00a0<strong>medicina ayurvedica,\u00a0<\/strong>scoprite il nostro\u00a0<strong>capsule di moringa in polvere<\/strong>\u00a0!<\/p>\n<h2><strong>Viaggiate in India e scoprite le capsule di moringa in polvere!\u00a0<\/strong><\/h2>\n<p>In effetti, i vantaggi di amare\u00a0<strong>prodotti naturali<\/strong>\u00a0sono numerosi! Uno di questi \u00e8 la variet\u00e0 di paesaggi idilliaci che non si sognerebbe mai di incontrare! L'India ne \u00e8 un esempio perfetto. Conosciuta in particolare per i suoi palazzi, l'India \u00e8 anche un Paese con una moltitudine di altre attrazioni.<strong>\u00a0risorse naturali<\/strong>.<\/p>\n<p>Lentamente ma inesorabilmente, \u00e8 arrivato il momento di incontrare il\u00a0<strong>moringa<\/strong>\u00a0! \u00c8 un albero piccolo e resistente, che prospera nei climi tropicali. Conosciuto da alcuni anche come albero della vita o<strong>\u00a0l'albero dei miracoli<\/strong>, Questo piccolo albero nasconde molte sorprese...<\/p>\n<p>I baccelli e\u00a0<strong>foglie di moringa<\/strong>\u00a0sono utilizzati principalmente per scopi particolarmente interessanti per il benessere dell'uomo! Scopriamo quindi cosa c'\u00e8 in serbo per voi.\u00a0<strong>boutique del benessere online<\/strong>\u00a0!<\/p>\n<h2><strong>Prodotto benessere : Capsule di Moringa in polvere\u00a0<\/strong><\/h2>\n<p>Miel Store \u00e8 sempre desideroso di offrire prodotti che vi aiutino. Nel menu: stanchezza e scarsa energia!<\/p>\n<p>Inoltre, vorremmo sottolineare la moringa e le sue propriet\u00e0 naturali ed efficaci contro alcuni disturbi legati a carenze.<\/p>\n<p>Per fare questo, portiamo alla ribalta una bottiglia con una capacit\u00e0 di 50G! Inoltre, all'interno di questa bottiglia troverete\u00a0<strong>60 capsule di polvere concentrata<\/strong>\u00a0di moringa.<\/p>\n<p>Come potete vedere, la vostra boutique specializzata cerca di stare al passo con i tempi. Quindi caro\u00a0<strong>amanti della natura<\/strong>, preparatevi a divertirvi!<\/p>\n<h2><strong>Consigli e suggerimenti sull'uso delle capsule di moringa in polvere!\u00a0<\/strong><\/h2>\n<p>E se Miel Store vi offrisse un altro spettacolo con un<strong>\u00a0prodotto naturale<\/strong>\u00a0che vale la pena di essere distratto! Infatti, per coloro che vogliono fare amicizia con un\u00a0<strong>booster naturale<\/strong>, Probabilmente abbiamo quello che fa per voi.<\/p>\n<p>Il\u00a0<strong>capsule di moringa in polvere<\/strong>\u00a0sono considerati un\u00a0<strong>integratore alimentare<\/strong>\u00a0! Sia per gli atleti prima dell'esercizio fisico, sia per chi ha semplicemente un calo di tensione! Queste capsule, ricche di vitamine A, B, C ed E, possono essere una vera e propria risorsa nella vita quotidiana.<\/p>\n<p>Inoltre, sappiamo tutti quanto possa essere difficile tenere il passo con la vita familiare, il lavoro e persino le attivit\u00e0 del tempo libero. Il corpo deve stare al passo! Per questo motivo vi facciamo conoscere la<strong>\u00a0integratore alimentare naturale<\/strong>\u00a0con polvere di moringa.<\/p>\n<p>Si possono assumere da 1 a 2 capsule al giorno!<\/p>\n<ul>\n<li>Per chi pratica sport, si consiglia di farlo circa 1 ora prima della seduta.<\/li>\n<li>E per le cure: 1 capsula a stomaco vuoto ogni mattina.<\/li>\n<\/ul>\n<h3><strong>Facile, facile, il vostro negozio offre anche...\u00a0<\/strong><\/h3>\n<p>Sei un fan di\u00a0<strong>prodotti naturali<\/strong>\u00a0e volete saperne di pi\u00f9? Ebbene, Miel Store vuole dirvi di pi\u00f9! Vi presentiamo il<strong>\u00a0<a href=\"https:\/\/www.miel-store.com\/it\/p\/feuilles-de-sene\/\">foglie di senna<\/a>\u00a0<\/strong>o con il\u00a0<strong><a href=\"https:\/\/www.miel-store.com\/it\/p\/pot-des-7-guerisons\/\">vaso delle 7 cure dall'Arabia Saudita<\/a>.\u00a0<\/strong><\/p>\n<p>La natura \u00e8 piena di tesori e li condivider\u00e0 con voi, quindi approfittatene...<\/p>","protected":false},"excerpt":{"rendered":"<p>60 capsule di polvere di Moringa.<\/p>\n<p>Vasetto da 50 g.<\/p>","protected":false},"featured_media":580,"template":"","meta":[],"product_brand":[],"product_cat":[88,130],"product_tag":[],"class_list":{"0":"post-526","1":"product","2":"type-product","3":"status-publish","4":"has-post-thumbnail","6":"product_cat-bien-etre","7":"product_cat-produits-medecine-ayurvedique","9":"first","10":"instock","11":"shipping-taxable","12":"purchasable","13":"product-type-simple"},"_links":{"self":[{"href":"https:\/\/www.miel-store.com\/it\/wp-json\/wp\/v2\/product\/526","targetHints":{"allow":["GET"]}}],"collection":[{"href":"https:\/\/www.miel-store.com\/it\/wp-json\/wp\/v2\/product"}],"about":[{"href":"https:\/\/www.miel-store.com\/it\/wp-json\/wp\/v2\/types\/product"}],"wp:featuredmedia":[{"embeddable":true,"href":"https:\/\/www.miel-store.com\/it\/wp-json\/wp\/v2\/media\/580"}],"wp:attachment":[{"href":"https:\/\/www.miel-store.com\/it\/wp-json\/wp\/v2\/media?parent=526"}],"wp:term":[{"taxonomy":"product_brand","embeddable":true,"href":"https:\/\/www.miel-store.com\/it\/wp-json\/wp\/v2\/product_brand?post=526"},{"taxonomy":"product_cat","embeddable":true,"href":"https:\/\/www.miel-store.com\/it\/wp-json\/wp\/v2\/product_cat?post=526"},{"taxonomy":"product_tag","embeddable":true,"href":"https:\/\/www.miel-store.com\/it\/wp-json\/wp\/v2\/product_tag?post=526"}],"curies":[{"name":"wp","href":"https:\/\/api.w.org\/{rel}","templated":true}]}}