{"id":525,"date":"2022-02-28T07:17:53","date_gmt":"2022-02-28T06:17:53","guid":{"rendered":"https:\/\/www.miel-store.com\/?post_type=product&#038;p=525"},"modified":"2025-12-27T20:20:11","modified_gmt":"2025-12-27T19:20:11","slug":"60-capsule-di-polvere-di-polline-di-palma","status":"publish","type":"product","link":"https:\/\/www.miel-store.com\/it\/p\/60-gelules-de-poudre-de-pollen-de-palmier","title":{"rendered":"60 capsule di polvere di polline di palma"},"content":{"rendered":"<p>Probabilmente avete gi\u00e0 sentito parlare di\u00a0<strong>capsule di polline di palma<\/strong>. La forma in polvere \u00e8 generalmente nota per le sue virt\u00f9 nel trattamento dei problemi legati all'infertilit\u00e0, ma non \u00e8 l'unica.<\/p>\n<p>Diamo un'occhiata a questo straordinario integratore alimentare.<\/p>\n<h2><strong>I benefici delle capsule di polline di palma<\/strong><\/h2>\n<p>Se dovessimo riassumere i benefici essenziali di questo meraviglioso alimento. Dovremmo parlarvi dei suoi benefici in termini di\u00a0<strong>fertilit\u00e0<\/strong>,\u00a0<strong>sessualit\u00e0<\/strong>\u00a0e\u00a0<strong>immunit\u00e0.\u00a0<\/strong>Prima di tutto, \u00e8 necessario sapere che \u00e8 :<\/p>\n<p><strong>Energetico<\/strong>,\u00a0<strong>antiossidante<\/strong>,\u00a0<strong>rafforza il sistema immunitario<\/strong>,\u00a0<strong>rafforza le ossa<\/strong>\u00a0e\u00a0<strong>ridurrebbe<\/strong>\u00a0il\u00a0<strong>colesterolo cattivo<\/strong>. \u00c8 noto che ha un effetto su\u00a0<strong>anemia e insonnia<\/strong>. Inoltre, \u00e8 dotato di un\u00a0<strong>afrodisiaco<\/strong>. Anche in termini di\u00a0<strong>fertilit\u00e0<\/strong>, aumenterebbe e migliorerebbe\u00a0<strong>qualit\u00e0 dello sperma<\/strong>\u00a0(mobilit\u00e0 e vitalit\u00e0). Il polline\u00a0<strong>stimola le ovaie<\/strong>\u00a0e aumentare\u00a0<strong>lo spessore dell'endometrio<\/strong>\u00a0per favorire l'insediamento dell'ovulo fecondato. \u00c8 consigliato anche per\u00a0<strong>regolare il ciclo<\/strong>\u00a0e\u00a0<strong>ridurre le mestruazioni dolorose<\/strong>. Si sta dimostrando anche un buon\u00a0<strong>Detergente uterino<\/strong>\u00a0e sarebbe un buon alleato contro gli effetti di\u00a0<strong>menopausa<\/strong>.<\/p>\n<h2><strong>Come si usa la forma in capsule?<\/strong><\/h2>\n<p>100 % naturale, il vostro\u00a0<strong>capsule di polline di palma<\/strong>, sar\u00e0 rapidamente assimilato dall'organismo. Assumere da 1 a 2 capsule al giorno durante i pasti. Le cure variano da 1 a 3 mesi. Ricordate di accompagnare il trattamento con\u00a0<strong>miele<\/strong>, in particolare, il\u00a0<strong>miele di euforbia<\/strong>\u00a0disponibile su<strong>\u00a0negozio di miele.<\/strong><\/p>\n<p>C'\u00e8 anche una confezione di\u00a0<strong>polline di palma<\/strong>\u00a0con un barattolo di\u00a0<a href=\"https:\/\/www.miel-store.com\/it\/p\/miele-di-euforbia-dallo-yemen\/\"><strong>miele di euforbia dello Yemen<\/strong><\/a>.<\/p>\n<h3><strong>Precauzioni speciali<\/strong><\/h3>\n<p>Ci sono delle precauzioni particolari da prendere con questo prodotto naturale. Anche se questo rimedio vi sembra innocuo grazie al suo aspetto naturale, dovete sapere che \u00e8 vietato:<\/p>\n<ul>\n<li>A\u00a0<strong>donne affette da sindrome dell'ovaio policistico (PCOS)<\/strong>).<\/li>\n<li>Oltre a coloro che soffrono di\u00a0<strong>cisti<\/strong>, d\u2019<strong>endometriosi<\/strong>, di\u00a0<strong>polipi<\/strong>, di\u00a0<strong>miomi<\/strong>\u00a0e\u00a0<strong>fibromi<\/strong>.<\/li>\n<li>Non \u00e8 raccomandato per\u00a0<strong>donne in gravidanza e in allattamento<\/strong>.<\/li>\n<li>Lo stesso vale per i bambini e gli adolescenti.\u00a0<strong>persone allergiche al polline<\/strong>.<\/li>\n<\/ul>\n<p>Si consiglia di consumarlo sotto la supervisione di un medico, di un naturopata o di un professionista della salute.<\/p>","protected":false},"excerpt":{"rendered":"<p>60 capsule di polvere di polline di palma. Integratore alimentare.<\/p>\n<p>Tonificante, difese immunitarie, fortificante.<\/p>\n<p>Vasetto da 50 g.<\/p>","protected":false},"featured_media":578,"template":"","meta":[],"product_brand":[],"product_cat":[88],"product_tag":[],"class_list":{"0":"post-525","1":"product","2":"type-product","3":"status-publish","4":"has-post-thumbnail","6":"product_cat-bien-etre","8":"first","9":"instock","10":"shipping-taxable","11":"purchasable","12":"product-type-simple"},"_links":{"self":[{"href":"https:\/\/www.miel-store.com\/it\/wp-json\/wp\/v2\/product\/525","targetHints":{"allow":["GET"]}}],"collection":[{"href":"https:\/\/www.miel-store.com\/it\/wp-json\/wp\/v2\/product"}],"about":[{"href":"https:\/\/www.miel-store.com\/it\/wp-json\/wp\/v2\/types\/product"}],"wp:featuredmedia":[{"embeddable":true,"href":"https:\/\/www.miel-store.com\/it\/wp-json\/wp\/v2\/media\/578"}],"wp:attachment":[{"href":"https:\/\/www.miel-store.com\/it\/wp-json\/wp\/v2\/media?parent=525"}],"wp:term":[{"taxonomy":"product_brand","embeddable":true,"href":"https:\/\/www.miel-store.com\/it\/wp-json\/wp\/v2\/product_brand?post=525"},{"taxonomy":"product_cat","embeddable":true,"href":"https:\/\/www.miel-store.com\/it\/wp-json\/wp\/v2\/product_cat?post=525"},{"taxonomy":"product_tag","embeddable":true,"href":"https:\/\/www.miel-store.com\/it\/wp-json\/wp\/v2\/product_tag?post=525"}],"curies":[{"name":"wp","href":"https:\/\/api.w.org\/{rel}","templated":true}]}}