{"id":521,"date":"2022-02-28T07:07:43","date_gmt":"2022-02-28T06:07:43","guid":{"rendered":"https:\/\/www.miel-store.com\/?post_type=product&#038;p=521"},"modified":"2026-04-25T17:23:40","modified_gmt":"2026-04-25T15:23:40","slug":"capsule-di-cumino-nero","status":"publish","type":"product","link":"https:\/\/www.miel-store.com\/it\/p\/gelules-de-nigelle","title":{"rendered":"60 capsule di semi di Nigella etiope in polvere"},"content":{"rendered":"<p>Miel Store \u00e8 lieto di presentare il suo\u00a0<strong>capsule di cumino nero\u00a0<\/strong>! In effetti, questi\u00a0<strong>capsule di cumino nero\u00a0<\/strong>sono un eccellente integratore alimentare di alta qualit\u00e0. Eccellenti per la salute, le loro virt\u00f9 terapeutiche e nutrizionali sono riconosciute dagli scienziati di tutto il mondo.<\/p>\n<p>Se trovate difficile bere il suo olio o ingerirlo in polvere, provate questo modo originale di consumarlo!<\/p>\n<h2><strong>Che cos'\u00e8 il cumino nero?<\/strong><\/h2>\n<p>La nigella, e pi\u00f9 precisamente la sua polvere, \u00e8 una sostanza vegetale ottenuta dai semi della pianta Nigella sativa. Chiamata anche cumino nero, falso cumino, sesamo nero, menta piperita o habba sawda, questa pianta aromatica viene utilizzata fin dai tempi dei Faraoni.<\/p>\n<p>Questa pianta mediterranea viene utilizzata da secoli per i suoi innegabili benefici terapeutici e nutrizionali. Ma viene anche utilizzata in cucina, come spezia o come infuso.<\/p>\n<h2><strong>Capsule di cumino nero, un prezioso alleato della salute!<\/strong><\/h2>\n<p>Il<strong>\u00a0<a href=\"https:\/\/www.miel-store.com\/it\/p\/60-capsule-di-nigella-dethiopia\/\">capsule di cumino nero<\/a><\/strong>\u00a0venduti su Miel Store contengono la preziosa polvere dalle innumerevoli virt\u00f9. Che sia habachiya o meno, \u00e8 ricco di benefici per la salute.<\/p>\n<p>\u00c8 particolarmente utile per rafforzare il sistema immunitario. Aiuta inoltre a combattere le malattie autoimmuni.<\/p>\n<p>Inoltre, previene e cura l'anemia e la stanchezza.<\/p>\n<p>Inoltre, pu\u00f2 essere utilizzato per trattare o almeno accompagnare il trattamento del diabete di tipo 1 e di tipo 2. O per abbassare i livelli di colesterolo.<\/p>\n<p>\u00c8 anche molto efficace nella prevenzione di molti tumori. \u00c8 particolarmente efficace contro il cancro al colon e ai polmoni.<\/p>\n<p>Ma non \u00e8 tutto! Come prodotto all-in-one per la cura della pelle, viene utilizzato anche in molti altri settori.<\/p>\n<h3><strong>E in particolare :<\/strong><\/h3>\n<ul>\n<li>\u00c8 un eccellente antiossidante.<\/li>\n<li>\u00c8 stato inoltre dimostrato che ha un significativo effetto antiallergico;<\/li>\n<li>ma anche contro i dolori articolari, come l'osteoartrite o i reumatismi.<\/li>\n<li>\u00c8 anche un ottimo trattamento per fistole ed emorroidi.<\/li>\n<li>Ha anche un effetto efficace sulle vie respiratorie. In particolare, \u00e8 un rimedio efficace per l'asma.<\/li>\n<li>Ma anche sulla sfera digestiva. Allevia i problemi di digestione e di transito intestinale, nonch\u00e9 i gonfiori e i gas; ;<\/li>\n<li>Cos\u00ec come l'epidermide. In particolare, aiuta a guarire le ferite, sia superficiali che profonde. Disinfetta anche le ferite infette. \u00c8 efficace anche sulle ustioni, lenendole e accelerandone la guarigione. Nel complesso, \u00e8 molto utile per tutti i problemi della pelle, che si tratti di acne, eczema o psoriasi. E, pi\u00f9 in generale, contro le infiammazioni cutanee.<\/li>\n<li>Ha anche altre interessanti propriet\u00e0 per la cura dei capelli. Rafforza i capelli, ne stimola la crescita e ne previene la caduta, oltre a donare loro vitalit\u00e0 e lucentezza; ;<\/li>\n<li>ecc.<\/li>\n<\/ul>\n<p>In altre parole, questa pianta \u00e8 una vera e propria farmacia!<\/p>\n<p>Se volete trarre tutti i suoi benefici, iniziate la vostra cura di\u00a0<strong>pillole di cumino nero\u00a0<\/strong>!<\/p>\n<h2><strong>Perch\u00e9 scegliere le capsule di cumino nero?<\/strong><\/h2>\n<p>Il formato della capsula offre una serie di vantaggi.<\/p>\n<p>Alcune persone potrebbero essere scoraggiate dal sapore e dall'odore forte dell'olio di cumino nero habachiya, ad esempio. Con questi\u00a0<strong>capsule vegetali<\/strong>, Quindi non privatevi dei suoi benefici! Potete mangiarlo senza essere disturbati dal suo aroma potente e persino pungente.<\/p>\n<p>Inoltre, per le persone che vanno di fretta e che hanno molto da fare, inghiottire il cibo \u00e8 un'operazione che non pu\u00f2 essere fatta in modo corretto.\u00a0<strong>confetti al cumino nero\u00a0<\/strong>con un bicchiere d'acqua! Sempre a portata di mano, sono facili da usare e non occupano molto spazio!<\/p>\n<p>Infine, \u00e8 un formato che si pu\u00f2 portare ovunque! Potete infilare il flacone nella vostra borsetta se pensate di usarlo durante il giorno. E niente pi\u00f9 restrizioni in aereo! Potrete continuare il trattamento nella vostra destinazione di vacanza senza essere limitati ai 100 ml nel bagaglio a mano!<\/p>\n<h2><strong>Cosa contengono le capsule di cumino nero Miel Store?<\/strong><\/h2>\n<p>I nostri prodotti contengono polvere di cumino nero habachiya pura, analizzata in laboratorio.<\/p>\n<p>Vi offriranno tutti i vantaggi di cui abbiamo parlato in precedenza.<\/p>\n<h3><strong>Composizione<\/strong><\/h3>\n<p>Le capsule Miel Store contengono numerosi principi attivi.<\/p>\n<p>Le principali sono le seguenti:<\/p>\n<ul>\n<li>acidi grassi essenziali. In particolare, i grassi saturi (palmitico e stearico) 13-19%, monoinsaturi (omega-9) e polinsaturi (omega-6 e -9).<\/li>\n<li>saponosidi ;<\/li>\n<li>flavonoidi e polifenoli ;<\/li>\n<li>alcaloidi, come la nigellicina e la nigellidina ;<\/li>\n<li>tannini ;<\/li>\n<li>fitosterolo: beta-sitosterolo ;<\/li>\n<li>olio essenziale, in particolare il timolo ;<\/li>\n<li>molecole attive, in particolare timochinone, nigellina, nigellone e carvone ;<\/li>\n<li>vitamine: A, B1, B2, B3, B6, B9, C, E e K1 ;<\/li>\n<li>oligoelementi e minerali, tra cui ferro, calcio, fosforo, potassio, selenio, sodio e zinco; ;<\/li>\n<li>aminoacidi.<\/li>\n<\/ul>\n<h3><strong>Una busta verde<\/strong><\/h3>\n<p>Sono confezionate in capsule vegetali HPMC, 100%, prive di OGM e certificate biologiche, Halal e Kosher.<\/p>\n<p>Le capsule HPMC sono vegane e non contengono prodotti animali come la gelatina. Non contengono nemmeno sostanze chimiche dannose per la salute.<\/p>\n<p>Questo rivestimento \u00e8 conforme agli attuali standard della farmacopea europea.<\/p>\n<h2><strong>Come si usano le capsule di cumino nero?<\/strong><\/h2>\n<p>Per massimizzare l'efficacia, si consiglia un ciclo di trattamento della durata di 1-3 mesi.<\/p>\n<p>Consumare da 1 a 2\u00a0<strong>Capsule di Nigella sativa<\/strong>, mattina (a stomaco vuoto) e sera (prima di coricarsi), per un totale di 2-4 dosi.<\/p>\n<p>Non superare la dose indicata.<\/p>\n<p>Questi\u00a0<strong>compresse naturali<\/strong>\u00a0sono un integratore alimentare. Non sostituiscono una dieta varia ed equilibrata e uno stile di vita sano. Per il bene della vostra salute, adottate uno stile di vita sano e praticate un'attivit\u00e0 fisica regolare per almeno 30 minuti al giorno.<\/p>\n<h2><strong>Precauzioni per l'uso<\/strong><\/h2>\n<p>Chiedete consiglio al vostro medico prima di iniziare un ciclo di cumino nero.<\/p>\n<p>Attenzione: le donne in gravidanza e\/o in allattamento e i bambini non devono utilizzare questa pianta. Ci\u00f2 \u00e8 dovuto agli alcaloidi in essa contenuti.<\/p>\n<p>Infatti, in caso di sovradosaggio, il cumino nero \u00e8 leggermente tossico. Assicuratevi di seguire le dosi consigliate e di non superare le 4 capsule al giorno.<\/p>\n<p>\u00c8 inoltre controindicato in caso di assunzione di anticoagulanti.<\/p>\n<h3><strong>Come si conservano le capsule di cumino nero?<\/strong><\/h3>\n<p>Si consiglia di conservare le capsule in un luogo pulito e asciutto. In particolare, proteggetele dall'umidit\u00e0, che le renderebbe inadatte al consumo.<\/p>\n<p>Inoltre, tenere il prodotto lontano dal calore e dalla luce del sole. Perder\u00e0 le sue propriet\u00e0 naturali intrinseche.<\/p>\n<p>Infine, alcuni alimenti o farmaci possono ritardare o impedire all'organismo di assimilare i nutrienti. Assumeteli quindi durante i pasti e lontano dai farmaci.<\/p>","protected":false},"excerpt":{"rendered":"<p>60 capsule di semi di Nigella etiope in polvere. Integratore alimentare.<\/p>\n<p>Tonificante, difese immunitarie, fortificante.<\/p>\n<p>Vasetto da 50 g.<\/p>","protected":false},"featured_media":579,"template":"","meta":[],"product_brand":[],"product_cat":[87,88],"product_tag":[],"class_list":{"0":"post-521","1":"product","2":"type-product","3":"status-publish","4":"has-post-thumbnail","6":"product_cat-nigelle","7":"product_cat-bien-etre","9":"first","10":"instock","11":"featured","12":"shipping-taxable","13":"purchasable","14":"product-type-simple"},"_links":{"self":[{"href":"https:\/\/www.miel-store.com\/it\/wp-json\/wp\/v2\/product\/521","targetHints":{"allow":["GET"]}}],"collection":[{"href":"https:\/\/www.miel-store.com\/it\/wp-json\/wp\/v2\/product"}],"about":[{"href":"https:\/\/www.miel-store.com\/it\/wp-json\/wp\/v2\/types\/product"}],"wp:featuredmedia":[{"embeddable":true,"href":"https:\/\/www.miel-store.com\/it\/wp-json\/wp\/v2\/media\/579"}],"wp:attachment":[{"href":"https:\/\/www.miel-store.com\/it\/wp-json\/wp\/v2\/media?parent=521"}],"wp:term":[{"taxonomy":"product_brand","embeddable":true,"href":"https:\/\/www.miel-store.com\/it\/wp-json\/wp\/v2\/product_brand?post=521"},{"taxonomy":"product_cat","embeddable":true,"href":"https:\/\/www.miel-store.com\/it\/wp-json\/wp\/v2\/product_cat?post=521"},{"taxonomy":"product_tag","embeddable":true,"href":"https:\/\/www.miel-store.com\/it\/wp-json\/wp\/v2\/product_tag?post=521"}],"curies":[{"name":"wp","href":"https:\/\/api.w.org\/{rel}","templated":true}]}}