{"id":519,"date":"2022-02-27T22:14:36","date_gmt":"2022-02-27T21:14:36","guid":{"rendered":"https:\/\/www.miel-store.com\/?post_type=product&#038;p=519"},"modified":"2026-04-13T01:32:54","modified_gmt":"2026-04-12T23:32:54","slug":"vaso-di-7-guerre-darabia-saudita","status":"publish","type":"product","link":"https:\/\/www.miel-store.com\/it\/p\/pot-de-7-guerisons-darabie-saoudite","title":{"rendered":"Pentola di 7 cure dall'Arabia Saudita"},"content":{"rendered":"<p><strong>Un puro concentrato di rimedi profetici in questo barattolo di 7 cure<\/strong>. Infatti, l'istituto di ricerca di Medina, in Arabia, ha messo a punto questa miscela che riunisce le migliori raccomandazioni del messaggero di <a href=\"https:\/\/www.islam-oumma.fr\" target=\"_blank\" rel=\"noopener\"><strong>L'Islam<\/strong><\/a> (pace e benedizioni su di lui). Inoltre, egli \u00e8 <strong>certificato da un istituto di ricerca americano<\/strong>.<\/p>\n<p>Sono state condotte ricerche e prove approfondite per dosare accuratamente ogni componente. Di conseguenza, ogni ingrediente possiede innegabili virt\u00f9. Ecco perch\u00e9 lo offriamo nel nostro Miel Store.<\/p>\n<p>Se desiderate saperne di pi\u00f9 su questo<strong> prodotto unico<\/strong>, raggruppamento <strong>Le 7 meraviglie della medicina profetica<\/strong>, Quindi seguiteci...<\/p>\n<h2><strong>Concentrarsi sulla composizione del barattolo delle 7 cure<\/strong><\/h2>\n<p>Le <strong>pentola delle 7 cure<\/strong> \u00e8 composto come segue<\/p>\n<ul>\n<li><strong>Semi di nigella<\/strong><\/li>\n<li><strong>Il miele<\/strong><\/li>\n<li><strong>Date al \u2018ajwa<\/strong><\/li>\n<li><strong>Foglie di senna\u00a0<\/strong><\/li>\n<li><strong>Costo indiano<\/strong><\/li>\n<li><strong>Semi di finocchio\u00a0<\/strong><\/li>\n<li><strong>Acqua Zamzam<\/strong><\/li>\n<\/ul>\n<p>Ognuno di questi ingredienti contiene benefici riconosciuti per la salute. Lo sviluppo di questa quintessenza \u00e8 il frutto di un'accurata ricerca. Il risultato finale \u00e8 questo <strong>superalimenti condensati<\/strong> raccomandato dal migliore degli uomini (pace e benedizioni su di lui).<\/p>\n<p>Inoltre, \u00e8 un aiuto prezioso per alleviare molte malattie che la medicina allopatica non \u00e8 riuscita a risolvere. Ma \u00e8 anche un <strong>superalimenti<\/strong> per i pro-naturalisti, che vengono trattati principalmente con <strong>medicina naturale<\/strong>.<\/p>\n<p>In breve, questo gioiello viene utilizzato per la prevenzione o come trattamento d'attacco per aiutare ad alleviare alcune patologie.<\/p>\n<h2><strong>I benefici del vaso delle 7 cure<\/strong><\/h2>\n<p>Ora elencheremo gli effetti positivi sull'organismo di ciascuno dei suoi ingredienti:<\/p>\n<p>Semi di cumino nero :<\/p>\n<ul>\n<li>Antibatterico<\/li>\n<li>Antivirale<\/li>\n<li>Antimicotico: uccide i funghi<\/li>\n<li>Antinfiammatorio<\/li>\n<li>Antistaminico: calma le allergie<\/li>\n<li>Antitumorale<\/li>\n<\/ul>\n<p>Miele :<\/p>\n<ul>\n<li>Antistaminico: calma le allergie<\/li>\n<li>Antidiabetico: abbassa gli zuccheri nel sangue<\/li>\n<li>Emolliente: lenisce le irritazioni e le infiammazioni<\/li>\n<li>Antiossidante: combatte i radicali liberi responsabili dell'invecchiamento cellulare<\/li>\n<li>Espettorante: fluidificante bronchiale<\/li>\n<li>Antinfiammatorio: calma le infiammazioni dell'organismo.<\/li>\n<li>Tonico: rafforza e stimola il sistema immunitario<\/li>\n<li>Lassativo: agisce contro la stitichezza<\/li>\n<li>Astringente: facilita la guarigione stringendo i tessuti.<\/li>\n<\/ul>\n<p>Datte al \u2018ajwa:<\/p>\n<ul>\n<li>antiossidante<\/li>\n<li>lassativo<\/li>\n<li>disintossicante<\/li>\n<li>tonificazione muscolare<\/li>\n<li>stimolante<\/li>\n<\/ul>\n<p>Foglia di senna :<\/p>\n<ul>\n<li>lassativo<\/li>\n<li>purgante<\/li>\n<li>disintossicante<\/li>\n<\/ul>\n<p>Costo indiano :<\/p>\n<ul>\n<li>stomachico: aiuta a trattare le infezioni della bocca<\/li>\n<li>emmenagogo: induce e regola le mestruazioni<\/li>\n<li>antispasmodico: calma le contrazioni muscolari<\/li>\n<li>antisettico, battericida e antivirale<\/li>\n<li>Espettorante: aiuta a espellere il catarro con la tosse.<\/li>\n<li>ipotensivo: abbassa la pressione sanguigna<\/li>\n<li>febbrifugo: abbassa la febbre<\/li>\n<\/ul>\n<p>Semi di finocchio :<\/p>\n<ul>\n<li>antispastico neuromuscolare<\/li>\n<li>digestivo e lassativo<\/li>\n<li>diuretico: aumenta la produzione e l'eliminazione dell'urina<\/li>\n<li>carminativo: aiuta ad espellere i gas intestinali<\/li>\n<li>depurativo: elimina le tossine<\/li>\n<li>emmenagogo: facilita o provoca il flusso mestruale<\/li>\n<li>ricco di fitoestrogeni: sostituiscono gli estrogeni<\/li>\n<li>galattogeno: favorisce la lattazione<\/li>\n<li>vermifugo: purifica l'organismo da parassiti e vermi intestinali<\/li>\n<\/ul>\n<p>Eau de Zamzam :<\/p>\n<ul>\n<li>Secondo la Sunnah, \u00e8 adatta a tutto. Infatti, l'acqua Zamzam pu\u00f2 essere usata per alleviare tutti i tipi di disturbi.<\/li>\n<li>Inoltre, quest'acqua santa \u00e8 dissetante e nutriente. \u00c8 anche una delle <strong>Rimedi di medicina profetica<\/strong>.<\/li>\n<\/ul>\n<h2><strong>Il barattolo delle 7 cure \u00e8 una panacea!<\/strong><\/h2>\n<p>Raggrupperemo un certo numero di malattie che <strong>7 vaso ashfiyah<\/strong> pu\u00f2 aiutare a prevenire o a combattere. L'elenco non \u00e8 esaustivo, l'obiettivo \u00e8 quello di dare un'idea della portata del suo potenziale.<\/p>\n<p>Le <strong>pentola delle 7 cure<\/strong> pu\u00f2 infatti aiutare ad alleviare una serie di disturbi:<\/p>\n<ul>\n<li>Aiuta a combattere le malattie del fegato e a rigenerare il fegato.<\/li>\n<li>Combatte l'influenza gastrica e le infiammazioni del tratto digestivo<\/li>\n<li>Lenisce il dolore infiammatorio in generale<\/li>\n<li>Efficace contro diarrea, stitichezza e malattie addominali croniche<\/li>\n<li>Aiuta a prevenire e combattere il cancro<\/li>\n<li>Consigliato per alleviare carenze come l'anemia<\/li>\n<li>Potente contro i malanni di stagione come raffreddore e tosse<\/li>\n<li>Lenisce i dolori articolari<\/li>\n<li>Aiuta ad alleviare l'ernia del disco<\/li>\n<li>Efficace nel trattamento di alcune malattie della pelle, come la vitiligine.<\/li>\n<\/ul>\n<h2><strong>Pentola delle 7 cure: opinioni sul web<\/strong><\/h2>\n<p>Basta digitare \u201c<strong>Avviso di cura per l'erba 7<\/strong>\u201dSul web troverete una serie di testimonianze \u201cverificate\u201d di questo prodotto. La sua reputazione testimonia la sua innegabile efficacia! In effetti, il feedback su questo prodotto \u00e8 estremamente positivo.<\/p>\n<p>Inoltre, la gamma di problemi per i quali viene utilizzato \u00e8 impressionante.<\/p>\n<p>Ciascuna delle <strong>7 meraviglie<\/strong> \u00e8 utilizzato per aiutare ad alleviare una serie di problemi di salute. Di conseguenza, la combinazione di tutti questi <strong>cibo<\/strong> non pu\u00f2 che essere una panacea!<\/p>\n<h2><strong>Consigli per l'utilizzo del miele delle 7 cure<\/strong><\/h2>\n<p>Per iniziare, si consiglia di mescolare bene il barattolo (con un <a href=\"https:\/\/www.miel-store.com\/it\/p\/cucchiaio-da-miele-in-legno\/\"><strong>cucchiaio di legno<\/strong><\/a> preferibilmente).<\/p>\n<p>Preso internamente :<\/p>\n<ul>\n<li>un cucchiaio al mattino a stomaco vuoto, mezz'ora prima della colazione<\/li>\n<li>un altro alla sera, 30 minuti prima del pasto, come pure<\/li>\n<\/ul>\n<p>Applicato per via topica (dolori articolari, problemi cutanei, ecc.):<\/p>\n<ul>\n<li>Applicare una piccola quantit\u00e0 sulla zona interessata e, se necessario, massaggiare.<\/li>\n<\/ul>\n<p>Dosaggio per bambini da 3 a 12 anni:<\/p>\n<ul>\n<li>mezzo cucchiaino al mattino prima di colazione e lo stesso alla sera prima dei pasti<\/li>\n<\/ul>\n<p>Controindicazioni:<\/p>\n<ul>\n<li>Non \u00e8 raccomandato per le donne in gravidanza o in allattamento e per i bambini di et\u00e0 inferiore ai 3 anni.<\/li>\n<\/ul>\n<h2><strong>Conservazione e informazioni utili<\/strong><\/h2>\n<p>\u00c8 essenziale conservare il miele 7 Cures a temperatura ambiente, in un luogo asciutto e al riparo dalla luce. Gli ingredienti contenuti potrebbero perdere i loro benefici.<\/p>\n<p>\u00c8 quindi meglio usare un utensile di legno e assicurarsi che sia pulito. C'\u00e8 il rischio di contaminazione.<\/p>\n<p>Le informazioni fornite non sostituiscono il parere del medico. Si consiglia pertanto di consultare un professionista della salute.<\/p>\n<h3><strong>Prevenire \u00e8 meglio che curare!<\/strong><\/h3>\n<p>Nessuno dovrebbe ignorare questo famoso adagio! Ecco perch\u00e9 nel nostro negozio troverete anche altri rimedi naturali oltre al miele 7 cure per prendervi cura della vostra salute ogni giorno.<\/p>\n<p>Tra gli altri, il nostro <a href=\"https:\/\/www.miel-store.com\/it\/p\/miele-di-giuggiolo-sidr-dalgerie\/\"><strong>miele di giuggiolo Algeria<\/strong><\/a> per combattere le infezioni respiratorie. Lasciatevi tentare dal suo gusto unico e dalla sua consistenza cremosa!<\/p>\n<p>O il nostro <a href=\"https:\/\/www.miel-store.com\/it\/p\/olio-di-cumino-nero-delletiopia-habachia\/\"><strong>Olio di cumino nero etiope<\/strong><\/a>, spremuto a freddo e puro 100%. Da un lato, vi aiuter\u00e0 a rafforzare il vostro sistema immunitario. E dall'altro, a prendersi cura dei capelli e del corpo, dentro e fuori.<\/p>","protected":false},"excerpt":{"rendered":"<p>Pentola delle 7 cure dall'Arabia Saudita.<\/p>\n<p>Barattolo da 300 g.<\/p>","protected":false},"featured_media":600,"template":"","meta":[],"product_brand":[],"product_cat":[88],"product_tag":[],"class_list":{"0":"post-519","1":"product","2":"type-product","3":"status-publish","4":"has-post-thumbnail","6":"product_cat-bien-etre","8":"first","9":"outofstock","10":"featured","11":"shipping-taxable","12":"purchasable","13":"product-type-simple"},"_links":{"self":[{"href":"https:\/\/www.miel-store.com\/it\/wp-json\/wp\/v2\/product\/519","targetHints":{"allow":["GET"]}}],"collection":[{"href":"https:\/\/www.miel-store.com\/it\/wp-json\/wp\/v2\/product"}],"about":[{"href":"https:\/\/www.miel-store.com\/it\/wp-json\/wp\/v2\/types\/product"}],"wp:featuredmedia":[{"embeddable":true,"href":"https:\/\/www.miel-store.com\/it\/wp-json\/wp\/v2\/media\/600"}],"wp:attachment":[{"href":"https:\/\/www.miel-store.com\/it\/wp-json\/wp\/v2\/media?parent=519"}],"wp:term":[{"taxonomy":"product_brand","embeddable":true,"href":"https:\/\/www.miel-store.com\/it\/wp-json\/wp\/v2\/product_brand?post=519"},{"taxonomy":"product_cat","embeddable":true,"href":"https:\/\/www.miel-store.com\/it\/wp-json\/wp\/v2\/product_cat?post=519"},{"taxonomy":"product_tag","embeddable":true,"href":"https:\/\/www.miel-store.com\/it\/wp-json\/wp\/v2\/product_tag?post=519"}],"curies":[{"name":"wp","href":"https:\/\/api.w.org\/{rel}","templated":true}]}}