{"id":518,"date":"2022-02-27T22:12:25","date_gmt":"2022-02-27T21:12:25","guid":{"rendered":"https:\/\/www.miel-store.com\/?post_type=product&#038;p=518"},"modified":"2026-04-02T06:26:21","modified_gmt":"2026-04-02T04:26:21","slug":"olio-degypt-di-costus-indiana","status":"publish","type":"product","link":"https:\/\/www.miel-store.com\/it\/p\/huile-de-costus-indien-degypte","title":{"rendered":"Olio di Costus indiano egiziano"},"content":{"rendered":"<p>Facciamo un giro nel continente asiatico! Siete pronti per andare a conoscere i famosi<strong>\u00a0Olio di carota indiana Egitto\u00a0<\/strong>? Per coloro che non conoscono ancora questo tesoro naturale, non preoccupatevi, Miel Store vuole raccontarvi di pi\u00f9!<\/p>\n<h2><strong>Focus sull'olio di coto indiano Egitto<\/strong><\/h2>\n<p>Il costus indiano \u00e8 una pianta erbacea della famosa famiglia delle Asteraceae. Conosciuta anche come saussurea costus, \u00e8 originaria del continente asiatico.<\/p>\n<p>Di solito viene utilizzato nel<strong>\u00a0medicina ayurvedica<\/strong>\u00a0con le comunit\u00e0 asiatiche, viene acclamato anche all'interno della religione musulmana nel\u00a0<strong>medicina profetica<\/strong>\u00a0!<\/p>\n<p>Lentamente ma inesorabilmente, questo\u00a0<strong>una pianta dai numerosi benefici<\/strong>\u00a0\u00e8 ora richiesto in Occidente! Va detto che le sue numerose qualit\u00e0 sono seducenti...<\/p>\n<p>Se siete curiosi e volete saperne di pi\u00f9 sulla\u00a0<strong>Il tesoro della natura<\/strong>\u00a0? Non c'\u00e8 bisogno di andare oltre: ve lo raccontiamo noi!<\/p>\n<h2><strong>Sotto i riflettori: l'olio di coto indiano Egitto\u00a0<\/strong><\/h2>\n<p>Il vostro specialista\u00a0<strong>benessere\u00a0<\/strong>\u00e8 sempre alla ricerca di nuovi\u00a0<strong>prodotti naturali<\/strong>\u00a0che potrebbe fare al caso vostro. Nel menu\u2019<strong>Olio di carota indiana Egitto<\/strong>\u00a0!<\/p>\n<p>\u00c8 il momento di andare al cuore della questione! Ecco questa bottiglia trasparente che lascia intravedere un elisir.<strong>\u00a0100% puro e naturale\u00a0<\/strong>! La sua capacit\u00e0 di 60 ml \u00e8 un vero vantaggio per chi vuole utilizzarlo regolarmente.<\/p>\n<p>Questo nettare \u00e8 alla ribalta per le sue qualit\u00e0 e i suoi benefici! Altamente benefico per la salute, potrebbe rapidamente diventare un must della vostra dieta.\u00a0<strong>farmacia personale<\/strong>. A volte il piacere viene dalle cose semplici... Non esitate ancora e fate parte di coloro che beneficiano di questo tesoro.<\/p>\n<h2><strong>Parliamo di benefici, parliamo dell'olio di Costus indiano Egitto!<\/strong><\/h2>\n<p>Sappiamo quanto sia importante avere\u00a0<strong>prodotti naturali utili<\/strong>\u00a0! Ecco perch\u00e9 vogliamo farvi scoprire le virt\u00f9 di quest'olio di carota.<\/p>\n<p>Questo\u00a0<strong>olio vegetale<\/strong>\u00a0\u00e8 noto per la sua utilit\u00e0 in alcuni problemi della pelle, come funghi, micosi e alcune macchie sul viso.<\/p>\n<p>A volte viene utilizzato anche in\u00a0<a href=\"https:\/\/www.mon-huile-de-massage.com\/\" target=\"_blank\" rel=\"noopener\"><strong>olio da massaggio<\/strong><\/a>, Pu\u00f2 anche aiutare ad alleviare i dolori muscolari e a prevenire i crampi!<\/p>\n<p>Per l'addome, l'emicrania cronica, ma anche per\u00a0<strong>rafforzare il sistema immunitario<\/strong>, L'olio di costus sembra essere un vantaggio considerevole!<\/p>\n<p>Quindi, se anche voi amate i prodotti naturali con i loro numerosi benefici, questo<strong>\u00a0olio qist al hindi\u00a0<\/strong>\u00e8 probabilmente proprio quello che state cercando. Lasciatevi sedurre dalle sue virt\u00f9 e dalle sue qualit\u00e0 benefiche!<\/p>\n<h3><strong>Prodotti naturali per il piacere di tutti...<\/strong><\/h3>\n<p>Il tuo<strong>\u00a0boutique del benessere\u00a0<\/strong>vuole il meglio per i suoi clienti! Ecco perch\u00e9 ci impegniamo a selezionare con cura gli articoli che potrebbero fare al caso vostro. Sappiamo quanto sia importante per voi\u00a0<strong>prodotti naturali<\/strong>\u2026<\/p>\n<p>Per saperne di pi\u00f9,<strong>\u00a0<a href=\"https:\/\/www.miel-store.com\/it\/p\/olio-di-formica\/\">olio di formica<\/a><\/strong>\u00a0o anche\u00a0<strong><a href=\"https:\/\/www.miel-store.com\/it\/p\/siero-di-ricrescita-lincrociabile\/\">L'incredibile siero per la ricrescita<\/a>\u00a0<\/strong>! Prodotti naturali che vi sedurranno ogni giorno.<\/p>\n<p>Non esitate, affidatevi al vostro negozio specializzato!<\/p>","protected":false},"excerpt":{"rendered":"<p>Olio di Costus indiano egiziano.<\/p>\n<p>100% Puro e naturale.<\/p>\n<p>Flacone da 100 ml.<\/p>","protected":false},"featured_media":597,"template":"","meta":[],"product_brand":[],"product_cat":[88,106,130],"product_tag":[],"class_list":{"0":"post-518","1":"product","2":"type-product","3":"status-publish","4":"has-post-thumbnail","6":"product_cat-bien-etre","7":"product_cat-huiles-vegetales","8":"product_cat-produits-medecine-ayurvedique","10":"first","11":"instock","12":"shipping-taxable","13":"purchasable","14":"product-type-simple"},"_links":{"self":[{"href":"https:\/\/www.miel-store.com\/it\/wp-json\/wp\/v2\/product\/518","targetHints":{"allow":["GET"]}}],"collection":[{"href":"https:\/\/www.miel-store.com\/it\/wp-json\/wp\/v2\/product"}],"about":[{"href":"https:\/\/www.miel-store.com\/it\/wp-json\/wp\/v2\/types\/product"}],"wp:featuredmedia":[{"embeddable":true,"href":"https:\/\/www.miel-store.com\/it\/wp-json\/wp\/v2\/media\/597"}],"wp:attachment":[{"href":"https:\/\/www.miel-store.com\/it\/wp-json\/wp\/v2\/media?parent=518"}],"wp:term":[{"taxonomy":"product_brand","embeddable":true,"href":"https:\/\/www.miel-store.com\/it\/wp-json\/wp\/v2\/product_brand?post=518"},{"taxonomy":"product_cat","embeddable":true,"href":"https:\/\/www.miel-store.com\/it\/wp-json\/wp\/v2\/product_cat?post=518"},{"taxonomy":"product_tag","embeddable":true,"href":"https:\/\/www.miel-store.com\/it\/wp-json\/wp\/v2\/product_tag?post=518"}],"curies":[{"name":"wp","href":"https:\/\/api.w.org\/{rel}","templated":true}]}}