{"id":515,"date":"2022-02-27T22:04:45","date_gmt":"2022-02-27T21:04:45","guid":{"rendered":"https:\/\/www.miel-store.com\/?post_type=product&#038;p=515"},"modified":"2026-04-17T18:18:54","modified_gmt":"2026-04-17T16:18:54","slug":"siero-di-ricrescita-lincrociabile","status":"publish","type":"product","link":"https:\/\/www.miel-store.com\/it\/p\/lincroyable-serum-repousse","title":{"rendered":"L'incredibile siero per la ricrescita"},"content":{"rendered":"<p>L'incredibile\u00a0<strong>siero per la ricrescita<\/strong>, \u00e8 un\u00a0<strong>sinergia di diversi oli naturali<\/strong>\u00a0che contribuiscono ad accelerare la crescita dei capelli. Non solo\u00a0<strong>stimola la loro crescita<\/strong>, ma\u00a0<strong>riparazioni e impedisce che cadano<\/strong>. Infatti, ogni olio \u00e8 perfettamente bilanciato per fornire effetti impressionanti!<\/p>\n<h2><strong>Gli incredibili benefici del siero per la ricrescita\u00a0<\/strong><\/h2>\n<p>Miel Store presenta alcuni dei suoi vantaggi\u00a0<strong>un trattamento meraviglioso<\/strong>\u00a0che ha dimostrato il suo valore:<\/p>\n<ul>\n<li>Aiuta a rigenerare il bulbo<\/li>\n<li>Favorisce la ricrescita<\/li>\n<li>Promuove e stimola la crescita<\/li>\n<li>Rafforza e ripara<\/li>\n<li>Idrata e nutre<\/li>\n<li>Densifica, ripristina forza e lucentezza<\/li>\n<li>Arresta la caduta dei capelli<\/li>\n<\/ul>\n<h2><strong>Opinioni sull'incredibile siero per la ricrescita<\/strong><\/h2>\n<p><strong>Il feedback su questo elisir \u00e8 stato estremamente positivo.<\/strong>. Anzi, sono semplicemente incredibili! Sul web si possono leggere i risultati sorprendenti dell'effetto che questa sinergia di oli ha avuto sui suoi utilizzatori:<\/p>\n<ul>\n<li>Capelli che ricrescono dopo la calvizie o l'alopecia<\/li>\n<li>Oppure una riduzione o un arresto significativo della perdita di capelli<\/li>\n<li>Un'accelerazione di diversi centimetri dopo appena un mese<\/li>\n<li>Oltre a capelli pi\u00f9 densi, pi\u00f9 resistenti e pi\u00f9 inguainati<\/li>\n<li>Ma anche capelli pi\u00f9 idratati, setosi e lucenti.<\/li>\n<\/ul>\n<h2><strong>Composizione dell'incredibile siero per la ricrescita<\/strong><\/h2>\n<p>Ecco un elenco di oli vegetali e macerati oleosi e dei loro numerosi benefici:<\/p>\n<p><strong>Argan:<\/strong>\u00a0\u00c8 rigenerante e intensamente nutriente. \u00c8 infatti ideale per proteggere la fibra capillare dagli aggressori esterni come l'inquinamento, i raggi solari e il vento. Ridona forza e lucentezza idratando, dal cuoio capelluto alle punte. Favorisce inoltre la crescita dei capelli.<\/p>\n<p><strong>Olio di aglio :<\/strong>\u00a0Questo macerato migliora la circolazione sanguigna, stimolando la crescita dei capelli e rafforzando i bulbi piliferi. Riduce inoltre la caduta dei capelli e le sue propriet\u00e0 detergenti aiutano a mantenere il cuoio capelluto sano e privo di forfora.<\/p>\n<p><strong><a href=\"https:\/\/www.miel-store.com\/it\/p\/olio-di-cumino-nero-delletiopia-habachia\/\">Olio di cumino nero<\/a> :<\/strong>\u00a0Questa panacea \u00e8 un vero e proprio tonico per capelli! Ha incredibili propriet\u00e0 stimolanti per il cuoio capelluto. Usato regolarmente, non solo arresta la caduta dei capelli, ma ne stimola anche la ricrescita.<\/p>\n<p><strong>Mandorla dolce :<\/strong>\u00a0Molto ricco di acidi grassi essenziali, nutre e aiuta a riparare le punte secche, danneggiate e fragili. Usato frequentemente, rafforza i capelli, lasciandoli lucidi ed elastici.<\/p>\n<p><strong>Razzo :<\/strong>\u00a0Noto per combattere la caduta dei capelli e stimolarne la ricrescita, questo olio \u00e8 ideale per rinforzare i capelli. Ricco di acido erucico, aiuta a mantenere l'idratazione della fibra capillare. Inoltre, restituisce forza ed elasticit\u00e0 e ripara i capelli fragili e secchi.<\/p>\n<h3><strong>Ma comunque...<\/strong><\/h3>\n<p><strong>Olio di semi di fico d'India :<\/strong>\u00a0Stimolante, migliora la circolazione sanguigna del cuoio capelluto. Previene la caduta dei capelli e ne stimola la crescita. Aggiunge inoltre volume ai capelli fini. Grazie alle sue propriet\u00e0 rigeneranti, restituisce lucentezza e brillantezza ai capelli spenti e danneggiati. Inoltre, le sue propriet\u00e0 seboregolatrici lo rendono un alleato ideale per il cuoio capelluto grasso.<\/p>\n<p><strong>Sesamo :<\/strong> Idrata, ripara, rafforza e nutre i capelli. Inoltre, attiva la microcircolazione sanguigna e combatte la caduta dei capelli.<\/p>\n<p><strong>Olio di cipolla :<\/strong>\u00a0Aiuta a combattere la rottura e la caduta dei capelli. Infatti, rende i capelli pi\u00f9 lucidi e pi\u00f9 forti, accelerandone la crescita.<\/p>\n<p><strong>Senape :<\/strong>\u00a0Stimolante e rinforzante, \u00e8 ampiamente conosciuto per i suoi benefici sul cuoio capelluto. Stimola la crescita dei follicoli piliferi favorendo la circolazione sanguigna.<\/p>\n<p><strong>Fieno greco :<\/strong>\u00a0Riveste e nutre la fibra capillare, rafforzando i capelli dalle radici alle punte e aggiungendo volume.<\/p>\n<p><strong>Camomilla :<\/strong>\u00a0La camomilla \u00e8 molto efficace per prevenire ed eliminare la forfora. Inoltre, lenisce il cuoio capelluto irritato e rafforza e abbellisce i capelli fini.<\/p>\n<p><strong>Olio di giuggiole :<\/strong>\u00a0Eccellente prodotto per la cura dei capelli, rallenta la caduta, ripara i capelli danneggiati e ridona volume. \u00c8 adatto a tutti i tipi di capelli, anche a quelli pi\u00f9 fragili. Inoltre, abbellisce e riveste i capelli e ne stimola la crescita. Ricco di mucillagini e astringente, viene utilizzato anche nella cura del cuoio capelluto per combattere desquamazione, forfora, infezioni fungine e dermatiti.<\/p>\n<p><strong><a href=\"https:\/\/www.by-nature.ma\/produit\/safran-de-taliouine-100-pur\/\" rel=\"noopener\">Zafferano puro<\/a> :<\/strong>\u00a0Idratante e antiossidante, questo olio rafforza la fibra capillare dalla radice alle punte. Il risultato sono capelli pi\u00f9 setosi e lucenti.<\/p>\n<h2><strong>Su che tipo di capelli devo usare il siero per la ricrescita?<\/strong><\/h2>\n<p>Si pu\u00f2 usare qualunque sia il tipo di capelli. Infatti, abbiamo ricevuto molti feedback da persone con capelli afro, fini o fragili.\u00a0<strong>L'incredibile siero per la ricrescita agisce su tutti i tipi di capelli rigenerando e rafforzando il bulbo pilifero.<\/strong>. Inoltre, rafforza la fibra capillare nutrendola in profondit\u00e0 e mantenendola idratata.<\/p>\n<p>Per esempio, i capelli afro crescono pi\u00f9 lentamente e sono difficili da idratare a fondo. Ma con questo<strong>\u00a0olio prodigioso<\/strong>, guadagneranno rapidamente qualche centimetro e saranno\u00a0<strong>nutrita, pi\u00f9 idratata e pi\u00f9 elastica<\/strong>.<\/p>\n<p>Tuttavia, anche i capelli lisci, mossi o ricci hanno le loro piccole preoccupazioni... Spesso sono fini, secchi o fragili, mancano di vigore e si spezzano facilmente. Il nostro\u00a0<strong>siero di crescita\u00a0\u00a0<\/strong>Natural 100% sar\u00e0 un grande alleato perch\u00e9\u00a0<strong>rafforza e densifica la fibra capillare<\/strong>. I vostri capelli saranno inguainati, morbidi e lucenti.<\/p>\n<p>Infine, l'azione di questo<strong>\u00a0cura naturale<\/strong>\u00a0pu\u00f2 rivelarsi estremamente efficace come\u00a0<strong>medicina naturale<\/strong>. E questo nel\u00a0<strong>trattamento dell'alopecia<\/strong>, o alcune malattie del cuoio capelluto come\u00a0<strong>psoriasi ed eczema<\/strong>. Ma anche, come gi\u00e0 detto, per\u00a0<strong>calvizie, alopecia e perdita di capelli<\/strong>.<\/p>\n<h3><strong>Istruzioni per l'uso\u00a0<\/strong><\/h3>\n<ul>\n<li>Applicare il siero sul cuoio capelluto e massaggiare con movimenti circolari per qualche minuto per garantire una penetrazione profonda. Infine, applicare sulle lunghezze.<\/li>\n<li>Lasciare agire per almeno 1 o 2 ore, quindi lavare. Per un'efficacia ottimale, lasciare in posa tutta la notte.<\/li>\n<li>Tuttavia, non deve essere applicato pi\u00f9 di 2 o 3 volte alla settimana per evitare di soffocare il cuoio capelluto. Potrebbe avere l'effetto contrario!<\/li>\n<\/ul>","protected":false},"excerpt":{"rendered":"<p>L'incredibile siero per la ricrescita.<\/p>\n<p>Stimola la crescita. Attiva la ricrescita. Arresta la caduta dei capelli. Nutre e rafforza. Ripara e ispessisce. Rende i capelli lucidi e setosi.<\/p>\n<p>Flacone da 50 ml.<\/p>","protected":false},"featured_media":10373,"template":"","meta":[],"product_brand":[],"product_cat":[89,106],"product_tag":[],"class_list":{"0":"post-515","1":"product","2":"type-product","3":"status-publish","4":"has-post-thumbnail","6":"product_cat-cosmetiques","7":"product_cat-huiles-vegetales","9":"first","10":"instock","11":"shipping-taxable","12":"purchasable","13":"product-type-simple"},"_links":{"self":[{"href":"https:\/\/www.miel-store.com\/it\/wp-json\/wp\/v2\/product\/515","targetHints":{"allow":["GET"]}}],"collection":[{"href":"https:\/\/www.miel-store.com\/it\/wp-json\/wp\/v2\/product"}],"about":[{"href":"https:\/\/www.miel-store.com\/it\/wp-json\/wp\/v2\/types\/product"}],"wp:featuredmedia":[{"embeddable":true,"href":"https:\/\/www.miel-store.com\/it\/wp-json\/wp\/v2\/media\/10373"}],"wp:attachment":[{"href":"https:\/\/www.miel-store.com\/it\/wp-json\/wp\/v2\/media?parent=515"}],"wp:term":[{"taxonomy":"product_brand","embeddable":true,"href":"https:\/\/www.miel-store.com\/it\/wp-json\/wp\/v2\/product_brand?post=515"},{"taxonomy":"product_cat","embeddable":true,"href":"https:\/\/www.miel-store.com\/it\/wp-json\/wp\/v2\/product_cat?post=515"},{"taxonomy":"product_tag","embeddable":true,"href":"https:\/\/www.miel-store.com\/it\/wp-json\/wp\/v2\/product_tag?post=515"}],"curies":[{"name":"wp","href":"https:\/\/api.w.org\/{rel}","templated":true}]}}