{"id":513,"date":"2022-02-27T22:00:58","date_gmt":"2022-02-27T21:00:58","guid":{"rendered":"https:\/\/www.miel-store.com\/?post_type=product&#038;p=513"},"modified":"2026-02-06T10:03:05","modified_gmt":"2026-02-06T09:03:05","slug":"olio-di-fico-dindia-biologico-dalla-tunisia","status":"publish","type":"product","link":"https:\/\/www.miel-store.com\/it\/p\/huile-de-pepin-de-figue-de-barbarie-bio-de-tunisie","title":{"rendered":"Olio di semi di fico d'India biologico dalla Tunisia"},"content":{"rendered":"<p>Con il passare del tempo, \u00e8 quasi inevitabile che si manifesti sul viso. L'inizio delle rughe,\u00a0<strong>indebolimento della pelle<\/strong>, Ecco alcuni<strong>\u00a0segni dell'et\u00e0<\/strong>\u00a0che non ingannano. Speriamo che la saggezza ci conquisti! Ma nel frattempo, non \u00e8 detto che le cose vadano cos\u00ec. Il vostro Miel Store vi offre<strong> olio di semi di fico d'India biologico <\/strong>!<\/p>\n<p>Non lo conoscete ancora? Allora ve lo raccontiamo subito.<\/p>\n<h2><strong>Presentazione dell'olio di semi di fico d'India biologico<\/strong><\/h2>\n<p>Prima di tutto, dovete sapere che quest'olio proviene da un cactus! Proprio come il\u00a0<a href=\"https:\/\/www.miel-store.com\/it\/p\/miele-dagmico-del-marocco\/\"><strong>Miele dagmico<\/strong><\/a>, Si tratta di due prodotti diversi.<\/p>\n<p>Questo cactus si trova in diversi paesi del mondo e si ottiene per spremitura a freddo.<strong>\u00a0olio biologico!<\/strong><\/p>\n<p>Il nostro prezioso\u00a0<strong>elisir<\/strong>\u00a0viene direttamente da\u00a0<a href=\"https:\/\/www.diplomatie.gouv.fr\/fr\/conseils-aux-voyageurs\/conseils-par-pays-destination\/tunisie\/\" target=\"_blank\" rel=\"noopener\"><strong>Tunisia<\/strong><\/a>. Disponibile in flacone da 100 ml,\u00a0<strong>olio di semi di fico d'India<\/strong>\u00a0si differenzia dal semplice<strong>\u00a0olio di fico d'India<\/strong>. Quest'ultimo \u00e8 semplicemente un macerato oleoso. Di conseguenza, il nostro\u00a0<strong>cosmetici rari\u00a0<\/strong>ha un numero di propriet\u00e0 di gran lunga superiore!<\/p>\n<p>Ma c'\u00e8 anche qualcosa che dovete sapere al riguardo:<strong>\u00a0\u00e8 l'olio vegetale pi\u00f9 costoso al mondo!\u00a0<\/strong>Ci\u00f2 \u00e8 dovuto alla sua rarit\u00e0, alla difficolt\u00e0 di estrarre il suo olio e alle sue incredibili propriet\u00e0.<\/p>\n<h2><strong>I benefici dell'olio di semi di fico d'India\u00a0<\/strong><\/h2>\n<p>Questo elisir naturale ha una moltitudine di benefici per la pelle e l'epidermide! Se volete prendervi cura di voi stessi e del vostro aspetto, lasciatevi sedurre da questo oro verde!<\/p>\n<ul>\n<li>Per il\u00a0<strong>pelle secca<\/strong>, Il suo ricco contenuto di omega 6 \u00e8 un vero vantaggio per la cosiddetta pelle sensibile!<\/li>\n<\/ul>\n<ul>\n<li>Pu\u00f2 aiutare a combattere<strong>\u00a0contro le cicatrici<\/strong>\u00a0e smagliature; ;<\/li>\n<\/ul>\n<ul>\n<li>Ricco di steroli e di vitamina E, \u00e8 considerato benefico per la<strong>\u00a0combattere i segni dell'invecchiamento,<\/strong>\u00a0in particolare le rughe e le imperfezioni; ;<\/li>\n<\/ul>\n<ul>\n<li>Aiuta a rassodare la pelle e a ottenere un colorito migliore!<\/li>\n<\/ul>\n<h2><strong>Consigli per l'uso dell'olio di semi di fico d'India biologico<\/strong><\/h2>\n<p>Per sfruttare appieno i benefici di questo elisir, \u00e8 necessario prima di tutto individuare la zona che si desidera trattare. Quindi applicare alcune gocce. Per la zona del contorno della bocca e per il famoso<strong>\u00a0zampe di gallina<\/strong>\u00a0all'altezza degli occhi, si sta dimostrando molto efficace.<\/p>\n<p>Si pu\u00f2 utilizzare anche come\u00a0<strong>cura delle mani.<\/strong>\u00a0Soprattutto per chi ha le mani fragili durante i mesi invernali.<\/p>\n<p>Questo tesoro della natura \u00e8 un vero vantaggio per chi ha problemi di pelle o per chi cerca di ridurre i segni dell'invecchiamento.<\/p>\n<p>In caso di contatto con gli occhi, si consiglia di risciacquare abbondantemente con acqua fredda.<\/p>\n<h3><strong>Il vostro specialista in prodotti per il benessere significa anche<\/strong><strong>\u2026<\/strong><\/h3>\n<p>Miel Store \u00e8 sempre desideroso di offrirvi il meglio possibile.\u00a0<strong>prodotti naturali<\/strong>\u00a0per soddisfare le vostre esigenze. Scoprite i nostri diversi mieli, come\u00a0<strong>miele di euforbia<\/strong>\u00a0o il\u00a0<a href=\"https:\/\/www.miel-store.com\/it\/p\/miele-di-giuggiolo-sidr-maliki-dallo-yemen\/\"><strong>Miele di Malaki sidr dallo Yemen<\/strong><\/a>\u00a0 ! Da\u00a0<strong>prodotti dell'alveare<\/strong>\u00a0con sapori e benefici molto gradevoli.<\/p>\n<p>Lasciatevi sedurre dalla moltitudine di articoli disponibili sul nostro sito!<\/p>","protected":false},"excerpt":{"rendered":"<p>Olio di semi di fico d'India biologico proveniente dalla Tunisia.<\/p>\n<p>100% Puro e naturale.<\/p>\n<p>Flacone da 10 ml.<\/p>","protected":false},"featured_media":628,"template":"","meta":[],"product_brand":[],"product_cat":[89,106],"product_tag":[],"class_list":{"0":"post-513","1":"product","2":"type-product","3":"status-publish","4":"has-post-thumbnail","6":"product_cat-cosmetiques","7":"product_cat-huiles-vegetales","9":"first","10":"instock","11":"shipping-taxable","12":"purchasable","13":"product-type-simple"},"_links":{"self":[{"href":"https:\/\/www.miel-store.com\/it\/wp-json\/wp\/v2\/product\/513","targetHints":{"allow":["GET"]}}],"collection":[{"href":"https:\/\/www.miel-store.com\/it\/wp-json\/wp\/v2\/product"}],"about":[{"href":"https:\/\/www.miel-store.com\/it\/wp-json\/wp\/v2\/types\/product"}],"wp:featuredmedia":[{"embeddable":true,"href":"https:\/\/www.miel-store.com\/it\/wp-json\/wp\/v2\/media\/628"}],"wp:attachment":[{"href":"https:\/\/www.miel-store.com\/it\/wp-json\/wp\/v2\/media?parent=513"}],"wp:term":[{"taxonomy":"product_brand","embeddable":true,"href":"https:\/\/www.miel-store.com\/it\/wp-json\/wp\/v2\/product_brand?post=513"},{"taxonomy":"product_cat","embeddable":true,"href":"https:\/\/www.miel-store.com\/it\/wp-json\/wp\/v2\/product_cat?post=513"},{"taxonomy":"product_tag","embeddable":true,"href":"https:\/\/www.miel-store.com\/it\/wp-json\/wp\/v2\/product_tag?post=513"}],"curies":[{"name":"wp","href":"https:\/\/api.w.org\/{rel}","templated":true}]}}