{"id":509,"date":"2022-02-27T21:48:24","date_gmt":"2022-02-27T20:48:24","guid":{"rendered":"https:\/\/www.miel-store.com\/?post_type=product&#038;p=509"},"modified":"2026-03-14T01:11:06","modified_gmt":"2026-03-14T00:11:06","slug":"olio-biologico-di-kenya","status":"publish","type":"product","link":"https:\/\/www.miel-store.com\/it\/p\/huile-dail-bio-du-kenya","title":{"rendered":"Olio di aglio keniota biologico"},"content":{"rendered":"<p><strong>Perdita di capelli<\/strong>,\u00a0<strong>calvizie incipiente...<\/strong>\u00a0ecco alcuni dei problemi di capelli che possono rendere la vita difficile! Al giorno d'oggi, prendersi cura del proprio aspetto \u00e8 sinonimo di fiducia in se stessi, ma \u00e8 anche un vero piacere! E i vostri\u00a0<strong>prodotti naturali<\/strong>\u00a0\u00e8 consapevole che i capelli hanno un ruolo importante nell'aspetto fisico. Ecco perch\u00e9 il\u2019<strong>olio all'aglio biologico<\/strong>\u00a0\u00e8 sotto i riflettori oggi!<\/p>\n<h2><strong>Olio all'aglio biologico: piace anche a Dracula!\u00a0<\/strong><\/h2>\n<p>L'aglio \u00e8 solitamente considerato un condimento. Molto apprezzato in campo gastronomico, si \u00e8 scoperto che ha anche molte qualit\u00e0 in campo cosmetico! Infatti, se trasformato allo stato liquido, \u00e8 un vero e proprio elisir.\u00a0<strong>capillare<\/strong>\u00a0e dermatologico.<\/p>\n<p>Infatti, pu\u00f2 essere paragonato al nostro eccellente\u00a0<a href=\"https:\/\/www.miel-store.com\/it\/p\/olio-di-zenzero-biologico-dalla-nigeria\/\"><strong>olio di zenzero biologico<\/strong><\/a>, E anche di qualit\u00e0 cosmetica e alimentare!<\/p>\n<p>Come otteniamo il nostro olio di aglio biologico del Kenya?<\/p>\n<p>Questo liquido si ottiene facendo macerare i baccelli in una soluzione di acqua.\u00a0<strong>olio vegetale naturale\u00a0<\/strong>! Una volta ottenuto questo macerato oleoso, si chiama\u2019<strong>olio all'aglio biologico<\/strong>\u00a0!<\/p>\n<p>La vostra boutique del benessere desidera mettere in evidenza questo prodotto dai molteplici benefici. Infatti, lo si pu\u00f2 trovare nel suo flacone trasparente, che rivela un elisir di\u00a0<strong>100 Ml<\/strong>\u00a0pronto a sublimarti!<\/p>\n<h2><strong>L'olio di aglio biologico e i suoi benefici!\u00a0<\/strong><\/h2>\n<p>Questo<strong>\u00a0macerato oleoso<\/strong>\u00a0ha una moltitudine di benefici per la vita quotidiana. Anche se a volte viene sottovalutato, ha dimostrato pi\u00f9 volte il suo valore. Pu\u00f2 avere un odore forte e duraturo, ma \u00e8 un bene per chi lo usa!<\/p>\n<ul>\n<li>Quest'olio \u00e8 noto per prevenire alcuni tipi di cancro; ;<\/li>\n<li>Ottimo per la flora intestinale, pu\u00f2 aiutare il sistema digestivo e quindi favorire la perdita di peso!<\/li>\n<li>Estremamente nutritivo per i capelli, \u00e8 noto anche per aiutare\u00a0<strong>contro la calvizie<\/strong>\u00a0e il\u00a0<strong>perdita di capelli.\u00a0<\/strong>Proprio come\u00a0<strong>olio di ricino; ;\u00a0<\/strong><\/li>\n<li>Pu\u00f2 anche essere una risorsa nella lotta contro le malattie cardiovascolari; ;<\/li>\n<li>Vantaggioso per\u00a0<strong>unghie forti.<\/strong><\/li>\n<\/ul>\n<p>Avete capito bene: questo elisir naturale ha molte virt\u00f9 che possono aiutare molti di noi! Quando farete il grande passo? Lasciatevi sedurre da questo tesoro naturale e godetevi i suoi benefici!<\/p>\n<h2><strong>Come utilizzare al meglio l'olio di aglio biologico?<\/strong><\/h2>\n<p>Prima di tutto, \u00e8 necessario valutare le proprie esigenze! Prendiamo l'esempio di un<strong>\u00a0calvizie precoce<\/strong>\u00a0che si desidera rimediare. A tal fine, si pu\u00f2 godere dei benefici del macerato come maschera o come\u00a0<strong>siero per capelli<\/strong>.<\/p>\n<p>Inoltre, \u00e8 possibile miscelarlo con altri prodotti.\u00a0<strong>oli vegetali.\u00a0<\/strong>E per aumentare le vostre possibilit\u00e0!<\/p>\n<p>Si consiglia di ripetere il trattamento pi\u00f9 volte alla settimana per diversi mesi. In modo da poter vedere i risultati pi\u00f9 rapidamente.<\/p>\n<h3><strong>La vostra boutique del benessere presenta anche...<\/strong><\/h3>\n<p>Miel Store vuole sempre offrirti prodotti che ti siano utili! Ecco perch\u00e9 vorremmo farvi scoprire i nostri<strong>\u00a0mieli naturali 100%<\/strong>\u00a0!<\/p>\n<p>I loro sapori e aromi vi conquisteranno prima di quanto pensiate!\u00a0<a href=\"https:\/\/www.miel-store.com\/it\/p\/miel-de-rhododendron-de-france\/\"><strong>Miele di rododendro<\/strong><\/a>\u00a0o\u00a0<strong>miele di tiglio<\/strong>, La produzione francese \u00e8 sotto i riflettori! \u00c8 il momento di prendersi cura del proprio benessere!<\/p>","protected":false},"excerpt":{"rendered":"<p>Olio di aglio biologico proveniente dal Kenya.<\/p>\n<p>Qualit\u00e0 cosmetica e alimentare. 100% Puro e naturale.<\/p>\n<p>Flacone da 60 ml.<\/p>","protected":false},"featured_media":3352,"template":"","meta":[],"product_brand":[],"product_cat":[89,88,106],"product_tag":[],"class_list":{"0":"post-509","1":"product","2":"type-product","3":"status-publish","4":"has-post-thumbnail","6":"product_cat-cosmetiques","7":"product_cat-bien-etre","8":"product_cat-huiles-vegetales","10":"first","11":"instock","12":"shipping-taxable","13":"purchasable","14":"product-type-simple"},"_links":{"self":[{"href":"https:\/\/www.miel-store.com\/it\/wp-json\/wp\/v2\/product\/509","targetHints":{"allow":["GET"]}}],"collection":[{"href":"https:\/\/www.miel-store.com\/it\/wp-json\/wp\/v2\/product"}],"about":[{"href":"https:\/\/www.miel-store.com\/it\/wp-json\/wp\/v2\/types\/product"}],"wp:featuredmedia":[{"embeddable":true,"href":"https:\/\/www.miel-store.com\/it\/wp-json\/wp\/v2\/media\/3352"}],"wp:attachment":[{"href":"https:\/\/www.miel-store.com\/it\/wp-json\/wp\/v2\/media?parent=509"}],"wp:term":[{"taxonomy":"product_brand","embeddable":true,"href":"https:\/\/www.miel-store.com\/it\/wp-json\/wp\/v2\/product_brand?post=509"},{"taxonomy":"product_cat","embeddable":true,"href":"https:\/\/www.miel-store.com\/it\/wp-json\/wp\/v2\/product_cat?post=509"},{"taxonomy":"product_tag","embeddable":true,"href":"https:\/\/www.miel-store.com\/it\/wp-json\/wp\/v2\/product_tag?post=509"}],"curies":[{"name":"wp","href":"https:\/\/api.w.org\/{rel}","templated":true}]}}