{"id":507,"date":"2022-02-27T21:27:38","date_gmt":"2022-02-27T20:27:38","guid":{"rendered":"https:\/\/www.miel-store.com\/?post_type=product&#038;p=507"},"modified":"2026-04-17T07:48:24","modified_gmt":"2026-04-17T05:48:24","slug":"olio-di-ricino-biologico-india","status":"publish","type":"product","link":"https:\/\/www.miel-store.com\/it\/p\/huile-de-ricin-bio-inde","title":{"rendered":"Olio di ricino indiano biologico"},"content":{"rendered":"<p>L\u2019<strong>olio di ricino biologico India<\/strong>\u00a0\u00e8 noto per rafforzare capelli e unghie e allungare le ciglia. \u00c8 inoltre ideale per riparare e nutrire i capelli secchi, danneggiati e fragili, oltre a favorirne la crescita.<\/p>\n<p>Inoltre, questo<strong>\u00a0olio vegetale<\/strong>\u00a0ha incredibili virt\u00f9 terapeutiche! Viene utilizzato per alleviare molti disturbi. Sar\u00e0 parte integrante della vostra gamma di trattamenti e cosmetici naturali, oltre a trovare posto nella vostra farmacia naturale.<\/p>\n<h2><strong>Alla scoperta dell'olio di ricino biologico dall'India\u00a0<\/strong><\/h2>\n<p>\u00c8 interessante notare che\u2019<strong>olio di ricino biologico India<\/strong>\u00a0\u00e8 la principale fonte di reddito per molti villaggi indiani. Dopo il terremoto del 2001, \u00e8 stato necessario trovare una fonte di reddito sostenibile. \u00c8 nata cos\u00ec l'idea di coltivare la pianta del ricino e di raccoglierne i semi per ricavarne un<strong>\u00a0100 % olio biologico<\/strong>.<\/p>\n<p>Le\u00a0<strong>ricino<\/strong>, dal suo nome latino \u201c<strong>ricinus communis\u201d<\/strong>\u00a0\u00e8 un arbusto di origine tropicale della famiglia delle Euforbiacee. Spesso viene utilizzato come\u00a0<strong>pianta ornamentale<\/strong>, Ha grandi foglie verdi con steli e venature rossastre. I fiori sono bianchi o rosa e si raggruppano all'apice del ramo.<\/p>\n<p>A prima vista, il colore e l'aspetto dei frutti di questo arbusto possono ricordare il litchi. I frutti sono rossi o marroni e hanno lunghe punte. Per quanto riguarda il seme, \u00e8 estremamente tossico se mangiato cos\u00ec com'\u00e8! Questo perch\u00e9 contiene<strong>\u00a0ricina<\/strong>, un potente veleno!<\/p>\n<p>Sebbene il seme e la radice del ricino siano tossici, questa tossicit\u00e0 scompare durante il processo di trasformazione. L\u2019<strong>olio di ricino biologico India<\/strong>, non \u00e8 assolutamente pericoloso e\u00a0<strong>non contiene ricina o albumina<\/strong>\u00a0(un allergene contenuto nella radice). Tuttavia, il suo uso interno \u00e8 molto controverso e persino vietato in Francia.<\/p>\n<h2><strong>Olio di ricino biologico in tutta trasparenza!<\/strong><\/h2>\n<p>Questo\u00a0<strong>olio vegetale<\/strong>\u00a0\u00e8 molto oleosa e pu\u00f2 essere descritta come piuttosto viscosa. Spesso \u00e8 incolore o leggermente giallastro. Con un odore molto ridotto, pu\u00f2 essere utilizzato crudo o in sinergia con altri oli pi\u00f9 secchi o oli essenziali. \u00c8 ideale anche per la preparazione di cosmetici e rimedi naturali.<\/p>\n<p>Il nostro\u00a0<strong>elisir<\/strong>\u00a0\u00e8 ampiamente conosciuto come\u00a0<strong>\u00abolio di castoro\u201d<\/strong>\u00a0o\u00a0<strong>\u201cOlio di ricino\u201d<\/strong>. E a ragione: per molto tempo ha sostituito il castoreo, che veniva utilizzato come combustibile per le lampade a olio. Questa sostanza animale \u00e8 secreta da ghiandole proprie del castoro, mentre l'olio di ricino \u00e8 secreto da ghiandole proprie del castoro.\u00a0<strong>100 Impianto %<\/strong>.<\/p>\n<p>Quest'ultimo \u00e8 ottenuto da<strong>\u00a0pressione a freddo<\/strong>\u00a0poi filtrata per rimuovere la ricina. Si riconosce facilmente per il suo spessore e la sua viscosit\u00e0. Grazie alla sua consistenza densa, \u00e8 ideale per la produzione di\u00a0<strong>cosmetici naturali<\/strong>. In particolare per la produzione di mascara, rossetti, matite kohl, balsami per labbra, ecc.)<\/p>\n<p>Inoltre, questo favoloso\u00a0<strong>oing<\/strong>\u00a0viene utilizzato anche come\u00a0<strong>medicina naturale<\/strong>. In effetti, le sue virt\u00f9 nell'applicazione topica sono ben dimostrate! Inoltre, \u00e8 ricco di propriet\u00e0 gi\u00e0 note secoli fa! Ampiamente utilizzato in naturopatia e medicina naturale, vi illustriamo i suoi numerosi benefici...<\/p>\n<h2><strong>Le propriet\u00e0 dell'olio di ricino in cosmetica<\/strong><\/h2>\n<ul>\n<li>Riparatore e ammorbidente, l'olio di ricino indiano biologico \u00e8 raccomandato per il\u00a0<strong>cura della pelle delicata e reattiva<\/strong>.<\/li>\n<li>\u00c8 ideale anche per\u00a0<strong>rafforza i capelli, le ciglia e le unghie<\/strong>. Contribuisce alla loro crescita e li abbellisce grazie alla sua azione nutriente.<\/li>\n<li>\u00c8 anche rinomata per la sua\u00a0<strong>azione sulle macchie brune<\/strong>, \u00c8 efficace anche sul viso e sulle mani. Ma \u00e8 efficace anche per\u00a0<strong>dissolvenza della maschera della gravidanza<\/strong>.<\/li>\n<li>Grazie all'acido ricinoleico che contiene, \u00e8 purificante e pu\u00f2 essere molto efficace sulla pelle.\u00a0<strong>efficace contro l'acne<\/strong>. Allo stesso modo, per aiutare\u00a0<strong>guarire\u00a0<\/strong>piccole ferite o scottature.<\/li>\n<li>Inoltre, la sua viscosit\u00e0 molto densa lo rende un ingrediente molto apprezzato nella\u00a0<strong>produzione di cosmetici naturali<\/strong>. Questo perch\u00e9 facilita la dispersione dei pigmenti e conferisce un effetto lucido.<\/li>\n<li>Molto popolare anche nel\u00a0<strong>produzione di sapone<\/strong>\u00a0con il metodo della saponificazione a freddo. Produce una schiuma ricca e cremosa.<\/li>\n<\/ul>\n<h2><strong>Le propriet\u00e0 dell'olio di ricino nella medicina naturale<\/strong><\/h2>\n<ul>\n<li>Inizialmente\u00a0<strong>stimola la circolazione sanguigna e linfatica<\/strong>. Di conseguenza, facilita l'eliminazione delle tossine che si accumulano nell'organismo indirizzandole verso i suoi emuntori (reni, polmoni, pelle e intestino).<\/li>\n<li>Oltre ad essere\u00a0<strong>disintossicante<\/strong>, \u00e8\u00a0<strong>antinfiammatorio<\/strong>\u00a0e quindi allevia i dolori articolari. Ma non solo: pu\u00f2 essere molto efficace anche nel trattamento di otiti, cistiti e altre infezioni.<\/li>\n<li>Inoltre\u00a0<strong>rafforza il sistema immunitario<\/strong>\u00a0e quindi rafforza l'organismo contro batteri, virus...<\/li>\n<li>Con l'uso regolare,\u00a0<strong>elimina verruche, acrocordoni e calli<\/strong>. Pu\u00f2 essere utilizzato da solo o in combinazione con il bicarbonato.<\/li>\n<li>\u00c8 anche una buona alternativa naturale per sciogliere il muco dai polmoni, ad esempio. \u00c8 quindi un\u00a0<strong>buon rimedio naturale<\/strong>\u00a0per il trattamento di angina, bronchite, raffreddore, ecc.<\/li>\n<li><strong>Purgante molto potente<\/strong>, Tuttavia, il suo uso interno \u00e8 alquanto controverso. \u00c8 necessario osservare precauzioni e misure speciali.<\/li>\n<\/ul>\n<h2><strong>Come utilizzare l'olio di ricino indiano?<\/strong><\/h2>\n<h3><strong>Capelli, ciglia, sopracciglia e unghie<\/strong><strong>\u00a0<\/strong><\/h3>\n<p>\u00c8 possibile applicare il<strong>\u2019Olio di ricino biologico India<\/strong>\u00a0come maschera per capelli per favorirne la crescita. Allo stesso modo in cui\u2019<strong><a href=\"https:\/\/www.miel-store.com\/it\/p\/siero-di-ricrescita-lincrociabile\/\">incredibile siero per la ricrescita<\/a>\u00a0<\/strong>per garantire risultati ottimali. Bagnare accuratamente il cuoio capelluto, le lunghezze e le punte. Avvolgere quindi un asciugamano caldo intorno al cuoio capelluto per facilitare l'azione. Lasciare in posa per almeno 30 minuti.<\/p>\n<p>Per le ciglia e le sopracciglia, nel nostro Miel Store troverete i prodotti\u00a0<strong>mascara all'olio di ricino biologico<\/strong>. Applicare poi la sera, preferibilmente prima di andare a letto. Per curare le unghie fragili, \u00e8 sufficiente massaggiarlo sulla punta delle dita.<\/p>\n<h3><strong>Pelle e problemi cutanei<\/strong><\/h3>\n<p>Come il<strong>\u00a0miele<\/strong>, Quest'olio \u00e8 ideale per il trattamento di acne, irritazioni, scottature, lividi, punture d'insetto, ecc. \u00c8 sufficiente applicare un po' di olio con la punta delle dita, massaggiando leggermente la zona interessata. Procedere allo stesso modo per altre patologie della pelle come eczema, psoriasi, ecc.<\/p>\n<p>Si pu\u00f2 usare anche per struccarsi, perch\u00e9 \u00e8 purificante e libera la pelle da tutte le impurit\u00e0. Come\u2019<a href=\"https:\/\/www.miel-store.com\/it\/p\/huile-de-pepin-de-figue-de-barbarie-bio\/\"><strong>olio di semi di fico d'India<\/strong><\/a>, \u00c8 ideale per le pelli mature. Stimola la produzione di collagene e riempie le linee sottili.<\/p>\n<h3><strong>Rimedio naturale<\/strong><\/h3>\n<p>Applicare l'olio come cataplasma sulle zone dolorose o su quelle da disintossicare. A questo scopo, mettete un pezzo di cotone abbastanza spesso in un piatto e versate l'olio. Una volta che il panno \u00e8 ben impregnato, posizionarlo sulla zona interessata e aggiungere una bottiglia d'acqua calda sopra.<\/p>\n<p>In caso di otite, applicare 1 o 2 gocce nell'orecchio. Scaldare leggermente il prodotto per renderlo pi\u00f9 sottile e facile da versare nel condotto uditivo. L\u2019<strong>olio di cumino nero<\/strong>\u00a0\u00e8 molto efficace anche per questo tipo di condizioni.<\/p>","protected":false},"excerpt":{"rendered":"<p>Olio di ricino indiano biologico.<\/p>\n<p>Qualit\u00e0 cosmetica. 100% Puro e naturale.<\/p>\n<p>Flacone da 60 ml.<\/p>","protected":false},"featured_media":3349,"template":"","meta":[],"product_brand":[],"product_cat":[89,106,130],"product_tag":[],"class_list":{"0":"post-507","1":"product","2":"type-product","3":"status-publish","4":"has-post-thumbnail","6":"product_cat-cosmetiques","7":"product_cat-huiles-vegetales","8":"product_cat-produits-medecine-ayurvedique","10":"first","11":"instock","12":"shipping-taxable","13":"purchasable","14":"product-type-simple"},"_links":{"self":[{"href":"https:\/\/www.miel-store.com\/it\/wp-json\/wp\/v2\/product\/507","targetHints":{"allow":["GET"]}}],"collection":[{"href":"https:\/\/www.miel-store.com\/it\/wp-json\/wp\/v2\/product"}],"about":[{"href":"https:\/\/www.miel-store.com\/it\/wp-json\/wp\/v2\/types\/product"}],"wp:featuredmedia":[{"embeddable":true,"href":"https:\/\/www.miel-store.com\/it\/wp-json\/wp\/v2\/media\/3349"}],"wp:attachment":[{"href":"https:\/\/www.miel-store.com\/it\/wp-json\/wp\/v2\/media?parent=507"}],"wp:term":[{"taxonomy":"product_brand","embeddable":true,"href":"https:\/\/www.miel-store.com\/it\/wp-json\/wp\/v2\/product_brand?post=507"},{"taxonomy":"product_cat","embeddable":true,"href":"https:\/\/www.miel-store.com\/it\/wp-json\/wp\/v2\/product_cat?post=507"},{"taxonomy":"product_tag","embeddable":true,"href":"https:\/\/www.miel-store.com\/it\/wp-json\/wp\/v2\/product_tag?post=507"}],"curies":[{"name":"wp","href":"https:\/\/api.w.org\/{rel}","templated":true}]}}