{"id":492,"date":"2022-02-27T19:34:08","date_gmt":"2022-02-27T18:34:08","guid":{"rendered":"https:\/\/www.miel-store.com\/?post_type=product&#038;p=492"},"modified":"2026-03-31T22:44:23","modified_gmt":"2026-03-31T20:44:23","slug":"miele-di-cumino-nero-habba-sawda-degypte","status":"publish","type":"product","link":"https:\/\/www.miel-store.com\/it\/p\/miel-de-nigelle-habba-sawda-degypte","title":{"rendered":"Miele di cumino nero egiziano (Habba Sawda)"},"content":{"rendered":"<p>Se siete fan dei prodotti dell'alveare, ecco un prodotto che sicuramente vi piacer\u00e0...\u00a0<strong>Miele di cumino nero<\/strong>, o<strong>\u00a0\u00abhabba sawda\u00bb\u00a0<\/strong>!<\/p>\n<p>La nigella \u00e8 nota da secoli per le sue eccezionali qualit\u00e0 e propriet\u00e0 medicinali. Infatti, negli hadith viene persino citata come di grande importanza per aiutare a combattere malattie di ogni tipo.\u00a0<strong>Originario dell'Egitto<\/strong>\u00a0e\u00a0<strong>100 % naturale<\/strong>, questo nettare dalle mille virt\u00f9 delizier\u00e0 le vostre papille gustative!<\/p>\n<h2><strong>Origine e qualit\u00e0 del miele di cumino nero Habba Sawda\u00a0<\/strong><\/h2>\n<p>Dotato di un\u00a0<strong>aroma unico<\/strong>\u00a0<strong>e piacevolmente profumato<\/strong>\u00a0Questo miele monofloreale di qualit\u00e0, dalla consistenza morbida, \u00e8 ottenuto dal polline dei bellissimi fiori di cumino nero. Ora potete godervi il lavoro del\u00a0<strong>Api egiziane<\/strong>\u00a0per produrre questo\u00a0<strong>nettare dai molteplici benefici<\/strong>.<\/p>\n<p>E concedetevi questo\u00a0<strong>il tesoro dell'alveare<\/strong>\u00a0Un must per i vostri armadi!<\/p>\n<p>Il nostro prodotto proviene dall'alta\u00a0<strong>montagne dell'Egitto<\/strong>, In questo ambiente si trova la famosa pianta della nigella (Sativa). Questa pianta erbacea pu\u00f2 crescere fino a 60 cm di altezza.<\/p>\n<p>Ha un fiore che pu\u00f2 variare dal bianco al blu. \u00c8 un fiore molto apprezzato dalle api che vengono a raccogliere il suo polline.\u00a0<strong>polline<\/strong>\u00a0per offrirvi un prodotto di qualit\u00e0.<\/p>\n<p>Questa pianta contiene virt\u00f9 note da secoli. Infatti, \u00e8 stata persino ritrovata sotto forma di olio nella tomba di un famoso faraone.\u00a0<strong>Tutankhamon<\/strong>.<\/p>\n<p>Utilizzato fin dall'antichit\u00e0, il cumino nero \u00e8 noto anche come nigella.\u00a0<strong>seme benedetto<\/strong>\u00a0o\u00a0<a href=\"https:\/\/www.miel-store.com\/it\/p\/semi-di-cumino-nero-dalletiopia-habachiya\/\"><strong>seme nero<\/strong><\/a>\u00a0o anche Habba Sawda. \u00c8 una\u00a0<strong>un rimedio efficace per molti disturbi<\/strong>. Sia che venga utilizzato sotto forma di\u2019<strong>olio<\/strong>, di\u00a0<strong>seme<\/strong>, di\u00a0<strong>polvere<\/strong>\u00a0o per il suo polline. Quindi condivide molti degli stessi benefici del nostro prodotto dell'alveare.<\/p>\n<p>Il nostro miele Haba Saouda \u00e8 ricco di virt\u00f9. Viene consumato per via orale e utilizzato in\u00a0<strong>cure di bellezza per la pelle<\/strong>.<\/p>\n<h2><strong>Benefici del miele Habba Sawda<\/strong><\/h2>\n<p>Come tutti i tesori dell'alveare, il miele Haba Saouda contiene molte qualit\u00e0 nutrizionali che lo rendono un prodotto molto apprezzato. Contiene infatti molte\u00a0<strong>vitamine<\/strong>,\u00a0<strong>flavonoidi<\/strong>\u00a0e\u00a0<strong>antiossidanti\u00a0<\/strong>per contribuire al mantenimento di un corpo sano.<\/p>\n<h3><strong>Tra questi benefici c'\u00e8 il miele Haba Saouda:<\/strong><\/h3>\n<ul>\n<li>Rafforza il sistema immunitario.<\/li>\n<li>Un vero e proprio antibiotico naturale con propriet\u00e0 antibatteriche e antinfiammatorie.<\/li>\n<li>Ha un ruolo antiossidante che aiuta a prevenire molte malattie.<\/li>\n<li>Aiuta a combattere i problemi respiratori come l'asma.<\/li>\n<li>Aiuta a regolare i problemi digestivi.<\/li>\n<li>Aiuta a combattere i problemi urinari e renali.<\/li>\n<li>Aiuta a combattere il diabete.<\/li>\n<li>Un ottimo energizzante che aiuta anche a contrastare l'impotenza sessuale.<\/li>\n<li>Ha propriet\u00e0 cicatrizzanti e idratanti.<\/li>\n<\/ul>\n<h2><strong>Come sfruttare al meglio il miele di cumino nero?<\/strong><\/h2>\n<p>Gustatelo quando volete, sia a cucchiaini per approfittare del suo gusto piacevole, delicatamente profumato di cumino nero. Oppure semplicemente per accompagnare panini o pasticcini, ad esempio.<\/p>\n<p>Potete anche aggiungerne qualche cucchiaio allo yogurt normale per addolcirlo deliziosamente. \u00c8 perfetto anche da aggiungere a piatti dolci e salati. O semplicemente consumarlo regolarmente per godere dei suoi benefici. Sia come\u00a0<strong>prevenzione<\/strong>\u00a0o in\u00a0<strong>cura naturale<\/strong>.<\/p>\n<p>E se siete tra le persone che temono l'arrivo dell'inverno\u00a0<strong>ondate di freddo<\/strong>, Abbiamo la ricetta che fa per voi! Dar\u00e0 al vostro sistema immunitario un'importante spinta. Inoltre, vi aiuter\u00e0 a contrastare il mal di gola invernale, in modo da potervi rimettere in piedi il prima possibile!<\/p>\n<h3><strong>Ricetta per il mal di gola temporaneo (e\/o invernale):<\/strong><\/h3>\n<ul>\n<li>Spremere due arance, aggiungere il succo di mezzo limone e versare il contenuto in un bicchiere alto. Aggiungere quindi l'equivalente di un cucchiaino di olio di cumino nero e mezzo cucchiaino di zenzero in polvere. Infine, aggiungere uno o due cucchiai di miele Haba Saouda. Mescolare il tutto e bere questa ricca preparazione.<\/li>\n<\/ul>\n<p>Questa ricetta contribuir\u00e0 al vostro recupero e, pi\u00f9 in generale, vi aiuter\u00e0 a\u00a0<strong>rafforzare il sistema immunitario,<\/strong>\u00a0soprattutto durante la stagione fredda.<\/p>\n<p>Il miele Haba Saouda deve essere consumato nell'ambito di una dieta sana ed equilibrata. Per sfruttare al meglio tutte le sue propriet\u00e0.<\/p>\n<p>Il miele Haba Saouda pu\u00f2 essere utilizzato anche come prodotto per la cura della pelle. Questi\u00a0<strong>propriet\u00e0 idratanti\u00a0<\/strong>e\u00a0<strong>guarigione<\/strong>\u00a0ripristiner\u00e0 la luminosit\u00e0 della vostra pelle. Non esitate quindi a concedervi di tanto in tanto una piccola maschera al miele!<\/p>\n<h2><strong>Conservazione del miele di cumino nero Haba Saouda<\/strong><\/h2>\n<p>\u00c8 risaputo che il miele \u00e8 uno di questi\u00a0<a href=\"https:\/\/trucmania.ouest-france.fr\/14-aliments-qui-ne-periment-jamais\/\" target=\"_blank\" rel=\"noopener\"><strong>alimenti che non scadono<\/strong><\/a>. Tuttavia, per beneficiare di tutte le sue virt\u00f9, deve essere conservato con cura. A tal fine, \u00e8 consigliabile conservarlo lontano da tutte le fonti dirette di calore e umidit\u00e0.<\/p>\n<p>Per evitare la cristallizzazione, \u00e8 meglio conservarlo a temperatura ambiente. Evitare quindi di metterlo in frigorifero o vicino a una fonte di calore.<\/p>\n<p>Tuttavia, se il miele Haba Saouda dovesse cristallizzare (indurire), processo naturale, si consiglia di metterlo a bagnomaria a temperatura moderata. Se volete utilizzarlo facilmente, vi consigliamo di metterlo a bagnomaria a una temperatura moderatamente calda. Non dovrebbe superare i 40 gradi, in modo da non perdere le sue propriet\u00e0.<\/p>\n<h3><strong>Scopri gli altri prodotti!<\/strong><\/h3>\n<p>Il nostro negozio online vi offre prodotti di qualit\u00e0, con un'ampia variet\u00e0 di scelta. Qualcosa per tutti i gusti e per farvi scoprire nuovi prodotti.\u00a0<strong>mieli dai 4 angoli del mondo<\/strong>\u00a0con sapori ricchi e variegati. Gli amanti dei prodotti dell'alveare troveranno sicuramente qualcosa di loro gradimento.<\/p>\n<p>Per grandi e piccini, il miele \u00e8 un piacere da non trascurare! Regalatevi e non esitate a visitare regolarmente il nostro negozio online per scoprire altri prodotti eccezionali.<\/p>\n<p>Le informazioni di cui sopra sono fornite a titolo puramente informativo. Il miele Haba Saouda ha indubbiamente molti benefici per la salute. Tuttavia, il suo consumo non sostituisce il trattamento da parte di uno specialista. Il vostro specialista sar\u00e0 in grado di consigliarvi sulla vostra situazione specifica e di prescrivervi il trattamento adeguato.<\/p>","protected":false},"excerpt":{"rendered":"<p>Miele di cumino nero (Habba Sawda) dall'Egitto.<\/p>\n<p>Disponibile in vasetti da 250 g e 500 g.<\/p>","protected":false},"featured_media":563,"template":"","meta":[],"product_brand":[],"product_cat":[87,77],"product_tag":[],"class_list":{"0":"post-492","1":"product","2":"type-product","3":"status-publish","4":"has-post-thumbnail","6":"product_cat-nigelle","7":"product_cat-miel-du-monde","9":"first","10":"instock","11":"featured","12":"shipping-taxable","13":"purchasable","14":"product-type-variable","15":"has-default-attributes"},"_links":{"self":[{"href":"https:\/\/www.miel-store.com\/it\/wp-json\/wp\/v2\/product\/492","targetHints":{"allow":["GET"]}}],"collection":[{"href":"https:\/\/www.miel-store.com\/it\/wp-json\/wp\/v2\/product"}],"about":[{"href":"https:\/\/www.miel-store.com\/it\/wp-json\/wp\/v2\/types\/product"}],"wp:featuredmedia":[{"embeddable":true,"href":"https:\/\/www.miel-store.com\/it\/wp-json\/wp\/v2\/media\/563"}],"wp:attachment":[{"href":"https:\/\/www.miel-store.com\/it\/wp-json\/wp\/v2\/media?parent=492"}],"wp:term":[{"taxonomy":"product_brand","embeddable":true,"href":"https:\/\/www.miel-store.com\/it\/wp-json\/wp\/v2\/product_brand?post=492"},{"taxonomy":"product_cat","embeddable":true,"href":"https:\/\/www.miel-store.com\/it\/wp-json\/wp\/v2\/product_cat?post=492"},{"taxonomy":"product_tag","embeddable":true,"href":"https:\/\/www.miel-store.com\/it\/wp-json\/wp\/v2\/product_tag?post=492"}],"curies":[{"name":"wp","href":"https:\/\/api.w.org\/{rel}","templated":true}]}}