{"id":4911,"date":"2023-11-25T12:14:19","date_gmt":"2023-11-25T11:14:19","guid":{"rendered":"https:\/\/www.miel-store.com\/?post_type=product&#038;p=4911"},"modified":"2026-03-09T07:38:13","modified_gmt":"2026-03-09T06:38:13","slug":"miele-di-smeraldo","status":"publish","type":"product","link":"https:\/\/www.miel-store.com\/it\/p\/miel-coup-de-froid","title":{"rendered":"Miele di Colpo di Freddo 250g - Tr\u00e9sors du Golfe"},"content":{"rendered":"<p>\u00c8 fondamentale prepararsi ai cambiamenti climatici adottando misure proattive. E questo pu\u00f2 comportare\u00a0<strong>integratore alimentare naturale<\/strong>\u00a0come il miele contro<strong>\u00a0Sessione di freddo\u00a0<\/strong>! Infatti, questo prodotto, ricco di miele e ingredienti di alta qualit\u00e0, pu\u00f2 aiutare a rafforzare il sistema immunitario, fornire nutrienti essenziali e contribuire a mantenere una buona salute.<\/p>\n<h2><strong>Scoprite un elisir naturale per combattere il freddo!\u00a0<\/strong><\/h2>\n<p>In previsione delle sfide che il cambiamento climatico pu\u00f2 comportare, l'apporto di nutrienti aggiuntivi pu\u00f2 svolgere un ruolo cruciale nel mantenimento del benessere generale.<\/p>\n<p>Ecco perch\u00e9 la vostra boutique del benessere desidera presentarvi un preparato a base di miele! Molto efficace per aiutare a combattere\u00a0<strong>contro alcune malattie invernali<\/strong>, \u00c8 una formula naturale che combina numerosi benefici. Infatti, questa potente combinazione di ingredienti naturali offre un supporto benefico per aiutare a combattere i comuni disturbi invernali. Inoltre, se lo desiderate, potete scoprire anche il nostro\u00a0<a href=\"https:\/\/www.miel-store.com\/it\/p\/miele-fortificante\/\"><strong>Miele fortificante<\/strong><\/a>, per ritrovare l'energia necessaria.<\/p>\n<h2><strong>I benefici naturali del miele per combattere il raffreddore!<\/strong><\/h2>\n<p>Arricchito con miele puro, questo preparato ha propriet\u00e0 lenitive per la gola e aiuta ad alleviare la tosse. L'eucalipto \u00e8 noto per i suoi effetti espettoranti, il timo per le sue propriet\u00e0 antisettiche e il limone per il suo contenuto di vitamina C. Gli estratti di acerola e di echinacea rafforzano le difese immunitarie, contribuendo a\u00a0<strong>prevenire le infezioni invernali<\/strong>.<\/p>\n<h3><b>Uso consigliato di questo <\/b><span style=\"font-size: 20.16px;\"><b>elisir<\/b><\/span><b> naturale<\/b><\/h3>\n<p>Questo preparato a base di miele pu\u00f2 essere consumato direttamente o aggiunto a una tisana calda per un maggiore effetto. Un cucchiaino al giorno \u00e8 consigliato agli adulti che desiderano proteggersi dai disturbi invernali. Per un rapido sollievo, un cucchiaino pu\u00f2 essere assunto fino a tre volte al giorno.<\/p>\n<p>In breve, questa preparazione mielosa \u00e8 pensata per aiutare\u00a0<strong>contro il freddo<\/strong>\u00a0l'improvviso cambiamento del clima. Questo\u00a0<strong>soluzione naturale<\/strong>\u00a0\u00e8 efficace per il sistema immunitario e per i comuni sintomi invernali. Con i suoi ingredienti di qualit\u00e0 accuratamente selezionati, questa formula casalinga offre un valido supporto per una salute ottimale durante la stagione fredda.<\/p>","protected":false},"excerpt":{"rendered":"<p><strong>Ingredienti:<\/strong><\/p>\n<ul>\n<li>Il miele<\/li>\n<li>Eucalipto<\/li>\n<li>Limone<\/li>\n<li>Estratto di acerola (17% vitamina C)<\/li>\n<li>Estratto di echinacea<\/li>\n<\/ul>\n<p>&nbsp;<\/p>","protected":false},"featured_media":4907,"template":"","meta":[],"product_brand":[],"product_cat":[77],"product_tag":[],"class_list":{"0":"post-4911","1":"product","2":"type-product","3":"status-publish","4":"has-post-thumbnail","6":"product_cat-miel-du-monde","8":"first","9":"instock","10":"shipping-taxable","11":"purchasable","12":"product-type-simple"},"_links":{"self":[{"href":"https:\/\/www.miel-store.com\/it\/wp-json\/wp\/v2\/product\/4911","targetHints":{"allow":["GET"]}}],"collection":[{"href":"https:\/\/www.miel-store.com\/it\/wp-json\/wp\/v2\/product"}],"about":[{"href":"https:\/\/www.miel-store.com\/it\/wp-json\/wp\/v2\/types\/product"}],"wp:featuredmedia":[{"embeddable":true,"href":"https:\/\/www.miel-store.com\/it\/wp-json\/wp\/v2\/media\/4907"}],"wp:attachment":[{"href":"https:\/\/www.miel-store.com\/it\/wp-json\/wp\/v2\/media?parent=4911"}],"wp:term":[{"taxonomy":"product_brand","embeddable":true,"href":"https:\/\/www.miel-store.com\/it\/wp-json\/wp\/v2\/product_brand?post=4911"},{"taxonomy":"product_cat","embeddable":true,"href":"https:\/\/www.miel-store.com\/it\/wp-json\/wp\/v2\/product_cat?post=4911"},{"taxonomy":"product_tag","embeddable":true,"href":"https:\/\/www.miel-store.com\/it\/wp-json\/wp\/v2\/product_tag?post=4911"}],"curies":[{"name":"wp","href":"https:\/\/api.w.org\/{rel}","templated":true}]}}