{"id":491,"date":"2022-02-27T19:32:32","date_gmt":"2022-02-27T18:32:32","guid":{"rendered":"https:\/\/www.miel-store.com\/?post_type=product&#038;p=491"},"modified":"2024-02-03T10:05:03","modified_gmt":"2024-02-03T09:05:03","slug":"miele-di-mango-del-mali","status":"publish","type":"product","link":"https:\/\/www.miel-store.com\/it\/p\/miel-de-mangue-du-mali","title":{"rendered":"Miele di mango del Mali"},"content":{"rendered":"<p>Avete mai sentito parlare di<strong> Miele di mango<\/strong>\u00a0? Sebbene sia poco conosciuto in Francia, \u00e8 comunque uno dei pi\u00f9 popolari <strong>prodotti dell'alveare<\/strong> che vale la pena di assaggiare! Viene da lontano e ha varcato i confini per farvi assaporare il suo aroma eccezionale. Preparatevi quindi a lasciarvi incantare da questo<strong> prodotto naturale<\/strong>.<\/p>\n<h2><strong>Miele di mango<\/strong><strong>\u00a0: Fuori dalla vista, ma non per molto tempo ancora!\u00a0<\/strong><\/h2>\n<p>Se non avete familiarit\u00e0 con questo albero, non preoccupatevi, cercheremo di rimediare alla situazione.<\/p>\n<p>Originaria del continente asiatico, in particolare dell'India, \u00e8 nota per la produzione di frutti molto gustosi e dolci.<\/p>\n<p>Molto visibile nei paesi a clima tropicale, ha un aspetto piacevole e attraente. Pu\u00f2 essere piccolo, ma i suoi rami possono raggiungere un'altezza di oltre 15 metri. Un'altezza straordinaria, con un fogliame che le conferisce un aspetto piacevole e amichevole.<\/p>\n<p>E cos\u00ec questo magnifico albero lascia a noi consumatori la possibilit\u00e0 di godere di una <strong>magnifico miele monoflorale<\/strong>.<\/p>\n<h2><strong>Gli eccezionali benefici del miele di mango \u00a0<\/strong><\/h2>\n<p>Il vostro negozio specializzato vuole promuovere questo <strong>nettare<\/strong> in modo da poter beneficiare delle sue virt\u00f9. Ampiamente conosciuta nei climi caldi, la sua ricchezza e le sue propriet\u00e0 vi conquisteranno sicuramente.<\/p>\n<ul>\n<li>Ricco di vitamina A ;<\/li>\n<li>Pu\u00f2 aiutare a combattere la riduzione dell'acutezza visiva; ;<\/li>\n<li>Rafforzare il sistema immunitario ;<\/li>\n<li>Pu\u00f2 essere utilizzato come integratore alimentare per dare una spinta all'organismo; ;<\/li>\n<li>Questo<strong> miele da tutto il mondo <\/strong>\u00e8 benefica per la flora intestinale.<\/li>\n<\/ul>\n<p>Come si pu\u00f2 notare, questo prodotto ha molte virt\u00f9. <strong>prodotti dell'alveare<\/strong> cos\u00ec straordinario. Che lo usiate per accompagnare le vostre sessioni sportive o come spuntino, sar\u00e0 il vostro migliore alleato.<\/p>\n<p>Un look e un gusto che valgono bene la pena di essere distratti!<\/p>\n<p>Innanzitutto, osserviamo il suo colore marrone, o addirittura arancio-marrone, sigillato in un barattolo trasparente da 250 grammi. La sua consistenza leggermente densa e una vera e propria <strong>piacere in bocca<\/strong>.<\/p>\n<p>Non appena lo si lascia sciogliere sul palato, si corre il rischio di riempirlo di nuovo. \u00c8 difficile non esagerare con le cose buone, ma vorremmo ricordarvi che l'eccesso di cibo non \u00e8 consigliabile.<\/p>\n<p>Nel caso di un trattamento speciale, consultare il proprio medico di famiglia.<\/p>\n<h3><strong>Il vostro professionista dei prodotti naturali offre anche...\u00a0<\/strong><\/h3>\n<p>E tu, vorresti scoprire <strong>oli vegetali biologici<\/strong> e gli oli naturali 100%? Il vostro negozio online specializzato in prodotti naturali desidera mettere in evidenza i suoi diversi oli. Molto spesso utilizzati per <a href=\"https:\/\/www.mon-botox-capillaire.com\" target=\"_blank\" rel=\"noopener\"><strong>cura dei capelli<\/strong><\/a>, Lasciatevi sedurre dai nostri ottimi elisir di olio per trattare i vostri capelli secondo le necessit\u00e0.<\/p>\n<p>Se volete puntare sulla germinazione, vi consigliamo di optare per la\u2019<a href=\"https:\/\/www.miel-store.com\/it\/p\/olio-di-ricino-biologico-india\/\"><strong>olio di ricino<\/strong><\/a>. Quest'ultimo \u00e8 famoso in tutto il mondo per il suo contributo alla densit\u00e0 dei capelli. Inoltre, sia che si tratti di un trattamento che di una semplice cura, \u00e8 possibile trovare <strong>olio di avocado<\/strong> o il <a href=\"https:\/\/www.miel-store.com\/it\/p\/olio-di-fieno-greco-biologico\/\"><strong>fieno greco<\/strong><\/a>.<\/p>\n<p>Come potete vedere, il nostro obiettivo \u00e8 quello di offrirvi il meglio per rendervi soddisfatti! Lasciatevi sedurre dai nostri<strong> prodotti dell'alveare<\/strong>, ma anche dal nostro <strong>articoli di benessere.<\/strong><\/p>","protected":false},"excerpt":{"rendered":"<p>Miele di mango del Mali.<\/p>\n<p>Barattolo da 250 g.<\/p>","protected":false},"featured_media":556,"template":"","meta":[],"product_brand":[],"product_cat":[80,111],"product_tag":[],"class_list":{"0":"post-491","1":"product","2":"type-product","3":"status-publish","4":"has-post-thumbnail","6":"product_cat-miel-du-mali","7":"product_cat-miel-africain","9":"first","10":"outofstock","11":"shipping-taxable","12":"purchasable","13":"product-type-simple"},"_links":{"self":[{"href":"https:\/\/www.miel-store.com\/it\/wp-json\/wp\/v2\/product\/491","targetHints":{"allow":["GET"]}}],"collection":[{"href":"https:\/\/www.miel-store.com\/it\/wp-json\/wp\/v2\/product"}],"about":[{"href":"https:\/\/www.miel-store.com\/it\/wp-json\/wp\/v2\/types\/product"}],"wp:featuredmedia":[{"embeddable":true,"href":"https:\/\/www.miel-store.com\/it\/wp-json\/wp\/v2\/media\/556"}],"wp:attachment":[{"href":"https:\/\/www.miel-store.com\/it\/wp-json\/wp\/v2\/media?parent=491"}],"wp:term":[{"taxonomy":"product_brand","embeddable":true,"href":"https:\/\/www.miel-store.com\/it\/wp-json\/wp\/v2\/product_brand?post=491"},{"taxonomy":"product_cat","embeddable":true,"href":"https:\/\/www.miel-store.com\/it\/wp-json\/wp\/v2\/product_cat?post=491"},{"taxonomy":"product_tag","embeddable":true,"href":"https:\/\/www.miel-store.com\/it\/wp-json\/wp\/v2\/product_tag?post=491"}],"curies":[{"name":"wp","href":"https:\/\/api.w.org\/{rel}","templated":true}]}}