{"id":4906,"date":"2022-11-25T11:59:32","date_gmt":"2022-11-25T10:59:32","guid":{"rendered":"https:\/\/www.miel-store.com\/?post_type=product&#038;p=4906"},"modified":"2026-03-04T15:31:02","modified_gmt":"2026-03-04T14:31:02","slug":"miele-fortificante","status":"publish","type":"product","link":"https:\/\/www.miel-store.com\/it\/p\/miel-fortifiant","title":{"rendered":"Miele fortificante 250g - Tr\u00e9sors du Golfe"},"content":{"rendered":"<p>Le\u00a0<strong>Miele fortificante<\/strong>\u00a0\u00e8 un preparato artigianale che combina ingredienti di qualit\u00e0. Questi includono polline d'api biologico, cumino nero e pappa reale biologica. Questa combinazione unica offre un'esperienza di gusto squisita e al tempo stesso apporta benefici alla salute. Scoprite come questo miele eccezionale pu\u00f2 migliorare naturalmente il vostro benessere.<\/p>\n<h2><strong>Scoprite il miele fortificante e i suoi ingredienti di qualit\u00e0<\/strong><\/h2>\n<p>Probabilmente lo stavate aspettando: il Miele Fortificante \u00e8 ora disponibile! Se amate gli elisir prodotti in modo naturale, siete nel posto giusto con questo integratore naturale. \u00c8 prodotto con polline d'api biologico, raccolto con cura per garantire la purezza e la ricchezza di nutrienti essenziali. Scoprire <a href=\"https:\/\/www.miel-store.com\/it\/cp\/nigella\/\"><strong>cumino nero<\/strong><\/a>, noto anche come cumino nero! Il cumino nero \u00e8 rinomato per le sue propriet\u00e0 salutari, quindi preparatevi a lasciarvi conquistare.<\/p>\n<p>Infine, la pappa reale biologica,\u00a0<strong>il tesoro dell'alveare<\/strong>, Questa eccezionale composizione \u00e8 completata dall'aggiunta dell'estratto di Aloe Vera. Insieme, questi ingredienti offrono un concentrato unico di benefici naturali.<\/p>\n<h2><strong>Miele fortificante: benefici per la salute<\/strong><\/h2>\n<p>In effetti, sarete rapidamente sedotti, soprattutto grazie al suo\u00a0<strong>ingredienti naturali<\/strong>\u00a0! Il vostro miele fortificante \u00e8 rinomato per le sue propriet\u00e0 fortificanti ed energizzanti. Il polline d'api biologico aiuta a rafforzare il sistema immunitario. Il cumino nero \u00e8 apprezzato per le sue propriet\u00e0 antiossidanti.<\/p>\n<p>La pappa reale biologica \u00e8 rinomata per i suoi effetti tonificanti.<\/p>\n<p>Consumando questo\u00a0<strong>miele energizzante<\/strong>\u00a0Potete sostenere la vostra vitalit\u00e0 e rafforzare il vostro corpo in modo naturale e regolare.<\/p>\n<h3><strong>Uso versatile<\/strong><\/h3>\n<p>Il miele fortificante pu\u00f2 essere utilizzato in vari modi.<\/p>\n<ul>\n<li>Gustatelo puro per assaporare tutta la ricchezza del suo sapore.<\/li>\n<li>Perch\u00e9 non incorporarlo nelle ricette culinarie per esaltarne il sapore?<\/li>\n<li>Aggiungetelo alle bevande calde per godere dei suoi benefici confortanti.<\/li>\n<\/ul>\n<p>Quindi, qualunque sia la vostra preferenza, questo<strong>\u00a0miele artigianale<\/strong>\u00a0offre una versatilit\u00e0 d'uso che si adatta alle vostre abitudini quotidiane.<\/p>\n<p>In breve, il miele fortificante \u00e8 molto pi\u00f9 di un alimento: \u00e8 un vero e proprio tesoro della natura! Unisce qualit\u00e0, benefici per la salute e versatilit\u00e0. Facendolo diventare parte della vostra routine quotidiana, scegliete un approccio naturale a<strong>\u00a0migliorare il vostro benessere<\/strong>.<\/p>","protected":false},"excerpt":{"rendered":"<p><strong>Ingredienti:<\/strong><\/p>\n<ul>\n<li>Il miele<\/li>\n<li>Polline d'api biologico<\/li>\n<li>Nigella<\/li>\n<li>Pappa reale biologica<\/li>\n<\/ul>","protected":false},"featured_media":4909,"template":"","meta":[],"product_brand":[],"product_cat":[77],"product_tag":[],"class_list":{"0":"post-4906","1":"product","2":"type-product","3":"status-publish","4":"has-post-thumbnail","6":"product_cat-miel-du-monde","8":"first","9":"outofstock","10":"shipping-taxable","11":"purchasable","12":"product-type-simple"},"_links":{"self":[{"href":"https:\/\/www.miel-store.com\/it\/wp-json\/wp\/v2\/product\/4906","targetHints":{"allow":["GET"]}}],"collection":[{"href":"https:\/\/www.miel-store.com\/it\/wp-json\/wp\/v2\/product"}],"about":[{"href":"https:\/\/www.miel-store.com\/it\/wp-json\/wp\/v2\/types\/product"}],"wp:featuredmedia":[{"embeddable":true,"href":"https:\/\/www.miel-store.com\/it\/wp-json\/wp\/v2\/media\/4909"}],"wp:attachment":[{"href":"https:\/\/www.miel-store.com\/it\/wp-json\/wp\/v2\/media?parent=4906"}],"wp:term":[{"taxonomy":"product_brand","embeddable":true,"href":"https:\/\/www.miel-store.com\/it\/wp-json\/wp\/v2\/product_brand?post=4906"},{"taxonomy":"product_cat","embeddable":true,"href":"https:\/\/www.miel-store.com\/it\/wp-json\/wp\/v2\/product_cat?post=4906"},{"taxonomy":"product_tag","embeddable":true,"href":"https:\/\/www.miel-store.com\/it\/wp-json\/wp\/v2\/product_tag?post=4906"}],"curies":[{"name":"wp","href":"https:\/\/api.w.org\/{rel}","templated":true}]}}