{"id":490,"date":"2022-02-27T19:31:31","date_gmt":"2022-02-27T18:31:31","guid":{"rendered":"https:\/\/www.miel-store.com\/?post_type=product&#038;p=490"},"modified":"2024-05-19T02:00:59","modified_gmt":"2024-05-19T00:00:59","slug":"miele-di-banana-del-mali","status":"publish","type":"product","link":"https:\/\/www.miel-store.com\/it\/p\/miel-de-bananier-du-mali","title":{"rendered":"Miele di banana dal Mali"},"content":{"rendered":"<p>Cosa c'\u00e8 di pi\u00f9 attraente della rarit\u00e0? Non appena un prodotto \u00e8 insolito, vi incuriosisce, vi affascina e vi d\u00e0 l'intima convinzione che debba appartenervi... Questa sensazione irresistibile, ma comprensibile, rende il vostro <strong>specialista in prodotti per il benessere<\/strong> evidenzia il <strong>Miele di banana<\/strong> !<\/p>\n<p>Non ne avete mai sentito parlare? \u00c8 quindi giunto il momento di fare qualcosa al riguardo.<\/p>\n<h2><strong>Il miele di banana e le sue antiche origini...<\/strong><\/h2>\n<p>Considerato uno dei <strong>le erbe pi\u00f9 alte del mondo<\/strong>, La pianta del banano \u00e8 conosciuta e riconosciuta in tutto il mondo. Ama particolarmente i climi tropicali umidi e non tollera le temperature troppo basse. Originaria dell'Asia, la maggior parte delle banane viene coltivata in Africa! In effetti, questa famosa pianta \u00e8 apprezzata per la sua <strong>frutta deliziosa<\/strong> ricco di benefici!<\/p>\n<p>Per tutti questi motivi, le comunit\u00e0 africane si stanno davvero divertendo a coltivare questo gustoso frutto!<\/p>\n<p>Immaginate questo <strong>miele da tutto il mondo<\/strong> dai fiori di banano, con una consistenza e un gusto squisiti. Raro ma molto gustoso, preparatevi a lasciarvi incantare...<\/p>\n<h2><strong>I numerosi benefici del miele di banana\u00a0<\/strong><\/h2>\n<p>Le <strong>miele di banana<\/strong> \u00e8 certamente delizioso, ma oltre al sapore ha anche una serie di qualit\u00e0. Arricchente e benefico per l'organismo, lasciatevi sorprendere da alcune delle sue virt\u00f9.<\/p>\n<ul>\n<li>\u00c8 noto che migliora la fertilit\u00e0<\/li>\n<li>In alcune comunit\u00e0, le donne lo usano per regolare le mestruazioni.<\/li>\n<li>Favorisce una migliore lattazione nelle donne che allattano al seno<\/li>\n<li>Pu\u00f2 anche aiutare a combattere l'ipertensione e l'anemia.<\/li>\n<\/ul>\n<p>Come potete vedere, questo tesoro della natura non \u00e8 solo piacevole al palato, ma \u00e8 anche un vero e proprio compagno di vita. I benefici della natura non sono da prendere alla leggera: sarete stupiti dalla moltitudine di virt\u00f9 che vi si nascondono.<\/p>\n<h2><strong>Miele di banana e altri: per gli amanti dello sport che cercano un brivido\u00a0<\/strong><\/h2>\n<p>Ecco una sezione speciale per voi appassionati di sport! Conoscete questo<strong> miele di banana del Mali, prodotto dell'alveare<\/strong> ? Come gi\u00e0 detto, ha un sapore molto gustoso e principi attivi che possono aiutare a combattere alcuni disturbi.<\/p>\n<p>Inoltre, \u00e8 una vera e propria risorsa per coloro che desiderano <strong>prendersi cura del proprio corpo<\/strong> ! Estate o inverno, \u00e8 il <strong>integratore alimentare naturale<\/strong> di cui avete bisogno! \u00c8 ottimo per il recupero, ma \u00e8 anche una grande fonte di energia. <strong>un booster naturale.<\/strong> Che siate guerrieri del fine settimana o professionisti, questo \u00e8 il compagno che non vi deluder\u00e0.<\/p>\n<p>Inoltre, potete trovare molti dei nostri prodotti sul nostro sito web. <strong>i nostri prodotti dall'alveare<\/strong> per trovare quello che state cercando! <a href=\"https:\/\/www.miel-store.com\/it\/p\/miele-bianco-del-kirghizistan\/\"><strong>Miele bianco<\/strong><\/a>, o <a href=\"https:\/\/www.miel-store.com\/it\/p\/miele-di-euforbia-dallo-yemen\/\"><strong>miele di euforbia<\/strong><\/a>, La cosa pi\u00f9 importante \u00e8 che facciate il grande passo.<\/p>\n<p>Si pu\u00f2 accompagnare con la bevanda del mattino o con un integratore alimentare. Questi includono <strong>capsule di cumino nero<\/strong> ! Come si pu\u00f2 vedere, pu\u00f2 essere rapidamente collegato al vostro<strong> prestazioni fisiche<\/strong>. Ricco di magnesio e potassio, vi dar\u00e0 la carica che vi mancava!<\/p>\n<h3><strong>Il vostro negozio specializzato vuole anche farvi scoprire\u00a0<\/strong><\/h3>\n<p>E se pensate al vostro benessere?<strong> oli naturali<\/strong>, Perch\u00e9 non regalarsi?<\/p>\n<p>Il tuo <strong>boutique del benessere<\/strong> on line vorremmo evidenziare gli oli che vi metteranno in risalto. Per <strong>nutrire i capelli,<\/strong> o semplicemente per incoraggiare la crescita, scoprire <strong>olio all'aglio<\/strong>, e<strong> olio di ricino<\/strong> ! Entrambi sono rinomati per la loro ricchezza ed efficacia!<\/p>","protected":false},"excerpt":{"rendered":"<p>Miele di banana del Mali.<\/p>\n<p>Barattolo da 250 g.<\/p>","protected":false},"featured_media":569,"template":"","meta":[],"product_brand":[],"product_cat":[80,111],"product_tag":[],"class_list":{"0":"post-490","1":"product","2":"type-product","3":"status-publish","4":"has-post-thumbnail","6":"product_cat-miel-du-mali","7":"product_cat-miel-africain","9":"first","10":"outofstock","11":"shipping-taxable","12":"purchasable","13":"product-type-simple"},"_links":{"self":[{"href":"https:\/\/www.miel-store.com\/it\/wp-json\/wp\/v2\/product\/490","targetHints":{"allow":["GET"]}}],"collection":[{"href":"https:\/\/www.miel-store.com\/it\/wp-json\/wp\/v2\/product"}],"about":[{"href":"https:\/\/www.miel-store.com\/it\/wp-json\/wp\/v2\/types\/product"}],"wp:featuredmedia":[{"embeddable":true,"href":"https:\/\/www.miel-store.com\/it\/wp-json\/wp\/v2\/media\/569"}],"wp:attachment":[{"href":"https:\/\/www.miel-store.com\/it\/wp-json\/wp\/v2\/media?parent=490"}],"wp:term":[{"taxonomy":"product_brand","embeddable":true,"href":"https:\/\/www.miel-store.com\/it\/wp-json\/wp\/v2\/product_brand?post=490"},{"taxonomy":"product_cat","embeddable":true,"href":"https:\/\/www.miel-store.com\/it\/wp-json\/wp\/v2\/product_cat?post=490"},{"taxonomy":"product_tag","embeddable":true,"href":"https:\/\/www.miel-store.com\/it\/wp-json\/wp\/v2\/product_tag?post=490"}],"curies":[{"name":"wp","href":"https:\/\/api.w.org\/{rel}","templated":true}]}}