{"id":489,"date":"2022-02-27T19:29:46","date_gmt":"2022-02-27T18:29:46","guid":{"rendered":"https:\/\/www.miel-store.com\/?post_type=product&#038;p=489"},"modified":"2023-09-19T11:27:52","modified_gmt":"2023-09-19T09:27:52","slug":"miele-di-moringa-del-mali","status":"publish","type":"product","link":"https:\/\/www.miel-store.com\/it\/p\/miel-de-moringa-du-mali","title":{"rendered":"Miele di moringa dal Mali"},"content":{"rendered":"<p>Siete pronti per un magnifico viaggio culinario? Non c'\u00e8 bisogno di acquistare il biglietto, Miel Store si occuper\u00e0 di tutto. Mettetevi comodi, perch\u00e9 state per scoprire un prodotto pieno di sapore. Portato da lontano per farvi assaporare tutte le sue qualit\u00e0, il <strong>Miele di moringa<\/strong> \u00e8 sotto i riflettori!<\/p>\n<h2><strong>Il miele di moringa varca le frontiere per fare la vostra conoscenza\u00a0<\/strong><\/h2>\n<p>Precedentemente noto in India per la sua <strong>propriet\u00e0 medicinali<\/strong>, Ora sta facendo la sua comparsa anche nel continente africano. Il clima tropicale \u00e8 ideale per la coltivazione di questa pianta dai fiori bianchi. Esistono diversi tipi di Moringa nel mondo, ma \u00e8 il <strong>Moringa oleifera<\/strong> che \u00e8 molto apprezzata per il suo miele!<\/p>\n<p>Questa pianta \u00e8 stata spesso utilizzata per trattare <strong>medicina ayurvedica<\/strong>, Contiene molte propriet\u00e0 benefiche. Questo tesoro della natura pu\u00f2 essere utilizzato dalle radici fino ai fiori, per aiutare a combattere alcune malattie. Come si vede, questo elisir pu\u00f2 essere una risorsa quotidiana.<\/p>\n<h2><strong>Miele di moringa: alcune delle incredibili virt\u00f9 di questo nettare<\/strong><\/h2>\n<p>\u00c8 vero che <strong>Miele di moringa<\/strong> ha un gusto attraente e gradevole, ma fa anche bene all'organismo. \u00c8 ricco di benefici che possono aiutare i consumatori a risolvere alcuni disturbi. Scopriamo le virt\u00f9 di questo<strong> prodotti naturali dell'alveare :<\/strong><\/p>\n<ul>\n<li>Pu\u00f2 aiutare a combattere le allergie<\/li>\n<li>Ottimo contro artrite e reumatismi<\/li>\n<li>Previene alcune malattie<\/li>\n<li>Conosciuto anche per le sue propriet\u00e0 antibatteriche e antimicotiche<\/li>\n<\/ul>\n<p>Questo miele \u00e8 una risorsa per coloro che desiderano <strong>prendersi cura del proprio corpo<\/strong>. Infatti, anche considerato come un <strong>integratore alimentare<\/strong>, Pu\u00f2 contribuire a migliorare le difese immunitarie. Ricco di acidi grassi omega-3, pu\u00f2 essere considerato una risorsa per il cervello. Come potete vedere, questo tesoro naturale pu\u00f2 essere il vostro migliore alleato.<\/p>\n<h3><strong>Scopriamo l'aspetto e il sapore di questo tesoro naturale\u00a0<\/strong><\/h3>\n<p>Sapete cosa \u00e8 questo <strong>prodotti dell'alveare <\/strong>? Innanzitutto, bisogna sapere che si presenta in un barattolo trasparente, che rivela un liquido marrone. Il suo colore ne suggerisce l'origine e la qualit\u00e0. Ha una consistenza densa, a seconda del raccolto, ed \u00e8 molto gustoso al palato. Se vi piace <strong>squisiti elisir<\/strong> siete arrivati nel posto giusto. Lasciatevi sedurre da questo <strong>prodotto naturale <\/strong>pieno di fascino.<\/p>\n<p>Cogliamo l'occasione per scoprire altri mieli dai sapori incredibili!<\/p>\n<p>Il vostro negozio online specializzato in<strong> prodotti per il benessere provenienti dalla natura<\/strong> vuole farvi scoprire nuovi sapori. <strong>Olio naturale<\/strong>, di <strong>ricino<\/strong> o <a href=\"https:\/\/www.miel-store.com\/it\/p\/olio-di-cocco-extra-vergine-biologico\/\"><strong>cacao<\/strong><\/a>, Siamo qui per ascoltare. Il vostro benessere \u00e8 la nostra principale fonte di motivazione!<\/p>\n<p>Inoltre, se siete alla ricerca di <strong>prodotti dell'alveare<\/strong>, preparatevi a essere conquistati. Avete mai sentito parlare di<a href=\"https:\/\/www.miel-store.com\/it\/p\/miele-bianco-del-kirghizistan\/\"><strong> miele bianco del Kirghizistan<\/strong><\/a> ? Questa miscela delicata, di colore molto chiaro, ha un sapore particolarmente dolce e delicato.<\/p>\n<p>In effetti, abbiamo una moltitudine di<strong> mieli del mondo<\/strong> con un'ampia gamma di benefici. Preparate i vostri sensi, potrebbero rimanere sorpresi.<\/p>","protected":false},"excerpt":{"rendered":"<p>Miele di moringa del Mali.<\/p>\n<p>Barattolo da 250 g.<\/p>","protected":false},"featured_media":555,"template":"","meta":[],"product_brand":[],"product_cat":[80,111],"product_tag":[],"class_list":{"0":"post-489","1":"product","2":"type-product","3":"status-publish","4":"has-post-thumbnail","6":"product_cat-miel-du-mali","7":"product_cat-miel-africain","9":"first","10":"outofstock","11":"shipping-taxable","12":"purchasable","13":"product-type-simple"},"_links":{"self":[{"href":"https:\/\/www.miel-store.com\/it\/wp-json\/wp\/v2\/product\/489","targetHints":{"allow":["GET"]}}],"collection":[{"href":"https:\/\/www.miel-store.com\/it\/wp-json\/wp\/v2\/product"}],"about":[{"href":"https:\/\/www.miel-store.com\/it\/wp-json\/wp\/v2\/types\/product"}],"wp:featuredmedia":[{"embeddable":true,"href":"https:\/\/www.miel-store.com\/it\/wp-json\/wp\/v2\/media\/555"}],"wp:attachment":[{"href":"https:\/\/www.miel-store.com\/it\/wp-json\/wp\/v2\/media?parent=489"}],"wp:term":[{"taxonomy":"product_brand","embeddable":true,"href":"https:\/\/www.miel-store.com\/it\/wp-json\/wp\/v2\/product_brand?post=489"},{"taxonomy":"product_cat","embeddable":true,"href":"https:\/\/www.miel-store.com\/it\/wp-json\/wp\/v2\/product_cat?post=489"},{"taxonomy":"product_tag","embeddable":true,"href":"https:\/\/www.miel-store.com\/it\/wp-json\/wp\/v2\/product_tag?post=489"}],"curies":[{"name":"wp","href":"https:\/\/api.w.org\/{rel}","templated":true}]}}