{"id":487,"date":"2022-02-27T19:27:49","date_gmt":"2022-02-27T18:27:49","guid":{"rendered":"https:\/\/www.miel-store.com\/?post_type=product&#038;p=487"},"modified":"2026-04-28T21:59:29","modified_gmt":"2026-04-28T19:59:29","slug":"miele-doranger-dal-marocco","status":"publish","type":"product","link":"https:\/\/www.miel-store.com\/it\/p\/miel-doranger-du-maroc","title":{"rendered":"Miele di arancio marocchino"},"content":{"rendered":"<p>Il sole \u00e8 uscito, gli uccelli cantano e il bel tempo \u00e8 una gioia per gli occhi...<strong>\u00a0Le api stanno bottinando<\/strong>\u00a0i delicati fiorellini, non c'\u00e8 riposo per questi grandi lavoratori! Vogliono farci conoscere il famoso<strong>\u00a0Miele di arancio marocchino<\/strong>. Sorpresa, sorpresa, uno dei mieli pi\u00f9 pregiati della tenuta \u00e8 sotto i riflettori.<\/p>\n<h2><strong>Miele di fiori d'arancio del Marocco: conosciamoci!\u00a0<\/strong><\/h2>\n<p>\u00c8 una sensazione dolce e piacevole godersi il sole scoprendo il miele di fiori d'arancio del Marocco. Prima di tutto, viene raccolto quasi esclusivamente nel\u00a0<strong>nettari d'arancia<\/strong>, \u00c8 quindi considerato come\u00a0<strong>monoflorale<\/strong>.<\/p>\n<p>Tenuto al coperto all'interno del suo grazioso vasetto trasparente da 250 g, \u00e8 possibile vedere una\u00a0<strong>l'elisir pi\u00f9 attraente<\/strong>. Dal momento dell'apertura, preparatevi a rimanere affascinati.<\/p>\n<p>Ha un\u00a0<strong>colore dorato molto chiaro<\/strong>, con un aspetto molto liquido e una fragranza quasi simile a quella della\u00a0<strong>fiori d'arancio<\/strong>.<\/p>\n<p>Inoltre, spesso paragonata alla marmellata o addirittura alla confettura, questa\u00a0<strong>prodotti dell'alveare<\/strong>\u00a0\u00e8 uno dei pi\u00f9 apprezzati... Non esitate, \u00e8 il momento di curare il vostro palato!<\/p>\n<h2><strong>Stress e tutto il resto? Il miele d'arancio del Marocco viene in soccorso\u00a0<\/strong><\/h2>\n<p>La vita quotidiana a volte pu\u00f2 essere un po' troppo stressante...\u00a0<strong>Angoscia e ansia<\/strong>\u00a0sono all'ordine del giorno! \u00c8 arrivato il momento di scoprire questo<strong>\u00a0elisir naturale<\/strong>\u00a0e i suoi numerosi benefici.<\/p>\n<ul>\n<li>Infatti, noto per essere un\u00a0<strong>antispasmodico<\/strong>, Questo nettare pu\u00f2 essere un vero toccasana per ritrovare la calma e la serenit\u00e0!<\/li>\n<li>Inoltre, \u00e8 considerato un toccasana per l'apparato digerente.<\/li>\n<li>Emicrania e difficolt\u00e0 a dormire? Questo<strong>\u00a0nettare<\/strong>\u00a0pu\u00f2 essere di grande aiuto<\/li>\n<li>Ricco di antiossidanti, pu\u00f2 essere una risorsa per\u00a0<strong>malattie stagionali<\/strong><\/li>\n<\/ul>\n<h2><strong>Tempo permettendo, scopriamo una piccola ricetta a base di miele di arancio marocchino\u00a0<\/strong><\/h2>\n<p>\u00c8 vero che il miele di arancio marocchino ha un sapore cos\u00ec unico e pronunciato che viene spesso utilizzato in cucina! Pu\u00f2 essere spalmato sul pane tostato, aggiunto allo yogurt o semplicemente usato per dare un tocco in pi\u00f9 a un piatto.<strong>\u00a0i vostri dessert<\/strong>, Il miele \u00e8 il vostro miglior alleato!<\/p>\n<p>Inoltre, si pu\u00f2 usare per addolcire la colazione o prima di andare a letto.<strong>\u00a0la vostra tisana<\/strong>\u00a0!<\/p>\n<p>Ricetta del giorno<\/p>\n<p>Quando il clima \u00e8 caldo, ci vuole una ricetta rinfrescante! Per farlo, abbiamo pensato a un piatto intramontabile, il\u00a0<strong>macedonia di frutta\u00a0<\/strong>!<\/p>\n<p>Per farlo, prendete 2 kiwi, 1 pera, 2 clementine, 2 pesche piccole, mezzo bicchiere di succo d'arancia fresco e un cucchiaio abbondante di miele d'arancia!<\/p>\n<p>1- Tagliare e sbucciare la frutta<\/p>\n<p>2- Versarli in un contenitore pulito<\/p>\n<p>3- Aggiungere mezzo bicchiere di succo d'arancia<\/p>\n<p>4- Terminare con il diritto\u00a0<strong>cucchiaio di miele\u00a0<\/strong>!<\/p>\n<h3><strong>E se il vostro negozio specializzato vi aiutasse a scoprire elisir provenienti da altri luoghi?<\/strong><\/h3>\n<p>Allacciate le cinture di sicurezza, stiamo per viaggiare con alcuni\u00a0<strong>prodotti dell'alveare<\/strong>\u00a0da\u00a0<strong>4 angoli del mondo<\/strong>. Vediamo se conoscete alcuni degli elementi essenziali!<\/p>\n<ul>\n<li><a href=\"https:\/\/www.miel-store.com\/it\/p\/miele-bianco-del-kirghizistan\/\"><strong>Miele bianco del Kirghizistan<\/strong><\/a><\/li>\n<li><a href=\"https:\/\/www.miel-store.com\/it\/p\/miele-di-cumino-nero-habba-sawda-degypte\/\"><strong>Miele di cumino nero egiziano<\/strong><\/a><\/li>\n<li><strong><a href=\"https:\/\/www.miel-store.com\/it\/p\/miel-de-rhododendron-de-france\/\">Rododendro dalla Francia<\/a>\u00a0<\/strong><\/li>\n<\/ul>\n<p>Per chi non ha ancora avuto modo di assaggiare questi gustosi nettari naturali, non esitate: vi aspettano!<\/p>","protected":false},"excerpt":{"rendered":"<p>Miele di arancio marocchino.<\/p>\n<p>Barattolo da 250 g.<\/p>","protected":false},"featured_media":554,"template":"","meta":[],"product_brand":[],"product_cat":[78,111],"product_tag":[],"class_list":{"0":"post-487","1":"product","2":"type-product","3":"status-publish","4":"has-post-thumbnail","6":"product_cat-miel-du-maroc","7":"product_cat-miel-africain","9":"first","10":"outofstock","11":"shipping-taxable","12":"purchasable","13":"product-type-simple"},"_links":{"self":[{"href":"https:\/\/www.miel-store.com\/it\/wp-json\/wp\/v2\/product\/487","targetHints":{"allow":["GET"]}}],"collection":[{"href":"https:\/\/www.miel-store.com\/it\/wp-json\/wp\/v2\/product"}],"about":[{"href":"https:\/\/www.miel-store.com\/it\/wp-json\/wp\/v2\/types\/product"}],"wp:featuredmedia":[{"embeddable":true,"href":"https:\/\/www.miel-store.com\/it\/wp-json\/wp\/v2\/media\/554"}],"wp:attachment":[{"href":"https:\/\/www.miel-store.com\/it\/wp-json\/wp\/v2\/media?parent=487"}],"wp:term":[{"taxonomy":"product_brand","embeddable":true,"href":"https:\/\/www.miel-store.com\/it\/wp-json\/wp\/v2\/product_brand?post=487"},{"taxonomy":"product_cat","embeddable":true,"href":"https:\/\/www.miel-store.com\/it\/wp-json\/wp\/v2\/product_cat?post=487"},{"taxonomy":"product_tag","embeddable":true,"href":"https:\/\/www.miel-store.com\/it\/wp-json\/wp\/v2\/product_tag?post=487"}],"curies":[{"name":"wp","href":"https:\/\/api.w.org\/{rel}","templated":true}]}}