{"id":486,"date":"2022-02-27T19:26:43","date_gmt":"2022-02-27T18:26:43","guid":{"rendered":"https:\/\/www.miel-store.com\/?post_type=product&#038;p=486"},"modified":"2026-01-27T15:28:09","modified_gmt":"2026-01-27T14:28:09","slug":"miele-di-deucalipto-del-marocco","status":"publish","type":"product","link":"https:\/\/www.miel-store.com\/it\/p\/miel-deucalyptus-du-maroc","title":{"rendered":"Miele di eucalipto dal Marocco"},"content":{"rendered":"<p>Siete pronti a cambiare scenario? Sempre alla ricerca di\u00a0<strong>prodotti<\/strong>\u00a0<strong>apicoltura<\/strong>\u00a0di qualit\u00e0, soddisfare le\u00a0<strong>miele di eucalipto dal Marocco<\/strong>\u00a0!<\/p>\n<h2><strong>Qualche dettaglio sul miele di eucalipto del Marocco<\/strong><\/h2>\n<p>Prima di tutto, il<strong>\u00a0miele di eucalipto<\/strong>\u00a0\u00e8 certamente nota per il suo aroma e il suo aspetto molto attraente. Ma anche per il suo gusto duraturo e il sapore di menta.<\/p>\n<p>Inoltre, si trova principalmente nell'Europa meridionale o nell'Africa settentrionale, proprio come la nostra star del giorno! Il Marocco, infatti, continua a fare meraviglie nella\u00a0<strong>apicoltura<\/strong>\u00a0! E stiamo parlando del famoso miele di eucalipto, rinomato per il suo sapore.<\/p>\n<p>Inoltre, questo\u00a0<strong>prodotti dell'alveare<\/strong>\u00a0\u00e8 apprezzato per la sua\u00a0<strong>apiterapia<\/strong>\u00a0come :<\/p>\n<ul>\n<li>Mal di gola e tosse<\/li>\n<li>infezioni respiratorie<\/li>\n<li>pu\u00f2 essere una risorsa contro i reumatismi<\/li>\n<li>infezioni del tratto urinario<\/li>\n<\/ul>\n<p>Inoltre, come si pu\u00f2 vedere, questa<strong>\u00a0miele monoflora<\/strong>\u00a0pu\u00f2 diventare rapidamente una parte essenziale della vostra routine quotidiana! Non esitate a sfruttarne i benefici.<\/p>\n<h2><strong>Il vostro negozio specializzato vi presenta il miele di eucalipto del Marocco!<\/strong><\/h2>\n<p>Il vostro specialista\u00a0<strong>mieli del mondo<\/strong>\u00a0\u00e8 sempre desideroso di offrirvi<strong>\u00a0nettari<\/strong>\u00a0ricchi di sostanze nutritive, ma anche di sapori straordinari! La qualit\u00e0 \u00e8 infatti uno dei nostri principali fattori motivanti! Ecco perch\u00e9 ci teniamo particolarmente a sottolineare uno dei mieli pi\u00f9 redditizi e gustosi. Stiamo parlando, naturalmente, del miele di eucalipto del Marocco.<\/p>\n<p>Vi presentiamo il suo barattolo trasparente, che rivela un seducente elisir dorato. Inoltre, il suo contenitore da 250 g \u00e8 una vera e propria risorsa per chi ama particolarmente l'\"elisir\".<strong>\u00a0miele di qualit\u00e0<\/strong>. Si scioglie in bocca, preparatevi a essere conquistati!<\/p>\n<h3><strong>Una colazione solare!<\/strong><\/h3>\n<p>Per i pi\u00f9 golosi, \u00e8 possibile scegliere il<strong>\u00a0nettare di vostra scelta\u00a0<\/strong>!<strong>\u00a0<a href=\"https:\/\/www.miel-store.com\/it\/p\/miel-de-rhododendron-de-france\/\">Miele di rododendro<\/a><\/strong>\u00a0o anche\u00a0<a href=\"https:\/\/www.miel-store.com\/it\/cp\/miele-del-mali\/\"><strong>miele del Mali<\/strong><\/a>\u00a0! La scelta \u00e8 vostra! Dopodich\u00e9, godetevi il vostro pasto mattutino spalmando il pane fatto in casa come si deve.<\/p>\n<p>Il vostro benessere \u00e8 la nostra priorit\u00e0, quindi lasciatevi incantare dalla qualit\u00e0 dei nostri mieli rari.<\/p>","protected":false},"excerpt":{"rendered":"<p>Miele di eucalipto dal Marocco.<\/p>\n<p>Barattolo da 250 g.<\/p>","protected":false},"featured_media":566,"template":"","meta":[],"product_brand":[],"product_cat":[78,111],"product_tag":[],"class_list":{"0":"post-486","1":"product","2":"type-product","3":"status-publish","4":"has-post-thumbnail","6":"product_cat-miel-du-maroc","7":"product_cat-miel-africain","9":"first","10":"instock","11":"shipping-taxable","12":"purchasable","13":"product-type-simple"},"_links":{"self":[{"href":"https:\/\/www.miel-store.com\/it\/wp-json\/wp\/v2\/product\/486","targetHints":{"allow":["GET"]}}],"collection":[{"href":"https:\/\/www.miel-store.com\/it\/wp-json\/wp\/v2\/product"}],"about":[{"href":"https:\/\/www.miel-store.com\/it\/wp-json\/wp\/v2\/types\/product"}],"wp:featuredmedia":[{"embeddable":true,"href":"https:\/\/www.miel-store.com\/it\/wp-json\/wp\/v2\/media\/566"}],"wp:attachment":[{"href":"https:\/\/www.miel-store.com\/it\/wp-json\/wp\/v2\/media?parent=486"}],"wp:term":[{"taxonomy":"product_brand","embeddable":true,"href":"https:\/\/www.miel-store.com\/it\/wp-json\/wp\/v2\/product_brand?post=486"},{"taxonomy":"product_cat","embeddable":true,"href":"https:\/\/www.miel-store.com\/it\/wp-json\/wp\/v2\/product_cat?post=486"},{"taxonomy":"product_tag","embeddable":true,"href":"https:\/\/www.miel-store.com\/it\/wp-json\/wp\/v2\/product_tag?post=486"}],"curies":[{"name":"wp","href":"https:\/\/api.w.org\/{rel}","templated":true}]}}