{"id":4843,"date":"2023-11-14T16:06:26","date_gmt":"2023-11-14T15:06:26","guid":{"rendered":"https:\/\/www.miel-store.com\/?post_type=product&#038;p=4843"},"modified":"2026-04-24T12:21:22","modified_gmt":"2026-04-24T10:21:22","slug":"kanz-shifae","status":"publish","type":"product","link":"https:\/\/www.miel-store.com\/it\/p\/kanz-shifae","title":{"rendered":"Miele Kanz Shifae - 7 ingredienti della medicina profetica"},"content":{"rendered":"<p>Quando si parla di rimedi naturali, c'\u00e8 una piccola perla della natura che viene subito in mente. Si tratta di\u00a0<strong>il sublime miele Kanz Shifae, altrimenti noto come il miele delle 7 cure.<\/strong>\u00a0Come ormai avrete capito, quello che state cercando \u00e8 un prodotto\u00a0<strong>con benefici senza precedenti per l'organismo.<\/strong>\u00a0E per di pi\u00f9, l'etero<strong>\u00a0dalla medicina profetica.<\/strong>\u00a0Inoltre, ha dimostrato il suo valore nel corso degli anni. Ecco perch\u00e9 vi proponiamo questo must-have senza ulteriori indugi. Un tesoro che siamo lieti di offrirvi.<\/p>\n<h2><strong>Che cos'\u00e8 il miele di Kanz Shifae?<\/strong><\/h2>\n<p>Le virt\u00f9 uniche di Kanz shifae hanno conquistato i suoi fan in tutto il mondo. E per una buona ragione: \u00e8\u2019<strong>un miele con 7 ingredienti<\/strong>\u00a0rinomati per la loro<strong>\u00a0benefici per il sistema immunitario.<\/strong>\u00a0Ed \u00e8 nel cuore dell'Arabia Saudita, nella citt\u00e0 sacra di Medina, che \u00e8 nato. In effetti, solo dopo molte ricerche \u00e8 venuto alla luce questo rimedio semplicemente eccezionale.<\/p>\n<h2><strong>Cosa contiene il miele Kanz Shifae?<\/strong><\/h2>\n<p>Sarete sicuramente sorpresi dalla sublime composizione di questa originale creazione. Troverete sicuramente\u00a0<strong>ingredienti dai benefici potenti e sorprendenti.<\/strong>\u00a0Ecco alcuni esempi:<\/p>\n<p><strong>Miele, dattero di al Ajwa, costola indiana, semi di Nigella, finocchio, foglie di Senna e acqua Zam-zam.<\/strong><\/p>\n<p>Certamente, come vi abbiamo detto, \u00e8<strong>\u00a0una composizione di alta qualit\u00e0<\/strong>\u00a0che si nasconde in questo vaso dal tappo dorato. Vi accompagner\u00e0 senza dubbio ogni giorno per sostenere il vostro corpo e farvi sentire bene. Sia che siate..,\u00a0<strong>per il transito o la digestione. Vitalit\u00e0, circolazione sanguigna o appetito,<\/strong>\u00a0non cercate oltre.\u00a0<strong>Hai un grande alleato qui!<\/strong><\/p>\n<h3><strong>Come si usa correttamente?<\/strong><\/h3>\n<p>Come tutti i prodotti naturali, il kanz shifae va consumato a stomaco vuoto. In questo modo si possono sfruttare al meglio i suoi benefici. Si consiglia pertanto di\u00a0<strong>Assumere un cucchiaino al mattino a stomaco vuoto.<\/strong>\u00a0Si consiglia inoltre di\u00a0<strong>ripetere una dose alla fine della giornata.<\/strong>\u00a0Quindi, un'ora\u00a0<strong>prima di mangiare, non dimenticate il cucchiaino da t\u00e8\u00a0<\/strong>di questo concentrato di qualit\u00e0.<\/p>\n<h2><strong>Come sfruttare al meglio i benefici del Kanz Shifae<\/strong><\/h2>\n<p>Vogliamo che sfruttiate al massimo i benefici di questo incomparabile miele per tutta la durata della vostra cura Kanz Shifae. Assicuratevi quindi di conservare questo vasetto pieno di bont\u00e0. Quindi conservatelo all'asciutto. E in\u00a0<strong>al riparo dall'umidit\u00e0 e dalla luce solare.<\/strong>\u00a0Prendendo queste precauzioni, conserverete tutte le qualit\u00e0 di questo miele molto speciale.<\/p>\n<p>Infine, vorremmo ricordare che, in considerazione della sua composizione,<strong>\u00a0kanz shifae \u00e8 sconsigliato alle donne in gravidanza e\/o in allattamento. \u00c8 sconsigliato anche ai bambini.<\/strong><\/p>\n<h3><strong>Il vostro specialista Miel Store \u00e8 anche<\/strong><\/h3>\n<p>In quanto specialista del settore, il nostro negozio \u00e8 ricco di mieli provenienti da tutto il mondo. Con il miele di kanz shifae, potete essere sicuri di\u00a0<strong>scoprire nuovi mieli\u00a0<\/strong>che probabilmente non avete ancora avuto modo di scoprire.<\/p>\n<p>Seguendo l'esempio di\u00a0<a href=\"https:\/\/www.miel-store.com\/it\/p\/miele-rosa-di-russia\/\"><strong>miele rosa di Russia<\/strong><\/a>\u00a0o il\u00a0<strong><a href=\"https:\/\/www.miel-store.com\/it\/p\/miele-bianco-del-kirghizistan\/\">Miele bianco del Kirghizistan<\/a>.<\/strong>\u00a0Molti altri vi aspettano qui. Non indugiate quindi a scoprire la sublime selezione del vostro negozio di miele preferito.<\/p>","protected":false},"excerpt":{"rendered":"<p><strong>Ingredienti:<\/strong><\/p>\n<ul>\n<li>Il miele<\/li>\n<li>Data al Ajwa<\/li>\n<li>Costo indiano<\/li>\n<li>Semi di nigella<\/li>\n<li>Finocchio<\/li>\n<li>Foglie di senna<\/li>\n<li>Acqua Zam-zam.<\/li>\n<\/ul>","protected":false},"featured_media":4846,"template":"","meta":[],"product_brand":[],"product_cat":[88],"product_tag":[],"class_list":{"0":"post-4843","1":"product","2":"type-product","3":"status-publish","4":"has-post-thumbnail","6":"product_cat-bien-etre","8":"first","9":"instock","10":"sale","11":"shipping-taxable","12":"purchasable","13":"product-type-simple"},"_links":{"self":[{"href":"https:\/\/www.miel-store.com\/it\/wp-json\/wp\/v2\/product\/4843","targetHints":{"allow":["GET"]}}],"collection":[{"href":"https:\/\/www.miel-store.com\/it\/wp-json\/wp\/v2\/product"}],"about":[{"href":"https:\/\/www.miel-store.com\/it\/wp-json\/wp\/v2\/types\/product"}],"wp:featuredmedia":[{"embeddable":true,"href":"https:\/\/www.miel-store.com\/it\/wp-json\/wp\/v2\/media\/4846"}],"wp:attachment":[{"href":"https:\/\/www.miel-store.com\/it\/wp-json\/wp\/v2\/media?parent=4843"}],"wp:term":[{"taxonomy":"product_brand","embeddable":true,"href":"https:\/\/www.miel-store.com\/it\/wp-json\/wp\/v2\/product_brand?post=4843"},{"taxonomy":"product_cat","embeddable":true,"href":"https:\/\/www.miel-store.com\/it\/wp-json\/wp\/v2\/product_cat?post=4843"},{"taxonomy":"product_tag","embeddable":true,"href":"https:\/\/www.miel-store.com\/it\/wp-json\/wp\/v2\/product_tag?post=4843"}],"curies":[{"name":"wp","href":"https:\/\/api.w.org\/{rel}","templated":true}]}}