{"id":479,"date":"2022-02-27T19:17:49","date_gmt":"2022-02-27T18:17:49","guid":{"rendered":"https:\/\/www.miel-store.com\/?post_type=product&#038;p=479"},"modified":"2026-01-27T15:28:21","modified_gmt":"2026-01-27T14:28:21","slug":"miele-di-timo-marocchino","status":"publish","type":"product","link":"https:\/\/www.miel-store.com\/it\/p\/miel-de-thym-du-maroc","title":{"rendered":"Miele di timo marocchino"},"content":{"rendered":"<p>Sapore delicato, aspetto squisito, per non parlare del gusto eccezionale: avete indovinato? Vorremmo presentarvi un elisir senza eguali... Stiamo parlando di <strong>Miele di timo Marocco<\/strong> ! Se siete amanti dei sapori, vi aspetta una vera delizia!<\/p>\n<h2><strong>Miele di timo marocchino da lontano per le vostre papille gustative\u00a0<\/strong><\/h2>\n<p>Questo elisir naturale \u00e8 apprezzato per essere uno dei fattori economici pi\u00f9 importanti del Paese! Il Marocco \u00e8 famoso per il suo artigianato, ma anche per il suo <strong>prodotti agricoli<\/strong> ! Il clima temperato e la ricchezza della flora sono i principali punti di forza della regione.\u2019<strong>apicoltura<\/strong>.<\/p>\n<p>Sapete esattamente cos'\u00e8 il timo?<\/p>\n<p>Conosciuto anche come <strong>farigola<\/strong>, Questa pianta \u00e8 ampiamente utilizzata nella gastronomia della Francia meridionale! Il suo profumo e il suo sapore gradevole la rendono un must tra le erbe aromatiche. Ecco perch\u00e9 il suo miele viene prodotto <strong>polline di fiori di timo<\/strong> ! Per la sua fragranza e il suo sapore molto forte!<\/p>\n<h2><strong>I benefici del miele di timo Marocco\u00a0<\/strong><\/h2>\n<p>Questo <strong>Prodotto marocchino<\/strong> \u00e8 sicuramente appetitoso per le papille gustative, ma \u00e8 anche molto utile per il metabolismo. Molto buono per l'organismo, pu\u00f2 diventare rapidamente una risorsa importante nella vostra dieta! Visita <strong>integratore alimentare<\/strong> o semplicemente per il piacere delle papille gustative, \u00e8 uno dei mieli pi\u00f9 popolari.<\/p>\n<ul>\n<li>\u00c8 particolarmente nota per le sue propriet\u00e0 curative.<\/li>\n<li>Ottimo contro la tosse, \u00e8 un alleato ideale per le malattie invernali.<\/li>\n<li>Pu\u00f2 essere molto utile anche per le allergie.<\/li>\n<li>Buon antisettico<\/li>\n<li>Questo elisir naturale \u00e8 considerato da alcuni un ottimo antibiotico<\/li>\n<li>Antimicotico<\/li>\n<li>Pu\u00f2 aiutare a combattere l'anemia e fa molto bene al sistema immunitario!<\/li>\n<\/ul>\n<h3><strong>Aspetto e sapore del miele di timo marocchino\u00a0<\/strong><\/h3>\n<p>Siete pronti a scoprire questo <strong>Il tesoro della natura <\/strong>? Per la colazione o per <strong>integrare la dieta<\/strong>, Pu\u00f2 essere di grande aiuto. Che siate dilettanti o professionisti esperti, \u00e8 il momento di lasciarsi sedurre da questo elisir!<\/p>\n<p>Il suo colore pu\u00f2 variare a seconda del raccolto. Marrone o arancione scuro, il suo aspetto ci d\u00e0 un'idea della qualit\u00e0 di questo prodotto. <strong>prodotto dell'alveare straordinario<\/strong>. I diversi colori non hanno alcun impatto su questo gusto leggendario, tanto apprezzato dai pi\u00f9 grandi consumatori!<\/p>\n<p>Il suo aspetto e la sua consistenza spessa sono un vero piacere in bocca. Lasciatelo sciogliere delicatamente e assaggerete l'incredibile sapore di questo delizioso formaggio. <strong>miele naturale<\/strong> ! Il suo aroma e la sua fragranza lasceranno i vostri sensi incantati, quindi non combattete pi\u00f9 e lasciatevi andare con questa superba miscela.<\/p>\n<h3><strong>Il vostro specialista del benessere vuole anche farvi scoprire...<\/strong><\/h3>\n<p>E se questo non fosse abbastanza per voi? Vi piace <strong>sapori delicati <\/strong>e vi siete resi conto che la natura fa le cose molto bene. Scoprite i nostri diversi <strong>prodotti dell'alveare<\/strong> che sar\u00e0 in grado di soddisfarvi!<\/p>\n<p>Le<strong> <a href=\"https:\/\/www.miel-store.com\/it\/p\/miele-di-giuggiolo-sidr-maliki-dallo-yemen\/\">miele dello Yemen<\/a>,<\/strong> per esempio, \u00e8 rinomato come uno dei migliori! Oppure potete conoscere il <a href=\"https:\/\/www.miel-store.com\/it\/p\/miele-di-giuggiolo-sidr-dal-marocco\/\"><strong>miele di giuggiolo dal Marocco<\/strong><\/a> ! Come potete vedere, il vostro specialista vuole promuovere <strong>prodotti naturali<\/strong> per soddisfare le vostre esigenze!<\/p>","protected":false},"excerpt":{"rendered":"<p>Miele di timo del Marocco.<\/p>\n<p>Barattolo da 250 g.<\/p>","protected":false},"featured_media":552,"template":"","meta":[],"product_brand":[],"product_cat":[78,111],"product_tag":[],"class_list":{"0":"post-479","1":"product","2":"type-product","3":"status-publish","4":"has-post-thumbnail","6":"product_cat-miel-du-maroc","7":"product_cat-miel-africain","9":"first","10":"instock","11":"featured","12":"shipping-taxable","13":"purchasable","14":"product-type-simple"},"_links":{"self":[{"href":"https:\/\/www.miel-store.com\/it\/wp-json\/wp\/v2\/product\/479","targetHints":{"allow":["GET"]}}],"collection":[{"href":"https:\/\/www.miel-store.com\/it\/wp-json\/wp\/v2\/product"}],"about":[{"href":"https:\/\/www.miel-store.com\/it\/wp-json\/wp\/v2\/types\/product"}],"wp:featuredmedia":[{"embeddable":true,"href":"https:\/\/www.miel-store.com\/it\/wp-json\/wp\/v2\/media\/552"}],"wp:attachment":[{"href":"https:\/\/www.miel-store.com\/it\/wp-json\/wp\/v2\/media?parent=479"}],"wp:term":[{"taxonomy":"product_brand","embeddable":true,"href":"https:\/\/www.miel-store.com\/it\/wp-json\/wp\/v2\/product_brand?post=479"},{"taxonomy":"product_cat","embeddable":true,"href":"https:\/\/www.miel-store.com\/it\/wp-json\/wp\/v2\/product_cat?post=479"},{"taxonomy":"product_tag","embeddable":true,"href":"https:\/\/www.miel-store.com\/it\/wp-json\/wp\/v2\/product_tag?post=479"}],"curies":[{"name":"wp","href":"https:\/\/api.w.org\/{rel}","templated":true}]}}