{"id":478,"date":"2022-02-27T19:15:30","date_gmt":"2022-02-27T18:15:30","guid":{"rendered":"https:\/\/www.miel-store.com\/?post_type=product&#038;p=478"},"modified":"2026-04-12T13:22:12","modified_gmt":"2026-04-12T11:22:12","slug":"miele-di-giuggiolo-sidr-del-penjab","status":"publish","type":"product","link":"https:\/\/www.miel-store.com\/it\/p\/miel-de-jujubier-sidr-du-penjab","title":{"rendered":"Miele di giuggiolo (Sidr) del Punjab"},"content":{"rendered":"<p>Si dice che il pasto pi\u00f9 importante della giornata sia la colazione! \u00c8 vero o \u00e8 solo una montatura per i golosi? Quel che \u00e8 certo \u00e8 che per iniziare bene la giornata \u00e8 necessario essere ben accompagnati! Ecco perch\u00e9 vorremmo presentarvi le <strong>Miele di giuggiolo del Punjabi<\/strong>!<\/p>\n<h2><strong>Scoprite da dove proviene il miele del Punjabi!<\/strong><\/h2>\n<p>Prima di tutto, chiudete gli occhi e lasciatevi trasportare da una destinazione da sogno... l'India, un paesaggio attraente e una cultura da urlo. <a href=\"https:\/\/www.geo.fr\/environnement\/tout-ce-quil-faut-savoir-sur-lelephant-206587\" target=\"_blank\" rel=\"noopener\"><strong>Elefante<\/strong><\/a>, Gioielli d'oro, artigianato dai colori vivaci, tutti aspetti tipici di questo meraviglioso Paese. Inoltre, sapevate che era uno dei migliori al mondo in termini di <strong>apicoltura<\/strong>\u00a0?<\/p>\n<p>E in questo paese, non lontano dal Pakistan, c'\u00e8 un luogo dove si trova un unico allevamento di api! Stiamo parlando di\u00a0<strong>Punjab<\/strong>. Questa piccola provincia dell'India ci riserva molte sorprese, non da ultimo il suo\u00a0<strong>miele<\/strong>\u00a0gusto straordinario.<\/p>\n<p>Se non avete ancora avuto la possibilit\u00e0 di sentire il suo profumo e di assaggiare il suo aroma, non \u00e8 troppo tardi!<\/p>\n<p>Il vostro specialista di prodotti naturali vi offre un'opportunit\u00e0 che vale la pena di cogliere!<\/p>\n<h2><strong>Il miele di giuggiolo del Punjab \u00e8 un vero spettacolo!\u00a0<\/strong><\/h2>\n<p>Siete davvero pronti a scoprire il\u00a0<strong>prodotti dell'alveare<\/strong>\u00a0che potrebbe diventare parte integrante della vostra vita se si avvicinasse al vostro palato? Per uno spuntino o anche per la colazione, pu\u00f2 trovare rapidamente il suo posto. Come spuntino o per i vostri piatti privi di ispirazione, pu\u00f2 essere il compagno di cucina perfetto!<\/p>\n<p>Inoltre, il vostro\u00a0<strong>boutique del benessere<\/strong>\u00a0Miel Store desidera che lo scopriate all'interno di un barattolo trasparente, in modo da poter intravedere il colore del suo liquido.<\/p>\n<p>A\u00a0<strong>nettare<\/strong>\u00a0marrone, che d\u00e0 l'impressione di un gusto notevole. \u00c8 disponibile in un contenitore da 250 g, in modo che i buongustai possano gustarlo come si deve!<\/p>\n<p>Al cucchiaio o spalmato sul pane, vi conquister\u00e0 per il suo sapore delizioso. Che siate buongustai o principianti, l'esperienza non ha importanza. Basta lasciarsi travolgere dal suo gusto naturalmente buono!<\/p>\n<h2><strong>I benefici del miele di giuggiolo del Punjabi<\/strong><\/h2>\n<ul>\n<li>Considerato un sostituto naturale dello zucchero, \u00e8 particolarmente noto per aiutare gli atleti prima o dopo lo sforzo fisico.<\/li>\n<\/ul>\n<ul>\n<li>Pu\u00f2 aiutare la fertilit\u00e0, cos\u00ec come\u00a0<strong>miele di sidr\u00a0<\/strong><\/li>\n<\/ul>\n<ul>\n<li>Come il miele di giuggiolo, \u00e8 una vera e propria risorsa contro le malattie invernali.<\/li>\n<\/ul>\n<ul>\n<li>Pu\u00f2 anche essere utile per il transito intestinale, come ad esempio\u00a0<strong><a href=\"https:\/\/www.miel-store.com\/it\/p\/miele-bianco-del-kirghizistan\/\">miele bianco del Kirghizistan<\/a>,<\/strong>\u00a0e contro le ulcere gastriche<\/li>\n<\/ul>\n<ul>\n<li>Aiuta a combattere il mal di testa<\/li>\n<\/ul>\n<h3><strong>Prodotti naturali per la gioia di tutti!<\/strong><\/h3>\n<p>Il vostro negozio, specializzato in prodotti naturali, vuole farvi scoprire una moltitudine di articoli adatti alle vostre esigenze!<\/p>\n<p>Per questo motivo mettiamo in evidenza i prodotti dell'alveare con sapori eccezionali e oli naturali! Per esempio<strong>\u00a0<a href=\"https:\/\/www.miel-store.com\/it\/p\/huile-de-jojoba-bio-du-perou\/\">Olio di jojoba<\/a>\u00a0<\/strong>noto per i suoi benefici sulla pelle, ma anche per la cura dei capelli!<\/p>\n<p>Inoltre, avrete anche l'opportunit\u00e0 di conoscere<strong>\u00a0olio di avocado biologico\u00a0<\/strong>! Il suo profumo e le sue virt\u00f9 vi conquisteranno sicuramente!<\/p>","protected":false},"excerpt":{"rendered":"<p>Miele di giuggiolo (Sidr) del Punjab.<\/p>\n<p>Barattolo da 250 g.<\/p>","protected":false},"featured_media":559,"template":"","meta":[],"product_brand":[],"product_cat":[79,77,131],"product_tag":[],"class_list":{"0":"post-478","1":"product","2":"type-product","3":"status-publish","4":"has-post-thumbnail","6":"product_cat-miel-de-sidr","7":"product_cat-miel-du-monde","8":"product_cat-miel-du-pakistan","10":"first","11":"instock","12":"shipping-taxable","13":"purchasable","14":"product-type-simple"},"_links":{"self":[{"href":"https:\/\/www.miel-store.com\/it\/wp-json\/wp\/v2\/product\/478","targetHints":{"allow":["GET"]}}],"collection":[{"href":"https:\/\/www.miel-store.com\/it\/wp-json\/wp\/v2\/product"}],"about":[{"href":"https:\/\/www.miel-store.com\/it\/wp-json\/wp\/v2\/types\/product"}],"wp:featuredmedia":[{"embeddable":true,"href":"https:\/\/www.miel-store.com\/it\/wp-json\/wp\/v2\/media\/559"}],"wp:attachment":[{"href":"https:\/\/www.miel-store.com\/it\/wp-json\/wp\/v2\/media?parent=478"}],"wp:term":[{"taxonomy":"product_brand","embeddable":true,"href":"https:\/\/www.miel-store.com\/it\/wp-json\/wp\/v2\/product_brand?post=478"},{"taxonomy":"product_cat","embeddable":true,"href":"https:\/\/www.miel-store.com\/it\/wp-json\/wp\/v2\/product_cat?post=478"},{"taxonomy":"product_tag","embeddable":true,"href":"https:\/\/www.miel-store.com\/it\/wp-json\/wp\/v2\/product_tag?post=478"}],"curies":[{"name":"wp","href":"https:\/\/api.w.org\/{rel}","templated":true}]}}