{"id":477,"date":"2022-02-27T19:12:32","date_gmt":"2022-02-27T18:12:32","guid":{"rendered":"https:\/\/www.miel-store.com\/?post_type=product&#038;p=477"},"modified":"2026-04-16T17:23:14","modified_gmt":"2026-04-16T15:23:14","slug":"miele-di-giuggiolo-sidr-del-kashmir","status":"publish","type":"product","link":"https:\/\/www.miel-store.com\/it\/p\/miel-de-jujubier-sidr-du-kashmir","title":{"rendered":"Miele di giuggiolo (Sidr) del Kashmir"},"content":{"rendered":"<p>E se il meglio fosse dietro l'angolo? Riconosciuto in tutto il mondo come una qualit\u00e0 superiore, il <strong>Miele del Kashmir<\/strong> \u00e8 sotto i riflettori! Simile per alcuni aspetti al famoso <a href=\"https:\/\/www.miel-store.com\/it\/p\/miele-di-giuggiolo-sidr-maliki-dallo-yemen\/\"><strong>miele dello Yemen<\/strong><\/a>, Preparate i vostri sensi, perch\u00e9 \u00e8 molto probabile che sarete pi\u00f9 che conquistati!<\/p>\n<p>La vostra soddisfazione \u00e8 una delle nostre priorit\u00e0, per questo \u00e8 cos\u00ec importante condividere il meglio con voi. Quindi sedetevi, rilassatevi e preparatevi a scoprire un prodotto gustoso e di qualit\u00e0!<\/p>\n<h2><strong>Miele del Kashmir: il giuggiolo \u00e8 al centro della scena\u00a0<\/strong><\/h2>\n<p>Originario di una regione chiamata Kashmir, non lontana dall'India, questo<strong> miele da tutto il mondo <\/strong>si sta facendo conoscere per la sua qualit\u00e0 fuori dal comune. <strong>Sidr<\/strong> per alcuni e <strong>albero di giuggiole<\/strong> per altri, \u00e8 comunque<strong>t il prodotto dell'alveare<\/strong> un must-have!<\/p>\n<p><strong>Miele di giuggiole<\/strong> \u00e8 riconosciuto dagli intenditori come uno dei migliori. Il suo gusto e la sua consistenza sono adatti sia ai dilettanti che ai professionisti pi\u00f9 esperti! Non opponetevi pi\u00f9 e lasciatevi incantare da questo prodotto naturale!<\/p>\n<h2><strong>I numerosi benefici del miele del Kashmir\u00a0<\/strong><\/h2>\n<p>\u00c8 noto per il suo aroma e il suo sapore, ma ha anche molte virt\u00f9. Se non lo avete gi\u00e0 nella vostra dispensa, lasciatevi convincere dai suoi principi attivi altamente arricchenti.<\/p>\n<ul>\n<li>Pu\u00f2 alleviare le infezioni respiratorie<\/li>\n<li>Buono per la digestione<\/li>\n<li>Rafforza il sistema immunitario<\/li>\n<li>Allevia il dolore associato a tagli o ustioni<\/li>\n<li>Pu\u00f2 aiutare a regolare le mestruazioni<\/li>\n<\/ul>\n<p>Come potete immaginare, il sapore \u00e8 ottimo! Ma pu\u00f2 anche fare molto bene alla salute! \u00c8 il momento di lasciarsi convincere e di goderselo.<\/p>\n<h2><strong>Miele del Kashmir: istruzioni per l'uso<\/strong><\/h2>\n<p>Vi piace deliziare il vostro palato con elisir naturali? Allora siete fortunati, perch\u00e9 abbiamo quello che fa per voi. Se volete godere appieno del sapore del miele, ecco alcuni consigli.<\/p>\n<p>Prima di tutto, dovete scegliere il miele pi\u00f9 adatto a voi. Il gusto, la consistenza e l'aspetto di ogni miele possono variare da uno all'altro. <a href=\"https:\/\/www.miel-store.com\/it\/p\/miele-bianco-del-kirghizistan\/\"><strong>Miele bianco <\/strong><\/a>o<strong> <a href=\"https:\/\/www.miel-store.com\/it\/p\/miele-di-mango-del-mali\/\">miele di mango<\/a>,<\/strong> fate la scelta giusta!<\/p>\n<p>Quindi, dopo aver selezionato il vostro <strong>elisir<\/strong>, \u00c8 il momento di farlo diventare parte della vostra routine. A colazione o prima del caff\u00e8 mattutino, concedetevelo! Ricco di zuccheri naturali, vi dar\u00e0 un surplus di energia per la vostra giornata! Lasciate che si sciolga delicatamente sul vostro palato e godetevi il suo gusto delizioso e piacevole.<\/p>\n<h3><strong>La vostra boutique del benessere \u00e8 anche...<\/strong><\/h3>\n<p>Siamo sempre desiderosi di offrire prodotti di qualit\u00e0 per garantire la vostra soddisfazione! Il vostro benessere \u00e8 la nostra principale motivazione.<\/p>\n<p>Ecco perch\u00e9 vogliamo farvi scoprire anche i nostri oli naturali e biologici! <a href=\"https:\/\/www.miel-store.com\/it\/p\/olio-di-cumino-nero-delletiopia-habachia\/\"><strong>Olio di cumino nero<\/strong><\/a> per esempio, \u00e8 noto per i suoi benefici contro una serie di disturbi!<\/p>\n<p>\u00c8 inoltre possibile trovare <strong>olio di aloe vera<\/strong>, Una vera e propria aggiunta alla vostra vita quotidiana! Ampiamente utilizzato nella medicina antica, ha cos\u00ec tanti benefici che vi torner\u00e0 sicuramente utile. In un flacone da 100 ml, \u00e8 il momento di prendersi cura di s\u00e9!<\/p>","protected":false},"excerpt":{"rendered":"<p>Miele di giuggiolo (Sidr) del Kashmir.<\/p>\n<p>Barattolo da 250 g.<\/p>","protected":false},"featured_media":561,"template":"","meta":[],"product_brand":[],"product_cat":[79,77],"product_tag":[],"class_list":{"0":"post-477","1":"product","2":"type-product","3":"status-publish","4":"has-post-thumbnail","6":"product_cat-miel-de-sidr","7":"product_cat-miel-du-monde","9":"first","10":"instock","11":"shipping-taxable","12":"purchasable","13":"product-type-simple"},"_links":{"self":[{"href":"https:\/\/www.miel-store.com\/it\/wp-json\/wp\/v2\/product\/477","targetHints":{"allow":["GET"]}}],"collection":[{"href":"https:\/\/www.miel-store.com\/it\/wp-json\/wp\/v2\/product"}],"about":[{"href":"https:\/\/www.miel-store.com\/it\/wp-json\/wp\/v2\/types\/product"}],"wp:featuredmedia":[{"embeddable":true,"href":"https:\/\/www.miel-store.com\/it\/wp-json\/wp\/v2\/media\/561"}],"wp:attachment":[{"href":"https:\/\/www.miel-store.com\/it\/wp-json\/wp\/v2\/media?parent=477"}],"wp:term":[{"taxonomy":"product_brand","embeddable":true,"href":"https:\/\/www.miel-store.com\/it\/wp-json\/wp\/v2\/product_brand?post=477"},{"taxonomy":"product_cat","embeddable":true,"href":"https:\/\/www.miel-store.com\/it\/wp-json\/wp\/v2\/product_cat?post=477"},{"taxonomy":"product_tag","embeddable":true,"href":"https:\/\/www.miel-store.com\/it\/wp-json\/wp\/v2\/product_tag?post=477"}],"curies":[{"name":"wp","href":"https:\/\/api.w.org\/{rel}","templated":true}]}}