{"id":471,"date":"2022-02-27T19:03:49","date_gmt":"2022-02-27T18:03:49","guid":{"rendered":"https:\/\/www.miel-store.com\/?post_type=product&#038;p=471"},"modified":"2026-04-01T12:18:50","modified_gmt":"2026-04-01T10:18:50","slug":"miele-di-giuggiolo-sidr-dalgerie","status":"publish","type":"product","link":"https:\/\/www.miel-store.com\/it\/p\/miel-de-jujubier-sidr-dalgerie","title":{"rendered":"Miele di giuggiolo (Sidr) dall'Algeria"},"content":{"rendered":"<p>Lasciatevi guidare dal ronzio della verit\u00e0. Nel programma di oggi parleremo di\u00a0<strong>nettare<\/strong>, E non di un tipo qualsiasi! Per chi \u00e8 particolarmente appassionato di\u00a0<strong>prodotti dell'alveare<\/strong>, Siete nel posto giusto! Scoprite il<strong>\u00a0Miele di giuggiolo sidr dall'Algeria<\/strong>\u00a0!<\/p>\n<h2><strong>\u00c8 tempo di presentazioni con il miele di giuggiolo sidr dell'Algeria!\u00a0<\/strong><\/h2>\n<p>Infatti, nel vostro negozio specializzato in benessere, troverete un'ampia scelta di prodotti per il benessere.\u00a0<strong>mieli del mondo<\/strong>\u00a0vi aspettano! Tuttavia, i riflettori sono attualmente puntati sul famoso\u00a0<strong>Miele di giuggiolo sidr dall'Algeria<\/strong>\u00a0! La maggior parte degli intenditori avr\u00e0 sentito parlare della qualit\u00e0 di questo nuovo prodotto. Se non ne avete ancora sentito parlare, non preoccupatevi, faremo qualcosa.<\/p>\n<p>Prima di tutto, fate conoscenza con questo elisir di grande impatto visivo... La vostra boutique desidera farvelo scoprire nel suo barattolo trasparente ed ermetico da 250 g. All'interno troverete il famoso\u00a0<strong>nettare marrone<\/strong>\u00a0cos\u00ec ambita. Come potete vedere, questo\u00a0<strong>produzione di miele<\/strong>\u00a0\u00e8 sublime dal punto di vista visivo, ma che dire del gusto?<\/p>\n<h2><strong>Il miele di giuggiolo sidr dell'Algeria: vogliamo saperne di pi\u00f9!<\/strong><\/h2>\n<p>Se volete saperne di pi\u00f9, sedetevi e rilassatevi, al resto ci pensiamo noi... Prima di tutto, dal celebre\u00a0<strong>albero di giuggiole selvatiche<\/strong>, Pi\u00f9 precisamente, viene raccolto da\u00a0<strong>fiori dall'Algeria<\/strong>\u00a0di quest'ultimo!<\/p>\n<p>Conosciuto per il suo gusto eccezionale, lasciatevi affascinare non solo dalla sua consistenza, ma anche dalla sua\u00a0<strong>sapore squisito<\/strong>\u00a0e cremoso. Visita\u00a0<strong>miele di giuggiolo\u00a0<\/strong>\u00e8 sicuramente apprezzato per il suo aroma, ma anche per la sua<strong>\u00a0qualit\u00e0 medicinali<\/strong>\u00a0!<\/p>\n<p>Conosciuto come molto benefico per il mal di gola, \u00e8 anche usato in generale per i passaggi di stagione! Utile per\u00a0<strong>rafforzare il sistema immunitario<\/strong>, Questo nettare pu\u00f2 essere una parte essenziale della vita quotidiana!<\/p>\n<p>Per di pi\u00f9, a volte viene consumato come un\u00a0<strong>integratore alimentare naturale<\/strong>, Gli sportivi sono entusiasti dei suoi benefici nutrizionali ed energetici.<\/p>\n<h2><strong>Qualche consiglio su come gustare il miele di giuggiolo sidr dell'Algeria!\u00a0<\/strong><\/h2>\n<p>Non c'\u00e8 bisogno di essere un grande sportivo per goderselo! Infatti, se vi piace una buona\u00a0<strong>aromi dolci e naturali<\/strong>, questo miele fa decisamente al caso vostro. Spalmatelo sulle fette biscottate per darvi la carica al mattino, oppure assumetelo semplicemente come trattamento per darvi una piccola carica: a voi la scelta!<\/p>\n<p>Il vostro benessere \u00e8 uno dei nostri principali fattori motivanti! Ecco perch\u00e9 vogliamo farvi conoscere questo magnifico miele di<strong>\u00a0albero del giuggiolo proveniente dall'Algeria.\u00a0<\/strong><\/p>\n<p>Non esitate, e lasciatevi incantare dalla moltitudine di\u00a0<strong>prodotti per il benessere<\/strong>\u00a0che offriamo.<\/p>\n<h3><strong>Il vostro benessere con prodotti naturali...\u00a0<\/strong><\/h3>\n<p>Se volete sentirvi bene con voi stessi, perch\u00e9 non modificare la vostra dieta? Non preoccupatevi, il vostro Miel Store \u00e8 l\u00ec per aiutarvi.<\/p>\n<p><a href=\"https:\/\/www.miel-store.com\/it\/p\/melassa-di-datteri-darabia-saudita\/\"><strong>Melassa di datteri<\/strong><\/a>, per regolare i livelli di ferro nel sangue o\u00a0<a href=\"https:\/\/www.miel-store.com\/it\/p\/olio-di-cumino-nero-habachia-100ml\/\"><strong>olio di cumino nero<\/strong>\u00a0<strong>Etiopia<\/strong><\/a>, noto per i suoi numerosi benefici per l'uomo!<\/p>\n<p>Come si pu\u00f2 vedere, il vostro\u00a0<strong>boutique del benessere<\/strong>\u00a0\u00e8 il compagno di cui avete bisogno. Da\u00a0<strong>cosmetici naturali<\/strong>\u00a0a\u00a0<strong>mieli del mondo<\/strong>, Preparatevi a far s\u00ec che Miel Store occupi un posto speciale nella vostra vita quotidiana.<\/p>","protected":false},"excerpt":{"rendered":"<p>Miele di giuggiolo (Sidr) dall'Algeria.<\/p>\n<p>Nuovo raccolto.<\/p>\n<p>Barattolo da 250 g.<\/p>","protected":false},"featured_media":562,"template":"","meta":[],"product_brand":[],"product_cat":[79,111,77],"product_tag":[],"class_list":{"0":"post-471","1":"product","2":"type-product","3":"status-publish","4":"has-post-thumbnail","6":"product_cat-miel-de-sidr","7":"product_cat-miel-africain","8":"product_cat-miel-du-monde","10":"first","11":"instock","12":"featured","13":"shipping-taxable","14":"purchasable","15":"product-type-simple"},"_links":{"self":[{"href":"https:\/\/www.miel-store.com\/it\/wp-json\/wp\/v2\/product\/471","targetHints":{"allow":["GET"]}}],"collection":[{"href":"https:\/\/www.miel-store.com\/it\/wp-json\/wp\/v2\/product"}],"about":[{"href":"https:\/\/www.miel-store.com\/it\/wp-json\/wp\/v2\/types\/product"}],"wp:featuredmedia":[{"embeddable":true,"href":"https:\/\/www.miel-store.com\/it\/wp-json\/wp\/v2\/media\/562"}],"wp:attachment":[{"href":"https:\/\/www.miel-store.com\/it\/wp-json\/wp\/v2\/media?parent=471"}],"wp:term":[{"taxonomy":"product_brand","embeddable":true,"href":"https:\/\/www.miel-store.com\/it\/wp-json\/wp\/v2\/product_brand?post=471"},{"taxonomy":"product_cat","embeddable":true,"href":"https:\/\/www.miel-store.com\/it\/wp-json\/wp\/v2\/product_cat?post=471"},{"taxonomy":"product_tag","embeddable":true,"href":"https:\/\/www.miel-store.com\/it\/wp-json\/wp\/v2\/product_tag?post=471"}],"curies":[{"name":"wp","href":"https:\/\/api.w.org\/{rel}","templated":true}]}}