{"id":462,"date":"2022-02-27T18:51:28","date_gmt":"2022-02-27T17:51:28","guid":{"rendered":"https:\/\/www.miel-store.com\/?post_type=product&#038;p=462"},"modified":"2026-04-17T00:15:51","modified_gmt":"2026-04-16T22:15:51","slug":"miele-di-euforbia-dallo-yemen","status":"publish","type":"product","link":"https:\/\/www.miel-store.com\/it\/p\/miel-deuphorbe-du-yemen","title":{"rendered":"Yemen Miele di euforbia"},"content":{"rendered":"<p>Che si tratti di tosse umida o di una malattia invernale, \u00e8 essenziale prendere le precauzioni necessarie! Indossare una piccola sciarpa non \u00e8 sempre sufficiente! Ecco perch\u00e9 il vostro <strong>specialista del miele<\/strong> vorrebbe che scopriste il <strong>Miele di euforbia<\/strong> !<\/p>\n<h2><strong>Miele di euforbia dello Yemen: un elisir naturale che viene da lontano\u00a0<\/strong><\/h2>\n<p>Lo Yemen \u00e8 un paese della penisola arabica non lontano dalla Madre Rossa! Il suo clima temperato e la sua posizione geografica sono l'ideale per la coltivazione del famoso <strong>miele di euforbia<\/strong> ! In particolare si chiama<strong> dagmatico<\/strong> che significa cactus, \u00e8 considerato un tesoro della natura.<\/p>\n<p>Nonostante il suo sapore piuttosto forte in gola, \u00e8 comunque delizioso e piacevole. \u00c8 una vera risorsa nella lotta contro alcune malattie. <strong>malattie invernali<\/strong>.<\/p>\n<p>Non aspettate oltre per scoprire il suo magnifico contenuto trasparente, che rivela un elisir d'oro da 250 g! Grazie al suo coperchio ermetico, \u00e8 facile da conservare. \u00c8 sufficiente dire che vi aspetta una delizia!<\/p>\n<h2><strong>Focus sui benefici del miele di euforbia yemenita<\/strong><\/h2>\n<p>Questo <strong>miscela naturale<\/strong> della penisola arabica ha una moltitudine di benefici. Conosciuta in particolare per i suoi benefici nel trattamento dell'asma, aiuta anche a contrastare il mal di gola e la <strong>tosse umida<\/strong>.<\/p>\n<p>Inoltre, ricco di antiossidanti, il miele di euforbia dello Yemen pu\u00f2 contribuire a migliorare il sistema immunitario. Inoltre, questo prodotto dell'alveare \u00e8 molto apprezzato anche per il suo aiuto contro i dolori articolari e l'ipertensione!<\/p>\n<p>Come potete vedere, si tratta di un prodotto naturale che dovete assolutamente avere nella vostra dispensa! Non solo ha un gusto eccezionale, ma fa anche molto bene alla salute!<\/p>\n<h2><strong>Come utilizzare il miele di euforbia yemenita\u00a0<\/strong><\/h2>\n<p>Come con <a href=\"https:\/\/www.miel-store.com\/it\/p\/miele-di-banana-del-mali\/\"><strong>miele di banana del Mali<\/strong><\/a>, Potete assumerlo come trattamento o come accompagnamento alla vostra colazione! A tal fine, ogni mattina, prendetene un cucchiaino in modo da poter portare con voi la vostra colazione. <strong>miele superbo<\/strong> ! Prima o dopo lo spuntino, potete sciogliere sul vostro palato una miscela naturale che vale la pena di essere consumata!<\/p>\n<p>Che sia per uso familiare o personale, diventer\u00e0 sicuramente un must per la vostra casa!<\/p>\n<p>Tuttavia, se avete pi\u00f9 affetto per <strong>mieli pi\u00f9 morbidi e cremosi<\/strong>, <a href=\"https:\/\/www.miel-store.com\/it\/p\/miel-de-rhododendron-de-france\/\"><strong>Rododendro<\/strong><\/a> \u00e8 per voi il<strong> prodotti dell'alveare<\/strong> che fa al caso vostro! Il suo colore chiaro e l'aspetto uniforme preannunciano un prodotto di qualit\u00e0.<\/p>\n<h3><strong>Consigli per l'uso e la conservazione\u00a0<\/strong><\/h3>\n<p>Per l'uso quotidiano, si consiglia comunque di consultare il proprio medico di famiglia, soprattutto in caso di <strong>regime speciale<\/strong>.<\/p>\n<p>Come tutti i prodotti, devono essere conservati correttamente per mantenere tutto il loro sapore. Ecco perch\u00e9 il vostro negozio specializzato \u00e8 qui per consigliarvi!<\/p>\n<p>\u00c8 importante ricordare che il prodotto deve essere conservato lontano da fonti di calore. Anche l'umidit\u00e0 \u00e8 da evitare! \u00c8 preferibile un luogo asciutto!<\/p>\n<p>\u00c8 importante che, come tutto il resto, anche questo miele sia<strong> assumere con moderazione<\/strong>. Troppo di una cosa buona \u00e8 a volte difficile da limitare!<\/p>","protected":false},"excerpt":{"rendered":"<p>Miele di euforbia dello Yemen.<\/p>\n<p>Disponibile in vasetti da 250 g, 500 g o 1 kg.<\/p>","protected":false},"featured_media":564,"template":"","meta":[],"product_brand":[],"product_cat":[77],"product_tag":[],"class_list":{"0":"post-462","1":"product","2":"type-product","3":"status-publish","4":"has-post-thumbnail","6":"product_cat-miel-du-monde","8":"first","9":"instock","10":"shipping-taxable","11":"purchasable","12":"product-type-variable"},"_links":{"self":[{"href":"https:\/\/www.miel-store.com\/it\/wp-json\/wp\/v2\/product\/462","targetHints":{"allow":["GET"]}}],"collection":[{"href":"https:\/\/www.miel-store.com\/it\/wp-json\/wp\/v2\/product"}],"about":[{"href":"https:\/\/www.miel-store.com\/it\/wp-json\/wp\/v2\/types\/product"}],"wp:featuredmedia":[{"embeddable":true,"href":"https:\/\/www.miel-store.com\/it\/wp-json\/wp\/v2\/media\/564"}],"wp:attachment":[{"href":"https:\/\/www.miel-store.com\/it\/wp-json\/wp\/v2\/media?parent=462"}],"wp:term":[{"taxonomy":"product_brand","embeddable":true,"href":"https:\/\/www.miel-store.com\/it\/wp-json\/wp\/v2\/product_brand?post=462"},{"taxonomy":"product_cat","embeddable":true,"href":"https:\/\/www.miel-store.com\/it\/wp-json\/wp\/v2\/product_cat?post=462"},{"taxonomy":"product_tag","embeddable":true,"href":"https:\/\/www.miel-store.com\/it\/wp-json\/wp\/v2\/product_tag?post=462"}],"curies":[{"name":"wp","href":"https:\/\/api.w.org\/{rel}","templated":true}]}}