{"id":4592,"date":"2023-10-15T21:12:06","date_gmt":"2023-10-15T19:12:06","guid":{"rendered":"https:\/\/www.miel-store.com\/?post_type=product&#038;p=4592"},"modified":"2026-04-21T15:55:11","modified_gmt":"2026-04-21T13:55:11","slug":"talbina","status":"publish","type":"product","link":"https:\/\/www.miel-store.com\/it\/p\/talbina","title":{"rendered":"Talbina"},"content":{"rendered":"<p>La\u00a0<strong>Talbina<\/strong>\u00a0\u00e8 una zuppa o un porridge originario del mondo musulmano con numerosi benefici per la salute. A base di orzo, affonda le sue radici nella medicina profetica ed \u00e8 un vero e proprio tesoro nutrizionale. Scoprite i benefici di questa preparazione e i modi migliori per acquistarla su miel-store.com.<\/p>\n<h2><strong>Le origini di Talbina<\/strong><\/h2>\n<p>Nella civilt\u00e0 musulmana, diversi alimenti sono stati raccomandati dal Profeta Maometto (pace e benedizioni su di lui) per le loro propriet\u00e0 terapeutiche. Questo vale in particolare per<strong>\u00a0talbina,<\/strong>\u00a0che prende il nome dal suo colore bianco (il termine \u00abtalbina\u00bb deriva dalla parola araba \u00ablaban\u00bb, che significa bianco). Questo porridge a base di orzo schiacciato e latte \u00e8 un'importante fonte di fibre, minerali e vitamine.<\/p>\n<h3><strong>I suoi diversi usi<\/strong><\/h3>\n<p>La talbina viene generalmente consumata come supplemento ai pasti o in sostituzione di alcuni spuntini durante le celebrazioni religiose come il mese di Ramadan.<\/p>\n<p>Pu\u00f2 essere servito anche con carni grigliate o marinate. Questo esalta il sapore e aggiunge un tocco di originalit\u00e0 a questi piatti orientali. La talbina pu\u00f2 essere preparata anche sotto forma di piccoli fagottini, da consumare come antipasto o come spuntino per soddisfare la fame tra i pasti.<\/p>\n<h2><strong>I principali benefici della talbina per la salute<\/strong><\/h2>\n<p>Questa ricetta tradizionale ha numerosi benefici per l'organismo:<\/p>\n<ul>\n<li><strong>Ad alto contenuto di fibre e sostanze nutritive:<\/strong> L'orzo tritato che costituisce la base di questa preparazione \u00e8 un cereale ricco di fibre solubili e insolubili. Questa migliora il transito intestinale e aiuta a combattere la stitichezza. La talbina contiene anche quantit\u00e0 significative di minerali come potassio, fosforo, ferro e vitamine del gruppo B (soprattutto riboflavina e niacina). La talbina contribuisce al corretto funzionamento del metabolismo e rafforza il sistema immunitario.<\/li>\n<li><strong>Favorisce la saziet\u00e0:<\/strong> Le fibre insolubili contenute nell'orzo decorticato aumentano di volume quando vengono assunte con un liquido. Il risultato \u00e8 un rapido effetto di saziet\u00e0. Includendo la talbina nella vostra dieta, quindi, avrete meno probabilit\u00e0 di cedere alla tentazione di cibi troppo ricchi o zuccherati tra i pasti.<\/li>\n<li><strong>Contribuisce a ridurre il rischio cardiovascolare:<\/strong>\u00a0Secondo diversi studi scientifici, il consumo regolare di orzo decorticato, ingrediente principale della talbina, pu\u00f2 contribuire a ridurre i livelli di colesterolo LDL (\u00abcattivo\u00bb) e a prevenire le malattie cardiovascolari. Quando le fibre solubili entrano in contatto con l'acqua, formano un gel che pu\u00f2 intrappolare il colesterolo nell'intestino e impedirgli di entrare nel flusso sanguigno.<\/li>\n<li><strong>Effetti benefici sui livelli di zucchero nel sangue :<\/strong> La presenza di queste stesse fibre solubili contribuisce a mantenere i livelli di zucchero nel sangue a un livello ottimale. Ci\u00f2 aiuta a prevenire i picchi glicemici. Questo ingrediente \u00e8 quindi ideale per le persone con diabete di tipo 2 o insulino-resistenza.<\/li>\n<\/ul>\n<h2><strong>Acquistare Talbina su miel-store.com<\/strong><\/h2>\n<p>Per godere dei numerosi benefici di questa ricetta tradizionale, \u00e8 essenziale procurarsi ingredienti di qualit\u00e0. Miel-store.com, specializzato in prodotti orientali e naturali, vi propone una selezione di\u00a0<strong>talbina di alta gamma.<\/strong> Realizzato con cura e con metodi di produzione tradizionali.<\/p>\n<h3><strong>Un'ampia gamma di opzioni disponibili<\/strong><\/h3>\n<p>Su miel-store.com troverete un'ampia gamma di talbine in diverse forme e sapori per soddisfare tutti i gusti:<\/p>\n<ul>\n<li>Talbina classica: semplice e saporita, realizzata solo con orzo spezzato di alta qualit\u00e0;<\/li>\n<li>Talbina con frutta secca: aggiungete un tocco gourmet ed energizzante alle vostre preparazioni. Scegliete le versioni con datteri, fichi o albicocche;<\/li>\n<li>Talbina arricchita: per beneficiare delle virt\u00f9 aggiuntive di altri ingredienti naturali. Scegliete le opzioni arricchite con miele, fiori di <a href=\"https:\/\/www.miel-store.com\/it\/cp\/nigella\/\"><strong>nigella<\/strong><\/a> o polline;<\/li>\n<li>Orzo decorticato puro: per preparare la talbina fatta in casa a proprio piacimento, \u00e8 sufficiente ordinare l'orzo decorticato su miel-store.com.<\/li>\n<\/ul>\n<h3><strong>I migliori prezzi e termini di consegna<\/strong><\/h3>\n<p>Miel-store.com si fa un punto d'onore di offrire<strong> prodotti di qualit\u00e0 al miglior rapporto qualit\u00e0\/prezzo.<\/strong> Per consentire a tutti di godere dei numerosi benefici della talbina. Inoltre, il sito garantisce una consegna rapida e sicura direttamente a casa vostra, per facilitare gli acquisti e assicurarvi di non rimanere mai senza questa preziosa ricetta tradizionale.<\/p>\n<p>Nel complesso, la talbina offre ai consumatori benefici inestimabili per la salute, ora supportati da diversi studi scientifici. Ci\u00f2 conferma le raccomandazioni della medicina profetica. Non aspettate quindi ad aggiungere la talbina alla vostra dieta quotidiana e sfruttate appieno i suoi benefici ordinandola ora su miel-store.com!<\/p>","protected":false},"excerpt":{"rendered":"<p>La\u00a0Talbina\u00a0est une soupe ou bouillie originaire du monde musulman, dont les aspects b\u00e9n\u00e9fiques pour notre sant\u00e9 sont nombreux. R\u00e9alis\u00e9e \u00e0 base d&rsquo;orge, elle trouve ses racines dans la m\u00e9decine proph\u00e9tique et constitue un v\u00e9ritable tr\u00e9sor nutritionnel. D\u00e9couvrez les bienfaits de cette pr\u00e9paration ainsi que les meilleures astuces pour l&rsquo;acheter sur miel-store.com. Origines de la Talbina [&#8230;]\n","protected":false},"featured_media":4595,"template":"","meta":[],"product_brand":[],"product_cat":[88],"product_tag":[],"class_list":{"0":"post-4592","1":"product","2":"type-product","3":"status-publish","4":"has-post-thumbnail","6":"product_cat-bien-etre","8":"first","9":"instock","10":"shipping-taxable","11":"purchasable","12":"product-type-variable","13":"has-default-attributes"},"_links":{"self":[{"href":"https:\/\/www.miel-store.com\/it\/wp-json\/wp\/v2\/product\/4592","targetHints":{"allow":["GET"]}}],"collection":[{"href":"https:\/\/www.miel-store.com\/it\/wp-json\/wp\/v2\/product"}],"about":[{"href":"https:\/\/www.miel-store.com\/it\/wp-json\/wp\/v2\/types\/product"}],"wp:featuredmedia":[{"embeddable":true,"href":"https:\/\/www.miel-store.com\/it\/wp-json\/wp\/v2\/media\/4595"}],"wp:attachment":[{"href":"https:\/\/www.miel-store.com\/it\/wp-json\/wp\/v2\/media?parent=4592"}],"wp:term":[{"taxonomy":"product_brand","embeddable":true,"href":"https:\/\/www.miel-store.com\/it\/wp-json\/wp\/v2\/product_brand?post=4592"},{"taxonomy":"product_cat","embeddable":true,"href":"https:\/\/www.miel-store.com\/it\/wp-json\/wp\/v2\/product_cat?post=4592"},{"taxonomy":"product_tag","embeddable":true,"href":"https:\/\/www.miel-store.com\/it\/wp-json\/wp\/v2\/product_tag?post=4592"}],"curies":[{"name":"wp","href":"https:\/\/api.w.org\/{rel}","templated":true}]}}