{"id":456,"date":"2022-02-24T18:56:46","date_gmt":"2022-02-24T17:56:46","guid":{"rendered":"https:\/\/www.miel-store.com\/?post_type=product&#038;p=456"},"modified":"2026-04-27T13:02:38","modified_gmt":"2026-04-27T11:02:38","slug":"miele-di-giuggiolo-sidr-maliki-dallo-yemen","status":"publish","type":"product","link":"https:\/\/www.miel-store.com\/it\/p\/miel-de-jujubier-sidr-maliki-du-yemen","title":{"rendered":"Miele di giuggiolo (Sidr Maliki) dallo Yemen"},"content":{"rendered":"<p>L'essenziale e l'insostituibile\u00a0<strong>Miele di giuggiolo dello Yemen<\/strong>\u00a0sta facendo un ingresso straordinario nel nostro Miel Store. Quello che \u00e8 stato soprannominato\u00a0<strong>L'oro dello Yemen<\/strong>\u00a0non smette mai di stupirci con le sue notevoli virt\u00f9. Per non parlare dell'aroma squisito che delizier\u00e0 anche le papille gustative pi\u00f9 esigenti.<\/p>\n<p>Se volete saperne di pi\u00f9, noi ne sappiamo qualcosa... Quindi state in prima fila per non perdervi nulla!<\/p>\n<h2><strong>Miele di giuggiole dello Yemen, un tesoro dei nostri alveari\u00a0<\/strong><\/h2>\n<p>Dai nostri alveari, o meglio dagli alveari dei nostri amici yemeniti. \u00c8 in questo Paese mediorientale, infatti, che si trova il famoso albero che ci regala questo delizioso\u00a0<strong>nettare<\/strong>. Stiamo parlando del giuggiolo. Si trova soprattutto nella regione di Dawan, nota per i suoi paesaggi montuosi e aridi. Il nostro\u00a0<strong>Sidr Maliki<\/strong>, come \u00e8 noto, deriva da questo arbusto spinoso, molto resistente alle variazioni di temperatura.<\/p>\n<p>Si noti inoltre che questo prodotto \u00e8 considerato un\u00a0<strong>miele raro<\/strong>. I metodi di raccolta artigianali richiedono un livello di competenza che la\u00a0<strong>apicoltori<\/strong>\u00a0perfezionato alla perfezione. Tuttavia, le quantit\u00e0 estratte ogni anno sono piuttosto limitate e non consentono l'esportazione di tonnellate. Soprattutto perch\u00e9<strong>\u00a0miele giuggiolo Yemen prezzo<\/strong>\u00a0supera facilmente i cento euro!<\/p>\n<p>A\u00a0<strong>Negozio di miele<\/strong>, Siamo molto orgogliosi di potervi offrire questo \u00ab<strong>\u00a0Asal as Sidr<\/strong>\u00a0\u00bb. A\u00a0<strong>prodotti dell'alveare<\/strong>\u00a0unico per molti aspetti! In effetti, \u00e8 considerato il pi\u00f9 grande<strong>\u00a0il miglior miele del mondo<\/strong>, tutto qui...<\/p>\n<h2><strong>Caratteristiche del miele di giuggiolo dello Yemen\u00a0<\/strong><\/h2>\n<p>Non c'\u00e8 dubbio che gli intenditori riconosceranno questa\u00a0<strong>miele monoflora<\/strong>\u00a0eccezionale. D'altra parte, chi non ha mai avuto la possibilit\u00e0 di incontrarlo potr\u00e0 conoscerlo meglio da subito:<\/p>\n<p><strong>Colore :\u00a0<\/strong>Non a caso \u00e8 soprannominato \u00aboro dello Yemen\u00bb. Questo ha ovviamente a che fare con il suo prezzo, ma anche con il suo colore dorato, che \u00e8 appena marrone.<\/p>\n<p><strong>Sapore :\u00a0<\/strong>Dolce, delicato e caramellato, al palato si percepiscono alcune piacevoli note di nocciola.<\/p>\n<p><strong>Struttura :\u00a0<\/strong>\u00c8 piuttosto cremoso e facile da versare con il cucchiaio, il che non aiuta quando si tratta di limitarne il consumo... non \u00e8 vero, buongustai?! Inoltre, cristallizza lentamente e molto finemente, anche al variare della temperatura. Il che, ancora una volta, lo rende facile da mangiare!<\/p>\n<p><strong>Menzione organica :<\/strong>\u00a0no*<\/p>\n<p>* \u00c8 importante sapere che<strong>\u00a0miele di giuggiolo biologico Yemen\u00a0<\/strong>non esiste. In effetti, non ha i requisiti per ottenere l'etichetta ufficiale. D'altra parte, sappiamo che la regione di Hadramawt, dove questo nettare viene raccolto, \u00e8 un luogo dove l'inquinamento \u00e8 praticamente inesistente. Gli alberi di giuggiole non vengono trattati chimicamente e i metodi di estrazione utilizzati sono rispettosi dell'ambiente.\u00a0<strong>api<\/strong>\u00a0e l'ambiente.<\/p>\n<h2><strong>Benefici del miele di giuggiolo dello Yemen\u00a0<\/strong><\/h2>\n<p>Considerato un\u00a0<strong>alicamento<\/strong>, nostro\u00a0<strong>miele di sidr maliki\u00a0<\/strong>\u00e8 un vero e proprio concentrato di virt\u00f9. Sappiamo tutti che ogni\u00a0<strong>nettare dell'alveare\u00a0<\/strong>ha i suoi vantaggi. Ad esempio, il<strong>\u00a0miele di acacia<\/strong>\u00a0e le sue propriet\u00e0 lenitive, o il\u00a0<strong>miele di timo\u00a0<\/strong>e i suoi benefici per la tosse.<\/p>\n<p>Il nostro oro yemenita \u00e8 una classe a s\u00e9 stante, in quanto presenta una gamma di propriet\u00e0 piuttosto completa.<\/p>\n<p>Ecco alcuni esempi:<\/p>\n<ul>\n<li>Per prevenire alcune malattie; ;<\/li>\n<li>Fonte di vitamine A e C, fornisce energia e rafforza le difese immunitarie; ;<\/li>\n<li>Consigliato alle donne dopo il parto per favorire il recupero; ;<\/li>\n<li>\u00c8 utile per aiutare a combattere l'anemia; ;<\/li>\n<li>Sulla pelle, questo\u00a0<strong>nettare monofloreale<\/strong>\u00a0facilita la guarigione e ha un impatto su acne, psoriasi ed eczemi; ;<\/li>\n<li>Ha propriet\u00e0 antiossidanti; ;<\/li>\n<li>Migliora la digestione; ;<\/li>\n<li>Consigliato anche per tosse e mal di gola; ;<\/li>\n<li>Propriet\u00e0 antibatteriche e antisettiche; ;<\/li>\n<li>Le\u00a0<strong>miele afrodisiaco di giuggiolo Yemen<\/strong>\u00a0\u00e8 noto anche per questa caratteristica.<\/li>\n<\/ul>\n<h2><strong>Prodotti naturali per rafforzare l'immunit\u00e0\u00a0<\/strong><\/h2>\n<p>Naturalmente, potete usare il vostro delizioso miele di giuggiole dello Yemen per migliorare il vostro sistema immunitario. Ma nel nostro negozio ci sono anche molti prodotti che possono aiutarvi a farlo.<\/p>\n<p>Pensiamo in particolare alle piante grasse\u00a0<a href=\"https:\/\/www.miel-store.com\/it\/p\/date-sukari\/\"><strong>Date Sukari<\/strong><\/a>, raccolti in Arabia Saudita. Naturalmente,\u00a0<strong><a href=\"https:\/\/www.miel-store.com\/it\/p\/melassa-di-datteri-darabia-saudita\/\">melassa di datteri<\/a>\u00a0<\/strong>\u00e8 anche un alimento eccellente per la salute generale, soprattutto se si ha una carenza di ferro.<\/p>\n<p>D'altra parte, il\u00a0<strong>nigella<\/strong>\u00a0in tutte le sue forme sar\u00e0 eccellente se lo includerete nella vostra dieta quotidiana. I suoi benefici sono talmente tanti che \u00e8 difficile elencarli tutti. Infatti, \u00e8 possibile introdurre\u00a0<strong>semi di cumino nero<\/strong>\u00a0direttamente nel vostro\u00a0<strong>Sidr Maliki dallo Yemen.\u00a0<\/strong>Questo potente\u00a0<strong>medicina naturale<\/strong>\u00a0pu\u00f2 essere consumato ogni mattina a stomaco vuoto per fare il pieno di energia!<\/p>\n<h3><strong>Per il piacere delle papille gustative, ma non solo...\u00a0<\/strong><\/h3>\n<p>I buongustai potranno godere di questo miele monofloreale per ravvivare le loro papille gustative e assaporare una\u00a0<strong>nettare raro<\/strong>. Su pane tostato, pane fresco o in una macedonia, si sposa perfettamente anche con le bevande, calde o fredde. Frullato o\u00a0<strong>T\u00e8 alla rosa di Gerico<\/strong>, Addolcir\u00e0 naturalmente i vostri piatti.<\/p>\n<p>Tuttavia, vi consigliamo di non usarlo in acqua bollente, ma di aspettare che l'acqua si sia leggermente raffreddata. Questo per preservare tutti i suoi benefici.<\/p>\n<p>Si pu\u00f2 utilizzare anche come ingrediente cosmetico. Infatti, pu\u00f2 essere utilizzato come maschera per il viso, mescolato a polveri o a\u00a0<strong>oli vegetali<\/strong>. Ma anche come ingrediente per i capelli.<\/p>\n<p>Inoltre, \u00e8 un ottimo rimedio naturale. E questo \u00e8 l'uso principale che consigliamo!<\/p>\n<p>Al mattino, a stomaco vuoto, o mescolato con\u00a0<strong>propoli<\/strong>\u00a0per ottenere i massimi benefici.<\/p>\n<p>Se avete iniziato un corso di\u00a0<a href=\"https:\/\/www.miel-store.com\/it\/p\/latte-di-cammello-in-polvere\/\" target=\"_blank\" rel=\"noopener\"><strong>latte di cammello<\/strong><\/a>, Se volete aggiungere qualcosa in pi\u00f9 alla miscela, non esitate a mescolare un cucchiaino di Maliki sidr.<\/p>\n<p>In conclusione, questo\u00a0<strong>prodotti rari dell'alveare<\/strong>\u00a0ha in serbo per voi una serie di sorprese. Siamo certi che le apprezzerete tutte. Non esitate a scoprire gli altri nostri nettari eccezionali sul nostro sito\u00a0<strong>boutique di prodotti per il benessere<\/strong>. Un'infinit\u00e0 di scoperte vi aspettano...<\/p>","protected":false},"excerpt":{"rendered":"<p>Miele di giuggiolo (Sidr Maliki) dallo Yemen<\/p>\n<p>Disponibile in vasetti da 250 g, 500 g o 1 kg.<\/p>\n<p>PH 7.4, Nuovo raccolto.<\/p>","protected":false},"featured_media":557,"template":"","meta":[],"product_brand":[],"product_cat":[79,77],"product_tag":[],"class_list":{"0":"post-456","1":"product","2":"type-product","3":"status-publish","4":"has-post-thumbnail","6":"product_cat-miel-de-sidr","7":"product_cat-miel-du-monde","9":"first","10":"instock","11":"featured","12":"shipping-taxable","13":"purchasable","14":"product-type-variable","15":"has-default-attributes"},"_links":{"self":[{"href":"https:\/\/www.miel-store.com\/it\/wp-json\/wp\/v2\/product\/456","targetHints":{"allow":["GET"]}}],"collection":[{"href":"https:\/\/www.miel-store.com\/it\/wp-json\/wp\/v2\/product"}],"about":[{"href":"https:\/\/www.miel-store.com\/it\/wp-json\/wp\/v2\/types\/product"}],"wp:featuredmedia":[{"embeddable":true,"href":"https:\/\/www.miel-store.com\/it\/wp-json\/wp\/v2\/media\/557"}],"wp:attachment":[{"href":"https:\/\/www.miel-store.com\/it\/wp-json\/wp\/v2\/media?parent=456"}],"wp:term":[{"taxonomy":"product_brand","embeddable":true,"href":"https:\/\/www.miel-store.com\/it\/wp-json\/wp\/v2\/product_brand?post=456"},{"taxonomy":"product_cat","embeddable":true,"href":"https:\/\/www.miel-store.com\/it\/wp-json\/wp\/v2\/product_cat?post=456"},{"taxonomy":"product_tag","embeddable":true,"href":"https:\/\/www.miel-store.com\/it\/wp-json\/wp\/v2\/product_tag?post=456"}],"curies":[{"name":"wp","href":"https:\/\/api.w.org\/{rel}","templated":true}]}}