{"id":4363,"date":"2024-01-19T13:13:42","date_gmt":"2024-01-19T12:13:42","guid":{"rendered":"https:\/\/www.miel-store.com\/?post_type=product&#038;p=4363"},"modified":"2026-04-11T17:49:16","modified_gmt":"2026-04-11T15:49:16","slug":"radici-di-vetiver-khamare","status":"publish","type":"product","link":"https:\/\/www.miel-store.com\/it\/p\/khamare-racines-de-vetiver","title":{"rendered":"Khamar\u00e9 (10 steli di radice di vetiver)"},"content":{"rendered":"<p>Le\u00a0<strong>khamar\u00e9<\/strong>\u00a0\u00e8 una miscela tradizionale a base di radici di vetiver, rinomata per i suoi numerosi benefici per la salute e il benessere. Volete acquistare il khamar\u00e9 in Francia? Allora non cercate altro che il nostro negozio online\u00a0<strong>miel-store.com<\/strong>, Il modo migliore per acquistare questa bevanda esotica.<\/p>\n<h2><strong>Che cos'\u00e8 il khamar\u00e9?<\/strong><\/h2>\n<p>Originario dell'Africa Occidentale, il khamar\u00e9 \u00e8 una preparazione tradizionale a base di\u00a0<strong>radice di vetiver<\/strong>\u00a0con aromi potenti e legnosi. Il vetiver \u00e8 una pianta erbacea ampiamente utilizzata nella medicina tradizionale e in profumeria per il suo profumo ammaliante e le sue propriet\u00e0 medicinali.<\/p>\n<p>In Senegal, in particolare, le donne sono solite preparare questa bevanda in occasione di importanti cerimonie ed eventi familiari come i matrimoni. In Africa Occidentale, si ritiene che abbia anche <a href=\"https:\/\/www.miel-store.com\/it\/p\/miele-king-kong-100g\/\"><strong>propriet\u00e0 afrodisiache<\/strong><\/a> che si ritiene abbiano un effetto benefico sulla vitalit\u00e0 e sulla fertilit\u00e0.<\/p>\n<ol>\n<li><strong>Potere aromatizzante<\/strong>\u00a0Khamar\u00e9: il khamar\u00e9 conferisce un aroma unico all'acqua, grazie alle radici di vetiver e alle sostanze profumate naturalmente presenti.<\/li>\n<li><strong>Azione disintossicante<\/strong>\u00a0Vetiver: le radici di vetiver sono note per eliminare le tossine e depurare l'organismo favorendo la digestione.<\/li>\n<li><strong>Effetto diuretico (perdita di peso)<\/strong> khamar\u00e9 contribuisce a <strong>drenare il corpo in modo naturale<\/strong> migliorare la circolazione sanguigna e linfatica.<\/li>\n<\/ol>\n<h2><strong>Boutique Miel Store, l'indirizzo di riferimento per l'acquisto di khamar\u00e9 in Francia<\/strong><\/h2>\n<p>Con il negozio online\u00a0<strong>Negozio di miele<\/strong>, Un viaggio gustativo nel cuore dei sapori africani. Specializzato nella vendita di mieli e prodotti provenienti dalle terre africane. Offre anche khamar\u00e9 di qualit\u00e0. Confezionato in bustine o bottiglie, ideale per un'esperienza autentica da condividere con la famiglia e gli amici.<\/p>\n<h3><strong>Una rigorosa selezione di khamar\u00e9 di qualit\u00e0<\/strong><\/h3>\n<p>Per garantirvi un khamar\u00e9 eccellente,\u00a0<strong>Negozio di miele<\/strong> lavora con produttori appassionati e desiderosi di preservare i metodi di produzione tradizionali. Le radici di vetiver sono accuratamente selezionate e raccolte nelle migliori condizioni possibili. Tutte le loro virt\u00f9 e i loro aromi vengono conservati intatti.<\/p>\n<h3><strong>Un metodo tradizionale di preparazione delle radici di vetiver per un gusto unico<\/strong><\/h3>\n<p>Ci\u00f2 che rende cos\u00ec speciale il khamar\u00e9 disponibile presso Miel Store \u00e8 che viene prodotto a mano secondo un processo tradizionale. Le radici di vetiver vengono meticolosamente schiacciate e macerate a mano. Separate dall'acqua per ottenere un preparato profumato e concentrato. Questo know-how ancestrale contribuisce a mantenere le tradizioni culinarie africane e garantisce un gusto incomparabile.<\/p>\n<h3><strong>Un impegno per il commercio equo e solidale<\/strong><\/h3>\n<p><strong>Negozio di miele<\/strong> \u00e8 profondamente impegnata in un approccio etico e responsabile nei confronti dei suoi produttori partner. Scegliendo di acquistare il khamar\u00e9 da Miel Store. contribuite allo sviluppo economico delle comunit\u00e0 locali e incoraggiate un lavoro dignitoso e il rispetto dell'ambiente.<\/p>\n<h2><strong>I vantaggi dell'acquisto di khamar\u00e9 presso Miel Store in Francia<\/strong><\/h2>\n<p>Con Miel Store, acquistare khamar\u00e9 in Francia \u00e8 un gioco da ragazzi! I suoi servizi sono stati concepiti per garantire la totale soddisfazione del cliente.<\/p>\n<ul>\n<li style=\"list-style-type: none;\">\n<ul>\n<li><strong>Un negozio online di facile accesso:<\/strong>\u00a0Ordinate il vostro khamar\u00e9 in pochi clic da casa o in viaggio, 24 ore su 24.<\/li>\n<li><strong>Una vasta gamma di prodotti:<\/strong> Se siete gi\u00e0 fan della radice di vetiver. O se semplicemente volete scoprire questa bevanda esotica, Miel Store ha quello che fa per voi!<\/li>\n<li><strong>Metodi di pagamento sicuri:<\/strong>\u00a0i vostri acquisti sono protetti da un collaudato sistema di sicurezza delle transazioni online (SSL).<\/li>\n<\/ul>\n<\/li>\n<\/ul>\n<ul>\n<li><strong>Consegna rapida:<\/strong> i tempi di spedizione e di consegna sono ottimizzati in modo che possiate godervi il vostro khamar\u00e9 senza ritardi.<\/li>\n<li><strong>Un servizio clienti che ascolta:<\/strong>\u00a0Se avete bisogno di aiuto, un team attento \u00e8 a disposizione per rispondere a tutte le vostre domande via e-mail o telefono.<\/li>\n<\/ul>\n<h3><strong>Come si prepara il khamar\u00e9 acquistato da Miel Store?<\/strong><\/h3>\n<p>Approfittate dei sapori e dei benefici del khamar\u00e9. Ecco un esempio di ricetta tradizionale per perdere peso, facile da preparare a casa con i prodotti del nostro sito. <strong>Negozio di miele<\/strong>\u00a0:<\/p>\n<ol>\n<li>Portare a ebollizione 1 litro d'acqua in una pentola grande;<\/li>\n<li>Aggiungere il contenuto di una bustina di radice di vetiver;<\/li>\n<li>Lasciare in infusione per 20 minuti a fuoco basso;<\/li>\n<li>Filtrare per trattenere solo l'acqua profumata di khamare (le radici si possono conservare per diversi usi);<\/li>\n<li>Servite caldo con zucchero o miele a piacere, oppure lasciate raffreddare per un rinfresco unico;<\/li>\n<\/ol>\n<p>Naturalmente, siete liberi di adattare la quantit\u00e0 di acqua e di radici per ottenere un'intensit\u00e0 di sapore che soddisfi i vostri gusti. Sentitevi liberi di sperimentare! Quindi non aspettate oltre, fatevi un regalo e ordinate subito il khamar\u00e9 in Francia nel nostro negozio.\u00a0<strong>miel-store.com<\/strong>.<\/p>","protected":false},"excerpt":{"rendered":"<p><strong>Caratteristiche :<\/strong><\/p>\n<ol>\n<li><strong>Potere aromatizzante<\/strong>\u00a0Khamar\u00e9: il khamar\u00e9 conferisce un aroma unico all'acqua, grazie alle radici di vetiver e alle sostanze profumate naturalmente presenti.<\/li>\n<li><strong>Azione disintossicante<\/strong>\u00a0Vetiver: le radici di vetiver sono note per eliminare le tossine e depurare l'organismo favorendo la digestione.<\/li>\n<li><strong>Effetto diuretico<\/strong> Il khamar\u00e9 aiuta a drenare il corpo in modo naturale, migliorando la circolazione sanguigna e linfatica.<\/li>\n<\/ol>","protected":false},"featured_media":4364,"template":"","meta":[],"product_brand":[],"product_cat":[88],"product_tag":[],"class_list":{"0":"post-4363","1":"product","2":"type-product","3":"status-publish","4":"has-post-thumbnail","6":"product_cat-bien-etre","8":"first","9":"instock","10":"shipping-taxable","11":"purchasable","12":"product-type-simple"},"_links":{"self":[{"href":"https:\/\/www.miel-store.com\/it\/wp-json\/wp\/v2\/product\/4363","targetHints":{"allow":["GET"]}}],"collection":[{"href":"https:\/\/www.miel-store.com\/it\/wp-json\/wp\/v2\/product"}],"about":[{"href":"https:\/\/www.miel-store.com\/it\/wp-json\/wp\/v2\/types\/product"}],"wp:featuredmedia":[{"embeddable":true,"href":"https:\/\/www.miel-store.com\/it\/wp-json\/wp\/v2\/media\/4364"}],"wp:attachment":[{"href":"https:\/\/www.miel-store.com\/it\/wp-json\/wp\/v2\/media?parent=4363"}],"wp:term":[{"taxonomy":"product_brand","embeddable":true,"href":"https:\/\/www.miel-store.com\/it\/wp-json\/wp\/v2\/product_brand?post=4363"},{"taxonomy":"product_cat","embeddable":true,"href":"https:\/\/www.miel-store.com\/it\/wp-json\/wp\/v2\/product_cat?post=4363"},{"taxonomy":"product_tag","embeddable":true,"href":"https:\/\/www.miel-store.com\/it\/wp-json\/wp\/v2\/product_tag?post=4363"}],"curies":[{"name":"wp","href":"https:\/\/api.w.org\/{rel}","templated":true}]}}