{"id":4360,"date":"2023-09-19T12:45:51","date_gmt":"2023-09-19T10:45:51","guid":{"rendered":"https:\/\/www.miel-store.com\/?post_type=product&#038;p=4360"},"modified":"2026-04-02T09:19:50","modified_gmt":"2026-04-02T07:19:50","slug":"miele-di-karite-del-mali","status":"publish","type":"product","link":"https:\/\/www.miel-store.com\/it\/p\/miel-de-karite-du-mali","title":{"rendered":"Miele di karit\u00e9 del Mali - 250 g"},"content":{"rendered":"<p>Le\u00a0<strong>miele di karit\u00e9 del Mali<\/strong>\u00a0\u00e8 un prodotto naturale dalle virt\u00f9 eccezionali. \u00c8 ricco di propriet\u00e0 benefiche per la salute e la bellezza della pelle e dei capelli. Se vi trovate in Francia e desiderate acquistare questo prezioso miele, scoprite perch\u00e9 il negozio online Miel-Store.com \u00e8 il luogo ideale per fare la vostra scelta e come beneficiare di questo miele unico.<\/p>\n<h2><strong>Le origini e i benefici del miele di karit\u00e9 del Mali<\/strong><\/h2>\n<p>Il miele di karit\u00e9 si ottiene dal nettare dei fiori dell'albero del karit\u00e9 (Vitellaria paradoxa). Cresce principalmente in Africa occidentale. Visita <strong>Mali<\/strong>\u00a0\u00e8 uno dei principali produttori mondiali di burro e miele di karit\u00e9. Questo miele, dal sapore delicato e dalla consistenza morbida, offre un'esperienza di gusto indimenticabile ed \u00e8 ricco di sostanze nutritive e propriet\u00e0 benefiche per la salute e la bellezza.<\/p>\n<h3><strong>Notevole potere antiossidante<\/strong><\/h3>\n<p>Il miele di karit\u00e9 del Mali contiene numerosi polifenoli, molecole dalle potenti propriet\u00e0 antiossidanti. Questi elementi contribuiscono a neutralizzare i radicali liberi responsabili dell'invecchiamento precoce delle cellule, aiutando a combattere l'invecchiamento cutaneo e a potenziare le difese naturali dell'organismo.<\/p>\n<h3><strong>Propriet\u00e0 idratanti per pelle e capelli<\/strong><\/h3>\n<p>Il miele di karit\u00e9 del Mali \u00e8 rinomato anche per le sue propriet\u00e0 idratanti. Preserva l'idratazione naturale della pelle e dei capelli, nutrendoli in profondit\u00e0 e lasciandoli morbidi ed elastici. Queste propriet\u00e0 rendono il miele un ingrediente ideale da includere nella routine quotidiana di cura della pelle o per la preparazione di <a href=\"https:\/\/www.miel-store.com\/it\/p\/nila-polvere\/\"><strong>maschere e scrub fatti in casa<\/strong><\/a>.<\/p>\n<h3><strong>Propriet\u00e0 curative e antinfiammatorie<\/strong><\/h3>\n<p>Le propriet\u00e0 antinfiammatorie e antibatteriche del miele di karit\u00e9 del Mali aiutano a guarire le ferite e a riparare i tessuti danneggiati. Questo prodotto naturale pu\u00f2 essere utilizzato per tagli, abrasioni e piccole ustioni. Allevia il dolore e accelera la guarigione.<\/p>\n<h2><strong>Acquistare miele di karit\u00e9 del Mali in Francia da Miel-Store.com<\/strong><\/h2>\n<p>Per ottenere questo prezioso miele in\u00a0<strong>Francia.<\/strong> Il negozio online\u00a0<strong>Miel-Store.com<\/strong>\u00a0vi offre una rigorosa selezione di mieli provenienti direttamente dal Mali, da produttori che rispettano l'ambiente e si impegnano per lo sviluppo locale. Per questo Miel-Store.com \u00e8 il punto di riferimento sul mercato francese:<\/p>\n<ul>\n<li><strong>Mieli di qualit\u00e0 accuratamente selezionati<\/strong><\/li>\n<\/ul>\n<p>Miel-Store.com presta particolare attenzione all'origine e alla qualit\u00e0 dei mieli che propone. Ogni prodotto \u00e8 accuratamente selezionato per garantire un miele autentico e gustoso, nel rispetto dei metodi di produzione tradizionali.<\/p>\n<ul>\n<li><strong>Uno spazio dedicato ai tesori del Mali<\/strong><\/li>\n<\/ul>\n<p>Oltre al miele di karit\u00e9 del Mali, il negozio Miel-Store.com propone altri prodotti emblematici del Paese, come il t\u00e8 alla menta. Spezie locali e saponi fatti a mano. Troverete sicuramente quello che cercate in questa ricca e variegata selezione.<\/p>\n<ul>\n<li><strong>Acquisti responsabili per sostenere lo sviluppo locale in Mali<\/strong><\/li>\n<\/ul>\n<p>Promuovere il commercio equo e solidale tra produttori locali e consumatori francesi. Miel-Store.com \u00e8 impegnato in un approccio solidale che promuove il patrimonio culturale e naturale del Mali, incoraggiando al contempo uno sviluppo economico sostenibile e responsabile.<\/p>\n<h4>Come acquistare il miele di karit\u00e9 del Mali su Miel-Store.com<\/h4>\n<ol>\n<li><strong>Visita il sito web<\/strong>\u00a0Visitate Miel-Store.com per scoprire la gamma di mieli e altri prodotti disponibili.<\/li>\n<li><strong>Sfoglia la nostra selezione di mieli<\/strong> Date un'occhiata a tutti i mieli proposti. Leggete le descrizioni associate per saperne di pi\u00f9 sulle loro origini, la composizione e i benefici.<\/li>\n<li><strong>Aggiungete al carrello il vostro miele preferito<\/strong> Una volta decisi uno o pi\u00f9 prodotti. \u00c8 sufficiente aggiungerli al carrello virtuale.<\/li>\n<li><strong>Procedere al pagamento sicuro<\/strong>\u00a0: finalizzare l'ordine seguendo le fasi di pagamento sicure proposte da Miel-Store.com.<\/li>\n<\/ol>\n<h3><strong>Idee per utilizzare il miele di karit\u00e9 del Mali nella vita quotidiana<\/strong><\/h3>\n<p>Ora che sapete dove e come acquistare il miele di karit\u00e9 del Mali in Francia, ecco alcuni consigli su come sfruttare al meglio questo prodotto eccezionale:<\/p>\n<ul>\n<li><strong>Gustatelo da solo<\/strong>\u00a0Godetevi il sapore unico del miele di karit\u00e9 del Mali assaggiandolo da solo. <a href=\"https:\/\/www.miel-store.com\/it\/p\/cucchiaio-da-miele-in-legno\/\"><strong>cucchiaio<\/strong><\/a>, Oppure aggiungetelo agli spuntini o alle colazioni.<\/li>\n<li><strong>Valorizzate i vostri piatti dolci e salati<\/strong>\u00a0Utilizzate il miele come ingrediente nelle ricette di cucina per aggiungere un tocco originale e gourmet ai vostri piatti.<\/li>\n<li><strong>Incorporatelo nei vostri trattamenti di bellezza a casa<\/strong> Miele: lasciate che la vostra pelle e i vostri capelli beneficino delle propriet\u00e0 nutrienti e idratanti del miele. Aggiungetelo a maschere, scrub e altri trattamenti fatti in casa.<\/li>\n<li><strong>Utilizzatelo come rimedio naturale<\/strong> Per problemi cutanei lievi. Applicare il miele direttamente sulla zona interessata per lenire l'infiammazione e favorire la guarigione.<\/li>\n<\/ul>\n<p>In breve, il miele di karit\u00e9 del Mali \u00e8 un prodotto unico con molteplici benefici per la salute e la bellezza. Grazie a Miel-Store.com, ora avete tutte le informazioni necessarie per acquistare questo miele eccezionale in Francia e integrarlo facilmente nella vostra vita quotidiana.<\/p>","protected":false},"excerpt":{"rendered":"<p>Le\u00a0<strong>miele di karit\u00e9 del Mali<\/strong>\u00a0\u00e8 un prodotto naturale dalle virt\u00f9 eccezionali. \u00c8 ricco di propriet\u00e0 benefiche per la salute e la bellezza di pelle e capelli.<\/p>","protected":false},"featured_media":4361,"template":"","meta":[],"product_brand":[],"product_cat":[80,111],"product_tag":[],"class_list":{"0":"post-4360","1":"product","2":"type-product","3":"status-publish","4":"has-post-thumbnail","6":"product_cat-miel-du-mali","7":"product_cat-miel-africain","9":"first","10":"instock","11":"shipping-taxable","12":"purchasable","13":"product-type-simple"},"_links":{"self":[{"href":"https:\/\/www.miel-store.com\/it\/wp-json\/wp\/v2\/product\/4360","targetHints":{"allow":["GET"]}}],"collection":[{"href":"https:\/\/www.miel-store.com\/it\/wp-json\/wp\/v2\/product"}],"about":[{"href":"https:\/\/www.miel-store.com\/it\/wp-json\/wp\/v2\/types\/product"}],"wp:featuredmedia":[{"embeddable":true,"href":"https:\/\/www.miel-store.com\/it\/wp-json\/wp\/v2\/media\/4361"}],"wp:attachment":[{"href":"https:\/\/www.miel-store.com\/it\/wp-json\/wp\/v2\/media?parent=4360"}],"wp:term":[{"taxonomy":"product_brand","embeddable":true,"href":"https:\/\/www.miel-store.com\/it\/wp-json\/wp\/v2\/product_brand?post=4360"},{"taxonomy":"product_cat","embeddable":true,"href":"https:\/\/www.miel-store.com\/it\/wp-json\/wp\/v2\/product_cat?post=4360"},{"taxonomy":"product_tag","embeddable":true,"href":"https:\/\/www.miel-store.com\/it\/wp-json\/wp\/v2\/product_tag?post=4360"}],"curies":[{"name":"wp","href":"https:\/\/api.w.org\/{rel}","templated":true}]}}