{"id":4355,"date":"2025-12-16T12:23:57","date_gmt":"2025-12-16T11:23:57","guid":{"rendered":"https:\/\/www.miel-store.com\/?post_type=product&#038;p=4355"},"modified":"2026-04-11T17:49:16","modified_gmt":"2026-04-11T15:49:16","slug":"miele-di-fiori-di-deucalipto-biologico","status":"publish","type":"product","link":"https:\/\/www.miel-store.com\/it\/p\/miel-de-fleurs-deucalyptus-bio","title":{"rendered":"Miele di fiori di eucalipto biologico - 250g"},"content":{"rendered":"<p>Concedetevi un originale viaggio nel gusto con questo puro prodotto della natura dal sapore squisito. Questo \u00e8\u00a0<strong>miele di fiori di eucalipto biologico<\/strong>. Infatti,<strong>\u00a0sa come catturarci con dolcezza e portarci preziosi benefici, con brio.<\/strong><\/p>\n<p>Zoom su questo miele del Madagascar,\u00a0<strong>un'esperienza di gusto che non dimenticherete.<\/strong><\/p>\n<h2><strong>Miele biologico di fiori di eucalipto del Madagascar, un tesoro ineguagliabile<\/strong><\/h2>\n<p>Riconosciuto in tutto il mondo come il miele che tutti amano, \u00e8 un'occasione per scoprire il sapore squisito dell'eucalipto con un'innegabile nota esotica.<\/p>\n<p>La sublime isola del Madagascar offre ancora una volta un prezioso nettare dalle note aromatiche incomparabili. Si tratta di un\u00a0<strong>sapore unico con note legnose, mentolate e fruttate<\/strong>\u00a0che scopriamo per primi. Ma questi nascondono\u00a0<strong>un grammo di note caramellate\u00a0<\/strong>per un'esperienza dal sapore inestimabile.<\/p>\n<p>Per dirla chiaramente\u00a0<strong>un cocktail cremoso e morbido che delizia il palato.<\/strong>\u00a0Inoltre, presenta una moltitudine di benefici.<\/p>\n<h2><strong>Benefici per la salute<\/strong><\/h2>\n<p>Questo nettare da buongustaio, con il suo sapore legnoso, \u00e8 anche una pura delizia per la nostra salute. In particolare per la salute delle vie respiratorie. Le sue propriet\u00e0 pi\u00f9 significative e specifiche sono<strong>\u00a0lenitivo e calmante della tosse.<\/strong><\/p>\n<p>In breve, \u00e8 un\u00a0<strong>un alleato eccezionale durante i freddi mesi invernali.<\/strong>\u00a0Ma anche tutto l'anno. Perch\u00e9 verr\u00e0\u00a0<strong>rafforzare l'intero sistema immunitario<\/strong>\u00a0senza esitazione.<\/p>\n<p>Unire gli affari al piacere: questa \u00e8 la promessa di questo prezioso nettare del Madagascar.<\/p>\n<h3><strong>Con miele di fiori di Eucalipto biologico del Madagascar<\/strong><\/h3>\n<p>Se vi piace questa gustosa pepita, assicuratevi di includerla nel vostro pacco insieme alle sue altrettanto deliziose controparti.<\/p>\n<p>La nostra gamma di miele del Madagascar vi offre un'esperienza incomparabile. Questi rari pezzi di natura vi vengono consegnati qui per\u00a0<strong>una nuova e deliziosa avventura<\/strong>.<\/p>\n<p>Deliziatevi con <strong><a href=\"https:\/\/www.miel-store.com\/it\/p\/miele-di-fiori-di-litchi-biologico\/\">Miele di fiori di Litchi biologico<\/a>, <a href=\"https:\/\/www.miel-store.com\/it\/p\/miele-di-fiori-di-niaouli-biologico\/\">Miele di fiori di Niaouli biologico<\/a> o il miele di giuggiolo biologico del Madagascar. Mieli rari dai sapori quasi inspiegabili.<\/strong><\/p>","protected":false},"excerpt":{"rendered":"<p><strong>Caratteristiche :<\/strong><\/p>\n<ul>\n<li><strong>Origine<\/strong> : Madagascar<\/li>\n<li><strong>Lotto No.<\/strong> MEO50306202809F<\/li>\n<li><strong>VITA DA SCAFFALE<\/strong>\u00a0: 28\/09\/2024<\/li>\n<li><strong>Certificato Ecocert<\/strong>\u00a0fR-BIO-01<\/li>\n<\/ul>","protected":false},"featured_media":4357,"template":"","meta":[],"product_brand":[],"product_cat":[104,110],"product_tag":[],"class_list":{"0":"post-4355","1":"product","2":"type-product","3":"status-publish","4":"has-post-thumbnail","6":"product_cat-miel-bio","7":"product_cat-miel-de-madagascar","9":"first","10":"instock","11":"shipping-taxable","12":"purchasable","13":"product-type-simple"},"_links":{"self":[{"href":"https:\/\/www.miel-store.com\/it\/wp-json\/wp\/v2\/product\/4355","targetHints":{"allow":["GET"]}}],"collection":[{"href":"https:\/\/www.miel-store.com\/it\/wp-json\/wp\/v2\/product"}],"about":[{"href":"https:\/\/www.miel-store.com\/it\/wp-json\/wp\/v2\/types\/product"}],"wp:featuredmedia":[{"embeddable":true,"href":"https:\/\/www.miel-store.com\/it\/wp-json\/wp\/v2\/media\/4357"}],"wp:attachment":[{"href":"https:\/\/www.miel-store.com\/it\/wp-json\/wp\/v2\/media?parent=4355"}],"wp:term":[{"taxonomy":"product_brand","embeddable":true,"href":"https:\/\/www.miel-store.com\/it\/wp-json\/wp\/v2\/product_brand?post=4355"},{"taxonomy":"product_cat","embeddable":true,"href":"https:\/\/www.miel-store.com\/it\/wp-json\/wp\/v2\/product_cat?post=4355"},{"taxonomy":"product_tag","embeddable":true,"href":"https:\/\/www.miel-store.com\/it\/wp-json\/wp\/v2\/product_tag?post=4355"}],"curies":[{"name":"wp","href":"https:\/\/api.w.org\/{rel}","templated":true}]}}