{"id":4287,"date":"2023-09-11T19:55:31","date_gmt":"2023-09-11T17:55:31","guid":{"rendered":"https:\/\/www.miel-store.com\/?post_type=product&#038;p=4287"},"modified":"2026-04-20T19:30:01","modified_gmt":"2026-04-20T17:30:01","slug":"miele-di-fiori-di-litchi-biologico","status":"publish","type":"product","link":"https:\/\/www.miel-store.com\/it\/p\/miel-de-fleurs-de-litchi-bio","title":{"rendered":"Miele biologico di fiori di litchi - 250 g"},"content":{"rendered":"<p><strong>Questo squisito miele \u00e8 raro, delicato e delizioso.<\/strong>\u00a0Il miele biologico di fiori di litchi del Madagascar offre\u00a0<strong>un'esperienza di degustazione vicina alla perfezione<\/strong>. Quindi ve lo presentiamo, con un po' di emozione!<\/p>\n<h2><strong>Miele biologico di fiori di litchi del Madagascar: delicato e raro<\/strong><\/h2>\n<p>Se c'\u00e8 un miele che \u00e8 una rarit\u00e0, \u00e8 quello del Madagascar. Inoltre, quando si tratta di miele di fiori di litchi, la delicatezza \u00e8 altrettanto importante. Infatti, il sapore di questo prezioso nettare<strong>\u00a0si posa sul palato come una vera e propria carezza.<\/strong>\u00a0Scopriamo\u00a0<strong>un raffinato tocco di rosa, su un letto di litchi, in perfetta simbiosi.\u00a0<\/strong>Una dualit\u00e0 floreale e fruttata che rende questo particolare miele cos\u00ec raro ed eccellente.<\/p>\n<h2><strong>Litchi: la vera prelibatezza\u00a0<\/strong><\/h2>\n<p>Senza ombra di dubbio,\u00a0<strong>questo frutto carnoso \u00e8 una prelibatezza assoluta<\/strong>. Infatti, il nettare dei fiori di questo frutto esotico si traduce in un sapore assolutamente squisito, che ritroviamo qui. \u00c8 difficile fermarsi a una sola cucchiaiata quando si scopre un sapore che \u00e8 allo stesso tempo fortemente profumato e delicato.<\/p>\n<p>Al palato, questo miele riveler\u00e0 la sua magistrale purezza.\u00a0<strong>con aromi incredibilmente variegati di rose, mele cotogne e note affumicate.<\/strong>\u00a0In parole povere, provarlo significa abbandonarsi a un sapore ineguagliabile.<\/p>\n<h3><strong>Anche voi potete soccombere...<\/strong><\/h3>\n<p>Se il miele biologico del Madagascar \u00e8 la vostra passione, buone notizie: abbiamo tutto ci\u00f2 che vi serve per stuzzicare le vostre papille gustative! Abbiamo raggruppato qui i tesori del miele di Sources Nigelle. Troverete\u00a0<a href=\"https:\/\/www.miel-store.com\/it\/p\/miele-di-fiori-di-niaouli-biologico\/\"><strong>miele di fiori di Niaouli biologico<\/strong><\/a>\u00a0o anche<strong>\u00a0<a href=\"https:\/\/www.miel-store.com\/it\/p\/miele-di-giuggiolo-biologico-del-madagascar\/\">miele di giuggiolo biologico<\/a>,<\/strong>\u00a0entrambi con sapori incomparabili provenienti dalla sublime isola del Madagascar!<\/p>","protected":false},"excerpt":{"rendered":"<p><strong>Caratteristiche :<\/strong><\/p>\n<ul>\n<li><strong>Origine<\/strong> MADAGASCAR<\/li>\n<li><strong>Lotto No.<\/strong> MLO50209202809<\/li>\n<li><strong>Certificato Ecocert<\/strong> FR-BIO-01<\/li>\n<\/ul>","protected":false},"featured_media":4284,"template":"","meta":[],"product_brand":[],"product_cat":[104,110],"product_tag":[],"class_list":{"0":"post-4287","1":"product","2":"type-product","3":"status-publish","4":"has-post-thumbnail","6":"product_cat-miel-bio","7":"product_cat-miel-de-madagascar","9":"first","10":"instock","11":"shipping-taxable","12":"purchasable","13":"product-type-simple"},"_links":{"self":[{"href":"https:\/\/www.miel-store.com\/it\/wp-json\/wp\/v2\/product\/4287","targetHints":{"allow":["GET"]}}],"collection":[{"href":"https:\/\/www.miel-store.com\/it\/wp-json\/wp\/v2\/product"}],"about":[{"href":"https:\/\/www.miel-store.com\/it\/wp-json\/wp\/v2\/types\/product"}],"wp:featuredmedia":[{"embeddable":true,"href":"https:\/\/www.miel-store.com\/it\/wp-json\/wp\/v2\/media\/4284"}],"wp:attachment":[{"href":"https:\/\/www.miel-store.com\/it\/wp-json\/wp\/v2\/media?parent=4287"}],"wp:term":[{"taxonomy":"product_brand","embeddable":true,"href":"https:\/\/www.miel-store.com\/it\/wp-json\/wp\/v2\/product_brand?post=4287"},{"taxonomy":"product_cat","embeddable":true,"href":"https:\/\/www.miel-store.com\/it\/wp-json\/wp\/v2\/product_cat?post=4287"},{"taxonomy":"product_tag","embeddable":true,"href":"https:\/\/www.miel-store.com\/it\/wp-json\/wp\/v2\/product_tag?post=4287"}],"curies":[{"name":"wp","href":"https:\/\/api.w.org\/{rel}","templated":true}]}}