{"id":4286,"date":"2023-09-11T19:52:47","date_gmt":"2023-09-11T17:52:47","guid":{"rendered":"https:\/\/www.miel-store.com\/?post_type=product&#038;p=4286"},"modified":"2026-04-11T17:49:16","modified_gmt":"2026-04-11T15:49:16","slug":"miele-di-fiori-di-niaouli-biologico","status":"publish","type":"product","link":"https:\/\/www.miel-store.com\/it\/p\/miel-de-fleurs-de-niaouli-bio","title":{"rendered":"Miele di fiori di Niaouli biologico - 250 g"},"content":{"rendered":"<p><strong>Questo prezioso miele di fiori di niaouli \u00e8 un vero esotico della natura.<\/strong>\u00a0Questo prodotto puramente malgascio nasconde un sapore intenso e pronunciato che non ha eguali. Il miele di fiori di niaouli biologico del Madagascar \u00e8 un prodotto che non ha eguali.<\/p>\n<h2><strong>Che cos'\u00e8 il Niaouli?\u00a0<\/strong><\/h2>\n<p>Il nome di questo albero del Madagascar forse non vi dice nulla, ma il sapore del nettare dei suoi fiori s\u00ec. Infatti, questo albero, cos\u00ec come l'Eucalipto,<strong>\u00a0\u00e8 un membro della famiglia botanica delle Myrtaceae.<\/strong>\u00a0E offre virt\u00f9 e profumi a cui la classe medica e i profumieri non possono resistere. Non c'\u00e8 da stupirsi<strong>\u00a0Le api amano assaporare i fiori di questo famoso albero malgascio.<\/strong>\u00a0E che questo miele ha un sapore che piace a tutto il mondo.<\/p>\n<h2><strong>Un'esperienza potente ed esotica vi attende in questo miele di fiori di niaouli.\u00a0<\/strong><\/h2>\n<p>Cosa rende questo nettare cos\u00ec speciale?\u00a0<strong>\u00e8 la sua potenza.<\/strong>\u00a0In realt\u00e0, questo miele ha molte sfaccettature diverse, ma una dimensione \u00e8 pi\u00f9 importante delle altre.\u00a0<strong>dominano i sapori legnosi, che offrono una profonda sapidit\u00e0<\/strong>. Infine, una delicata\u00a0<strong>e un sottile sapore di caramello.<\/strong><\/p>\n<p>Inoltre, questo miele \u00e8 quanto di pi\u00f9 cremoso si possa desiderare. Per un piacere unico che delizier\u00e0 il vostro palato.<\/p>\n<h3><strong>Se vi piace il miele di fiori di Niaouli biologico del Madagascar\u00a0<\/strong><\/h3>\n<p>Se questo miele in particolare vi attira, che si tratti di<strong>\u00a0dal gusto squisito che ha da offrire<\/strong>\u00a0o da<strong>\u00a0le potenti virt\u00f9 che serve magistralmente,<\/strong>\u00a0la nostra selezione dall'isola di Madagascar \u00e8 in grado di deliziare il vostro palato.<\/p>\n<p>Abbiamo selezionato\u00a0<strong>una gamma di eccellenze, per offrirvi un'esperienza di gusto impareggiabile a ogni cucchiaiata.<\/strong><\/p>\n<p>Non perdete l'occasione di scoprire\u00a0<strong><a href=\"https:\/\/www.miel-store.com\/it\/p\/miele-di-giuggiolo-biologico-del-madagascar\/\">miele di giuggiolo del Madagascar<\/a>\u00a0<\/strong>o anche\u00a0<a href=\"https:\/\/www.miel-store.com\/it\/p\/miele-di-fiori-di-litchi-biologico\/\"><strong>miele di fiori di litchi<\/strong><\/a>, anche questi direttamente dall'isola. Insomma, la natura non ha certo finito di deliziarci.<\/p>","protected":false},"excerpt":{"rendered":"<p><strong>Caratteristiche :<\/strong><\/p>\n<ul>\n<li><strong>Origine<\/strong> MADAGASCAR<\/li>\n<li><strong>LOTTO N\u00b0<\/strong> MN050101201101F<\/li>\n<li><strong>VITA DA SCAFFALE<\/strong> : 10\/07\/2024<\/li>\n<li><strong>Certificato Ecocert<\/strong> FR-BIO-01<\/li>\n<\/ul>","protected":false},"featured_media":4283,"template":"","meta":[],"product_brand":[],"product_cat":[110,104],"product_tag":[],"class_list":{"0":"post-4286","1":"product","2":"type-product","3":"status-publish","4":"has-post-thumbnail","6":"product_cat-miel-de-madagascar","7":"product_cat-miel-bio","9":"first","10":"instock","11":"shipping-taxable","12":"purchasable","13":"product-type-simple"},"_links":{"self":[{"href":"https:\/\/www.miel-store.com\/it\/wp-json\/wp\/v2\/product\/4286","targetHints":{"allow":["GET"]}}],"collection":[{"href":"https:\/\/www.miel-store.com\/it\/wp-json\/wp\/v2\/product"}],"about":[{"href":"https:\/\/www.miel-store.com\/it\/wp-json\/wp\/v2\/types\/product"}],"wp:featuredmedia":[{"embeddable":true,"href":"https:\/\/www.miel-store.com\/it\/wp-json\/wp\/v2\/media\/4283"}],"wp:attachment":[{"href":"https:\/\/www.miel-store.com\/it\/wp-json\/wp\/v2\/media?parent=4286"}],"wp:term":[{"taxonomy":"product_brand","embeddable":true,"href":"https:\/\/www.miel-store.com\/it\/wp-json\/wp\/v2\/product_brand?post=4286"},{"taxonomy":"product_cat","embeddable":true,"href":"https:\/\/www.miel-store.com\/it\/wp-json\/wp\/v2\/product_cat?post=4286"},{"taxonomy":"product_tag","embeddable":true,"href":"https:\/\/www.miel-store.com\/it\/wp-json\/wp\/v2\/product_tag?post=4286"}],"curies":[{"name":"wp","href":"https:\/\/api.w.org\/{rel}","templated":true}]}}