{"id":4282,"date":"2023-06-11T19:48:40","date_gmt":"2023-06-11T17:48:40","guid":{"rendered":"https:\/\/www.miel-store.com\/?post_type=product&#038;p=4282"},"modified":"2026-03-16T18:00:41","modified_gmt":"2026-03-16T17:00:41","slug":"miele-di-giuggiolo-biologico-del-madagascar","status":"publish","type":"product","link":"https:\/\/www.miel-store.com\/it\/p\/miel-de-jujubier-bio-de-madagascar","title":{"rendered":"Miele di giuggiole del Madagascar - 250 g"},"content":{"rendered":"<p>Lasciatevi trasportare in un viaggio dal gusto eccezionale, direttamente dalle estremit\u00e0 della terra.\u00a0<strong>Il miele di giuggiolo del Madagascar ha un sapore esotico e sublime,<a href=\"https:\/\/www.miel-store.com\/it\/p\/miele-bianco-del-kirghizistan\/\"> cremoso<\/a> e delicato.<\/strong>\u00a0Ce l'abbiamo proprio qui.<\/p>\n<h2><strong>Il miele di giuggiolo del Madagascar: un nettare essenziale<\/strong><\/h2>\n<p>Come probabilmente saprete, il miele delle giuggiole \u00e8 <strong>\u00c8 chiaramente uno dei migliori mieli del mondo.<\/strong>\u00a0Qui, ha viaggiato dai magnifici paesaggi del Madagascar per portarvi\u00a0<strong>il suo raro nettare.<\/strong><\/p>\n<p>Questo miele viene prodotto in piccole quantit\u00e0, il che lo rende estremamente raro. E poich\u00e9<strong>\u00a0rarit\u00e0 e lusso sono spesso legati, ecco quindi un tesoro dal gusto ineguagliabile<\/strong>\u00a0che state per gustare.<\/p>\n<h2><strong>Un cuore cremoso per una meravigliosa esperienza di gusto tutta da scoprire<\/strong><\/h2>\n<p>Come potete vedere, \u00e8\u00a0<strong>un nettare tenero e cremoso<\/strong>\u00a0in gioco. Questo miele del Madagascar offrir\u00e0 al vostro palato una dolcezza ineguagliabile. Potrete godere di\u00a0<strong>la sua limpidezza e tenerezza con un leggero sapore di caramello, direttamente dai paesaggi sublimi di cascate e montagne assolate.<\/strong><\/p>\n<p>E poich\u00e9 a tutti noi piace combinare gli affari con il piacere, un <a href=\"https:\/\/www.miel-store.com\/it\/p\/cucchiaio-da-miele-in-legno\/\"><strong>cucchiaio<\/strong><\/a> di questo miele non solo vi offrir\u00e0 un'esperienza di gusto incomparabile, ma anche notevoli benefici.<\/p>\n<h3><strong>I benefici del miele di giuggiolo del Madagascar<\/strong><\/h3>\n<p><strong>Energizzante, antiossidante e antibatterico,<\/strong>\u00a0Questo miele del Madagascar \u00e8 rinomato per le sue incredibili propriet\u00e0. Infatti, \u00e8 riconosciuto soprattutto per la sua capacit\u00e0 di\u00a0<strong>rafforzare il sistema immunitario,<\/strong>\u00a0ma anche il suo\u00a0<strong>lotta contro le infezioni delle vie respiratorie<\/strong>\u00a0Inoltre.<\/p>\n<p>Questo miele naturale agisce contro molte malattie, motivo per cui \u00e8 cos\u00ec attraente.<\/p>\n<p>\u00c8 chiaro che questo miele squisito sar\u00e0 anche quello su cui fare affidamento per una migliore guarigione. Quindi non indugiate, scopritelo qui.<\/p>","protected":false},"excerpt":{"rendered":"<p><strong>Caratteristiche :<\/strong><\/p>\n<ul>\n<li><strong>Origine<\/strong> MADAGASCAR<\/li>\n<li><strong>Lotto No.<\/strong> MJ070112200401A<\/li>\n<\/ul>","protected":false},"featured_media":4285,"template":"","meta":[],"product_brand":[],"product_cat":[110,79],"product_tag":[],"class_list":{"0":"post-4282","1":"product","2":"type-product","3":"status-publish","4":"has-post-thumbnail","6":"product_cat-miel-de-madagascar","7":"product_cat-miel-de-sidr","9":"first","10":"instock","11":"shipping-taxable","12":"purchasable","13":"product-type-simple"},"_links":{"self":[{"href":"https:\/\/www.miel-store.com\/it\/wp-json\/wp\/v2\/product\/4282","targetHints":{"allow":["GET"]}}],"collection":[{"href":"https:\/\/www.miel-store.com\/it\/wp-json\/wp\/v2\/product"}],"about":[{"href":"https:\/\/www.miel-store.com\/it\/wp-json\/wp\/v2\/types\/product"}],"wp:featuredmedia":[{"embeddable":true,"href":"https:\/\/www.miel-store.com\/it\/wp-json\/wp\/v2\/media\/4285"}],"wp:attachment":[{"href":"https:\/\/www.miel-store.com\/it\/wp-json\/wp\/v2\/media?parent=4282"}],"wp:term":[{"taxonomy":"product_brand","embeddable":true,"href":"https:\/\/www.miel-store.com\/it\/wp-json\/wp\/v2\/product_brand?post=4282"},{"taxonomy":"product_cat","embeddable":true,"href":"https:\/\/www.miel-store.com\/it\/wp-json\/wp\/v2\/product_cat?post=4282"},{"taxonomy":"product_tag","embeddable":true,"href":"https:\/\/www.miel-store.com\/it\/wp-json\/wp\/v2\/product_tag?post=4282"}],"curies":[{"name":"wp","href":"https:\/\/api.w.org\/{rel}","templated":true}]}}