{"id":4058,"date":"2023-08-20T20:25:02","date_gmt":"2023-08-20T18:25:02","guid":{"rendered":"https:\/\/www.miel-store.com\/?post_type=product&#038;p=4058"},"modified":"2025-08-17T19:24:47","modified_gmt":"2025-08-17T17:24:47","slug":"crema-per-ritardare","status":"publish","type":"product","link":"https:\/\/www.miel-store.com\/it\/p\/delay-cream","title":{"rendered":"Crema ritardante - 3 g"},"content":{"rendered":"<p>Se anche voi desiderate ritardare l'eiaculazione, probabilmente abbiamo la soluzione... Avete mai sentito parlare della\u00a0<strong>Crema per ritardare\u00a0<\/strong>\u00a0?<\/p>\n<h2><strong>Crema ritardante: ritarda l'orgasmo per un'intimit\u00e0 pi\u00f9 lunga e soddisfacente<\/strong><\/h2>\n<p>Delay Cream \u00e8 un prodotto rivoluzionario progettato per aiutare gli uomini a ritardare l'orgasmo e a prolungare il rapporto sessuale. In particolare, il prodotto \u00e8 formulato per ridurre la sensibilit\u00e0 del pene, consentendo agli uomini di godere di momenti intimi pi\u00f9 lunghi e soddisfacenti.<\/p>\n<h2><strong>Come si usa la Crema Ritardante?<\/strong><\/h2>\n<p>La crema ritardante contiene ingredienti che agiscono intorpidendo leggermente le terminazioni nervose del pene. Questo riduce la sensibilit\u00e0 e ritarda l'orgasmo. Questo pu\u00f2 aiutare a risolvere\u00a0<strong>problemi di eiaculazione precoce<\/strong>.<\/p>\n<p>\u00c8 sufficiente applicare una piccola quantit\u00e0 di crema sul glande e sull'asta del pene prima del rapporto sessuale. La crema viene rapidamente assorbita dalla pelle e agisce in modo mirato per ritardare l'orgasmo.<\/p>\n<p><strong>Scoprite i vantaggi di questa crema ritardante<\/strong><\/p>\n<ol>\n<li><strong>Prolunga i rapporti sessuali<\/strong> Prima di tutto, questo<strong>\u00a0crema afrodisiaca<\/strong>\u00a0aiuta gli uomini a prolungare il rapporto sessuale ritardando l'orgasmo. Questo permette alle coppie di godere di momenti di intimit\u00e0 pi\u00f9 lunghi e intensi.<\/li>\n<li><strong>Riduce l'eiaculazione precoce<\/strong> Se soffrite di eiaculazione precoce, Delay Cream pu\u00f2 essere una soluzione efficace. Riducendo la sensibilit\u00e0 del pene, aiuta a\u00a0<strong>controllare l'eiaculazione<\/strong>\u00a0e durano pi\u00f9 a lungo.<\/li>\n<li><strong>Migliora la fiducia in se stessi<\/strong> Prolungare i rapporti sessuali pu\u00f2 aiutare a rafforzare la fiducia in se stessi e a migliorare la soddisfazione sessuale.<\/li>\n<li><strong>Facile da usare<\/strong> \u00c8 facile da usare. \u00c8 sufficiente applicare una piccola quantit\u00e0 di crema sul pene prima del rapporto sessuale e attendere qualche minuto affinch\u00e9 la crema venga assorbita.<\/li>\n<\/ol>\n<h3><strong>Precauzioni e istruzioni per l'uso<\/strong><\/h3>\n<p>In conclusione, Delay Cream \u00e8 un prodotto intimo progettato per aiutare gli uomini a ritardare l'orgasmo. Riducendo la sensibilit\u00e0 del pene, questo prodotto offre\u00a0<strong>momenti <a href=\"https:\/\/www.miel-store.com\/it\/p\/muschio-tahara-intimo\/\">intimo<\/a> pi\u00f9 intenso\u00a0<\/strong>e di migliore qualit\u00e0.<\/p>\n<p>Si consiglia inoltre di chiedere il parere del proprio medico prima dell'uso.<\/p>","protected":false},"excerpt":{"rendered":"<p><strong>Scoprite i vantaggi di questa crema ritardante:<\/strong><\/p>\n<ol>\n<li><strong>Prolunga i rapporti sessuali<\/strong> Prima di tutto, questo<strong>\u00a0crema afrodisiaca<\/strong>\u00a0aiuta gli uomini a prolungare il rapporto sessuale ritardando l'orgasmo. Questo permette alle coppie di godere di momenti di intimit\u00e0 pi\u00f9 lunghi e intensi.<\/li>\n<li><strong>Riduce l'eiaculazione precoce<\/strong> Se soffrite di eiaculazione precoce, Delay Cream pu\u00f2 essere una soluzione efficace. Riducendo la sensibilit\u00e0 del pene, aiuta a\u00a0<strong>controllare l'eiaculazione<\/strong>\u00a0e durano pi\u00f9 a lungo.<\/li>\n<li><strong>Migliora la fiducia in se stessi<\/strong> Prolungare i rapporti sessuali pu\u00f2 aiutare a rafforzare la fiducia in se stessi e a migliorare la soddisfazione sessuale.<\/li>\n<li><strong>Facile da usare<\/strong> \u00c8 facile da usare. \u00c8 sufficiente applicare una piccola quantit\u00e0 di crema sul pene prima del rapporto sessuale e attendere qualche minuto affinch\u00e9 la crema venga assorbita.<\/li>\n<\/ol>","protected":false},"featured_media":4059,"template":"","meta":[],"product_brand":[],"product_cat":[88],"product_tag":[],"class_list":{"0":"post-4058","1":"product","2":"type-product","3":"status-publish","4":"has-post-thumbnail","6":"product_cat-bien-etre","8":"first","9":"outofstock","10":"shipping-taxable","11":"purchasable","12":"product-type-simple"},"_links":{"self":[{"href":"https:\/\/www.miel-store.com\/it\/wp-json\/wp\/v2\/product\/4058","targetHints":{"allow":["GET"]}}],"collection":[{"href":"https:\/\/www.miel-store.com\/it\/wp-json\/wp\/v2\/product"}],"about":[{"href":"https:\/\/www.miel-store.com\/it\/wp-json\/wp\/v2\/types\/product"}],"wp:featuredmedia":[{"embeddable":true,"href":"https:\/\/www.miel-store.com\/it\/wp-json\/wp\/v2\/media\/4059"}],"wp:attachment":[{"href":"https:\/\/www.miel-store.com\/it\/wp-json\/wp\/v2\/media?parent=4058"}],"wp:term":[{"taxonomy":"product_brand","embeddable":true,"href":"https:\/\/www.miel-store.com\/it\/wp-json\/wp\/v2\/product_brand?post=4058"},{"taxonomy":"product_cat","embeddable":true,"href":"https:\/\/www.miel-store.com\/it\/wp-json\/wp\/v2\/product_cat?post=4058"},{"taxonomy":"product_tag","embeddable":true,"href":"https:\/\/www.miel-store.com\/it\/wp-json\/wp\/v2\/product_tag?post=4058"}],"curies":[{"name":"wp","href":"https:\/\/api.w.org\/{rel}","templated":true}]}}