{"id":3582,"date":"2023-07-02T10:47:43","date_gmt":"2023-07-02T08:47:43","guid":{"rendered":"https:\/\/www.miel-store.com\/?post_type=product&#038;p=3582"},"modified":"2025-12-05T19:31:01","modified_gmt":"2025-12-05T18:31:01","slug":"muschio-tahara-intimo","status":"publish","type":"product","link":"https:\/\/www.miel-store.com\/it\/p\/musc-tahara-intime","title":{"rendered":"Muschio tahara intimo 3ml"},"content":{"rendered":"<p>Le\u00a0<strong>muschio di tahara<\/strong>\u00a0\u00e8 un prodotto popolare nel mondo della profumeria e della cura del corpo. \u00c8 spesso <a href=\"https:\/\/www.musc-tahara-intime.com\/\" target=\"_blank\" rel=\"noopener\"><strong>utilizzato per le sue propriet\u00e0 depurative<\/strong><\/a>, rilassante e profumato. Il negozio online Miel Store vi offre una selezione di muschi bianchi intimi di alta qualit\u00e0 per soddisfare le vostre esigenze e i vostri desideri.<\/p>\n<h2><strong>Che cos'\u00e8 il muschio di tahara?<\/strong><\/h2>\n<p>Le\u00a0<strong>muschio di tahara<\/strong>\u00a0\u00e8 una sostanza profumata derivata dalle ghiandole del cervo muschiato, un piccolo mammifero originario dell'Asia. Il muschio \u00e8 molto apprezzato in profumeria, ma anche per le sue propriet\u00e0 terapeutiche e cosmetiche. Si trova principalmente sotto forma di polvere bianca o di liquido oleoso.<\/p>\n<h3><strong>I benefici del muschio bianco<\/strong><\/h3>\n<p>Il muschio di Tahara ha molte propriet\u00e0 benefiche per la nostra pelle e il nostro corpo:<\/p>\n<ul>\n<li><strong>Purificante<\/strong>\u00a0Grazie alle sue propriet\u00e0 antibatteriche e antimicotiche, aiuta a eliminare le impurit\u00e0 e i batteri responsabili dei cattivi odori.<\/li>\n<li><strong>Lenitivo<\/strong>\u00a0\u00c8 noto che allevia l'irritazione, il prurito e l'infiammazione della pelle.<\/li>\n<li><strong>Idratante<\/strong>\u00a0Nutre profondamente la pelle e aiuta a mantenere l'equilibrio di idratazione.<\/li>\n<li><strong>Imbalsamazione<\/strong>\u00a0Il muschio di Tahara ha un profumo piacevole e sottile che profuma delicatamente il nostro corpo per tutto il giorno.<\/li>\n<\/ul>\n<h2><strong>Acquistare il muschio tahara intime blanc presso la boutique online Miel Store<\/strong><\/h2>\n<p>Miel Store vi propone una selezione di muschi bianchi intimi per aiutarvi a <a href=\"https:\/\/www.miel-store.com\/it\/p\/deodorante-solido-musk-tahara\/\"><strong>prendersi cura del proprio corpo<\/strong><\/a> e godere dei vantaggi di questo materiale raffinato. Ecco alcuni dei prodotti che potete trovare nel nostro catalogo:<\/p>\n<ul>\n<li><strong>Tahara muschio bianco in polvere<\/strong><\/li>\n<\/ul>\n<p>Questa polvere di muschio \u00e8 ideale per chi desidera un prodotto puro e naturale. Si applica direttamente sulla pelle, dopo averla leggermente inumidita, e lascia un velo setoso e delicatamente profumato. Grazie alla sua consistenza fine e morbida, penetra rapidamente e non ostruisce i pori della pelle.<\/p>\n<ul>\n<li><strong>Muschio liquido<\/strong><\/li>\n<\/ul>\n<p>Il muschio di Tahara in forma liquida \u00e8 perfetto per chi preferisce un prodotto pi\u00f9 facile da applicare e dosare. Il suo flacone contagocce consente di distribuire il prodotto in modo uniforme sulla zona desiderata. La formula oleosa di questo muschio fornisce un'eccellente idratazione alla pelle, conferendole al contempo una sottile fragranza.<\/p>\n<ul>\n<li><strong>Roll-on al muschio intimo<\/strong><\/li>\n<\/ul>\n<p>Pratico e portatile, il musk tahara roll-on \u00e8 ideale per chi va di fretta o per chi ama indossare il profumo in qualsiasi momento della giornata. Il suo applicatore roll-on facilita l'applicazione precisa del prodotto nelle zone intime, senza il rischio di fuoriuscite o sprechi. Inoltre, le sue dimensioni ridotte lo rendono facile da infilare in borsetta o nella borsa da toilette.<\/p>\n<h2><strong>I vantaggi del negozio online Miel Store<\/strong><\/h2>\n<p>Scegliendo di acquistare il vostro muschio bianco intimo presso la boutique online Miel Store, potrete beneficiare di una serie di vantaggi:<\/p>\n<ul>\n<li><strong>Qualit\u00e0 del prodotto<\/strong> Muschi di tahara: selezioniamo rigorosamente i nostri muschi di tahara per offrirvi prodotti di alta qualit\u00e0. Rispettosi della vostra pelle e dell'ambiente.<\/li>\n<li><strong>Scelta variegata<\/strong>\u00a0Muschio intimo bianco: il nostro catalogo offre diversi formati e texture di muschio intimo bianco per soddisfare tutti i vostri desideri e preferenze.<\/li>\n<li><strong>Prezzi competitivi<\/strong>\u00a0Ci sforziamo di offrire prezzi interessanti ed equi, per rendere il musk tahara accessibile a tutti.<\/li>\n<li><strong>Consegna veloce<\/strong> Grazie al nostro efficiente servizio di consegna. Riceverete l'ordine direttamente a casa vostra o presso un punto di smistamento, come preferite.<\/li>\n<\/ul>\n<h3><strong>Come si usa questa fragranza intima?<\/strong><\/h3>\n<p>Per trarre tutti i benefici del musk tahara, \u00e8 essenziale applicarlo correttamente:<\/p>\n<ol>\n<li><strong>Pulire l'area da trattare<\/strong>\u00a0Prima di applicare il musk tahara, pulire e asciugare accuratamente la zona da profumare.<\/li>\n<li><strong>Dosaggio del prodotto<\/strong>\u00a0A seconda della consistenza del muschio tahara (polvere, liquido o roll-on), prelevare una piccola quantit\u00e0 di prodotto con le dita, un cotton fioc o l'applicatore a sfera.<\/li>\n<li><strong>Applicare delicatamente<\/strong>\u00a0Massaggiare leggermente la zona con il prodotto, facendo penetrare delicatamente il muschio tahara nella pelle. Evitare le zone sensibili e irritate.<\/li>\n<li><strong>Ripetere l'applicazione se necessario<\/strong>\u00a0Se volete intensificare la fragranza o rinnovare l'effetto lenitivo del muschio, non esitate a ripetere l'operazione nel corso della giornata.<\/li>\n<\/ol>\n<p>Non aspettate oltre per scoprire il\u00a0<strong>muschio di tahara<\/strong>\u00a0e i suoi numerosi benefici! Visitate la boutique online Miel Store e scegliete tra la nostra selezione di muschi bianchi intimi di qualit\u00e0.<\/p>","protected":false},"excerpt":{"rendered":"<p>Le\u00a0musc tahara\u00a0est un produit pris\u00e9 dans le monde de la parfumerie et des soins corporels. Il est souvent utilis\u00e9 pour ses vertus purifiantes, apaisantes et odorantes. La boutique en ligne Miel Store vous propose une s\u00e9lection de muscs intimes blancs de haute qualit\u00e9 pour r\u00e9pondre \u00e0 vos besoins et envies. Qu&rsquo;est-ce que le musc tahara [&#8230;]\n","protected":false},"featured_media":3583,"template":"","meta":[],"product_brand":[],"product_cat":[89],"product_tag":[],"class_list":{"0":"post-3582","1":"product","2":"type-product","3":"status-publish","4":"has-post-thumbnail","6":"product_cat-cosmetiques","8":"first","9":"instock","10":"shipping-taxable","11":"purchasable","12":"product-type-simple"},"_links":{"self":[{"href":"https:\/\/www.miel-store.com\/it\/wp-json\/wp\/v2\/product\/3582","targetHints":{"allow":["GET"]}}],"collection":[{"href":"https:\/\/www.miel-store.com\/it\/wp-json\/wp\/v2\/product"}],"about":[{"href":"https:\/\/www.miel-store.com\/it\/wp-json\/wp\/v2\/types\/product"}],"wp:featuredmedia":[{"embeddable":true,"href":"https:\/\/www.miel-store.com\/it\/wp-json\/wp\/v2\/media\/3583"}],"wp:attachment":[{"href":"https:\/\/www.miel-store.com\/it\/wp-json\/wp\/v2\/media?parent=3582"}],"wp:term":[{"taxonomy":"product_brand","embeddable":true,"href":"https:\/\/www.miel-store.com\/it\/wp-json\/wp\/v2\/product_brand?post=3582"},{"taxonomy":"product_cat","embeddable":true,"href":"https:\/\/www.miel-store.com\/it\/wp-json\/wp\/v2\/product_cat?post=3582"},{"taxonomy":"product_tag","embeddable":true,"href":"https:\/\/www.miel-store.com\/it\/wp-json\/wp\/v2\/product_tag?post=3582"}],"curies":[{"name":"wp","href":"https:\/\/api.w.org\/{rel}","templated":true}]}}