{"id":3331,"date":"2023-05-30T13:18:40","date_gmt":"2023-05-30T11:18:40","guid":{"rendered":"https:\/\/www.miel-store.com\/?post_type=product&#038;p=3331"},"modified":"2026-04-20T15:30:10","modified_gmt":"2026-04-20T13:30:10","slug":"miele-king-kong-100g","status":"publish","type":"product","link":"https:\/\/www.miel-store.com\/it\/p\/miel-king-kong-honey-100g","title":{"rendered":"Elisir di miele di toro Royel - (Miele antico di King Kong) - vasetto da 100 g"},"content":{"rendered":"<p>Il miele King Kong \u00e8 da tempo sulla bocca di forum e social network. Che sia per le sue propriet\u00e0 energizzanti, per la sua qualit\u00e0 eccezionale o per il suo gusto unico, non lascia indifferenti.<\/p>\n<p>Vi invitiamo a scoprire tutto quello che c'\u00e8 da sapere sul miele King Kong, disponibile presso il Miel Store. Daremo anche un'occhiata a ci\u00f2 che i nostri clienti hanno da dire e ai diversi modi di utilizzare questo miele unico.<\/p>\n<h2><strong>Che cos'\u00e8 il miele di King Kong?<\/strong><\/h2>\n<p>Il miele King Kong \u00e8 un integratore alimentare naturale ad alto contenuto di nutrienti e dalle propriet\u00e0 energizzanti. \u00c8 composto da una miscela di <a href=\"https:\/\/www.miel-store.com\/it\/cp\/miele-da-tutto-il-mondo\/\"><strong>diversi tipi di miele<\/strong><\/a>, alcuni dei quali provengono da piante rare e preziose.<\/p>\n<p><strong>Questi ingredienti includono :<\/strong><\/p>\n<ul>\n<li>Miele naturale<\/li>\n<li>Pappa reale biologica<\/li>\n<li>Propoli biologica<\/li>\n<li>Ginseng<\/li>\n<li>Chiodi di garofano<\/li>\n<li>Zenzero<\/li>\n<\/ul>\n<h2><strong>Opinioni su questo prodotto naturale: cosa pensano i consumatori?<\/strong><\/h2>\n<p>Il miele King Kong \u00e8 un prodotto che suscita la curiosit\u00e0 e l'interesse dei consumatori.<\/p>\n<p><strong>Ma cosa dicono veramente?<\/strong><\/p>\n<p><strong> Abbiamo raccolto alcune opinioni di persone che hanno gi\u00e0 acquistato questo miele:<\/strong><\/p>\n<ul>\n<li>\u00abHo scoperto questo prodotto per caso, mentre cercavo un integratore alimentare naturale che mi desse energia. Da allora non posso pi\u00f9 farne a meno! Lo prendo ogni mattina nel t\u00e8 o sul pane tostato\u00bb.\u00bb<\/li>\n<li>\u00abSono uno sportivo dilettante e uso regolarmente King Kong Honey prima delle mie sessioni di allenamento. Mi d\u00e0 una vera carica e mi mantiene in forma per tutta la sessione.\u00bb<\/li>\n<li>\u00abSono totalmente convinta dei benefici di questo miele. Da quando lo uso, ho notato un netto miglioramento della mia salute generale e della mia resistenza ai piccoli acciacchi dell'inverno.\u00bb<\/li>\n<\/ul>\n<p>Queste testimonianze dimostrano che il miele King Kong \u00e8 apprezzato non solo per le sue propriet\u00e0 energizzanti, ma anche per il suo gusto unico e la sua qualit\u00e0 eccezionale.<\/p>\n<h2><strong>Come si utilizza quotidianamente il miele di King Kong?<\/strong><\/h2>\n<p>Il miele King Kong pu\u00f2 essere consumato in diversi modi, a seconda dei gusti e delle esigenze individuali. Ecco alcune idee su come sfruttare al meglio i suoi benefici:<\/p>\n<ul>\n<li><strong>Come integratore alimentare naturale<\/strong><\/li>\n<\/ul>\n<p>Il miele King Kong pu\u00f2 essere consumato ogni mattina a digiuno o a colazione, per beneficiare delle sue propriet\u00e0 energizzanti durante tutta la giornata. Basta prenderne un cucchiaino, puro o mescolato a yogurt, fromage frais, t\u00e8 o su pane tostato.<\/p>\n<ul>\n<li><strong>Prima di una sessione sportiva<\/strong><\/li>\n<\/ul>\n<p>Questo prodotto naturale \u00e8 particolarmente indicato per gli sportivi che desiderano una spinta naturale prima dell'allenamento. Fornisce l'energia necessaria per continuare la sessione e aiuta a recuperare dopo l'esercizio. In questo caso, si consiglia di consumarlo 30 minuti prima dell'esercizio.<\/p>\n<ul>\n<li><strong>In caso di affaticamento temporaneo<\/strong><\/li>\n<\/ul>\n<p>Se necessario, pu\u00f2 essere consumato durante il giorno per combattere la stanchezza e recuperare rapidamente le energie. Si pu\u00f2 mescolare a una bevanda calda, come un t\u00e8 o una tisana, oppure si pu\u00f2 consumare con una mela o un altro frutto ricco di fibre per una carica garantita.<\/p>\n<h2><strong>La vostra spesa naturale al Miel Store<\/strong><\/h2>\n<p>Il miele King Kong \u00e8 disponibile per l'acquisto sul Miel Store. Scegliendo di acquistare il miele su questa piattaforma, avrete la garanzia di un prodotto di qualit\u00e0, accuratamente selezionato da esperti del settore.<\/p>\n<p>Inoltre, il Miel Store propone regolarmente promozioni e offerte speciali per scoprire nuovi prodotti a prezzi ridotti. Non esitate a visitare regolarmente il sito per essere sempre aggiornati sulle novit\u00e0 e approfittare delle migliori offerte.<\/p>\n<h3><strong>Miele King Kong: un must per gli amanti del miele e del benessere<\/strong><\/h3>\n<p>Si tratta quindi di un prodotto dell'alveare unico che merita di essere scoperto e apprezzato da tutti gli amanti del miele e del benessere.<\/p>\n<p>Grazie al suo ricco contenuto di nutrienti e alle sue propriet\u00e0 energizzanti, \u00e8 un ottimo alleato per affrontare le sfide quotidiane e migliorare la forma fisica generale.<\/p>\n<p>Non aspettate oltre per aggiungere il miele King Kong alla vostra routine e scoprire da soli i suoi numerosi benefici! Visitate subito il Miel Store per ordinare e assaggiare questo miele eccezionale.<\/p>","protected":false},"excerpt":{"rendered":"<p><strong>Composizione:\u00a0<\/strong><\/p>\n<ul>\n<li>Miele naturale<\/li>\n<li>Pappa reale biologica<\/li>\n<li>Propoli biologica<\/li>\n<li>Ginseng<\/li>\n<li>Chiodi di garofano<\/li>\n<li>Zenzero<\/li>\n<\/ul>","protected":false},"featured_media":10404,"template":"","meta":[],"product_brand":[],"product_cat":[77,88],"product_tag":[],"class_list":{"0":"post-3331","1":"product","2":"type-product","3":"status-publish","4":"has-post-thumbnail","6":"product_cat-miel-du-monde","7":"product_cat-bien-etre","9":"first","10":"instock","11":"shipping-taxable","12":"purchasable","13":"product-type-simple"},"_links":{"self":[{"href":"https:\/\/www.miel-store.com\/it\/wp-json\/wp\/v2\/product\/3331","targetHints":{"allow":["GET"]}}],"collection":[{"href":"https:\/\/www.miel-store.com\/it\/wp-json\/wp\/v2\/product"}],"about":[{"href":"https:\/\/www.miel-store.com\/it\/wp-json\/wp\/v2\/types\/product"}],"wp:featuredmedia":[{"embeddable":true,"href":"https:\/\/www.miel-store.com\/it\/wp-json\/wp\/v2\/media\/10404"}],"wp:attachment":[{"href":"https:\/\/www.miel-store.com\/it\/wp-json\/wp\/v2\/media?parent=3331"}],"wp:term":[{"taxonomy":"product_brand","embeddable":true,"href":"https:\/\/www.miel-store.com\/it\/wp-json\/wp\/v2\/product_brand?post=3331"},{"taxonomy":"product_cat","embeddable":true,"href":"https:\/\/www.miel-store.com\/it\/wp-json\/wp\/v2\/product_cat?post=3331"},{"taxonomy":"product_tag","embeddable":true,"href":"https:\/\/www.miel-store.com\/it\/wp-json\/wp\/v2\/product_tag?post=3331"}],"curies":[{"name":"wp","href":"https:\/\/api.w.org\/{rel}","templated":true}]}}