{"id":3212,"date":"2023-05-15T20:09:53","date_gmt":"2023-05-15T18:09:53","guid":{"rendered":"https:\/\/www.miel-store.com\/?post_type=product&#038;p=3212"},"modified":"2026-04-20T20:27:26","modified_gmt":"2026-04-20T18:27:26","slug":"miele-e-curcuma-biologici","status":"publish","type":"product","link":"https:\/\/www.miel-store.com\/it\/p\/miel-et-curcuma-bio","title":{"rendered":"Miele di curcuma - Prodotto naturalmente a mano - 100g"},"content":{"rendered":"<p>Le\u00a0<strong>miele<\/strong>\u00a0e il\u00a0<strong>curcuma<\/strong> sono due prodotti naturali apprezzati da secoli per i loro benefici sulla salute. Scopriamo insieme i benefici che questi due tesori della natura possono offrirci se combinati in un prodotto di qualit\u00e0.<\/p>\n<h2><strong>Caratteristiche e benefici del miele<\/strong><\/h2>\n<p>Il miele viene prodotto dalle api a partire dal nettare che raccolgono dai fiori con la proboscide. Questo nettare viene poi mescolato con enzimi salivari e depositato nelle celle dell'alveare. Si addensa lentamente e si trasforma in miele. Le qualit\u00e0 del miele dipendono strettamente dalla sua provenienza: ogni tipo di miele ha una composizione specifica che ne influenza il gusto, il colore e le propriet\u00e0. Pu\u00f2 anche essere arricchito con altri prodotti altrettanto benefici per la salute, come la curcuma.<\/p>\n<ul>\n<li><strong>Ricco di sostanze nutritive<\/strong><\/li>\n<\/ul>\n<p>Il miele contiene fino a 80 % di carboidrati (zuccheri), principalmente fruttosio e glucosio. \u00c8 anche una fonte di molti minerali e oligoelementi (potassio, magnesio, calcio, sodio, zinco, ferro, ecc.), nonch\u00e9 di vitamine del gruppo B e vitamina C.<\/p>\n<ul>\n<li><strong>Propriet\u00e0 antibatteriche e cicatrizzanti<\/strong><\/li>\n<\/ul>\n<p>Grazie al suo contenuto di molecole antibatteriche naturali (in particolare inibine e perossido di idrogeno), il miele svolge un'efficace azione antibatterica. \u00c8 stato utilizzato fin dall'antichit\u00e0 per trattare le ferite, promuovere la guarigione e prevenire le infezioni.<\/p>\n<ul>\n<li><strong>Un alleato della digestione<\/strong><\/li>\n<\/ul>\n<p>Il miele ha anche un riconosciuto effetto prebiotico: favorisce lo sviluppo di microrganismi benefici per la nostra flora intestinale, contribuendo cos\u00ec a una migliore digestione.<\/p>\n<h2><strong>Le sorprendenti propriet\u00e0 della curcuma<\/strong><\/h2>\n<p>Le <strong>curcuma<\/strong> \u00e8 una pianta erbacea originaria dell'Asia, appartenente alla famiglia delle Zingiberaceae. Come <a href=\"https:\/\/www.miel-store.com\/it\/p\/olio-di-zenzero-biologico-dalla-nigeria\/\"><strong>zenzero<\/strong><\/a> e cardamomo. Viene utilizzato da oltre 4.000 anni nella medicina e nella cucina ayurvedica. <strong>come spezia di alta qualit\u00e0.<\/strong> Per il suo aroma unico e il caratteristico colore giallo-arancio, dovuto alla curcumina, il suo principio attivo.<\/p>\n<h3><strong>Potente antinfiammatorio e antiossidante<\/strong><\/h3>\n<p>La curcumina \u00e8 un composto liposolubile con eccezionali propriet\u00e0 antinfiammatorie e antiossidanti. \u00c8 in grado di eliminare i radicali liberi responsabili del danno cellulare e di stimolare i sistemi enzimatici di difesa dell'organismo.<\/p>\n<ul>\n<li><strong>Benefici per il cervello<\/strong><\/li>\n<\/ul>\n<p>Numerosi studi dimostrano che il fattore neurotrofico di derivazione cerebrale o BDNF presente nella curcuma pu\u00f2 aiutare a prevenire e a trattare disturbi dell'umore come la depressione.<\/p>\n<ul>\n<li><strong>Supporto per il fegato<\/strong><\/li>\n<\/ul>\n<p>La curcuma \u00e8 stata associata al miglioramento della funzione epatica e alla protezione dai danni causati da farmaci e tossine. Pu\u00f2 anche avere un potenziale terapeutico per prevenire alcune malattie del fegato, come la fibrosi epatica non alcolica.<\/p>\n<h2><strong>La magica combinazione di miele e curcuma biologica<\/strong><\/h2>\n<p>La combinazione di miele e curcuma offre una miscela particolarmente interessante di sapori e benefici per la salute da incorporare nella nostra dieta quotidiana.<\/p>\n<ul>\n<li><strong>Sinergia per una migliore assimilazione dei nutrienti<\/strong><\/li>\n<\/ul>\n<p>Le propriet\u00e0 liposolubili della curcumina possono essere potenziate dall'assunzione concomitante di carboidrati. Questo migliora l'assorbimento intestinale. L'uso del miele - ricco di carboidrati - in combinazione con la curcuma \u00e8 quindi ideale per massimizzare i benefici nutrizionali di questi due prodotti naturali.<\/p>\n<ul>\n<li><strong>Potenziamento dei benefici per la salute<\/strong><\/li>\n<\/ul>\n<p>La combinazione di questi due ingredienti ricchi di sostanze nutritive offre un ampio spettro di benefici. La sinergia tra miele e curcuma amplifica le rispettive virt\u00f9: antinfiammatorie, antiossidanti, antibatteriche e cicatrizzanti.<\/p>\n<h2><strong>Come utilizzare il miele biologico e la curcuma<\/strong><\/h2>\n<p>Ci sono molti modi per integrare questi due prodotti nella nostra dieta quotidiana:<\/p>\n<ul>\n<li>Sostituite lo zucchero con miele biologico e curcuma nelle bevande calde come il t\u00e8 o il caff\u00e8.<\/li>\n<li>Aggiungendo qualche cucchiaio di miele biologico e curcuma a frullati e yogurt.<\/li>\n<li>Usatelo come base per vinaigrette e marinate esotiche.<\/li>\n<li>Da spalmare su pane ai cereali tostato, da solo o con burro salato.<\/li>\n<\/ul>\n<h3><strong>Suggerimento per aumentare l'assorbimento della curcumina<\/strong><\/h3>\n<p>Non dimenticate che l'aggiunta di un pizzico di pepe nero alle preparazioni a base di miele e curcuma aumenta notevolmente l'assorbimento della curcumina. <strong>grazie a piperina<\/strong> contenuto nel pepe nero.<\/p>\n<p>In breve, la combinazione di miele e curcuma biologica \u00e8 una formula vincente. \u00c8 un modo naturale e gustoso per arricchire la nostra dieta e godere di una serie di benefici per la salute.<\/p>","protected":false},"excerpt":{"rendered":"<p>Le\u00a0miel\u00a0et le\u00a0curcuma bio sont deux produits naturels appr\u00e9ci\u00e9s pour leurs vertus sant\u00e9 depuis des si\u00e8cles. D\u00e9couvrons ensemble les bienfaits que ces deux tr\u00e9sors de la nature peuvent nous offrir lorsqu&rsquo;ils sont combin\u00e9s dans un produit de qualit\u00e9. Particularit\u00e9s et atouts du miel Le miel est fabriqu\u00e9 par les abeilles \u00e0 partir du nectar des fleurs [&#8230;]\n","protected":false},"featured_media":10406,"template":"","meta":[],"product_brand":[],"product_cat":[77,130],"product_tag":[],"class_list":{"0":"post-3212","1":"product","2":"type-product","3":"status-publish","4":"has-post-thumbnail","6":"product_cat-miel-du-monde","7":"product_cat-produits-medecine-ayurvedique","9":"first","10":"instock","11":"shipping-taxable","12":"purchasable","13":"product-type-simple"},"_links":{"self":[{"href":"https:\/\/www.miel-store.com\/it\/wp-json\/wp\/v2\/product\/3212","targetHints":{"allow":["GET"]}}],"collection":[{"href":"https:\/\/www.miel-store.com\/it\/wp-json\/wp\/v2\/product"}],"about":[{"href":"https:\/\/www.miel-store.com\/it\/wp-json\/wp\/v2\/types\/product"}],"wp:featuredmedia":[{"embeddable":true,"href":"https:\/\/www.miel-store.com\/it\/wp-json\/wp\/v2\/media\/10406"}],"wp:attachment":[{"href":"https:\/\/www.miel-store.com\/it\/wp-json\/wp\/v2\/media?parent=3212"}],"wp:term":[{"taxonomy":"product_brand","embeddable":true,"href":"https:\/\/www.miel-store.com\/it\/wp-json\/wp\/v2\/product_brand?post=3212"},{"taxonomy":"product_cat","embeddable":true,"href":"https:\/\/www.miel-store.com\/it\/wp-json\/wp\/v2\/product_cat?post=3212"},{"taxonomy":"product_tag","embeddable":true,"href":"https:\/\/www.miel-store.com\/it\/wp-json\/wp\/v2\/product_tag?post=3212"}],"curies":[{"name":"wp","href":"https:\/\/api.w.org\/{rel}","templated":true}]}}