{"id":2601,"date":"2023-02-27T19:16:29","date_gmt":"2023-02-27T18:16:29","guid":{"rendered":"https:\/\/www.miel-store.com\/?post_type=product&#038;p=2601"},"modified":"2026-04-27T23:26:18","modified_gmt":"2026-04-27T21:26:18","slug":"miele-rosa-di-russia","status":"publish","type":"product","link":"https:\/\/www.miel-store.com\/it\/p\/miel-rose-de-russie","title":{"rendered":"Miele rosa dalla Russia"},"content":{"rendered":"<p>Il miele rosa della Russia, conosciuto anche come \u00abmiele rosa\u00bb, \u00e8 <strong>una variet\u00e0 insolita prodotta dalle api<\/strong> che si trova solo in alcune regioni dell'Europa orientale. Il suo colore rosa e il suo sapore eccezionalmente delicato lo rendono una delizia per i palati pi\u00f9 esigenti.<\/p>\n<p>Ma non \u00e8 solo il suo gusto unico ad attirare i consumatori di tutto il mondo. Al miele rosa sono da tempo riconosciuti benefici per la salute grazie alla sua ricca composizione nutrizionale.<\/p>\n<p>In questo articolo vi spiegheremo cos'\u00e8 il miele rosa di Russia, i suoi benefici per la salute e come pu\u00f2 essere integrato nella vostra dieta quotidiana.<\/p>\n<h2><strong>Che cos'\u00e8 il miele rosa russo?<\/strong><\/h2>\n<p>Il miele rosa di Russia \u00e8 una variet\u00e0 rara e preziosa di miele prodotta da <strong>api che nidificano solo in alcune regioni dell'Europa orientale<\/strong>. \u00c8 molto difficile da produrre. Questo perch\u00e9 le aree in cui vivono queste api sono limitate e la produzione \u00e8 lunga e costosa.<\/p>\n<p>Questo miele \u00e8 costituito da una complessa combinazione di vitamine, minerali e composti bioattivi come antiossidanti e fitonutrienti. Ci\u00f2 che rende il miele rosa cos\u00ec speciale \u00e8 il suo colore rosato e il suo gusto unico e dolce. Inoltre, non contiene praticamente alcun inquinante o contaminante che possa influire sulla qualit\u00e0 del miele.<\/p>\n<h2><strong>I benefici del miele rosa di Russia<\/strong><\/h2>\n<p>Il miele rosa di Russia \u00e8 ricco di antiossidanti. Ci\u00f2 significa che pu\u00f2 aiutare a proteggere il nostro corpo dai radicali liberi. Queste sostanze sono note per causare danni alle cellule, che possono aumentare il rischio di malattie.<\/p>\n<p>Il miele rosa \u00e8 anche noto per migliorare il sistema immunitario e per fornire al nostro organismo nutrienti naturali essenziali. In pi\u00f9, <strong>alcuni studi hanno dimostrato che il miele rosa pu\u00f2 <a href=\"https:\/\/www.miel-store.com\/it\/p\/olio-di-cumino-nero-habachia-100ml\/\">aiutano a trattare alcune malattie<\/a> il fegato e il sistema nervoso<\/strong>x. Pu\u00f2 essere utile anche nel trattamento di infezioni e infiammazioni.<\/p>\n<h3><strong>Come si pu\u00f2 integrare questo prodotto dell'alveare nella propria dieta?<\/strong><\/h3>\n<p>Il miele rosa russo \u00e8 molto versatile e pu\u00f2 essere utilizzato in una variet\u00e0 di piatti, compresi dolci e bevande. Si pu\u00f2 usare per <strong>aromi e dolcificazione<\/strong> insalate, frullati e salse. Pu\u00f2 essere utilizzato anche per dolcificare frutta, yogurt, farina d'avena, succhi e bevande calde.<\/p>\n<p>Inoltre, il miele pu\u00f2 essere utilizzato per creare ricette gustose e salutari. Ad esempio, si pu\u00f2 usare il miele per preparare biscotti, muffin, torte e altri dessert fatti in casa. Si pu\u00f2 anche mescolare con erbe e spezie per creare marinate e salse ricche di sostanze nutritive.<\/p>\n<p>Come gi\u00e0 detto, il miele rosa russo \u00e8 una variet\u00e0 rara e preziosa di miele. \u00c8 prodotto da api che nidificano solo in alcune regioni dell'Europa orientale. Ha un colore rosa e un sapore dolce e delicato.<\/p>\n<p>Miele rosa <strong>contiene vitamine, minerali e composti bioattivi<\/strong> che lo rendono benefico per la salute. \u00c8 ricco di antiossidanti. Questo prodotto dell'alveare russo aiuta a proteggere l'organismo dai radicali liberi e a rafforzare il sistema immunitario. Pu\u00f2 essere utilizzato anche per trattare malattie del fegato e del sistema nervoso, infezioni e infiammazioni.<\/p>\n<p>Il miele rosa pu\u00f2 essere facilmente aggiunto alla vostra dieta quotidiana. Si pu\u00f2 usare per addolcire piatti, dessert e bevande. Si pu\u00f2 anche mescolare con erbe e spezie per creare ricette deliziose e salutari.<\/p>","protected":false},"excerpt":{"rendered":"<p>Barattolo da 250 g.<\/p>","protected":false},"featured_media":2602,"template":"","meta":[],"product_brand":[],"product_cat":[77],"product_tag":[],"class_list":{"0":"post-2601","1":"product","2":"type-product","3":"status-publish","4":"has-post-thumbnail","6":"product_cat-miel-du-monde","8":"first","9":"instock","10":"shipping-taxable","11":"purchasable","12":"product-type-simple"},"_links":{"self":[{"href":"https:\/\/www.miel-store.com\/it\/wp-json\/wp\/v2\/product\/2601","targetHints":{"allow":["GET"]}}],"collection":[{"href":"https:\/\/www.miel-store.com\/it\/wp-json\/wp\/v2\/product"}],"about":[{"href":"https:\/\/www.miel-store.com\/it\/wp-json\/wp\/v2\/types\/product"}],"wp:featuredmedia":[{"embeddable":true,"href":"https:\/\/www.miel-store.com\/it\/wp-json\/wp\/v2\/media\/2602"}],"wp:attachment":[{"href":"https:\/\/www.miel-store.com\/it\/wp-json\/wp\/v2\/media?parent=2601"}],"wp:term":[{"taxonomy":"product_brand","embeddable":true,"href":"https:\/\/www.miel-store.com\/it\/wp-json\/wp\/v2\/product_brand?post=2601"},{"taxonomy":"product_cat","embeddable":true,"href":"https:\/\/www.miel-store.com\/it\/wp-json\/wp\/v2\/product_cat?post=2601"},{"taxonomy":"product_tag","embeddable":true,"href":"https:\/\/www.miel-store.com\/it\/wp-json\/wp\/v2\/product_tag?post=2601"}],"curies":[{"name":"wp","href":"https:\/\/api.w.org\/{rel}","templated":true}]}}