{"id":1670,"date":"2022-10-15T19:46:36","date_gmt":"2022-10-15T17:46:36","guid":{"rendered":"https:\/\/www.miel-store.com\/?post_type=product&#038;p=1670"},"modified":"2026-04-18T18:04:51","modified_gmt":"2026-04-18T16:04:51","slug":"nila-polvere","status":"publish","type":"product","link":"https:\/\/www.miel-store.com\/it\/p\/poudre-de-nila","title":{"rendered":"Polvere di Nila - 50 g"},"content":{"rendered":"<p>La\u00a0<strong>polvere di Nila blu<\/strong>, nota anche come polvere schiarente di Nila, \u00e8 un ingrediente naturale che sta guadagnando popolarit\u00e0 grazie ai suoi numerosi benefici per la pelle. Originaria del Sud-Est asiatico e utilizzata da secoli dalle popolazioni locali, questa polvere dalle virt\u00f9 magiche ha conquistato il mondo della bellezza. Scoprite tutto quello che c'\u00e8 da sapere su questo prodotto miracoloso e sui benefici che offre alla vostra pelle.<\/p>\n<h2><strong>Che cos'\u00e8 la polvere di Nila Blu?<\/strong><\/h2>\n<p>La polvere di Nila blu proviene da una pianta chiamata Indigofera tinctoria, appartenente alla famiglia delle leguminose. Le foglie di questa pianta vengono essiccate e poi macinate per estrarre una polvere fine con propriet\u00e0 coloranti. Inizialmente utilizzata come colorante naturale per i tessuti, la polvere di Blue Nila \u00e8 stata poi scoperta per i suoi benefici sulla pelle ed \u00e8 ora presente in una serie di prodotti cosmetici.<\/p>\n<ul>\n<li><strong>Colorante naturale<\/strong><\/li>\n<\/ul>\n<p>L'uso artistico di questa polvere blu risale a secoli fa come pigmento per tingere i tessuti o per creare dipinti e altre opere d'arte con un colore blu-verde di straordinaria bellezza. Oggi \u00e8 ancora molto apprezzata nella moda e nell'artigianato, a testimonianza del suo fascino duraturo.<\/p>\n<ul>\n<li><strong>Componenti attivi<\/strong><\/li>\n<\/ul>\n<p>La polvere di Nila blu \u00e8 ricca di principi attivi come l'indigotina e l'isatina, pigmenti naturali che le conferiscono un colore intenso. Queste sostanze hanno anche propriet\u00e0 terapeutiche benefiche per la nostra pelle.<\/p>\n<h2><strong>I benefici della polvere di Nila per la pelle<\/strong><\/h2>\n<p>L'uso regolare della polvere blu marocchina pu\u00f2 avere una moltitudine di benefici per la pelle. Ecco alcuni dei benefici pi\u00f9 evidenti:<\/p>\n<ul>\n<li><strong>Riduce l'aspetto delle rughe<\/strong><\/li>\n<\/ul>\n<p>Grazie alle sue propriet\u00e0 anti-et\u00e0, la polvere di Nila aiuta a ridurre l'aspetto delle rughe causate dall'invecchiamento cutaneo. Inoltre, favorisce la produzione di elastina, che aumenta l'elasticit\u00e0 della pelle.<\/p>\n<ul>\n<li><strong>Azione purificante<\/strong><\/li>\n<\/ul>\n<p>Come eccellente\u00a0<strong>depuratore naturale<\/strong>, La polvere schiarente Nila aiuta a <a href=\"https:\/\/www.miel-store.com\/it\/p\/sapone-al-cumino-nero\/\"><strong>pulizia profonda della pelle<\/strong><\/a>, Rimuove le impurit\u00e0 e le cellule morte dalla superficie, rendendola ideale per chi soffre di acne o di pelle grassa.<\/p>\n<ul>\n<li><strong>Effetto idratante<\/strong><\/li>\n<\/ul>\n<p>Questa polvere schiarente ha un'eccezionale capacit\u00e0 di trattenere l'acqua, il che la rende un ingrediente eccellente per <strong>idratare e nutrire la pelle<\/strong>. \u00c8 particolarmente utile per le pelli secche e sensibili che necessitano di una maggiore idratazione.<\/p>\n<h3><strong>Trattamento delle infiammazioni cutanee<\/strong><\/h3>\n<p>La polvere schiarente di Nila ha anche propriet\u00e0 antinfiammatorie e pu\u00f2 essere utilizzata per trattare una serie di condizioni infiammatorie della pelle, come l'eczema o la psoriasi. Contribuendo ad alleviare l'infiammazione, pu\u00f2 migliorare la consistenza e l'aspetto generale della pelle colpita.<\/p>\n<h3><strong>Aiuta a illuminare la pelle<\/strong><\/h3>\n<p>Per il suo effetto schiarente, la polvere Blue Nila \u00e8 spesso inclusa nei prodotti destinati a ridurre le macchie brune e l'iperpigmentazione causate dai danni del sole o dall'invecchiamento. In questo modo, contribuisce a rendere l'incarnato pi\u00f9 luminoso e uniforme.<\/p>\n<h3><strong>Come si usa la polvere Blue Nila?<\/strong><\/h3>\n<p>Per sfruttare appieno i benefici della polvere di Nila, \u00e8 essenziale sapere come usarla correttamente. Ecco alcuni consigli su come sfruttare al meglio questa incredibile polvere:<\/p>\n<ol>\n<li>Non esitate a integrare questa polvere schiarente nella vostra routine quotidiana di cura della pelle per sfruttarne al massimo i benefici. Per esempio, potete preparare una maschera mescolando la polvere con acqua, yogurt o aloe vera, quindi applicarla su viso e collo per circa 15 minuti prima di risciacquare.<\/li>\n<li>Per verificare la tolleranza della pelle alla polvere di Nila, effettuare un patch test prima di utilizzarla per la prima volta. Applicare una piccola quantit\u00e0 di prodotto diluito su una zona poco visibile della pelle (ad esempio l'interno del polso) e lasciarla agire per qualche ora per verificare che non si verifichi una reazione allergica.<\/li>\n<li>Attenzione a non usare Moroccan Lightening troppo spesso, perch\u00e9 potrebbe seccare la pelle. Un'applicazione settimanale \u00e8 generalmente sufficiente per beneficiare dei suoi effetti senza danneggiare la salute della pelle.<\/li>\n<li>Conservate sempre la polvere schiarente in un luogo fresco e buio, al riparo dalla luce e dall'umidit\u00e0. In questo modo manterr\u00e0 tutte le sue propriet\u00e0 e sar\u00e0 pi\u00f9 efficace quando la utilizzerete sulla pelle.<\/li>\n<\/ol>\n<p>Integrando\u00a0<strong>polvere di Nila blu<\/strong>\u00a0nella vostra routine di bellezza, offrirete alla vostra pelle una serie di benefici naturali per un incarnato radioso e luminoso. Osate provare questo tesoro ancestrale e scoprite voi stessi gli straordinari benefici che questa polvere miracolosa pu\u00f2 apportare alla vostra pelle.<\/p>","protected":false},"excerpt":{"rendered":"<p>La\u00a0<strong>polvere di Nila blu<\/strong>, nota anche come polvere schiarente di Nila, \u00e8 un ingrediente naturale che sta guadagnando popolarit\u00e0 grazie ai suoi numerosi benefici per la pelle.<\/p>","protected":false},"featured_media":10383,"template":"","meta":[],"product_brand":[],"product_cat":[89,88],"product_tag":[],"class_list":{"0":"post-1670","1":"product","2":"type-product","3":"status-publish","4":"has-post-thumbnail","6":"product_cat-cosmetiques","7":"product_cat-bien-etre","9":"first","10":"instock","11":"shipping-taxable","12":"purchasable","13":"product-type-simple"},"_links":{"self":[{"href":"https:\/\/www.miel-store.com\/it\/wp-json\/wp\/v2\/product\/1670","targetHints":{"allow":["GET"]}}],"collection":[{"href":"https:\/\/www.miel-store.com\/it\/wp-json\/wp\/v2\/product"}],"about":[{"href":"https:\/\/www.miel-store.com\/it\/wp-json\/wp\/v2\/types\/product"}],"wp:featuredmedia":[{"embeddable":true,"href":"https:\/\/www.miel-store.com\/it\/wp-json\/wp\/v2\/media\/10383"}],"wp:attachment":[{"href":"https:\/\/www.miel-store.com\/it\/wp-json\/wp\/v2\/media?parent=1670"}],"wp:term":[{"taxonomy":"product_brand","embeddable":true,"href":"https:\/\/www.miel-store.com\/it\/wp-json\/wp\/v2\/product_brand?post=1670"},{"taxonomy":"product_cat","embeddable":true,"href":"https:\/\/www.miel-store.com\/it\/wp-json\/wp\/v2\/product_cat?post=1670"},{"taxonomy":"product_tag","embeddable":true,"href":"https:\/\/www.miel-store.com\/it\/wp-json\/wp\/v2\/product_tag?post=1670"}],"curies":[{"name":"wp","href":"https:\/\/api.w.org\/{rel}","templated":true}]}}