{"id":1372,"date":"2022-09-09T14:20:42","date_gmt":"2022-09-09T12:20:42","guid":{"rendered":"https:\/\/www.miel-store.com\/?post_type=product&#038;p=1372"},"modified":"2026-04-22T13:33:26","modified_gmt":"2026-04-22T11:33:26","slug":"cristalli-di-menta-5g-1001-vertus","status":"publish","type":"product","link":"https:\/\/www.miel-store.com\/it\/p\/cristaux-de-menthe-5g-1001-vertus","title":{"rendered":"Cristalli di menta - 20 g"},"content":{"rendered":"<p>I cristalli di menta derivano da una reazione naturale con l'olio di menta giapponese. Raffreddati a una temperatura di -22 gradi Celsius, formano la graziosa stalattite che vendiamo in questo contenitore da 20 grammi. Volete saperne di pi\u00f9 sugli usi naturali di questo prodotto? Innanzitutto, dovete sapere che il profumo fresco, forte e clorofilliano di questo prodotto si conserva molto bene. Tenendolo nell'armadietto del bagno, potrete conservarlo a lungo.<\/p>\n<h2><strong>Cristalli di menta: un modo naturale per alleviare il raffreddore<\/strong><\/h2>\n<p>Siete affetti da influenza, che pu\u00f2 provocare naso chiuso, sinusite e mal di testa. Non preoccupatevi! I cristalli di menta offrono il sollievo rivitalizzante che cercate. La loro intensa freschezza \u00e8 in grado di porre fine al fenomeno febbrile che vi sta colpendo.<\/p>\n<p>Come si usano? Aggiungendoli ad acqua tiepida o semibollente e inserendoli in modo che si sciolgano e rilascino il loro olio essenziale. Come l'eucalipto, i cristalli di menta possono essere utilizzati per :<\/p>\n<ul>\n<li>Liberare il naso e tornare a respirare correttamente<\/li>\n<li>Ridurre il mal di testa<\/li>\n<li><a href=\"https:\/\/www.argentcolloidal.fr\/produit\/spray-nasal-argent-colloidal-15ppm-30ml\/\" target=\"_blank\" rel=\"noopener\"><strong>Disinfettare l'area nasale<\/strong><\/a> e la gola<\/li>\n<li>Ridurre il fuoco nel petto.<\/li>\n<\/ul>\n<p>Ricordate che i cristalli di menta sono un rimedio naturale. Non vi esentano da una visita dal medico. Considerateli come un bonus aggiuntivo che pu\u00f2 essere utilizzato allo stesso modo del Balsamo di Tigre.<\/p>\n<h2><strong>Menta Nipponica cristallizzata: un modo efficace per combattere dolori e malesseri<\/strong><\/h2>\n<p>I cristalli di menta possono essere utilizzati in questo caso nello stesso modo in cui vengono utilizzati per lenire i sintomi dell'influenza in acqua calda. In seguito basta massaggiare i dolori con l'acqua mentolata. I cristalli di menta hanno un effetto riscaldante e rinfrescante che riduce il dolore.<\/p>\n<p>Se soffrite di mal di schiena, gambe pesanti o dolori muscolari, provate questo spettacolare metodo naturale. La natura \u00e8 ricca di prodotti naturali straordinari per il nostro benessere. Per curare questi dolori, ne trarrete molti benefici, proprio come la\u00a0<a href=\"https:\/\/www.miel-store.com\/it\/p\/grasso-della-gobba-di-cammello\/\"><strong>grasso di cammello<\/strong><\/a>.<\/p>\n<p>Conservatelo delicatamente nell'armadio, in modo da poterlo tirare fuori al minimo dolore.<\/p>\n<h3><strong>L'ingrediente straordinario per il trattamento dell'alito cattivo<\/strong><\/h3>\n<p>Menta e alito buono vanno di pari passo. Sapevate infatti che i cristalli di menta sono uno degli ingredienti principali della ricetta del dentifricio Miswak? Non c'\u00e8 da stupirsi, visto il ruolo rinfrescante che svolge nel mantenimento dell'igiene orale. Ecco quindi gli effetti desiderabili che si possono notare quando ci si lava i denti:<\/p>\n<ul>\n<li>Ottimo profumo che si sviluppa nel cuore della bocca<\/li>\n<li>Olio essenziale che elimina i batteri dalla bocca e dalla lingua<\/li>\n<li>Raggiunge le aree pi\u00f9 difficili da raggiungere per favorire l'igiene dentale.<\/li>\n<\/ul>\n<p>I cristalli di menta si usano secondo lo stesso protocollo di cui sopra. Dopo aver lavato i denti, sciacquate e fate dei gargarismi con questa soluzione. Inizierete la giornata con un alito fresco e piacevole.<\/p>","protected":false},"excerpt":{"rendered":"<p>Les cristaux de menthe sont issus d\u2019une r\u00e9action naturelle \u00e0 partir de l\u2019huile de menthe japonaise. Refroidis \u00e0 une temp\u00e9rature de -22 degr\u00e9s Celsius, il forme cette jolie stalactite que nous vous vendons au c\u0153ur de ce r\u00e9cipient de 20 grammes. Vous souhaitez en savoir plus sur les usages naturels de ce produit. Sachez avant [&#8230;]\n","protected":false},"featured_media":10357,"template":"","meta":[],"product_brand":[],"product_cat":[89],"product_tag":[],"class_list":{"0":"post-1372","1":"product","2":"type-product","3":"status-publish","4":"has-post-thumbnail","6":"product_cat-cosmetiques","8":"first","9":"instock","10":"shipping-taxable","11":"purchasable","12":"product-type-simple"},"_links":{"self":[{"href":"https:\/\/www.miel-store.com\/it\/wp-json\/wp\/v2\/product\/1372","targetHints":{"allow":["GET"]}}],"collection":[{"href":"https:\/\/www.miel-store.com\/it\/wp-json\/wp\/v2\/product"}],"about":[{"href":"https:\/\/www.miel-store.com\/it\/wp-json\/wp\/v2\/types\/product"}],"wp:featuredmedia":[{"embeddable":true,"href":"https:\/\/www.miel-store.com\/it\/wp-json\/wp\/v2\/media\/10357"}],"wp:attachment":[{"href":"https:\/\/www.miel-store.com\/it\/wp-json\/wp\/v2\/media?parent=1372"}],"wp:term":[{"taxonomy":"product_brand","embeddable":true,"href":"https:\/\/www.miel-store.com\/it\/wp-json\/wp\/v2\/product_brand?post=1372"},{"taxonomy":"product_cat","embeddable":true,"href":"https:\/\/www.miel-store.com\/it\/wp-json\/wp\/v2\/product_cat?post=1372"},{"taxonomy":"product_tag","embeddable":true,"href":"https:\/\/www.miel-store.com\/it\/wp-json\/wp\/v2\/product_tag?post=1372"}],"curies":[{"name":"wp","href":"https:\/\/api.w.org\/{rel}","templated":true}]}}