{"id":10416,"date":"2026-04-22T16:21:36","date_gmt":"2026-04-22T14:21:36","guid":{"rendered":"https:\/\/www.miel-store.com\/?post_type=product&#038;p=10416"},"modified":"2026-04-22T16:24:34","modified_gmt":"2026-04-22T14:24:34","slug":"miele-di-shilajit-da-lhimalaya","status":"publish","type":"product","link":"https:\/\/www.miel-store.com\/it\/p\/miel-shilajit-de-lhimalaya","title":{"rendered":"Miele di Shilajit dell'Himalaya - Crema di miele nero - vasetto da 250 g"},"content":{"rendered":"<header style=\"background: linear-gradient(135deg,#17131d 0%,#2a202f 42%,#4b3620 100%); padding: 66px 20px 60px; text-align: center; position: relative; overflow: hidden; border-bottom: 2px solid #59442c;\">\n<div style=\"position: absolute; inset: 0; background: radial-gradient(circle at 18% 22%,rgba(255,255,255,0.08),transparent 28%),radial-gradient(circle at 82% 24%,rgba(201,156,89,0.16),transparent 30%),radial-gradient(circle at 52% 84%,rgba(102,73,39,0.18),transparent 28%);\">&nbsp;<\/div>\n<div style=\"position: absolute; inset: 0; background-image: linear-gradient(rgba(255,255,255,0.04) 1px, transparent 1px),linear-gradient(90deg, rgba(255,255,255,0.04) 1px, transparent 1px); background-size: 42px 42px; opacity: 0.28;\">&nbsp;<\/div>\n<div style=\"position: relative; z-index: 1; max-width: 980px; margin: 0 auto;\">\n<div style=\"display: inline-block; background: #0d0a11; color: #e3c07a; border: 1px solid #b58c4f; border-radius: 28px; padding: 8px 18px; font-size: 0.82em; letter-spacing: 1.7px; text-transform: uppercase; margin-bottom: 18px; box-shadow: 0 8px 22px rgba(0,0,0,0.22);\">Himalaya - Miele di resina nera - barattolo di vetro da 250 g<\/div>\n<h2 style=\"font-size: 3em; line-height: 1.14; color: #fff8ef; margin: 0 0 14px; font-weight: bold;\">Miele di shilajit dell'Himalaya<br \/><span style=\"font-size: 0.62em; color: #d5b98a; font-style: italic;\">miele scuro, profondo e singolare<\/span><\/h2>\n<div style=\"display: flex; justify-content: center; gap: 14px; flex-wrap: wrap; margin-bottom: 30px;\"><span style=\"background: rgba(255,255,255,0.08); border: 1px solid rgba(229,196,138,0.32); padding: 9px 18px; border-radius: 24px; color: #fff3de; font-size: 0.88em;\">\ud83d\udda4 Miele di resina nero<\/span> <span style=\"background: rgba(255,255,255,0.08); border: 1px solid rgba(229,196,138,0.32); padding: 9px 18px; border-radius: 24px; color: #fff3de; font-size: 0.88em;\">\ud83c\udfd4\ufe0f Universo Himalaya<\/span> <span style=\"background: rgba(255,255,255,0.08); border: 1px solid rgba(229,196,138,0.32); padding: 9px 18px; border-radius: 24px; color: #fff3de; font-size: 0.88em;\">\ud83c\udf6f Degustazione premium<\/span> <span style=\"background: rgba(255,255,255,0.08); border: 1px solid rgba(229,196,138,0.32); padding: 9px 18px; border-radius: 24px; color: #fff3de; font-size: 0.88em;\">\ud83e\uded9 Vasetto di vetro da 250 g<\/span><\/div>\n<\/div>\n<\/header>\n<section style=\"background: #f7f1e7; padding: 56px 20px; border-bottom: 2px solid #e9dbc7; color: #2a211b;\">\n<div style=\"max-width: 950px; margin: 0 auto; text-align: center;\">\n<h2 style=\"margin: 0 0 14px; color: #241c16; font-size: 2em; font-weight: bold;\">Un miele da degustazione per chi ama i riferimenti eclatanti<\/h2>\n<p style=\"max-width: 800px; margin: 0 auto 30px; color: #5b4937; font-size: 1.05em; line-height: 1.9;\">Questo miele di shilajit dell'Himalaya non cerca di assomigliare a un miele classico. Ha una personalit\u00e0 pi\u00f9 densa, pi\u00f9 scura e pi\u00f9 intrigante. \u00c8 una referenza pensata per il piacere di scoprire un miele diverso, con una vera e propria firma visiva e una presenza che cattura lo sguardo a prima vista.<\/p>\n<div style=\"display: grid; grid-template-columns: repeat(auto-fit,minmax(190px,1fr)); gap: 18px; max-width: 880px; margin: 0 auto;\">\n<div style=\"background: #fffdfa; border: 1px solid #eadcc7; border-radius: 14px; padding: 24px 18px;\">\n<div style=\"font-size: 2em; margin-bottom: 8px;\">\ud83c\udf11<\/div>\n<div style=\"color: #241d17; font-weight: bold; font-size: 0.97em;\">Un look immediatamente riconoscibile<\/div>\n<div style=\"color: #665340; font-size: 0.83em; line-height: 1.62; margin-top: 6px;\">Il colore scuro conferisce al prodotto un'identit\u00e0 visiva forte e memorabile.<\/div>\n<\/div>\n<div style=\"background: #fffdfa; border: 1px solid #eadcc7; border-radius: 14px; padding: 24px 18px;\">\n<div style=\"font-size: 2em; margin-bottom: 8px;\">\ud83c\udfd4\ufe0f<\/div>\n<div style=\"color: #241d17; font-weight: bold; font-size: 0.97em;\">Un mondo immaginario ispirato all'Himalaya<\/div>\n<div style=\"color: #665340; font-size: 0.83em; line-height: 1.62; margin-top: 6px;\">Un mondo di altitudine, roccia e profondit\u00e0 che incuriosisce naturalmente<\/div>\n<\/div>\n<div style=\"background: #fffdfa; border: 1px solid #eadcc7; border-radius: 14px; padding: 24px 18px;\">\n<div style=\"font-size: 2em; margin-bottom: 8px;\">\ud83c\udf6f<\/div>\n<div style=\"color: #241d17; font-weight: bold; font-size: 0.97em;\">Una degustazione di carattere<\/div>\n<div style=\"color: #665340; font-size: 0.83em; line-height: 1.62; margin-top: 6px;\">Pensato per gli amanti dei mieli originali, profondi e insoliti<\/div>\n<\/div>\n<div style=\"background: #fffdfa; border: 1px solid #eadcc7; border-radius: 14px; padding: 24px 18px;\">\n<div style=\"font-size: 2em; margin-bottom: 8px;\">\ud83c\udf81<\/div>\n<div style=\"color: #241d17; font-weight: bold; font-size: 0.97em;\">Una grande idea regalo<\/div>\n<div style=\"color: #665340; font-size: 0.83em; line-height: 1.62; margin-top: 6px;\">Una referenza di qualit\u00e0 superiore che si discosta dai mieli pi\u00f9 comuni.<\/div>\n<\/div>\n<\/div>\n<\/div>\n<\/section>\n<section style=\"background: #fffaf3; padding: 60px 20px; border-bottom: 2px solid #ecdcc6; color: #2a211b;\">\n<div style=\"max-width: 950px; margin: 0 auto;\">\n<h2 style=\"margin: 0 0 12px; color: #241c16; font-size: 1.96em; font-weight: bold; text-align: center;\">Lo stile di questo miele nero<\/h2>\n<p style=\"text-align: center; color: #6f5a44; font-size: 0.95em; margin: 0 0 34px; font-style: italic;\">Un miele concepito come una scoperta premium, tanto per il suo aspetto quanto per la sua identit\u00e0.<\/p>\n<div style=\"display: grid; grid-template-columns: 1fr 1fr; gap: 24px; align-items: stretch;\">\n<div style=\"background: #ffffff; border: 1px solid #eadcc7; border-radius: 14px; padding: 28px 24px; box-shadow: 0 3px 12px rgba(42,33,27,0.06);\">\n<h3 style=\"margin: 0 0 12px; color: #241d17; font-size: 1.08em; font-weight: bold; display: flex; align-items: center; gap: 8px;\"><span style=\"background: #201914; color: #e1be7e; width: 28px; height: 28px; border-radius: 50%; display: inline-flex; align-items: center; justify-content: center; font-size: 0.76em;\">\ud83d\udda4<\/span> Rara profondit\u00e0 visiva<\/h3>\n<p style=\"margin: 0 0 10px; color: #5c4937; font-size: 0.92em; line-height: 1.86;\">Il suo colore scuro e resinoso d\u00e0 immediatamente il tono. \u00c8 un riferimento accattivante e intrigante che si distingue naturalmente dai mieli pi\u00f9 chiari o floreali. \u00c8 proprio questo contrasto che gli conferisce il suo fascino e il suo posizionamento nella fascia alta della gamma.<\/p>\n<ul style=\"margin: 0; padding: 0 0 0 18px; color: #6b5741; font-size: 0.89em; line-height: 2;\">\n<li>Una presenza visiva profonda e singolare<\/li>\n<li>Un'immagine premium a prima vista<\/li>\n<li>Una personalit\u00e0 pi\u00f9 densa rispetto ai mieli tradizionali<\/li>\n<li>Un vero senso di scoperta<\/li>\n<\/ul>\n<\/div>\n<div style=\"background: #ffffff; border: 1px solid #eadcc7; border-radius: 14px; padding: 28px 24px; box-shadow: 0 3px 12px rgba(42,33,27,0.06);\">\n<h3 style=\"margin: 0 0 12px; color: #241d17; font-size: 1.08em; font-weight: bold; display: flex; align-items: center; gap: 8px;\"><span style=\"background: #201914; color: #e1be7e; width: 28px; height: 28px; border-radius: 50%; display: inline-flex; align-items: center; justify-content: center; font-size: 0.76em;\">\ud83c\udfd4\ufe0f<\/span> Un mondo ispirato all'Himalaya<\/h3>\n<p style=\"margin: 0 0 12px; color: #5c4937; font-size: 0.92em; line-height: 1.86;\">Il nome del prodotto \u00e8 un'atmosfera forte: quella delle alture, della roccia, di un universo pi\u00f9 denso e minerale. Questo quadro visivo e sensoriale contribuisce pienamente al piacere di scegliere un miele che racconta una storia diversa, senza sovraccarichi o promesse eccessive.<\/p>\n<div style=\"background: #fbf4ea; border: 1px solid #ebdcc6; border-radius: 10px; padding: 14px 16px;\">\n<p style=\"margin: 0; color: #66523d; font-size: 0.86em; line-height: 1.72;\"><strong>Cosa si nota:<\/strong> un miele di carattere, pensato per la degustazione, la curiosit\u00e0 e il piacere di scoprire una referenza insolita.<\/p>\n<\/div>\n<\/div>\n<\/div>\n<\/div>\n<\/section>\n<section style=\"background: #f7f1e7; padding: 60px 20px; border-bottom: 2px solid #e9dbc7; color: #2a211b;\">\n<div style=\"max-width: 950px; margin: 0 auto;\">\n<h2 style=\"margin: 0 0 12px; color: #241c16; font-size: 1.96em; font-weight: bold; text-align: center;\">Perch\u00e9 scegliere il miele di shilajit dell'Himalaya di Miel Store?<\/h2>\n<p style=\"text-align: center; color: #6f5a44; font-size: 0.95em; margin: 0 0 34px;\">Perch\u00e9 offre un'esperienza diversa, visiva e gastronomica per gli appassionati di mieli fuori dal comune.<\/p>\n<div style=\"display: grid; grid-template-columns: repeat(auto-fit,minmax(280px,1fr)); gap: 18px;\">\n<div style=\"background: linear-gradient(135deg,#fffdfa,#f4e7d7); border: 1px solid #eadcc7; border-radius: 14px; padding: 24px 22px;\">\n<h3 style=\"margin: 0 0 8px; color: #241d17; font-size: 1em;\">1 - Una vera personalit\u00e0<\/h3>\n<p style=\"margin: 0; color: #5f4c38; font-size: 0.89em; line-height: 1.75;\">Questo miele si rivolge a coloro che amano i prodotti con una firma visiva e gustativa pi\u00f9 forte.<\/p>\n<\/div>\n<div style=\"background: linear-gradient(135deg,#fffdfa,#f4e7d7); border: 1px solid #eadcc7; border-radius: 14px; padding: 24px 22px;\">\n<h3 style=\"margin: 0 0 8px; color: #241d17; font-size: 1em;\">2 - Scoperta premium<\/h3>\n<p style=\"margin: 0; color: #5f4c38; font-size: 0.89em; line-height: 1.75;\">Si presta perfettamente a una selezione di mieli rari, da regalare o da assaporare per il piacere di diverse scoperte.<\/p>\n<\/div>\n<div style=\"background: linear-gradient(135deg,#fffdfa,#f4e7d7); border: 1px solid #eadcc7; border-radius: 14px; padding: 24px 22px;\">\n<h3 style=\"margin: 0 0 8px; color: #241d17; font-size: 1em;\">3 - Un formato facile da adottare<\/h3>\n<p style=\"margin: 0; color: #5f4c38; font-size: 0.89em; line-height: 1.75;\">Il barattolo di vetro da 250 g \u00e8 ideale per scoprire il prodotto al proprio ritmo.<\/p>\n<\/div>\n<div style=\"background: linear-gradient(135deg,#fffdfa,#f4e7d7); border: 1px solid #eadcc7; border-radius: 14px; padding: 24px 22px;\">\n<h3 style=\"margin: 0 0 8px; color: #241d17; font-size: 1em;\">4 - Un affascinante colore scuro<\/h3>\n<p style=\"margin: 0; color: #5f4c38; font-size: 0.89em; line-height: 1.75;\">La sua tonalit\u00e0 nera e resinosa basta da sola a creare un mondo distinto e accattivante.<\/p>\n<\/div>\n<div style=\"background: linear-gradient(135deg,#fffdfa,#f4e7d7); border: 1px solid #eadcc7; border-radius: 14px; padding: 24px 22px;\">\n<h3 style=\"margin: 0 0 8px; color: #241d17; font-size: 1em;\">5 - Una grande idea regalo<\/h3>\n<p style=\"margin: 0; color: #5f4c38; font-size: 0.89em; line-height: 1.75;\">Questo \u00e8 il tipo di referenza che si sceglie per sorprendere piacevolmente un amante dei prodotti pregiati.<\/p>\n<\/div>\n<div style=\"background: linear-gradient(135deg,#fffdfa,#f4e7d7); border: 1px solid #eadcc7; border-radius: 14px; padding: 24px 22px;\">\n<h3 style=\"margin: 0 0 8px; color: #241d17; font-size: 1em;\">6 - Una degustazione che lascia un'impressione duratura<\/h3>\n<p style=\"margin: 0; color: #5f4c38; font-size: 0.89em; line-height: 1.75;\">Il suo universo pi\u00f9 denso e raro lo rende un punto di riferimento che si distingue maggiormente rispetto a un miele pi\u00f9 discreto.<\/p>\n<\/div>\n<\/div>\n<\/div>\n<\/section>\n<section style=\"background: #fffaf3; padding: 60px 20px; border-bottom: 2px solid #ecdcc6; color: #2a211b;\">\n<div style=\"max-width: 950px; margin: 0 auto;\">\n<h2 style=\"margin: 0 0 26px; color: #241c16; font-size: 1.92em; font-weight: bold; text-align: center;\">Riferimenti del prodotto<\/h2>\n<div style=\"overflow-x: auto;\">\n<table style=\"width: 100%; border-collapse: collapse; font-size: 0.93em; box-shadow: 0 3px 12px rgba(42,33,27,0.06); background: #ffffff; border-radius: 14px; overflow: hidden;\">\n<thead>\n<tr style=\"background: linear-gradient(135deg,#1c1512,#5b4125); color: #f7e6c0;\">\n<th style=\"padding: 15px 18px; text-align: left; width: 34%;\">Caratteristiche<\/th>\n<th style=\"padding: 15px 18px; text-align: left;\">Dettaglio<\/th>\n<\/tr>\n<\/thead>\n<tbody>\n<tr style=\"background: #ffffff;\">\n<td style=\"padding: 14px 18px; border-bottom: 1px solid #efe1cd; font-weight: bold; color: #241d17;\">Nome del prodotto<\/td>\n<td style=\"padding: 14px 18px; border-bottom: 1px solid #efe1cd; color: #5f4c38;\">Miele di shilajit dell'Himalaya<\/td>\n<\/tr>\n<tr style=\"background: #fdf8f1;\">\n<td style=\"padding: 14px 18px; border-bottom: 1px solid #efe1cd; font-weight: bold; color: #241d17;\">Stile<\/td>\n<td style=\"padding: 14px 18px; border-bottom: 1px solid #efe1cd; color: #5f4c38;\">Scuro, profondo, singolare, premium<\/td>\n<\/tr>\n<tr style=\"background: #ffffff;\">\n<td style=\"padding: 14px 18px; border-bottom: 1px solid #efe1cd; font-weight: bold; color: #241d17;\">Universo<\/td>\n<td style=\"padding: 14px 18px; border-bottom: 1px solid #efe1cd; color: #5f4c38;\">Himalaya, altitudine, roccia, scoperta del miele<\/td>\n<\/tr>\n<tr style=\"background: #fdf8f1;\">\n<td style=\"padding: 14px 18px; border-bottom: 1px solid #efe1cd; font-weight: bold; color: #241d17;\">Formato<\/td>\n<td style=\"padding: 14px 18px; border-bottom: 1px solid #efe1cd; color: #5f4c38;\">250g<\/td>\n<\/tr>\n<tr style=\"background: #ffffff;\">\n<td style=\"padding: 14px 18px; border-bottom: 1px solid #efe1cd; font-weight: bold; color: #241d17;\">Imballaggio<\/td>\n<td style=\"padding: 14px 18px; border-bottom: 1px solid #efe1cd; color: #5f4c38;\">Vaso di vetro<\/td>\n<\/tr>\n<tr style=\"background: #fdf8f1;\">\n<td style=\"padding: 14px 18px; border-bottom: 1px solid #efe1cd; font-weight: bold; color: #241d17;\">Aspetto<\/td>\n<td style=\"padding: 14px 18px; border-bottom: 1px solid #efe1cd; color: #5f4c38;\">Miele di conifera nero con una forte presenza visiva<\/td>\n<\/tr>\n<tr style=\"background: #ffffff;\">\n<td style=\"padding: 14px 18px; border-bottom: 1px solid #efe1cd; font-weight: bold; color: #241d17;\">Utilizzo<\/td>\n<td style=\"padding: 14px 18px; border-bottom: 1px solid #efe1cd; color: #5f4c38;\">Consumo e degustazione gourmet<\/td>\n<\/tr>\n<tr style=\"background: #fdf8f1;\">\n<td style=\"padding: 14px 18px; border-bottom: 1px solid #efe1cd; font-weight: bold; color: #241d17;\">Pubblico<\/td>\n<td style=\"padding: 14px 18px; border-bottom: 1px solid #efe1cd; color: #5f4c38;\">Amanti dei mieli rari, delle scoperte di pregio e delle referenze originali<\/td>\n<\/tr>\n<tr style=\"background: #ffffff;\">\n<td style=\"padding: 14px 18px; border-bottom: 1px solid #efe1cd; font-weight: bold; color: #241d17;\">Conservazione<\/td>\n<td style=\"padding: 14px 18px; border-bottom: 1px solid #efe1cd; color: #5f4c38;\">Luogo asciutto e temperato, al riparo dalla luce<\/td>\n<\/tr>\n<tr style=\"background: #fdf8f1;\">\n<td style=\"padding: 14px 18px; font-weight: bold; color: #241d17;\">Nota importante<\/td>\n<td style=\"padding: 14px 18px; color: #5f4c38;\">Non \u00e8 raccomandato per i neonati di et\u00e0 inferiore ai 12 mesi.<\/td>\n<\/tr>\n<\/tbody>\n<\/table>\n<\/div>\n<\/div>\n<\/section>\n<section style=\"background: #f7f1e7; padding: 56px 20px; border-bottom: 2px solid #e9dbc7; color: #2a211b;\">\n<div style=\"max-width: 950px; margin: 0 auto;\">\n<h2 style=\"margin: 0 0 14px; color: #241c16; font-size: 1.9em; font-weight: bold; text-align: center;\">Come lo vive quotidianamente?<\/h2>\n<p style=\"max-width: 790px; margin: 0 auto 30px; text-align: center; color: #5b4937; font-size: 1em; line-height: 1.84;\">Questo miele si presta a una degustazione semplice, lenta e piacevole. Pu\u00f2 accompagnare un momento di tranquillit\u00e0, una selezione di mieli da confrontare o semplicemente il desiderio di scoprire una referenza meno ordinaria.<\/p>\n<div style=\"display: grid; grid-template-columns: repeat(auto-fit,minmax(220px,1fr)); gap: 18px; align-items: stretch;\">\n<div style=\"background: #fffdfa; border: 1px solid #eadcc7; border-radius: 16px; padding: 24px 20px; box-shadow: 0 4px 12px rgba(42,33,27,0.05);\">\n<div style=\"font-size: 1.9em; text-align: center; margin-bottom: 10px;\">\ud83e\udd44<\/div>\n<h3 style=\"margin: 0 0 8px; color: #241d17; font-size: 1.01em; text-align: center; font-weight: bold;\">Con un cucchiaio<\/h3>\n<p style=\"margin: 0; color: #5f4c38; font-size: 0.88em; line-height: 1.72; text-align: center;\">Un ottimo modo per scoprire l'unicit\u00e0 di questo miele.<\/p>\n<\/div>\n<div style=\"background: #fffdfa; border: 1px solid #eadcc7; border-radius: 16px; padding: 24px 20px; box-shadow: 0 4px 12px rgba(42,33,27,0.05);\">\n<div style=\"font-size: 1.9em; text-align: center; margin-bottom: 10px;\">\ud83e\udd56<\/div>\n<h3 style=\"margin: 0 0 8px; color: #241d17; font-size: 1.01em; text-align: center; font-weight: bold;\">Sui toast<\/h3>\n<p style=\"margin: 0; color: #5f4c38; font-size: 0.88em; line-height: 1.72; text-align: center;\">Per la colazione o la merenda, per un momento semplice e delizioso.<\/p>\n<\/div>\n<div style=\"background: #fffdfa; border: 1px solid #eadcc7; border-radius: 16px; padding: 24px 20px; box-shadow: 0 4px 12px rgba(42,33,27,0.05);\">\n<div style=\"font-size: 1.9em; text-align: center; margin-bottom: 10px;\">\ud83e\udd63<\/div>\n<h3 style=\"margin: 0 0 8px; color: #241d17; font-size: 1.01em; text-align: center; font-weight: bold;\">Con yogurt magro<\/h3>\n<p style=\"margin: 0; color: #5f4c38; font-size: 0.88em; line-height: 1.72; text-align: center;\">Una combinazione sobria che lascia ampio spazio alla vostra personalit\u00e0.<\/p>\n<\/div>\n<div style=\"background: #fffdfa; border: 1px solid #eadcc7; border-radius: 16px; padding: 24px 20px; box-shadow: 0 4px 12px rgba(42,33,27,0.05);\">\n<div style=\"font-size: 1.9em; text-align: center; margin-bottom: 10px;\">\ud83c\udf81<\/div>\n<h3 style=\"margin: 0 0 8px; color: #241d17; font-size: 1.01em; text-align: center; font-weight: bold;\">In una selezione di regali<\/h3>\n<p style=\"margin: 0; color: #5f4c38; font-size: 0.88em; line-height: 1.72; text-align: center;\">Una referenza originale da inserire in una gamma premium.<\/p>\n<\/div>\n<\/div>\n<\/div>\n<\/section>\n<section style=\"background: #fffaf3; padding: 58px 20px; border-bottom: 2px solid #ecdcc6; color: #2a211b;\">\n<div style=\"max-width: 950px; margin: 0 auto;\">\n<h2 style=\"margin: 0 0 14px; color: #241c16; font-size: 1.9em; font-weight: bold; text-align: center;\">Scopri anche il mondo dello shilajit<\/h2>\n<p style=\"max-width: 780px; margin: 0 auto 30px; text-align: center; color: #5c4937; font-size: 1em; line-height: 1.84;\">Se questo mondo vi affascina, potete ampliare la vostra scoperta con due formati complementari: il <a href=\"https:\/\/www.miel-store.com\/it\/p\/gommine-shilajit\/\">gommine shilajit<\/a> e <a href=\"https:\/\/www.miel-store.com\/it\/p\/shilajit\/\">capsule di shilajit<\/a>, ognuno con il suo uso e il suo modo di entrare in questo mondo immaginario.<\/p>\n<\/div>\n<\/section>\n<section style=\"background: #fffaf3; padding: 60px 20px 66px; color: #2a211b;\">\n<div style=\"max-width: 950px; margin: 0 auto;\">\n<h2 style=\"margin: 0 0 20px; color: #241c16; font-size: 2em; font-weight: bold; text-align: center;\">FAQ - Miele di Shilajit dall'Himalaya<\/h2>\n<div itemscope=\"\" itemtype=\"https:\/\/schema.org\/FAQPage\">\n<div style=\"background: #fffdfa; border: 1px solid #eadcc7; border-radius: 14px; padding: 22px 22px; margin-bottom: 14px;\" itemprop=\"mainEntity\" itemscope=\"\" itemtype=\"https:\/\/schema.org\/Question\">\n<h3 style=\"margin: 0 0 10px; color: #241d17; font-size: 1.03em;\" itemprop=\"name\">Che cos'\u00e8 il miele di shilajit dell'Himalaya?<\/h3>\n<div itemprop=\"acceptedAnswer\" itemscope=\"\" itemtype=\"https:\/\/schema.org\/Answer\">\n<p style=\"margin: 0; color: #5f4c38; font-size: 0.93em; line-height: 1.82;\" itemprop=\"text\">Si tratta di un miele da degustazione presentato in un universo oscuro, profondo e singolare, pensato per gli amanti delle referenze rare e pregiate.<\/p>\n<\/div>\n<\/div>\n<div style=\"background: #fffdfa; border: 1px solid #eadcc7; border-radius: 14px; padding: 22px 22px; margin-bottom: 14px;\" itemprop=\"mainEntity\" itemscope=\"\" itemtype=\"https:\/\/schema.org\/Question\">\n<h3 style=\"margin: 0 0 10px; color: #241d17; font-size: 1.03em;\" itemprop=\"name\">In quale formato \u00e8 disponibile questo prodotto?<\/h3>\n<div itemprop=\"acceptedAnswer\" itemscope=\"\" itemtype=\"https:\/\/schema.org\/Answer\">\n<p style=\"margin: 0; color: #5f4c38; font-size: 0.93em; line-height: 1.82;\" itemprop=\"text\">Si presenta in un vasetto di vetro da 250 g, un formato pratico per scoprire questo miele al proprio ritmo.<\/p>\n<\/div>\n<\/div>\n<div style=\"background: #fffdfa; border: 1px solid #eadcc7; border-radius: 14px; padding: 22px 22px; margin-bottom: 14px;\" itemprop=\"mainEntity\" itemscope=\"\" itemtype=\"https:\/\/schema.org\/Question\">\n<h3 style=\"margin: 0 0 10px; color: #241d17; font-size: 1.03em;\" itemprop=\"name\">Per chi \u00e8 questo miele?<\/h3>\n<div itemprop=\"acceptedAnswer\" itemscope=\"\" itemtype=\"https:\/\/schema.org\/Answer\">\n<p style=\"margin: 0; color: #5f4c38; font-size: 0.93em; line-height: 1.82;\" itemprop=\"text\">Si rivolge ai clienti che amano i mieli di carattere, le scoperte gastronomiche di qualit\u00e0 e i prodotti che si distinguono per il loro stile.<\/p>\n<\/div>\n<\/div>\n<div style=\"background: #fffdfa; border: 1px solid #eadcc7; border-radius: 14px; padding: 22px 22px; margin-bottom: 14px;\" itemprop=\"mainEntity\" itemscope=\"\" itemtype=\"https:\/\/schema.org\/Question\">\n<h3 style=\"margin: 0 0 10px; color: #241d17; font-size: 1.03em;\" itemprop=\"name\">Come si diverte?<\/h3>\n<div itemprop=\"acceptedAnswer\" itemscope=\"\" itemtype=\"https:\/\/schema.org\/Answer\">\n<p style=\"margin: 0; color: #5f4c38; font-size: 0.93em; line-height: 1.82;\" itemprop=\"text\">Si pu\u00f2 gustare al cucchiaio, su pane tostato, con yogurt semplice o con una selezione di mieli a confronto.<\/p>\n<\/div>\n<\/div>\n<div style=\"background: #fffdfa; border: 1px solid #eadcc7; border-radius: 14px; padding: 22px 22px; margin-bottom: 14px;\" itemprop=\"mainEntity\" itemscope=\"\" itemtype=\"https:\/\/schema.org\/Question\">\n<h3 style=\"margin: 0 0 10px; color: #241d17; font-size: 1.03em;\" itemprop=\"name\">Come conservare il miele di shilajit?<\/h3>\n<div itemprop=\"acceptedAnswer\" itemscope=\"\" itemtype=\"https:\/\/schema.org\/Answer\">\n<p style=\"margin: 0; color: #5f4c38; font-size: 0.93em; line-height: 1.82;\" itemprop=\"text\">Conservare in un luogo asciutto e temperato, al riparo dalla luce, chiudendo bene il barattolo dopo ogni utilizzo.<\/p>\n<\/div>\n<\/div>\n<div style=\"background: #fffdfa; border: 1px solid #eadcc7; border-radius: 14px; padding: 22px 22px;\" itemprop=\"mainEntity\" itemscope=\"\" itemtype=\"https:\/\/schema.org\/Question\">\n<h3 style=\"margin: 0 0 10px; color: #241d17; font-size: 1.03em;\" itemprop=\"name\">Quali altri prodotti si possono scoprire intorno allo shilajit?<\/h3>\n<div itemprop=\"acceptedAnswer\" itemscope=\"\" itemtype=\"https:\/\/schema.org\/Answer\">\n<p style=\"margin: 0; color: #5f4c38; font-size: 0.93em; line-height: 1.82;\" itemprop=\"text\">Potete anche scoprire le Gummies Shilajit per un formato pratico, cos\u00ec come lo Shilajit per estendere la scoperta di questo universo.<\/p>\n<\/div>\n<\/div>\n<\/div>\n<div style=\"margin-top: 30px; padding: 18px 20px; border-radius: 12px; background: #f4ead9; border: 1px solid #e3d2b8; color: #654f35; font-size: 0.92em; line-height: 1.8; text-align: center;\"><strong style=\"color: #241d17;\">Informazioni importanti:<\/strong> Come tutti i mieli, questo prodotto non \u00e8 raccomandato per i bambini al di sotto dei 12 mesi.<\/div>\n<\/div>\n<\/section>","protected":false},"excerpt":{"rendered":"<p>Se ti piace <strong>mieli fuori dal comune<\/strong>, Questo riferimento merita tutta la vostra attenzione. Il suo profondo universo visivo, <strong>stile resina nera<\/strong> e il suo formato da 250 g in un barattolo di vetro ne fanno una scelta di carattere, pensata per gli amanti delle scoperte gastronomiche di qualit\u00e0.<\/p>","protected":false},"featured_media":10417,"template":"","meta":[],"product_brand":[],"product_cat":[77,130],"product_tag":[],"class_list":{"0":"post-10416","1":"product","2":"type-product","3":"status-publish","4":"has-post-thumbnail","6":"product_cat-miel-du-monde","7":"product_cat-produits-medecine-ayurvedique","9":"first","10":"instock","11":"shipping-taxable","12":"purchasable","13":"product-type-simple"},"_links":{"self":[{"href":"https:\/\/www.miel-store.com\/it\/wp-json\/wp\/v2\/product\/10416","targetHints":{"allow":["GET"]}}],"collection":[{"href":"https:\/\/www.miel-store.com\/it\/wp-json\/wp\/v2\/product"}],"about":[{"href":"https:\/\/www.miel-store.com\/it\/wp-json\/wp\/v2\/types\/product"}],"wp:featuredmedia":[{"embeddable":true,"href":"https:\/\/www.miel-store.com\/it\/wp-json\/wp\/v2\/media\/10417"}],"wp:attachment":[{"href":"https:\/\/www.miel-store.com\/it\/wp-json\/wp\/v2\/media?parent=10416"}],"wp:term":[{"taxonomy":"product_brand","embeddable":true,"href":"https:\/\/www.miel-store.com\/it\/wp-json\/wp\/v2\/product_brand?post=10416"},{"taxonomy":"product_cat","embeddable":true,"href":"https:\/\/www.miel-store.com\/it\/wp-json\/wp\/v2\/product_cat?post=10416"},{"taxonomy":"product_tag","embeddable":true,"href":"https:\/\/www.miel-store.com\/it\/wp-json\/wp\/v2\/product_tag?post=10416"}],"curies":[{"name":"wp","href":"https:\/\/api.w.org\/{rel}","templated":true}]}}