{"id":403,"date":"2022-02-24T15:43:14","date_gmt":"2022-02-24T14:43:14","guid":{"rendered":"https:\/\/www.miel-store.com\/?page_id=403"},"modified":"2022-02-24T15:43:16","modified_gmt":"2022-02-24T14:43:16","slug":"consegna-e-restituzione","status":"publish","type":"page","link":"https:\/\/www.miel-store.com\/it\/livraison-et-retours","title":{"rendered":"Consegna e restituzione"},"content":{"rendered":"<h2 class=\"wp-block-heading\">Spedizione del pacco<\/h2>\n\n\n\n<p>I prodotti vengono consegnati all'indirizzo di consegna indicato durante il processo d'ordine, entro i tempi indicati nella pagina di conferma dell'ordine. In caso di ritardo nella spedizione, vi verr\u00e0 inviata un'e-mail per informarvi delle eventuali conseguenze sui tempi di consegna indicati. In conformit\u00e0 alle disposizioni di legge, in caso di ritardo nella consegna, \u00e8 possibile annullare l'ordine in conformit\u00e0 ai termini e alle condizioni di cui all'articolo L 138-2 del Codice del consumo francese. Se nel frattempo riceverete il prodotto, vi rimborseremo le spese di consegna in conformit\u00e0 all'articolo L 138-3 del Codice del consumo francese. In caso di consegna da parte di un vettore, la societ\u00e0&nbsp;<strong>Direttore generale<\/strong>&nbsp;non pu\u00f2 essere ritenuta responsabile per ritardi nella consegna dovuti esclusivamente all'indisponibilit\u00e0 del cliente dopo diversi appuntamenti proposti.<\/p>\n\n\n\n<p><br>Le scatole sono della misura giusta e i vostri articoli sono protetti in modo adeguato.<\/p>\n\n\n\n<h2 class=\"wp-block-heading\">Condizioni di recesso<\/h2>\n\n\n\n<p>Il Cliente ha un diritto di recesso di quattordici (14) giorni a partire dalla data di ricevimento della totalit\u00e0 del suo ordine, senza dover necessariamente fornire una motivazione.<br>Per esercitare il diritto di recesso, i clienti devono comunicare la loro decisione di recedere dall'ordine con una dichiarazione inequivocabile, specificando nome e cognome, indirizzo e-mail, indirizzo, numero d'ordine e data:<\/p>\n\n\n\n<ul class=\"wp-block-list\"><li>via internet: sul sito https:\/\/www.miel-store.com utilizzando il modulo di contatto (https:\/\/www.miel-store.com\/nous-contacter)<\/li><\/ul>\n\n\n\n<h2 class=\"wp-block-heading\">Rimborso<\/h2>\n\n\n\n<p>In caso di recesso da parte del Cliente, Miel Store rimborser\u00e0 i pagamenti ricevuti dal Cliente e in ogni caso non oltre quattordici (14) giorni dal giorno in cui Miel Store \u00e8 stato informato della decisione del Cliente di recedere.<br>Nel caso in cui il Cliente receda dall'intero ordine, Miel Store rimborser\u00e0 tutti i pagamenti ricevuti dal Cliente per tale ordine.<br>Nel caso in cui il Cliente ritiri una parte dei Prodotti oggetto dell'ordine, Miel Store rimborser\u00e0 l'importo dei Prodotti restituiti.<\/p>\n\n\n\n<p>Il rimborso sar\u00e0 effettuato con lo stesso mezzo di pagamento utilizzato dal Cliente per il suo ordine o tramite bonifico bancario.<br>Miel Store pu\u00f2 rinviare tale rimborso fino al ricevimento e alla verifica dei Prodotti.<\/p>\n\n\n\n<h2 class=\"wp-block-heading\">Restituzione del prodotto<\/h2>\n\n\n\n<p>Il Cliente dovr\u00e0 restituire i Prodotti entro e non oltre quattordici (14) giorni dalla comunicazione della sua decisione di recedere.<br>I prodotti restituiti devono essere integri, completi e non danneggiati.<br>I pacchi devono essere restituiti al seguente indirizzo:<br>&nbsp;&nbsp;<br>Il Cliente dovr\u00e0 sostenere le spese di restituzione dell'intero ordine o dei Prodotti.<\/p>","protected":false},"excerpt":{"rendered":"<p>Exp\u00e9dition de votre colis Les produits sont livr\u00e9s \u00e0 l&rsquo;adresse de livraison indiqu\u00e9e au cours du processus de commande, dans le d\u00e9lai indiqu\u00e9 sur la page de validation de la commande. En cas de retard d&rsquo;exp\u00e9dition, un mail vous sera adress\u00e9 pour vous informer d&rsquo;une \u00e9ventuelle cons\u00e9quence sur le d\u00e9lai de livraison qui vous a [&#8230;]\n","protected":false},"author":1,"featured_media":0,"parent":0,"menu_order":0,"comment_status":"closed","ping_status":"closed","template":"","meta":{"footnotes":""},"class_list":["post-403","page","type-page","status-publish","hentry"],"_links":{"self":[{"href":"https:\/\/www.miel-store.com\/it\/wp-json\/wp\/v2\/pages\/403","targetHints":{"allow":["GET"]}}],"collection":[{"href":"https:\/\/www.miel-store.com\/it\/wp-json\/wp\/v2\/pages"}],"about":[{"href":"https:\/\/www.miel-store.com\/it\/wp-json\/wp\/v2\/types\/page"}],"author":[{"embeddable":true,"href":"https:\/\/www.miel-store.com\/it\/wp-json\/wp\/v2\/users\/1"}],"replies":[{"embeddable":true,"href":"https:\/\/www.miel-store.com\/it\/wp-json\/wp\/v2\/comments?post=403"}],"version-history":[{"count":2,"href":"https:\/\/www.miel-store.com\/it\/wp-json\/wp\/v2\/pages\/403\/revisions"}],"predecessor-version":[{"id":3930,"href":"https:\/\/www.miel-store.com\/it\/wp-json\/wp\/v2\/pages\/403\/revisions\/3930"}],"wp:attachment":[{"href":"https:\/\/www.miel-store.com\/it\/wp-json\/wp\/v2\/media?parent=403"}],"curies":[{"name":"wp","href":"https:\/\/api.w.org\/{rel}","templated":true}]}}