{"id":19,"date":"2021-03-30T09:44:18","date_gmt":"2021-03-30T07:44:18","guid":{"rendered":"https:\/\/www.miel-store.com\/?page_id=19"},"modified":"2023-10-18T19:42:15","modified_gmt":"2023-10-18T17:42:15","slug":"informazioni-legali","status":"publish","type":"page","link":"https:\/\/www.miel-store.com\/it\/mentions-legales","title":{"rendered":"Informazioni legali"},"content":{"rendered":"<p>Ai sensi dell'articolo 6 della legge francese n. 2004-575 del 21 giugno 2004 sulla fiducia nell'economia digitale, gli utenti del sito www.miel-store.com sono informati dell'identit\u00e0 dei diversi soggetti coinvolti nella sua creazione e nel suo monitoraggio:<\/p>\n\n\n\n<p>Proprietario: Miel Store - 5 rue du bel air, 95340 persan, Francia.<\/p>\n\n\n\n<p>Numero SIRET: 49443695900022<\/p>\n\n\n\n<p>Responsabile della pubblicazione: Miel Store - contact@miel-store.com<\/p>\n\n\n\n<p>Il responsabile della pubblicazione \u00e8 una persona fisica o giuridica.<\/p>\n\n\n\n<p>Host : o2switch - 222 Boulevard Gustave Flaubert 63000 Clermont-Ferrand +33444446040<\/p>\n\n\n\n<p>Responsabile della protezione dei dati: Miel Store - contact@miel-store.com<\/p>","protected":false},"excerpt":{"rendered":"<p>En vertu de l\u2019article 6 de la loi n\u00b0 2004-575 du 21 juin 2004 pour la confiance dans l\u2019\u00e9conomie num\u00e9rique, il est pr\u00e9cis\u00e9 aux utilisateurs du site internet&nbsp;www.miel-store.com l\u2019identit\u00e9 des diff\u00e9rents intervenants dans le cadre de sa r\u00e9alisation et de son suivi: Propri\u00e9taire : Miel Store \u2013 5 rue du bel air, 95340 persan, France. [&#8230;]\n","protected":false},"author":1,"featured_media":0,"parent":0,"menu_order":0,"comment_status":"closed","ping_status":"closed","template":"","meta":{"footnotes":""},"class_list":["post-19","page","type-page","status-publish","hentry"],"_links":{"self":[{"href":"https:\/\/www.miel-store.com\/it\/wp-json\/wp\/v2\/pages\/19","targetHints":{"allow":["GET"]}}],"collection":[{"href":"https:\/\/www.miel-store.com\/it\/wp-json\/wp\/v2\/pages"}],"about":[{"href":"https:\/\/www.miel-store.com\/it\/wp-json\/wp\/v2\/types\/page"}],"author":[{"embeddable":true,"href":"https:\/\/www.miel-store.com\/it\/wp-json\/wp\/v2\/users\/1"}],"replies":[{"embeddable":true,"href":"https:\/\/www.miel-store.com\/it\/wp-json\/wp\/v2\/comments?post=19"}],"version-history":[{"count":3,"href":"https:\/\/www.miel-store.com\/it\/wp-json\/wp\/v2\/pages\/19\/revisions"}],"predecessor-version":[{"id":4627,"href":"https:\/\/www.miel-store.com\/it\/wp-json\/wp\/v2\/pages\/19\/revisions\/4627"}],"wp:attachment":[{"href":"https:\/\/www.miel-store.com\/it\/wp-json\/wp\/v2\/media?parent=19"}],"curies":[{"name":"wp","href":"https:\/\/api.w.org\/{rel}","templated":true}]}}