{"id":12,"date":"2021-03-30T08:51:27","date_gmt":"2021-03-30T06:51:27","guid":{"rendered":"https:\/\/www.miel-store.com\/?page_id=12"},"modified":"2025-10-13T10:52:12","modified_gmt":"2025-10-13T08:52:12","slug":"cg","status":"publish","type":"page","link":"https:\/\/www.miel-store.com\/it\/cg","title":{"rendered":"Termini e condizioni di vendita dei prodotti venduti sul negozio Miel"},"content":{"rendered":"<p>Data dell'ultimo aggiornamento<\/p>\n\n\n\n<h2 class=\"wp-block-heading\" id=\"h-article-1-objet\">Articolo 1 - Scopo<\/h2>\n\n\n\n<p>Queste condizioni regolano le vendite dell'azienda&nbsp;<strong>Negozio di miele<\/strong>.<\/p>\n\n\n\n<h2 class=\"wp-block-heading\" id=\"h-article-2-prix\">Articolo 2 - Prezzi<\/h2>\n\n\n\n<p>I prezzi dei nostri prodotti sono indicati in euro, comprensivi di tutte le tasse (IVA e altre tasse applicabili il giorno dell'ordine), se non diversamente indicato, ed esclusi i costi di elaborazione e spedizione. Se l'ordine proviene da un paese diverso dalla Francia continentale, il cliente \u00e8 l'importatore del prodotto o dei prodotti in questione. Potrebbero essere dovuti dazi doganali o altre tasse locali, dazi all'importazione o tasse statali. Tali diritti e somme non sono di competenza della Societ\u00e0.&nbsp;<strong>Direttore generale<\/strong>. Siete interamente responsabili delle dichiarazioni e dei pagamenti alle autorit\u00e0 e agli enti competenti del vostro Paese. Vi consigliamo di verificare questi aspetti con le autorit\u00e0 locali. Tutti gli ordini, indipendentemente dalla loro origine, sono pagabili in euro. L'azienda&nbsp;<strong>Direttore generale<\/strong>&nbsp;si riserva il diritto di modificare i propri prezzi in qualsiasi momento, ma il prodotto sar\u00e0 fatturato sulla base del listino prezzi in vigore al momento della convalida dell'ordine e soggetto a disponibilit\u00e0. I prodotti rimangono di propriet\u00e0 dell'azienda&nbsp;<strong>Direttore generale<\/strong>&nbsp;fino al completo pagamento del prezzo. Attenzione: dal momento in cui prendete fisicamente possesso dei prodotti ordinati, i rischi di perdita o danneggiamento dei prodotti sono trasferiti a voi.<\/p>\n\n\n\n<h2 class=\"wp-block-heading\" id=\"h-article-3-enregistrement-et-validation-de-commande\">Articolo 3 - REGISTRAZIONE E CONVALIDA DEGLI ORDINI<\/h2>\n\n\n\n<h3 class=\"wp-block-heading\" id=\"h-3-1-navigation-a-l-interieur-du-site\">3.1 Navigazione nel Sito<\/h3>\n\n\n\n<p>L'Utente pu\u00f2 informarsi sui vari Prodotti offerti in vendita da https:\/\/www.miel-store.com\/ sul suo Sito.<br>L'Utente pu\u00f2 navigare liberamente tra le varie pagine del Sito senza essere vincolato da alcun ordine.<\/p>\n\n\n\n<h3 class=\"wp-block-heading\" id=\"h-3-2-enregistrement-d-une-commande\">3.2 Registrazione di un ordine<\/h3>\n\n\n\n<p>Se l'Utente desidera effettuare un ordine, selezioner\u00e0 i vari Prodotti a cui \u00e8 interessato ed esprimer\u00e0 tale interesse cliccando sull'icona \u00abcarrello\u00bb.<br>L'Utente pu\u00f2 in qualsiasi momento<\/p>\n\n\n\n<ul class=\"wp-block-list\">\n<li>ottenere un riepilogo dei prodotti selezionati, cliccando sul carrello.<\/li>\n\n\n\n<li>continuare o modificare la selezione dei prodotti cliccando su \u201cContinua lo shopping\u201d.<\/li>\n\n\n\n<li>completare la selezione dei Prodotti e ordinarli cliccando su \u201cProcedi al pagamento\u201d.<\/li>\n<\/ul>\n\n\n\n<p>Per ordinare i Prodotti scelti, dopo aver cliccato su \u201cProcedi al pagamento\u201d, l'Utente deve identificarsi inserendo il proprio indirizzo e-mail e la password scelta al momento della creazione del proprio account o, se si tratta del primo ordine, cliccando su \u00abCrea un account\u00bb. In quest'ultimo caso, l'Utente dovr\u00e0 compilare accuratamente il modulo predisposto, nel quale dovr\u00e0 inserire le informazioni necessarie all'identificazione, in particolare il cognome, il nome e l'indirizzo postale. Inoltre, l'Utente deve fornire il proprio indirizzo e-mail e una password di sua scelta, che sar\u00e0 personale e riservata e che gli servir\u00e0 per identificarsi successivamente sul Sito.<br>L'Utente \u00e8 informato e accetta che l'inserimento di questi due identificativi \u00e8 prova della sua identit\u00e0 ed esprime il suo consenso.<br>Una volta identificato, l'Utente dovr\u00e0 convalidare l'indirizzo di consegna e sullo schermo apparir\u00e0 un modulo d'ordine che riepilogher\u00e0: la natura, la quantit\u00e0 e il prezzo dei Prodotti scelti dall'Utente, nonch\u00e9 l'importo totale dell'ordine, le spese di consegna, i tempi di consegna, i dati di contatto dell'Utente e l'indirizzo di consegna dei Prodotti.<\/p>\n\n\n\n<h5 class=\"wp-block-heading\" id=\"h-offres-commerciales\">Offerte commerciali<\/h5>\n\n\n\n<p>Per beneficiare di un'offerta commerciale che gli \u00e8 stata inviata, l'Utente deve inserire e convalidare il proprio \u201dcodice promozionale\u201c nell'apposito campo della pagina di pagamento.<\/p>\n\n\n\n<h3 class=\"wp-block-heading\" id=\"h-3-3-validation-definitive-de-la-commande-et-paiement\">3.3 Conferma finale dell'ordine e pagamento<\/h3>\n\n\n\n<p>Dopo aver verificato lo stato dell'ordine, e una volta completate tutte le informazioni richieste dall'Utente, apparir\u00e0 un riepilogo di tali informazioni e dell'ordine e l'Utente dovr\u00e0 scegliere il metodo di pagamento con cui desidera effettuare il pagamento per confermare definitivamente l'ordine.<br>Gli ordini sono pagabili in :<\/p>\n\n\n\n<ul class=\"wp-block-list\">\n<li>euro con carta di credito francese o internazionale&nbsp;<\/li>\n<\/ul>\n\n\n\n<p>Si precisa che in caso di pagamento immediato con carta di credito, questo \u00e8 protetto da crittografia S.S.L. (Secure Socket Layer) al fine di proteggere tutti i dati relativi ai mezzi di pagamento, e che in nessun momento i dati bancari dell'Utente passeranno attraverso il sistema informatico di https:\/\/www.miel-store.com\/.<br>Non appena l'Utente conferma il pagamento, l'ordine viene registrato. L'Utente diventa Cliente. Il modulo d'ordine sar\u00e0 registrato nei registri informatici di https:\/\/www.miel-store.com\/ e sar\u00e0 considerato come prova del rapporto contrattuale tra le Parti.<br>Il Cliente ha diritto di recesso e di rimborso entro quattordici (14) giorni lavorativi dalla data di ricevimento dei Prodotti da parte del Cliente.<\/p>\n\n\n\n<h3 class=\"wp-block-heading\" id=\"h-3-4-confirmation-de-la-commande\">3.4 Conferma dell'ordine<\/h3>\n\n\n\n<p>Una volta convalidato l'ordine, verr\u00e0 visualizzato un riepilogo dello stesso.<br>Tale conferma includer\u00e0 tutti gli elementi costitutivi del contratto tra le Parti.<br>Il riepilogo dell'ordine verr\u00e0 inoltre inviato via e-mail al Cliente entro pochi minuti dall'acquisto.<br>Il Cliente potr\u00e0 quindi accedere al \u201cmonitoraggio dell'ordine\u201d cliccando su \u201cLog in\u201d ed effettuando il login con il proprio indirizzo e-mail e la propria password.<\/p>\n\n\n\n<h3 class=\"wp-block-heading\" id=\"h-3-5-modification-d-une-commande\">3.5 Modifica di un ordine<\/h3>\n\n\n\n<p>Gli ordini effettuati possono essere monitorati dal menu \u00abLog in\u00bb.<br>Per modificare un ordine, \u00e8 necessario annullarlo, rimetterlo nel carrello e quindi correggerlo come richiesto prima di convalidarlo.<br>Un ordine pu\u00f2 essere modificato o annullato solo se il suo stato \u00e8 \u00abRegistrato\u00bb.<br>Un ordine in stato \u00abin preparazione\u00bb o \u00abspedito\u00bb non pu\u00f2 pi\u00f9 essere modificato.<\/p>\n\n\n\n<h2 class=\"wp-block-heading\" id=\"h-article-4-paiement\">Articolo 4 - Pagamento<\/h2>\n\n\n\n<p>La convalida dell'ordine implica l'obbligo di pagare il prezzo indicato. Il pagamento degli acquisti viene effettuato con carta di credito tramite un sistema sicuro. L'addebito sulla carta avviene solo al momento della spedizione dell'ordine. In caso di consegne frazionate, verranno addebitati solo i prodotti spediti.<\/p>\n\n\n\n<h2 class=\"wp-block-heading\" id=\"h-article-5-retour-remboursement-et-droit-de-retractation\">Articolo 5 - RESTITUZIONI - RIMBORSI E DIRITTO DI RECESSO<\/h2>\n\n\n\n<h3 class=\"wp-block-heading\" id=\"h-conditions-de-retractation\">Condizioni di recesso<\/h3>\n\n\n\n<p>Il Cliente ha un diritto di recesso di quattordici (14) giorni a partire dalla data di ricevimento della totalit\u00e0 del suo ordine, senza dover necessariamente fornire una motivazione.<br>Per esercitare il diritto di recesso, i clienti devono comunicare la loro decisione di recedere dall'ordine con una dichiarazione inequivocabile, specificando nome e cognome, indirizzo e-mail, indirizzo, numero d'ordine e data:<\/p>\n\n\n\n<ul class=\"wp-block-list\">\n<li>via e-mail: contact@miel-store.com<\/li>\n<\/ul>\n\n\n\n<h3 class=\"wp-block-heading\" id=\"h-remboursement\">Rimborso<\/h3>\n\n\n\n<p>In caso di recesso da parte del Cliente, Miel store rimborser\u00e0 i pagamenti ricevuti dal Cliente e in ogni caso non oltre quattordici (14) giorni dal giorno in cui Miel store \u00e8 stato informato della decisione del Cliente di recedere.<br>Se il Cliente recede dall'intero ordine, Miel store rimborser\u00e0 tutti i pagamenti ricevuti dal Cliente per questo ordine.<br>Se il Cliente ritira una parte dei Prodotti oggetto dell'ordine, Miel store rimborser\u00e0 l'importo dei Prodotti restituiti.<br>Il rimborso sar\u00e0 effettuato con lo stesso mezzo di pagamento utilizzato dal Cliente per il suo ordine o tramite bonifico bancario.<br>Il negozio Miel pu\u00f2 rinviare tale rimborso fino al ricevimento e alla verifica dei Prodotti.<\/p>\n\n\n\n<h3 class=\"wp-block-heading\" id=\"h-retour-des-produits\">Restituzione del prodotto<\/h3>\n\n\n\n<p>Il Cliente dovr\u00e0 restituire i Prodotti entro e non oltre quattordici (14) giorni dalla comunicazione della sua decisione di recedere.<br>I prodotti restituiti devono essere integri, completi e non danneggiati.<br>I pacchi devono essere restituiti al seguente indirizzo: 42 rue charles luizet<br>Saint-Genis-Laval<br>69230.<br>Il Cliente dovr\u00e0 sostenere le spese di restituzione dell'intero ordine o dei Prodotti.<\/p>\n\n\n\n<h2 class=\"wp-block-heading\" id=\"h-article-6-livraison\">Articolo 6 - Consegna<\/h2>\n\n\n\n<p>I prodotti vengono consegnati all'indirizzo di consegna indicato durante il processo d'ordine, entro i tempi indicati nella pagina di conferma dell'ordine. In caso di ritardo nella spedizione, vi verr\u00e0 inviata un'e-mail per informarvi delle eventuali conseguenze sui tempi di consegna indicati. In conformit\u00e0 alle disposizioni di legge, in caso di ritardo nella consegna, \u00e8 possibile annullare l'ordine in conformit\u00e0 ai termini e alle condizioni di cui all'articolo L 138-2 del Codice del consumo francese. Se nel frattempo riceverete il prodotto, vi rimborseremo le spese di consegna in conformit\u00e0 all'articolo L 138-3 del Codice del consumo francese. In caso di consegna da parte di un vettore, la societ\u00e0&nbsp;<strong>Direttore generale<\/strong>&nbsp;non pu\u00f2 essere ritenuta responsabile per ritardi nella consegna dovuti esclusivamente all'indisponibilit\u00e0 del cliente dopo diversi appuntamenti proposti.<\/p>\n\n\n\n<h2 class=\"wp-block-heading\" id=\"h-article-7-garantie\">Articolo 7 - Garanzia<\/h2>\n\n\n\n<p>Tutti i nostri prodotti sono coperti dalla garanzia legale di conformit\u00e0 e dalla garanzia contro i vizi occulti, come previsto dagli articoli 1641 e seguenti del Codice Civile francese. In caso di non conformit\u00e0 di un prodotto venduto, \u00e8 possibile restituirlo, cambiarlo o rimborsarlo. Tutti i reclami, le richieste di cambio o di rimborso devono essere effettuati entro 30 giorni dalla consegna. I prodotti devono essere restituiti nelle condizioni in cui sono stati ricevuti, con tutti i componenti (accessori, imballaggi, istruzioni, ecc.). Le spese di spedizione saranno rimborsate sulla base della tariffa fatturata e le spese di restituzione saranno rimborsate dietro presentazione di una prova. Le disposizioni del presente articolo non impediscono all'utente di beneficiare del diritto di recesso previsto dall'articolo 6.<\/p>\n\n\n\n<h2 class=\"wp-block-heading\" id=\"h-article-8-responsabilite\">Articolo 8 - Responsabilit\u00e0<\/h2>\n\n\n\n<p>I prodotti offerti sono conformi alla legislazione francese vigente. La responsabilit\u00e0 dell'azienda&nbsp;<strong>Direttore generale<\/strong>&nbsp;non potr\u00e0 essere ritenuta responsabile in caso di mancato rispetto della legislazione del Paese in cui il prodotto viene consegnato. \u00c8 responsabilit\u00e0 dell'utente verificare con le autorit\u00e0 locali la possibilit\u00e0 di importare o utilizzare i prodotti o i servizi che intende ordinare. Inoltre, la societ\u00e0&nbsp;<strong>Direttore generale<\/strong>&nbsp;non potr\u00e0 essere ritenuta responsabile per eventuali danni derivanti da un uso improprio del prodotto acquistato. Infine, la responsabilit\u00e0 dell'azienda&nbsp;<strong>Direttore generale<\/strong>&nbsp;non pu\u00f2 essere ritenuta responsabile di eventuali inconvenienti o danni inerenti all'uso di Internet, in particolare di un'interruzione del servizio, di un'intrusione esterna o della presenza di virus informatici.<\/p>\n\n\n\n<h2 class=\"wp-block-heading\" id=\"h-article-9-droit-applicable-en-cas-de-litiges\">Articolo 9 - Legge applicabile in caso di controversie<\/h2>\n\n\n\n<p>La lingua del presente contratto \u00e8 il francese. Le presenti condizioni di vendita sono disciplinate dal diritto francese. In caso di controversia, i tribunali francesi avranno la giurisdizione esclusiva.<\/p>\n\n\n\n<h2 class=\"wp-block-heading\" id=\"h-article-10-propriete-intellectuelle\">Articolo 10 - Propriet\u00e0 intellettuale<\/h2>\n\n\n\n<p>Tutti gli elementi del sito web del negozio Miel sono e restano di esclusiva propriet\u00e0 intellettuale dell'azienda.&nbsp;<strong>Direttore generale<\/strong>. Nessuno \u00e8 autorizzato a riprodurre, sfruttare, ritrasmettere o utilizzare per qualsiasi scopo, anche parziale, qualsiasi elemento del sito, sia esso software, visivo o audio. Qualsiasi semplice link o collegamento ipertestuale \u00e8 severamente vietato senza l'esplicito consenso scritto della societ\u00e0.&nbsp;<strong>Direttore generale<\/strong>. Articolo 13 - Dati personali La societ\u00e0&nbsp;<strong>Direttore generale<\/strong>&nbsp;si riserva il diritto di raccogliere informazioni nominative e dati personali sull'utente. Queste informazioni sono necessarie per elaborare l'ordine e migliorare i servizi e le informazioni che vi inviamo. Possono inoltre essere trasmesse a societ\u00e0 che contribuiscono a questo rapporto, come quelle responsabili dell'esecuzione dei servizi e degli ordini per la loro gestione, esecuzione, elaborazione e pagamento. Queste informazioni e questi dati vengono conservati anche per motivi di sicurezza, al fine di adempiere agli obblighi legali e normativi. In conformit\u00e0 alla legge del 6 gennaio 1978, avete il diritto di accedere, rettificare e opporvi alle informazioni nominative e ai dati personali che vi riguardano, direttamente sul sito web.<\/p>\n\n\n\n<h2 class=\"wp-block-heading\" id=\"h-article-11-archivage-preuve\">Articolo 11 - Archiviazione delle prove<\/h2>\n\n\n\n<p>L'azienda&nbsp;<strong>Direttore generale<\/strong>&nbsp;archivier\u00e0 i moduli d'ordine e le fatture su un supporto affidabile e durevole che ne costituisca una copia fedele, in conformit\u00e0 alle disposizioni dell'articolo 1348 del Codice Civile francese. I registri informatici della societ\u00e0&nbsp;<strong>Direttore generale<\/strong>&nbsp;saranno considerati da tutte le parti interessate come prova delle comunicazioni, degli ordini, dei pagamenti e delle transazioni tra le parti.<\/p>","protected":false},"excerpt":{"rendered":"<p>Date de derni\u00e8re mise \u00e0 jour Article 1 \u2013 Objet Les pr\u00e9sentes conditions r\u00e9gissent les ventes par la soci\u00e9t\u00e9&nbsp;Miel Store. Article 2 \u2013 Prix Les prix de nos produits sont indiqu\u00e9s en euros toutes taxes comprises (TVA et autres taxes applicables au jour de la commande), sauf indication contraire et hors frais de traitement et [&#8230;]\n","protected":false},"author":1,"featured_media":0,"parent":0,"menu_order":0,"comment_status":"closed","ping_status":"closed","template":"","meta":{"footnotes":""},"class_list":["post-12","page","type-page","status-publish","hentry"],"_links":{"self":[{"href":"https:\/\/www.miel-store.com\/it\/wp-json\/wp\/v2\/pages\/12","targetHints":{"allow":["GET"]}}],"collection":[{"href":"https:\/\/www.miel-store.com\/it\/wp-json\/wp\/v2\/pages"}],"about":[{"href":"https:\/\/www.miel-store.com\/it\/wp-json\/wp\/v2\/types\/page"}],"author":[{"embeddable":true,"href":"https:\/\/www.miel-store.com\/it\/wp-json\/wp\/v2\/users\/1"}],"replies":[{"embeddable":true,"href":"https:\/\/www.miel-store.com\/it\/wp-json\/wp\/v2\/comments?post=12"}],"version-history":[{"count":3,"href":"https:\/\/www.miel-store.com\/it\/wp-json\/wp\/v2\/pages\/12\/revisions"}],"predecessor-version":[{"id":8681,"href":"https:\/\/www.miel-store.com\/it\/wp-json\/wp\/v2\/pages\/12\/revisions\/8681"}],"wp:attachment":[{"href":"https:\/\/www.miel-store.com\/it\/wp-json\/wp\/v2\/media?parent=12"}],"curies":[{"name":"wp","href":"https:\/\/api.w.org\/{rel}","templated":true}]}}