{"id":986,"date":"2022-05-21T19:39:44","date_gmt":"2022-05-21T17:39:44","guid":{"rendered":"https:\/\/www.miel-store.com\/?post_type=product&#038;p=986"},"modified":"2026-03-04T13:44:53","modified_gmt":"2026-03-04T12:44:53","slug":"bio-bartol","status":"publish","type":"product","link":"https:\/\/www.miel-store.com\/de\/p\/huile-a-barbe-bio","title":{"rendered":"Bio-Bart\u00f6l 50ml"},"content":{"rendered":"<p>Seinen Bart zu pflegen ist nicht immer eine leichte Angelegenheit. Deshalb ist die\u2019<strong>Bio-Bart\u00f6l<\/strong>\u00a0wurde f\u00fcr Sie gedacht.<\/p>\n<p>Ihr Backenbart verdient es n\u00e4mlich, sorgf\u00e4ltig behandelt und gepflegt zu werden. Eine der besten M\u00f6glichkeiten, ihn zu pflegen, ist das Auftragen von\u2019<strong>Bio-Bart\u00f6l<\/strong>.<\/p>\n<h2><strong>Ein \u00dcberblick \u00fcber Bio-Bart\u00f6l\u00a0<\/strong><\/h2>\n<p>Einen sch\u00f6nen Bart zu haben, setzt voraus, dass Sie ihn pflegen. Und dank des nat\u00fcrlichen Bio-Bart\u00f6ls ist das m\u00f6glich!<\/p>\n<p>Effektiv ist dieses Kosmetikum der <a href=\"https:\/\/nigellesource.com\/\" target=\"_blank\" rel=\"noopener\"><strong>Marke Nigella Quelle<\/strong><\/a> pflegt Ihren Bart und macht ihn geschmeidig. Dies geschieht durch seine Zusammensetzung, die mit nat\u00fcrlichen Wirkstoffen wie Rizinus\u00f6l, Kokosnuss\u00f6l und S\u00fc\u00dfmandel\u00f6l angereichert ist. Diese Mischung aus nat\u00fcrlichen Pflanzen\u00f6len verleiht diesem Elixier eine furchterregende Wirksamkeit.<\/p>\n<p>Auch die frischen, holzigen D\u00fcfte dieses nat\u00fcrlichen Pflegeprodukts parf\u00fcmieren dezent Ihr Vlies. Die 50-mL-Flasche hat einen Spr\u00fchkopf, um die Anwendung zu erleichtern.<\/p>\n<p>Dieses Bart-Elixier wird Ihr neuer t\u00e4glicher Sch\u00f6nheitsverb\u00fcndeter werden. Es eignet sich f\u00fcr alle Hauttypen und jedes Vlies.<\/p>\n<p>Zutaten:<\/p>\n<p>Rizinus\u00f6l, <a href=\"https:\/\/www.miel-store.com\/de\/p\/bio-kokosol-extra-nativ\/\"><strong>Kokosnuss\u00f6l<\/strong><\/a>, Avocado\u00f6l, Mandel\u00f6l, Jojoba\u00f6l, Sandelholz\u00f6l, Farnesol.<\/p>\n<h2><strong>Die Vorteile von nat\u00fcrlichem Bio-Bart\u00f6l\u00a0<\/strong><\/h2>\n<p>Dieses nat\u00fcrliche Bio-Bart\u00f6l hat allen Grund, Ihnen zu gefallen. Denn dank der vielen Vorteile, die es enth\u00e4lt, wird es Sie garantiert zufriedenstellen.<\/p>\n<ul>\n<li>In erster Linie hilft sie, die Gesundheit Ihres Gesichtshaarsystems zu erhalten. Diese Pflege spendet Feuchtigkeit, macht Ihr Haar geschmeidig, n\u00e4hrt es und versch\u00f6nert es.<\/li>\n<li>Diese Pflege hilft, die Haut unter Ihrem Vlies zu sch\u00fctzen. Sie versorgt diesen Bereich des Gesichts tiefgehend mit Feuchtigkeit.<\/li>\n<li>Au\u00dferdem z\u00e4hmt sie widerspenstige Haare, indem sie sie gl\u00e4ttet. So erhalten Sie ein saubereres Finish.<\/li>\n<li>Mit dem nat\u00fcrlichen \u00d6l k\u00f6nnen Sie Ihren Backenbart stylen, um einen sch\u00f6nen Effekt zu erzielen.<\/li>\n<li>Schlie\u00dflich kann es helfen, unangenehme Empfindungen im Bereich der Gesichtsbehaarung zu lindern.<\/li>\n<\/ul>\n<p>So viele Vorteile in einem Fl\u00e4schchen, warum also darauf verzichten? Z\u00f6gern Sie nicht l\u00e4nger und kaufen Sie es sich.<\/p>\n<h2><strong>Wie verwenden Sie Ihr Bio-Bart\u00f6l?<\/strong><\/h2>\n<p>B\u00fcrsten Sie zuerst Ihren Bart und geben Sie dann ein paar Tropfen in Ihre Handfl\u00e4che. Die Menge ist so bemessen, dass 3\/4 Tropfen ausreichen, um einen mittelgro\u00dfen Bart mit Feuchtigkeit zu versorgen. Passen Sie die Menge an die L\u00e4nge Ihres Vlieses an.<\/p>\n<p>Verteilen Sie das \u00d6l dann zwischen Ihren H\u00e4nden und tragen Sie es gut von der Wurzel bis zu den Spitzen auf.<\/p>\n<p>Verwenden Sie abschlie\u00dfend erneut Ihre B\u00fcrste, um die Gesichtshaare zu gl\u00e4tten.<\/p>\n<p>Nach der Anwendung f\u00fchlt sich Ihr Vlies geschmeidig und weich an, das Ganze mit einem feinen Duft.<\/p>\n<p>Tipp: Es ist ratsam, diese Pflege direkt nach Ihrer morgendlichen Dusche zu verwenden. So hat der Dampf Ihre Poren und Haarfollikel erweitert, was Ihrer Haut hilft, alle Vorteile aufzunehmen.<\/p>\n<h3><strong>Vorsichtsma\u00dfnahmen<\/strong><\/h3>\n<p>Bevor Sie dieses Produkt verwenden, sollten Sie einige Vorsichtsma\u00dfnahmen beachten:<\/p>\n<ul>\n<li>Zun\u00e4chst ist es von gr\u00f6\u00dfter Wichtigkeit, einen Allergietest in der Ellenbeuge durchzuf\u00fchren.<\/li>\n<li>Bei Kontakt mit den Augen mit klarem Wasser aussp\u00fclen.<\/li>\n<\/ul>","protected":false},"excerpt":{"rendered":"<p>Prendre soin de sa barbe n\u2019est pas toujours une affaire des plus facile. C\u2019est pourquoi, l\u2019huile \u00e0 barbe bio\u00a0a \u00e9t\u00e9 pens\u00e9e pour vous. En effet, votre barbichette m\u00e9rite d\u2019\u00eatre trait\u00e9e et entretenue avec soin. Et l\u2019une des meilleures fa\u00e7ons de la respecter, c\u2019est de l\u2019enduire d\u2019huile \u00e0 barbe bio. Tour d\u2019horizon sur l\u2019huile \u00e0 barbe [&#8230;]\n","protected":false},"featured_media":987,"template":"","meta":[],"product_brand":[],"product_cat":[89,123,106],"product_tag":[],"class_list":{"0":"post-986","1":"product","2":"type-product","3":"status-publish","4":"has-post-thumbnail","6":"product_cat-cosmetiques","7":"product_cat-huiles-a-barbe","8":"product_cat-huiles-vegetales","10":"first","11":"instock","12":"shipping-taxable","13":"purchasable","14":"product-type-simple"},"_links":{"self":[{"href":"https:\/\/www.miel-store.com\/de\/wp-json\/wp\/v2\/product\/986","targetHints":{"allow":["GET"]}}],"collection":[{"href":"https:\/\/www.miel-store.com\/de\/wp-json\/wp\/v2\/product"}],"about":[{"href":"https:\/\/www.miel-store.com\/de\/wp-json\/wp\/v2\/types\/product"}],"wp:featuredmedia":[{"embeddable":true,"href":"https:\/\/www.miel-store.com\/de\/wp-json\/wp\/v2\/media\/987"}],"wp:attachment":[{"href":"https:\/\/www.miel-store.com\/de\/wp-json\/wp\/v2\/media?parent=986"}],"wp:term":[{"taxonomy":"product_brand","embeddable":true,"href":"https:\/\/www.miel-store.com\/de\/wp-json\/wp\/v2\/product_brand?post=986"},{"taxonomy":"product_cat","embeddable":true,"href":"https:\/\/www.miel-store.com\/de\/wp-json\/wp\/v2\/product_cat?post=986"},{"taxonomy":"product_tag","embeddable":true,"href":"https:\/\/www.miel-store.com\/de\/wp-json\/wp\/v2\/product_tag?post=986"}],"curies":[{"name":"wp","href":"https:\/\/api.w.org\/{rel}","templated":true}]}}